{"id":36242,"date":"2026-03-11T20:20:13","date_gmt":"2026-03-11T18:20:13","guid":{"rendered":"https:\/\/velooutlets.com\/?post_type=product&#038;p=36242"},"modified":"2026-04-01T17:06:07","modified_gmt":"2026-04-01T14:06:07","slug":"ixs-trigger-ff-helmet-marine","status":"publish","type":"product","link":"https:\/\/velooutlets.com\/lt\/produktas\/ixs-trigger-ff-helmet-marine\/","title":{"rendered":"\"IXS Trigger FF\" \u0161almas \"Marine\" (M\/L)"},"content":{"rendered":"<p>\"Trigger FF\" \u0161almas u\u017etikrina lengv\u0105 ir patikim\u0105 apsaug\u0105 kiekvienoje kelion\u0117je. Jis sveria tik apie 595 gramus, o tai yra ypa\u010d ma\u017eai viso veido \u0161alm\u0173 kategorijoje, ta\u010diau i\u0161laiko auk\u0161t\u0105 saugumo ir efektyvumo lyg\u012f \u012fvairiose disciplinose. Patentuota \"All in One Inmould\" technologija sujungia EPS put\u0173 \u0161erd\u012f ir i\u0161orin\u012f \u0161almo karkas\u0105 \u012f vien\u0105 konstrukcij\u0105, \u012fskaitant smakro apsaug\u0105. \u0160is sprendimas suma\u017eina svor\u012f ir t\u016br\u012f, kartu padidindamas konstrukcijos tvirtum\u0105 ir saugum\u0105.<br \/>\nD\u0117l tiksliai i\u0161d\u0117styt\u0173 ventiliacijos ang\u0173 ir vidini\u0173 oro kanal\u0173 \u0161almas efektyviai v\u0117dinamas. Individual\u0173 prigludim\u0105 galima lengvai sureguliuoti naudojant reguliavimo ratuk\u0105, kuriuo galima reguliuoti galvos apimt\u012f ir auk\u0161t\u012f. Dviej\u0173 pakop\u0173 reguliuojamas skydelis suderinamas su akiniais ir leid\u017eia patogiai va\u017eiuoti su jais arba be j\u0173. Magnetinis u\u017esegimas leid\u017eia \u0161alm\u0105 greitai ir lengvai u\u017esegti, net ir m\u016bvint pir\u0161tines.<\/p>\n<p>\u0160almas atitinka EN1078, CPSC ir ASTM saugos standartus.<\/p>\n<div style=\"font-family:Arial, sans-serif; margin:20px 0; color:#111;\">\n<div style=\"border:1px solid #e7e7e7; border-radius:12px; background:#fff; overflow:hidden;\">\n<div style=\"background:#111; color:#fff; padding:12px 16px;\">\n<div style=\"font-size:11px; letter-spacing:1px; text-transform:uppercase; opacity:0.8;\">\n        \"iXS Trigger FF\" \/ \"Trigger FF Mips\n      <\/div>\n<div style=\"font-size:16px; font-weight:600; margin-top:2px;\">\n        Dyd\u017eio vadovas\n      <\/div>\n<\/p><\/div>\n<div style=\"padding:14px 16px;\">\n<div style=\"display:grid; grid-template-columns:repeat(auto-fit,minmax(120px,1fr)); gap:10px; margin-bottom:12px;\">\n<div style=\"border:1px solid #ececec; border-radius:10px; padding:10px 12px; background:#fafafa;\">\n<div style=\"font-size:10px; text-transform:uppercase; letter-spacing:.7px; color:#666;\">Dydis<\/div>\n<div style=\"font-size:18px; font-weight:700; margin-top:2px;\">XS<\/div>\n<div style=\"font-size:13px; font-weight:600; margin-top:3px;\">49-54 cm<\/div>\n<\/p><\/div>\n<div style=\"border:1px solid #ececec; border-radius:10px; padding:10px 12px; background:#fafafa;\">\n<div style=\"font-size:10px; text-transform:uppercase; letter-spacing:.7px; color:#666;\">Dydis<\/div>\n<div style=\"font-size:18px; font-weight:700; margin-top:2px;\">SM<\/div>\n<div style=\"font-size:13px; font-weight:600; margin-top:3px;\">54-58 cm<\/div>\n<\/p><\/div>\n<div style=\"border:1px solid #ececec; border-radius:10px; padding:10px 12px; background:#fafafa;\">\n<div style=\"font-size:10px; text-transform:uppercase; letter-spacing:.7px; color:#666;\">Dydis<\/div>\n<div style=\"font-size:18px; font-weight:700; margin-top:2px;\">ML<\/div>\n<div style=\"font-size:13px; font-weight:600; margin-top:3px;\">58-62 cm<\/div>\n<\/p><\/div>\n<\/p><\/div>\n<div style=\"border-top:1px solid #efefef; padding-top:10px; font-size:12px; color:#555; line-height:1.5;\">\n        I\u0161matuokite galvos apimt\u012f ma\u017edaug 1 cm vir\u0161 antaki\u0173 ir pasirinkite tinkam\u0105 dyd\u012f.\n      <\/div>\n<\/p><\/div>\n<\/p><\/div>\n<\/div>","protected":false},"excerpt":{"rendered":"<p>M\/L dydis (58-62 cm)<\/p>","protected":false},"featured_media":36243,"template":"","meta":{"_monsterinsights_skip_tracking":false,"_monsterinsights_sitenote_active":false,"_monsterinsights_sitenote_note":"","_monsterinsights_sitenote_category":0,"_iconic_wsb_product_page_order_bump_ids":[[]],"_sku":["7630554909387"],"_iconic_wsb_product_page_bump_modal_ids":[[]]},"product_brand":[1728],"product_cat":[910,992,994,1727,1137],"product_tag":[],"class_list":{"0":"post-36242","1":"product","2":"type-product","3":"status-publish","4":"has-post-thumbnail","6":"product_brand-ixs","7":"product_cat-aksesuari","8":"product_cat-kiveres","9":"product_cat-aizsargkiveres-pieaugusajiem","10":"product_cat-mtb-kiveres","11":"product_cat-viss-ekipejums","12":"product_shipping_class-aksesuari","14":"first","15":"instock","16":"sale","17":"taxable","18":"shipping-taxable","19":"purchasable","20":"product-type-simple"},"yoast_head":"<!-- This site is optimized with the Yoast SEO plugin v27.2 - https:\/\/yoast.com\/product\/yoast-seo-wordpress\/ -->\n<title>IXS Trigger FF Helmet Marine (M\/L) - Velo Outlets<\/title>\n<meta name=\"description\" content=\"Trigger FF velo \u0137ivere ar \u012bpa\u0161i vieglu konstrukciju un izcilu ventil\u0101ciju. Maksim\u0101la aizsardz\u012bba un komforts MTB, enduro un trail braucieniem.\" \/>\n<meta name=\"robots\" content=\"index, follow, max-snippet:-1, max-image-preview:large, max-video-preview:-1\" \/>\n<link rel=\"canonical\" href=\"https:\/\/velooutlets.com\/lt\/produktas\/ixs-trigger-ff-helmet-marine\/\" \/>\n<meta property=\"og:locale\" content=\"lt_LT\" \/>\n<meta property=\"og:type\" content=\"article\" \/>\n<meta property=\"og:title\" content=\"IXS Trigger FF Helmet Marine (M\/L) - Velo Outlets\" \/>\n<meta property=\"og:description\" content=\"Trigger FF velo \u0137ivere ar \u012bpa\u0161i vieglu konstrukciju un izcilu ventil\u0101ciju. Maksim\u0101la aizsardz\u012bba un komforts MTB, enduro un trail braucieniem.\" \/>\n<meta property=\"og:url\" content=\"https:\/\/velooutlets.com\/lt\/produktas\/ixs-trigger-ff-helmet-marine\/\" \/>\n<meta property=\"og:site_name\" content=\"Velo Outlets\" \/>\n<meta property=\"article:modified_time\" content=\"2026-04-01T14:06:07+00:00\" \/>\n<meta property=\"og:image\" content=\"https:\/\/velooutlets.com\/wp-content\/uploads\/2026\/03\/MTB_Velosipeda_Kivere_VeloOutlets.jpg\" \/>\n\t<meta property=\"og:image:width\" content=\"1000\" \/>\n\t<meta property=\"og:image:height\" content=\"1000\" \/>\n\t<meta property=\"og:image:type\" content=\"image\/jpeg\" \/>\n<meta name=\"twitter:card\" content=\"summary_large_image\" \/>\n<meta name=\"twitter:label1\" content=\"Est. reading time\" \/>\n\t<meta name=\"twitter:data1\" content=\"2 minut\u0117s\" \/>\n<script type=\"application\/ld+json\" class=\"yoast-schema-graph\">{\"@context\":\"https:\/\/schema.org\",\"@graph\":[{\"@type\":\"WebPage\",\"@id\":\"https:\/\/velooutlets.com\/products\/ixs-trigger-ff-helmet-marine\/\",\"url\":\"https:\/\/velooutlets.com\/products\/ixs-trigger-ff-helmet-marine\/\",\"name\":\"IXS Trigger FF Helmet Marine (M\/L) - Velo Outlets\",\"isPartOf\":{\"@id\":\"https:\/\/velooutlets.com\/en\/#website\"},\"primaryImageOfPage\":{\"@id\":\"https:\/\/velooutlets.com\/products\/ixs-trigger-ff-helmet-marine\/#primaryimage\"},\"image\":{\"@id\":\"https:\/\/velooutlets.com\/products\/ixs-trigger-ff-helmet-marine\/#primaryimage\"},\"thumbnailUrl\":\"https:\/\/velooutlets.com\/wp-content\/uploads\/2026\/03\/MTB_Velosipeda_Kivere_VeloOutlets.jpg\",\"datePublished\":\"2026-03-11T18:20:13+00:00\",\"dateModified\":\"2026-04-01T14:06:07+00:00\",\"description\":\"Trigger FF velo \u0137ivere ar \u012bpa\u0161i vieglu konstrukciju un izcilu ventil\u0101ciju. Maksim\u0101la aizsardz\u012bba un komforts MTB, enduro un trail braucieniem.\",\"breadcrumb\":{\"@id\":\"https:\/\/velooutlets.com\/products\/ixs-trigger-ff-helmet-marine\/#breadcrumb\"},\"inLanguage\":\"lt-LT\",\"potentialAction\":[{\"@type\":\"ReadAction\",\"target\":[\"https:\/\/velooutlets.com\/products\/ixs-trigger-ff-helmet-marine\/\"]}]},{\"@type\":\"ImageObject\",\"inLanguage\":\"lt-LT\",\"@id\":\"https:\/\/velooutlets.com\/products\/ixs-trigger-ff-helmet-marine\/#primaryimage\",\"url\":\"https:\/\/velooutlets.com\/wp-content\/uploads\/2026\/03\/MTB_Velosipeda_Kivere_VeloOutlets.jpg\",\"contentUrl\":\"https:\/\/velooutlets.com\/wp-content\/uploads\/2026\/03\/MTB_Velosipeda_Kivere_VeloOutlets.jpg\",\"width\":1000,\"height\":1000,\"caption\":\"MTB_Velosip\u0113da_\u0136ivere_VeloOutlets\"},{\"@type\":\"BreadcrumbList\",\"@id\":\"https:\/\/velooutlets.com\/products\/ixs-trigger-ff-helmet-marine\/#breadcrumb\",\"itemListElement\":[{\"@type\":\"ListItem\",\"position\":1,\"name\":\"Home\",\"item\":\"https:\/\/velooutlets.com\/\"},{\"@type\":\"ListItem\",\"position\":2,\"name\":\"Veikals\",\"item\":\"https:\/\/velooutlets.com\/shop\/\"},{\"@type\":\"ListItem\",\"position\":3,\"name\":\"IXS Trigger FF Helmet Marine (M\/L)\"}]},{\"@type\":\"WebSite\",\"@id\":\"https:\/\/velooutlets.com\/en\/#website\",\"url\":\"https:\/\/velooutlets.com\/en\/\",\"name\":\"Velo Outlets\",\"description\":\"Velosip\u0113di visai \u0123imenei\",\"potentialAction\":[{\"@type\":\"SearchAction\",\"target\":{\"@type\":\"EntryPoint\",\"urlTemplate\":\"https:\/\/velooutlets.com\/en\/?s={search_term_string}\"},\"query-input\":{\"@type\":\"PropertyValueSpecification\",\"valueRequired\":true,\"valueName\":\"search_term_string\"}}],\"inLanguage\":\"lt-LT\"}]}<\/script>\n<!-- \/ Yoast SEO plugin. -->","yoast_head_json":{"title":"IXS Trigger FF Helmet Marine (M\/L) - Velo Outlets","description":"Trigger FF velo \u0137ivere ar \u012bpa\u0161i vieglu konstrukciju un izcilu ventil\u0101ciju. Maksim\u0101la aizsardz\u012bba un komforts MTB, enduro un trail braucieniem.","robots":{"index":"index","follow":"follow","max-snippet":"max-snippet:-1","max-image-preview":"max-image-preview:large","max-video-preview":"max-video-preview:-1"},"canonical":"https:\/\/velooutlets.com\/lt\/produktas\/ixs-trigger-ff-helmet-marine\/","og_locale":"lt_LT","og_type":"article","og_title":"IXS Trigger FF Helmet Marine (M\/L) - Velo Outlets","og_description":"Trigger FF velo \u0137ivere ar \u012bpa\u0161i vieglu konstrukciju un izcilu ventil\u0101ciju. Maksim\u0101la aizsardz\u012bba un komforts MTB, enduro un trail braucieniem.","og_url":"https:\/\/velooutlets.com\/lt\/produktas\/ixs-trigger-ff-helmet-marine\/","og_site_name":"Velo Outlets","article_modified_time":"2026-04-01T14:06:07+00:00","og_image":[{"width":1000,"height":1000,"url":"https:\/\/velooutlets.com\/wp-content\/uploads\/2026\/03\/MTB_Velosipeda_Kivere_VeloOutlets.jpg","type":"image\/jpeg"}],"twitter_card":"summary_large_image","twitter_misc":{"Est. reading time":"2 minut\u0117s"},"schema":{"@context":"https:\/\/schema.org","@graph":[{"@type":"WebPage","@id":"https:\/\/velooutlets.com\/products\/ixs-trigger-ff-helmet-marine\/","url":"https:\/\/velooutlets.com\/products\/ixs-trigger-ff-helmet-marine\/","name":"IXS Trigger FF Helmet Marine (M\/L) - Velo Outlets","isPartOf":{"@id":"https:\/\/velooutlets.com\/en\/#website"},"primaryImageOfPage":{"@id":"https:\/\/velooutlets.com\/products\/ixs-trigger-ff-helmet-marine\/#primaryimage"},"image":{"@id":"https:\/\/velooutlets.com\/products\/ixs-trigger-ff-helmet-marine\/#primaryimage"},"thumbnailUrl":"https:\/\/velooutlets.com\/wp-content\/uploads\/2026\/03\/MTB_Velosipeda_Kivere_VeloOutlets.jpg","datePublished":"2026-03-11T18:20:13+00:00","dateModified":"2026-04-01T14:06:07+00:00","description":"Trigger FF velo \u0137ivere ar \u012bpa\u0161i vieglu konstrukciju un izcilu ventil\u0101ciju. Maksim\u0101la aizsardz\u012bba un komforts MTB, enduro un trail braucieniem.","breadcrumb":{"@id":"https:\/\/velooutlets.com\/products\/ixs-trigger-ff-helmet-marine\/#breadcrumb"},"inLanguage":"lt-LT","potentialAction":[{"@type":"ReadAction","target":["https:\/\/velooutlets.com\/products\/ixs-trigger-ff-helmet-marine\/"]}]},{"@type":"ImageObject","inLanguage":"lt-LT","@id":"https:\/\/velooutlets.com\/products\/ixs-trigger-ff-helmet-marine\/#primaryimage","url":"https:\/\/velooutlets.com\/wp-content\/uploads\/2026\/03\/MTB_Velosipeda_Kivere_VeloOutlets.jpg","contentUrl":"https:\/\/velooutlets.com\/wp-content\/uploads\/2026\/03\/MTB_Velosipeda_Kivere_VeloOutlets.jpg","width":1000,"height":1000,"caption":"MTB_Velosip\u0113da_\u0136ivere_VeloOutlets"},{"@type":"BreadcrumbList","@id":"https:\/\/velooutlets.com\/products\/ixs-trigger-ff-helmet-marine\/#breadcrumb","itemListElement":[{"@type":"ListItem","position":1,"name":"Home","item":"https:\/\/velooutlets.com\/"},{"@type":"ListItem","position":2,"name":"Veikals","item":"https:\/\/velooutlets.com\/shop\/"},{"@type":"ListItem","position":3,"name":"IXS Trigger FF Helmet Marine (M\/L)"}]},{"@type":"WebSite","@id":"https:\/\/velooutlets.com\/en\/#website","url":"https:\/\/velooutlets.com\/en\/","name":"\"Velo Outlets","description":"Dvira\u010diai visai \u0161eimai","potentialAction":[{"@type":"SearchAction","target":{"@type":"EntryPoint","urlTemplate":"https:\/\/velooutlets.com\/en\/?s={search_term_string}"},"query-input":{"@type":"PropertyValueSpecification","valueRequired":true,"valueName":"search_term_string"}}],"inLanguage":"lt-LT"}]}},"jetpack_sharing_enabled":true,"_links":{"self":[{"href":"https:\/\/velooutlets.com\/lt\/wp-json\/wp\/v2\/product\/36242","targetHints":{"allow":["GET"]}}],"collection":[{"href":"https:\/\/velooutlets.com\/lt\/wp-json\/wp\/v2\/product"}],"about":[{"href":"https:\/\/velooutlets.com\/lt\/wp-json\/wp\/v2\/types\/product"}],"wp:featuredmedia":[{"embeddable":true,"href":"https:\/\/velooutlets.com\/lt\/wp-json\/wp\/v2\/media\/36243"}],"wp:attachment":[{"href":"https:\/\/velooutlets.com\/lt\/wp-json\/wp\/v2\/media?parent=36242"}],"wp:term":[{"taxonomy":"product_brand","embeddable":true,"href":"https:\/\/velooutlets.com\/lt\/wp-json\/wp\/v2\/product_brand?post=36242"},{"taxonomy":"product_cat","embeddable":true,"href":"https:\/\/velooutlets.com\/lt\/wp-json\/wp\/v2\/product_cat?post=36242"},{"taxonomy":"product_tag","embeddable":true,"href":"https:\/\/velooutlets.com\/lt\/wp-json\/wp\/v2\/product_tag?post=36242"}],"curies":[{"name":"wp","href":"https:\/\/api.w.org\/{rel}","templated":true}]}}