{"id":36532,"date":"2026-03-16T16:21:52","date_gmt":"2026-03-16T14:21:52","guid":{"rendered":"https:\/\/velooutlets.com\/?post_type=product&#038;p=36532"},"modified":"2026-04-01T17:10:39","modified_gmt":"2026-04-01T14:10:39","slug":"ixs-xult-dh-full-face-helmet-marine","status":"publish","type":"product","link":"https:\/\/velooutlets.com\/lt\/produktas\/ixs-xult-dh-full-face-helmet-marine\/","title":{"rendered":"\"IXS Xult DH\" viso veido \u0161almas \"Marine\" (S\/M)"},"content":{"rendered":"<p data-start=\"0\" data-end=\"285\">\"Xult DH Full Face\" \u0161almas yra auk\u0161\u010diausios klas\u0117s \u0161almas, skirtas aktyv\u0173 ir dinami\u0161k\u0105 gyvenimo b\u016bd\u0105 gyvenantiems dviratininkams. Jis puikiai suderina maksimali\u0105 apsaug\u0105, ma\u017e\u0105 svor\u012f ir efektyvi\u0105 ventiliacij\u0105, kad va\u017eiuoti b\u016bt\u0173 saugu ir patogu net intensyviausiomis s\u0105lygomis.<\/p>\n<p data-start=\"287\" data-end=\"612\">\u0160almas pagamintas naudojant FRP technologij\u0105, t. y. pluo\u0161tu sutvirtint\u0105 polimer\u0105, tod\u0117l jo korpusas yra tvirtas ir lengvas. Viduje integruotas \"Xmatter\" ir \"Xrail\" sm\u016bgius slopinantis sluoksnis padeda suma\u017einti sm\u016bgio ir sukimosi j\u0117gas, taip padidindamas apsaugos lyg\u012f ir suma\u017eindamas su\u017eeidim\u0173 rizik\u0105.<\/p>\n<p data-start=\"614\" data-end=\"936\">\"Vortex\" v\u0117dinimo kanal\u0173 sistema u\u017etikrina nuolatin\u0119 oro cirkuliacij\u0105 ir veiksming\u0105 v\u0117sinim\u0105. Ergonomi\u0161kos skruost\u0173 pagalv\u0117l\u0117s ir mink\u0161tas vidinis pamink\u0161tinimas u\u017etikrina patog\u0173 d\u0117v\u0117jim\u0105si, o pamink\u0161tinim\u0105 galima nuimti ir skalbti. Reguliuojamas skydelis ir saugus \"Double D\" u\u017esegimas u\u017etikrina stabil\u0173 ir patikim\u0105 laikym\u0105si.<\/p>\n<p data-start=\"938\" data-end=\"1067\" data-is-last-node=\"\" data-is-only-node=\"\">\u0160almas atitinka tarptautinius saugos standartus EN1078:2012+A1, CPSC, ASTM F1952 15 ir F1446 15b, taip pat KC sertifikat\u0105.<\/p>\n<div style=\"font-family: Arial, sans-serif; margin: 20px 0; color: #111;\">\n<div style=\"border: 1px solid #e7e7e7; border-radius: 12px; background: #fff; overflow: hidden;\">\n<div style=\"background: #111; color: #fff; padding: 12px 16px;\">\n<div style=\"font-size: 11px; letter-spacing: 1px; text-transform: uppercase; opacity: 0.8;\">\"iXS Xult DH Full Face<\/div>\n<div style=\"font-size: 16px; font-weight: 600; margin-top: 2px;\">Dyd\u017eio vadovas<\/div>\n<\/div>\n<div style=\"padding: 14px 16px;\">\n<div style=\"display: grid; grid-template-columns: repeat(auto-fit,minmax(120px,1fr)); gap: 10px; margin-bottom: 12px;\">\n<div style=\"border: 1px solid #ececec; border-radius: 10px; padding: 10px 12px; background: #fafafa;\">\n<div style=\"font-size: 10px; text-transform: uppercase; letter-spacing: .7px; color: #666;\">Dydis<\/div>\n<div style=\"font-size: 18px; font-weight: bold; margin-top: 2px;\">SM<\/div>\n<div style=\"font-size: 13px; font-weight: 600; margin-top: 3px;\">53-56 cm<\/div>\n<\/div>\n<div style=\"border: 1px solid #ececec; border-radius: 10px; padding: 10px 12px; background: #fafafa;\">\n<div style=\"font-size: 10px; text-transform: uppercase; letter-spacing: .7px; color: #666;\">Dydis<\/div>\n<div style=\"font-size: 18px; font-weight: bold; margin-top: 2px;\">ML<\/div>\n<div style=\"font-size: 13px; font-weight: 600; margin-top: 3px;\">57-59 cm<\/div>\n<\/div>\n<div style=\"border: 1px solid #ececec; border-radius: 10px; padding: 10px 12px; background: #fafafa;\">\n<div style=\"font-size: 10px; text-transform: uppercase; letter-spacing: .7px; color: #666;\">Dydis<\/div>\n<div style=\"font-size: 18px; font-weight: bold; margin-top: 2px;\">LXL<\/div>\n<div style=\"font-size: 13px; font-weight: 600; margin-top: 3px;\">60-62 cm<\/div>\n<\/div>\n<\/div>\n<div style=\"border-top: 1px solid #efefef; padding-top: 10px; font-size: 12px; color: #555; line-height: 1.5;\">I\u0161matuokite galvos apimt\u012f ma\u017edaug 1 cm vir\u0161 antaki\u0173 ir pasirinkite tinkam\u0105 dyd\u012f.<\/div>\n<\/div>\n<\/div>\n<\/div>","protected":false},"excerpt":{"rendered":"<p>Xult DH Full Face \u0137ivere ir augst\u0101k\u0101s klases pilnsejas \u0137ivere, kas rad\u012bta brauc\u0113jiem ar akt\u012bvu un dinamisku dz\u012bvesveidu. T\u0101 nodro\u0161ina izcilu l\u012bdzsvaru starp maksim\u0101lu aizsardz\u012bbu, zemu svaru un efekt\u012bvu ventil\u0101ciju, lai brauciens b\u016btu dro\u0161s un komfortabls pat intens\u012bv\u0101kajos apst\u0101k\u013cos. \u0136ivere izgatavota, izmantojot FRP jeb ar \u0161\u0137iedr\u0101m pastiprin\u0101ta polim\u0113ra tehnolo\u0123iju, kas padara apvalku iztur\u012bgu un vienlaikus [&hellip;]<\/p>\n","protected":false},"featured_media":36533,"template":"","meta":{"_monsterinsights_skip_tracking":false,"_monsterinsights_sitenote_active":false,"_monsterinsights_sitenote_note":"","_monsterinsights_sitenote_category":0,"_iconic_wsb_product_page_order_bump_ids":[[]],"_sku":["7630554909318"],"_iconic_wsb_product_page_bump_modal_ids":[[]]},"product_brand":[1728],"product_cat":[910,992,994,1727,1137],"product_tag":[],"class_list":{"0":"post-36532","1":"product","2":"type-product","3":"status-publish","4":"has-post-thumbnail","6":"product_brand-ixs","7":"product_cat-aksesuari","8":"product_cat-kiveres","9":"product_cat-aizsargkiveres-pieaugusajiem","10":"product_cat-mtb-kiveres","11":"product_cat-viss-ekipejums","12":"product_shipping_class-aksesuari","14":"first","15":"instock","16":"sale","17":"taxable","18":"shipping-taxable","19":"purchasable","20":"product-type-simple"},"yoast_head":"<!-- This site is optimized with the Yoast SEO plugin v27.2 - https:\/\/yoast.com\/product\/yoast-seo-wordpress\/ -->\n<title>IXS Xult DH Full Face Helmet Marine (S\/M) - Velo Outlets<\/title>\n<meta name=\"description\" content=\"Trigger FF velo \u0137ivere ar \u012bpa\u0161i vieglu konstrukciju un izcilu ventil\u0101ciju. Maksim\u0101la aizsardz\u012bba un komforts MTB, enduro un trail braucieniem.\" \/>\n<meta name=\"robots\" content=\"index, follow, max-snippet:-1, max-image-preview:large, max-video-preview:-1\" \/>\n<link rel=\"canonical\" href=\"https:\/\/velooutlets.com\/lt\/produktas\/ixs-xult-dh-full-face-helmet-marine\/\" \/>\n<meta property=\"og:locale\" content=\"lt_LT\" \/>\n<meta property=\"og:type\" content=\"article\" \/>\n<meta property=\"og:title\" content=\"IXS Xult DH Full Face Helmet Marine (S\/M) - Velo Outlets\" \/>\n<meta property=\"og:description\" content=\"Trigger FF velo \u0137ivere ar \u012bpa\u0161i vieglu konstrukciju un izcilu ventil\u0101ciju. Maksim\u0101la aizsardz\u012bba un komforts MTB, enduro un trail braucieniem.\" \/>\n<meta property=\"og:url\" content=\"https:\/\/velooutlets.com\/lt\/produktas\/ixs-xult-dh-full-face-helmet-marine\/\" \/>\n<meta property=\"og:site_name\" content=\"Velo Outlets\" \/>\n<meta property=\"article:modified_time\" content=\"2026-04-01T14:10:39+00:00\" \/>\n<meta property=\"og:image\" content=\"https:\/\/velooutlets.com\/wp-content\/uploads\/2026\/03\/MTB_Velosipeda_Kivere_VeloOutlets.jpg\" \/>\n\t<meta property=\"og:image:width\" content=\"1000\" \/>\n\t<meta property=\"og:image:height\" content=\"1000\" \/>\n\t<meta property=\"og:image:type\" content=\"image\/jpeg\" \/>\n<meta name=\"twitter:card\" content=\"summary_large_image\" \/>\n<meta name=\"twitter:label1\" content=\"Est. reading time\" \/>\n\t<meta name=\"twitter:data1\" content=\"2 minut\u0117s\" \/>\n<script type=\"application\/ld+json\" class=\"yoast-schema-graph\">{\"@context\":\"https:\/\/schema.org\",\"@graph\":[{\"@type\":\"WebPage\",\"@id\":\"https:\/\/velooutlets.com\/products\/ixs-xult-dh-full-face-helmet-marine\/\",\"url\":\"https:\/\/velooutlets.com\/products\/ixs-xult-dh-full-face-helmet-marine\/\",\"name\":\"IXS Xult DH Full Face Helmet Marine (S\/M) - Velo Outlets\",\"isPartOf\":{\"@id\":\"https:\/\/velooutlets.com\/en\/#website\"},\"primaryImageOfPage\":{\"@id\":\"https:\/\/velooutlets.com\/products\/ixs-xult-dh-full-face-helmet-marine\/#primaryimage\"},\"image\":{\"@id\":\"https:\/\/velooutlets.com\/products\/ixs-xult-dh-full-face-helmet-marine\/#primaryimage\"},\"thumbnailUrl\":\"https:\/\/velooutlets.com\/wp-content\/uploads\/2026\/03\/1.png\",\"datePublished\":\"2026-03-16T14:21:52+00:00\",\"dateModified\":\"2026-04-01T14:10:39+00:00\",\"description\":\"Trigger FF velo \u0137ivere ar \u012bpa\u0161i vieglu konstrukciju un izcilu ventil\u0101ciju. Maksim\u0101la aizsardz\u012bba un komforts MTB, enduro un trail braucieniem.\",\"breadcrumb\":{\"@id\":\"https:\/\/velooutlets.com\/products\/ixs-xult-dh-full-face-helmet-marine\/#breadcrumb\"},\"inLanguage\":\"lt-LT\",\"potentialAction\":[{\"@type\":\"ReadAction\",\"target\":[\"https:\/\/velooutlets.com\/products\/ixs-xult-dh-full-face-helmet-marine\/\"]}]},{\"@type\":\"ImageObject\",\"inLanguage\":\"lt-LT\",\"@id\":\"https:\/\/velooutlets.com\/products\/ixs-xult-dh-full-face-helmet-marine\/#primaryimage\",\"url\":\"https:\/\/velooutlets.com\/wp-content\/uploads\/2026\/03\/1.png\",\"contentUrl\":\"https:\/\/velooutlets.com\/wp-content\/uploads\/2026\/03\/1.png\",\"width\":1200,\"height\":1200,\"caption\":\"Velosip\u0113da \u0137ivere MTB \u0137ivere Velosip\u0113du aksesuari\"},{\"@type\":\"BreadcrumbList\",\"@id\":\"https:\/\/velooutlets.com\/products\/ixs-xult-dh-full-face-helmet-marine\/#breadcrumb\",\"itemListElement\":[{\"@type\":\"ListItem\",\"position\":1,\"name\":\"Home\",\"item\":\"https:\/\/velooutlets.com\/\"},{\"@type\":\"ListItem\",\"position\":2,\"name\":\"Veikals\",\"item\":\"https:\/\/velooutlets.com\/shop\/\"},{\"@type\":\"ListItem\",\"position\":3,\"name\":\"IXS Xult DH Full Face Helmet Marine (S\/M)\"}]},{\"@type\":\"WebSite\",\"@id\":\"https:\/\/velooutlets.com\/en\/#website\",\"url\":\"https:\/\/velooutlets.com\/en\/\",\"name\":\"Velo Outlets\",\"description\":\"Velosip\u0113di visai \u0123imenei\",\"potentialAction\":[{\"@type\":\"SearchAction\",\"target\":{\"@type\":\"EntryPoint\",\"urlTemplate\":\"https:\/\/velooutlets.com\/en\/?s={search_term_string}\"},\"query-input\":{\"@type\":\"PropertyValueSpecification\",\"valueRequired\":true,\"valueName\":\"search_term_string\"}}],\"inLanguage\":\"lt-LT\"}]}<\/script>\n<!-- \/ Yoast SEO plugin. -->","yoast_head_json":{"title":"IXS Xult DH Full Face Helmet Marine (S\/M) - Velo Outlets","description":"Trigger FF velo \u0137ivere ar \u012bpa\u0161i vieglu konstrukciju un izcilu ventil\u0101ciju. Maksim\u0101la aizsardz\u012bba un komforts MTB, enduro un trail braucieniem.","robots":{"index":"index","follow":"follow","max-snippet":"max-snippet:-1","max-image-preview":"max-image-preview:large","max-video-preview":"max-video-preview:-1"},"canonical":"https:\/\/velooutlets.com\/lt\/produktas\/ixs-xult-dh-full-face-helmet-marine\/","og_locale":"lt_LT","og_type":"article","og_title":"IXS Xult DH Full Face Helmet Marine (S\/M) - Velo Outlets","og_description":"Trigger FF velo \u0137ivere ar \u012bpa\u0161i vieglu konstrukciju un izcilu ventil\u0101ciju. Maksim\u0101la aizsardz\u012bba un komforts MTB, enduro un trail braucieniem.","og_url":"https:\/\/velooutlets.com\/lt\/produktas\/ixs-xult-dh-full-face-helmet-marine\/","og_site_name":"Velo Outlets","article_modified_time":"2026-04-01T14:10:39+00:00","og_image":[{"width":1000,"height":1000,"url":"https:\/\/velooutlets.com\/wp-content\/uploads\/2026\/03\/MTB_Velosipeda_Kivere_VeloOutlets.jpg","type":"image\/jpeg"}],"twitter_card":"summary_large_image","twitter_misc":{"Est. reading time":"2 minut\u0117s"},"schema":{"@context":"https:\/\/schema.org","@graph":[{"@type":"WebPage","@id":"https:\/\/velooutlets.com\/products\/ixs-xult-dh-full-face-helmet-marine\/","url":"https:\/\/velooutlets.com\/products\/ixs-xult-dh-full-face-helmet-marine\/","name":"IXS Xult DH Full Face Helmet Marine (S\/M) - Velo Outlets","isPartOf":{"@id":"https:\/\/velooutlets.com\/en\/#website"},"primaryImageOfPage":{"@id":"https:\/\/velooutlets.com\/products\/ixs-xult-dh-full-face-helmet-marine\/#primaryimage"},"image":{"@id":"https:\/\/velooutlets.com\/products\/ixs-xult-dh-full-face-helmet-marine\/#primaryimage"},"thumbnailUrl":"https:\/\/velooutlets.com\/wp-content\/uploads\/2026\/03\/1.png","datePublished":"2026-03-16T14:21:52+00:00","dateModified":"2026-04-01T14:10:39+00:00","description":"Trigger FF velo \u0137ivere ar \u012bpa\u0161i vieglu konstrukciju un izcilu ventil\u0101ciju. Maksim\u0101la aizsardz\u012bba un komforts MTB, enduro un trail braucieniem.","breadcrumb":{"@id":"https:\/\/velooutlets.com\/products\/ixs-xult-dh-full-face-helmet-marine\/#breadcrumb"},"inLanguage":"lt-LT","potentialAction":[{"@type":"ReadAction","target":["https:\/\/velooutlets.com\/products\/ixs-xult-dh-full-face-helmet-marine\/"]}]},{"@type":"ImageObject","inLanguage":"lt-LT","@id":"https:\/\/velooutlets.com\/products\/ixs-xult-dh-full-face-helmet-marine\/#primaryimage","url":"https:\/\/velooutlets.com\/wp-content\/uploads\/2026\/03\/1.png","contentUrl":"https:\/\/velooutlets.com\/wp-content\/uploads\/2026\/03\/1.png","width":1200,"height":1200,"caption":"Velosip\u0113da \u0137ivere MTB \u0137ivere Velosip\u0113du aksesuari"},{"@type":"BreadcrumbList","@id":"https:\/\/velooutlets.com\/products\/ixs-xult-dh-full-face-helmet-marine\/#breadcrumb","itemListElement":[{"@type":"ListItem","position":1,"name":"Home","item":"https:\/\/velooutlets.com\/"},{"@type":"ListItem","position":2,"name":"Veikals","item":"https:\/\/velooutlets.com\/shop\/"},{"@type":"ListItem","position":3,"name":"IXS Xult DH Full Face Helmet Marine (S\/M)"}]},{"@type":"WebSite","@id":"https:\/\/velooutlets.com\/en\/#website","url":"https:\/\/velooutlets.com\/en\/","name":"\"Velo Outlets","description":"Dvira\u010diai visai \u0161eimai","potentialAction":[{"@type":"SearchAction","target":{"@type":"EntryPoint","urlTemplate":"https:\/\/velooutlets.com\/en\/?s={search_term_string}"},"query-input":{"@type":"PropertyValueSpecification","valueRequired":true,"valueName":"search_term_string"}}],"inLanguage":"lt-LT"}]}},"jetpack_sharing_enabled":true,"_links":{"self":[{"href":"https:\/\/velooutlets.com\/lt\/wp-json\/wp\/v2\/product\/36532","targetHints":{"allow":["GET"]}}],"collection":[{"href":"https:\/\/velooutlets.com\/lt\/wp-json\/wp\/v2\/product"}],"about":[{"href":"https:\/\/velooutlets.com\/lt\/wp-json\/wp\/v2\/types\/product"}],"wp:featuredmedia":[{"embeddable":true,"href":"https:\/\/velooutlets.com\/lt\/wp-json\/wp\/v2\/media\/36533"}],"wp:attachment":[{"href":"https:\/\/velooutlets.com\/lt\/wp-json\/wp\/v2\/media?parent=36532"}],"wp:term":[{"taxonomy":"product_brand","embeddable":true,"href":"https:\/\/velooutlets.com\/lt\/wp-json\/wp\/v2\/product_brand?post=36532"},{"taxonomy":"product_cat","embeddable":true,"href":"https:\/\/velooutlets.com\/lt\/wp-json\/wp\/v2\/product_cat?post=36532"},{"taxonomy":"product_tag","embeddable":true,"href":"https:\/\/velooutlets.com\/lt\/wp-json\/wp\/v2\/product_tag?post=36532"}],"curies":[{"name":"wp","href":"https:\/\/api.w.org\/{rel}","templated":true}]}}