{"id":36867,"date":"2026-03-18T15:53:48","date_gmt":"2026-03-18T13:53:48","guid":{"rendered":"https:\/\/velooutlets.com\/?post_type=product&#038;p=36867"},"modified":"2026-04-01T17:10:58","modified_gmt":"2026-04-01T14:10:58","slug":"bordo-ugrip-salokama-sledzene-80cm-laima-2","status":"publish","type":"product","link":"https:\/\/velooutlets.com\/lt\/produktas\/bordo-ugrip-salokama-sledzene-80cm-laima-2\/","title":{"rendered":"Bordo uGrip 5700 salok\u0101m\u0101 sl\u0113dzene 80cm laima (kods)"},"content":{"rendered":"<p>Kompakta salok\u0101m\u0101 sl\u0113dzene ar kodu, kas piem\u0113rota \u012bslaic\u012bgai piesl\u0113g\u0161anai. Viegli lietojama un transport\u0113jama. Ide\u0101li piem\u0113rota ikdienai.<\/p>","protected":false},"excerpt":{"rendered":"<p>Kompakta salok\u0101m\u0101 sl\u0113dzene ar kodu, kas piem\u0113rota \u012bslaic\u012bgai piesl\u0113g\u0161anai. Viegli lietojama un transport\u0113jama. Ide\u0101li piem\u0113rota ikdienai.<\/p>","protected":false},"featured_media":36895,"template":"","meta":{"_monsterinsights_skip_tracking":false,"_monsterinsights_sitenote_active":false,"_monsterinsights_sitenote_note":"","_monsterinsights_sitenote_category":0,"_iconic_wsb_product_page_order_bump_ids":[],"_sku":["4003318877933"],"_iconic_wsb_product_page_bump_modal_ids":[]},"product_brand":[1346],"product_cat":[910,1742,1114,1740],"product_tag":[221,210],"class_list":{"0":"post-36867","1":"product","2":"type-product","3":"status-publish","4":"has-post-thumbnail","6":"product_brand-abus","7":"product_cat-aksesuari","8":"product_cat-salokamas-sledzenes","9":"product_cat-velo-sasledzeji","10":"product_cat-velosipedu-sledzenes","11":"product_tag-aksesuari","12":"product_tag-velo-sasledzeji","13":"product_shipping_class-aksesuari","15":"first","16":"instock","17":"taxable","18":"shipping-taxable","19":"purchasable","20":"product-type-simple"},"yoast_head":"<!-- This site is optimized with the Yoast SEO plugin v27.2 - https:\/\/yoast.com\/product\/yoast-seo-wordpress\/ -->\n<title>Bordo uGrip 5700 salok\u0101m\u0101 sl\u0113dzene 80cm laima (kods) - Velo Outlets<\/title>\n<meta name=\"robots\" content=\"index, follow, max-snippet:-1, max-image-preview:large, max-video-preview:-1\" \/>\n<link rel=\"canonical\" href=\"https:\/\/velooutlets.com\/lt\/produktas\/bordo-ugrip-salokama-sledzene-80cm-laima-2\/\" \/>\n<meta property=\"og:locale\" content=\"lt_LT\" \/>\n<meta property=\"og:type\" content=\"article\" \/>\n<meta property=\"og:title\" content=\"Bordo uGrip 5700 salok\u0101m\u0101 sl\u0113dzene 80cm laima (kods) - Velo Outlets\" \/>\n<meta property=\"og:description\" content=\"Kompakta salok\u0101m\u0101 sl\u0113dzene ar kodu, kas piem\u0113rota \u012bslaic\u012bgai piesl\u0113g\u0161anai. Viegli lietojama un transport\u0113jama. Ide\u0101li piem\u0113rota ikdienai.\" \/>\n<meta property=\"og:url\" content=\"https:\/\/velooutlets.com\/lt\/produktas\/bordo-ugrip-salokama-sledzene-80cm-laima-2\/\" \/>\n<meta property=\"og:site_name\" content=\"Velo Outlets\" \/>\n<meta property=\"article:modified_time\" content=\"2026-04-01T14:10:58+00:00\" \/>\n<meta property=\"og:image\" content=\"https:\/\/velooutlets.com\/wp-content\/uploads\/2026\/03\/1000196424.jpg\" \/>\n\t<meta property=\"og:image:width\" content=\"1020\" \/>\n\t<meta property=\"og:image:height\" content=\"1020\" \/>\n\t<meta property=\"og:image:type\" content=\"image\/jpeg\" \/>\n<meta name=\"twitter:card\" content=\"summary_large_image\" \/>\n<script type=\"application\/ld+json\" class=\"yoast-schema-graph\">{\"@context\":\"https:\/\/schema.org\",\"@graph\":[{\"@type\":\"WebPage\",\"@id\":\"https:\/\/velooutlets.com\/products\/bordo-ugrip-salokama-sledzene-80cm-laima-2\/\",\"url\":\"https:\/\/velooutlets.com\/products\/bordo-ugrip-salokama-sledzene-80cm-laima-2\/\",\"name\":\"Bordo uGrip 5700 salok\u0101m\u0101 sl\u0113dzene 80cm laima (kods) - Velo Outlets\",\"isPartOf\":{\"@id\":\"https:\/\/velooutlets.com\/en\/#website\"},\"primaryImageOfPage\":{\"@id\":\"https:\/\/velooutlets.com\/products\/bordo-ugrip-salokama-sledzene-80cm-laima-2\/#primaryimage\"},\"image\":{\"@id\":\"https:\/\/velooutlets.com\/products\/bordo-ugrip-salokama-sledzene-80cm-laima-2\/#primaryimage\"},\"thumbnailUrl\":\"https:\/\/velooutlets.com\/wp-content\/uploads\/2026\/03\/1000196424.jpg\",\"datePublished\":\"2026-03-18T13:53:48+00:00\",\"dateModified\":\"2026-04-01T14:10:58+00:00\",\"breadcrumb\":{\"@id\":\"https:\/\/velooutlets.com\/products\/bordo-ugrip-salokama-sledzene-80cm-laima-2\/#breadcrumb\"},\"inLanguage\":\"lt-LT\",\"potentialAction\":[{\"@type\":\"ReadAction\",\"target\":[\"https:\/\/velooutlets.com\/products\/bordo-ugrip-salokama-sledzene-80cm-laima-2\/\"]}]},{\"@type\":\"ImageObject\",\"inLanguage\":\"lt-LT\",\"@id\":\"https:\/\/velooutlets.com\/products\/bordo-ugrip-salokama-sledzene-80cm-laima-2\/#primaryimage\",\"url\":\"https:\/\/velooutlets.com\/wp-content\/uploads\/2026\/03\/1000196424.jpg\",\"contentUrl\":\"https:\/\/velooutlets.com\/wp-content\/uploads\/2026\/03\/1000196424.jpg\",\"width\":1020,\"height\":1020},{\"@type\":\"BreadcrumbList\",\"@id\":\"https:\/\/velooutlets.com\/products\/bordo-ugrip-salokama-sledzene-80cm-laima-2\/#breadcrumb\",\"itemListElement\":[{\"@type\":\"ListItem\",\"position\":1,\"name\":\"Home\",\"item\":\"https:\/\/velooutlets.com\/\"},{\"@type\":\"ListItem\",\"position\":2,\"name\":\"Veikals\",\"item\":\"https:\/\/velooutlets.com\/shop\/\"},{\"@type\":\"ListItem\",\"position\":3,\"name\":\"Bordo uGrip 5700 salok\u0101m\u0101 sl\u0113dzene 80cm laima (kods)\"}]},{\"@type\":\"WebSite\",\"@id\":\"https:\/\/velooutlets.com\/en\/#website\",\"url\":\"https:\/\/velooutlets.com\/en\/\",\"name\":\"Velo Outlets\",\"description\":\"Velosip\u0113di visai \u0123imenei\",\"potentialAction\":[{\"@type\":\"SearchAction\",\"target\":{\"@type\":\"EntryPoint\",\"urlTemplate\":\"https:\/\/velooutlets.com\/en\/?s={search_term_string}\"},\"query-input\":{\"@type\":\"PropertyValueSpecification\",\"valueRequired\":true,\"valueName\":\"search_term_string\"}}],\"inLanguage\":\"lt-LT\"}]}<\/script>\n<!-- \/ Yoast SEO plugin. -->","yoast_head_json":{"title":"Bordo uGrip 5700 salok\u0101m\u0101 sl\u0113dzene 80cm laima (kods) - Velo Outlets","robots":{"index":"index","follow":"follow","max-snippet":"max-snippet:-1","max-image-preview":"max-image-preview:large","max-video-preview":"max-video-preview:-1"},"canonical":"https:\/\/velooutlets.com\/lt\/produktas\/bordo-ugrip-salokama-sledzene-80cm-laima-2\/","og_locale":"lt_LT","og_type":"article","og_title":"Bordo uGrip 5700 salok\u0101m\u0101 sl\u0113dzene 80cm laima (kods) - Velo Outlets","og_description":"Kompakta salok\u0101m\u0101 sl\u0113dzene ar kodu, kas piem\u0113rota \u012bslaic\u012bgai piesl\u0113g\u0161anai. Viegli lietojama un transport\u0113jama. Ide\u0101li piem\u0113rota ikdienai.","og_url":"https:\/\/velooutlets.com\/lt\/produktas\/bordo-ugrip-salokama-sledzene-80cm-laima-2\/","og_site_name":"Velo Outlets","article_modified_time":"2026-04-01T14:10:58+00:00","og_image":[{"width":1020,"height":1020,"url":"https:\/\/velooutlets.com\/wp-content\/uploads\/2026\/03\/1000196424.jpg","type":"image\/jpeg"}],"twitter_card":"summary_large_image","schema":{"@context":"https:\/\/schema.org","@graph":[{"@type":"WebPage","@id":"https:\/\/velooutlets.com\/products\/bordo-ugrip-salokama-sledzene-80cm-laima-2\/","url":"https:\/\/velooutlets.com\/products\/bordo-ugrip-salokama-sledzene-80cm-laima-2\/","name":"Bordo uGrip 5700 salok\u0101m\u0101 sl\u0113dzene 80cm laima (kods) - Velo Outlets","isPartOf":{"@id":"https:\/\/velooutlets.com\/en\/#website"},"primaryImageOfPage":{"@id":"https:\/\/velooutlets.com\/products\/bordo-ugrip-salokama-sledzene-80cm-laima-2\/#primaryimage"},"image":{"@id":"https:\/\/velooutlets.com\/products\/bordo-ugrip-salokama-sledzene-80cm-laima-2\/#primaryimage"},"thumbnailUrl":"https:\/\/velooutlets.com\/wp-content\/uploads\/2026\/03\/1000196424.jpg","datePublished":"2026-03-18T13:53:48+00:00","dateModified":"2026-04-01T14:10:58+00:00","breadcrumb":{"@id":"https:\/\/velooutlets.com\/products\/bordo-ugrip-salokama-sledzene-80cm-laima-2\/#breadcrumb"},"inLanguage":"lt-LT","potentialAction":[{"@type":"ReadAction","target":["https:\/\/velooutlets.com\/products\/bordo-ugrip-salokama-sledzene-80cm-laima-2\/"]}]},{"@type":"ImageObject","inLanguage":"lt-LT","@id":"https:\/\/velooutlets.com\/products\/bordo-ugrip-salokama-sledzene-80cm-laima-2\/#primaryimage","url":"https:\/\/velooutlets.com\/wp-content\/uploads\/2026\/03\/1000196424.jpg","contentUrl":"https:\/\/velooutlets.com\/wp-content\/uploads\/2026\/03\/1000196424.jpg","width":1020,"height":1020},{"@type":"BreadcrumbList","@id":"https:\/\/velooutlets.com\/products\/bordo-ugrip-salokama-sledzene-80cm-laima-2\/#breadcrumb","itemListElement":[{"@type":"ListItem","position":1,"name":"Home","item":"https:\/\/velooutlets.com\/"},{"@type":"ListItem","position":2,"name":"Veikals","item":"https:\/\/velooutlets.com\/shop\/"},{"@type":"ListItem","position":3,"name":"Bordo uGrip 5700 salok\u0101m\u0101 sl\u0113dzene 80cm laima (kods)"}]},{"@type":"WebSite","@id":"https:\/\/velooutlets.com\/en\/#website","url":"https:\/\/velooutlets.com\/en\/","name":"\"Velo Outlets","description":"Dvira\u010diai visai \u0161eimai","potentialAction":[{"@type":"SearchAction","target":{"@type":"EntryPoint","urlTemplate":"https:\/\/velooutlets.com\/en\/?s={search_term_string}"},"query-input":{"@type":"PropertyValueSpecification","valueRequired":true,"valueName":"search_term_string"}}],"inLanguage":"lt-LT"}]}},"jetpack_sharing_enabled":true,"_links":{"self":[{"href":"https:\/\/velooutlets.com\/lt\/wp-json\/wp\/v2\/product\/36867","targetHints":{"allow":["GET"]}}],"collection":[{"href":"https:\/\/velooutlets.com\/lt\/wp-json\/wp\/v2\/product"}],"about":[{"href":"https:\/\/velooutlets.com\/lt\/wp-json\/wp\/v2\/types\/product"}],"wp:featuredmedia":[{"embeddable":true,"href":"https:\/\/velooutlets.com\/lt\/wp-json\/wp\/v2\/media\/36895"}],"wp:attachment":[{"href":"https:\/\/velooutlets.com\/lt\/wp-json\/wp\/v2\/media?parent=36867"}],"wp:term":[{"taxonomy":"product_brand","embeddable":true,"href":"https:\/\/velooutlets.com\/lt\/wp-json\/wp\/v2\/product_brand?post=36867"},{"taxonomy":"product_cat","embeddable":true,"href":"https:\/\/velooutlets.com\/lt\/wp-json\/wp\/v2\/product_cat?post=36867"},{"taxonomy":"product_tag","embeddable":true,"href":"https:\/\/velooutlets.com\/lt\/wp-json\/wp\/v2\/product_tag?post=36867"}],"curies":[{"name":"wp","href":"https:\/\/api.w.org\/{rel}","templated":true}]}}