{"id":37195,"date":"2026-03-23T15:53:36","date_gmt":"2026-03-23T13:53:36","guid":{"rendered":"https:\/\/velooutlets.com\/products\/lagoon-bernu-udens-pudele-400ml-travelling-dogs\/"},"modified":"2026-04-01T17:09:46","modified_gmt":"2026-04-01T14:09:46","slug":"lagoon-bernu-udens-pudele-400ml-travelling-dogs","status":"publish","type":"product","link":"https:\/\/velooutlets.com\/lt\/produktas\/lagoon-bernu-udens-pudele-400ml-travelling-dogs\/","title":{"rendered":"LAGOON b\u0113rnu \u016bdens pudele 400ml, Travelling Dogs"},"content":{"rendered":"<p>Praktiska b\u0113rnu \u016bdens pudele ar 400 ml tilpumu un rota\u013c\u012bgu Travelling Dogs dizainu. \u0112rta lieto\u0161anai un piem\u0113rota b\u0113rnu ikdienai. Iztur\u012bga un dro\u0161a konstrukcija.<\/p>","protected":false},"excerpt":{"rendered":"<p>Praktiska b\u0113rnu \u016bdens pudele ar 400 ml tilpumu un rota\u013c\u012bgu Travelling Dogs dizainu. \u0112rta lieto\u0161anai un piem\u0113rota b\u0113rnu ikdienai. Iztur\u012bga un dro\u0161a konstrukcija.<\/p>","protected":false},"featured_media":37267,"template":"","meta":{"_monsterinsights_skip_tracking":false,"_monsterinsights_sitenote_active":false,"_monsterinsights_sitenote_note":"","_monsterinsights_sitenote_category":0,"_iconic_wsb_product_page_order_bump_ids":[],"_sku":["5407005143490"],"_iconic_wsb_product_page_bump_modal_ids":[]},"product_brand":[1775],"product_cat":[910,1774,1766,1760],"product_tag":[221,1767,1768],"class_list":{"0":"post-37195","1":"product","2":"type-product","3":"status-publish","4":"has-post-thumbnail","6":"product_brand-kambukka","7":"product_cat-aksesuari","8":"product_cat-bernu-pudeles-pudeles","9":"product_cat-bernu-pudeles","10":"product_cat-pudeles","11":"product_tag-aksesuari","12":"product_tag-bernu-aksesuari","13":"product_tag-bernu-pudeles","14":"product_shipping_class-aksesuari","16":"first","17":"instock","18":"taxable","19":"shipping-taxable","20":"purchasable","21":"product-type-simple"},"yoast_head":"<!-- This site is optimized with the Yoast SEO plugin v27.2 - https:\/\/yoast.com\/product\/yoast-seo-wordpress\/ -->\n<title>LAGOON b\u0113rnu \u016bdens pudele 400ml, Travelling Dogs - Velo Outlets<\/title>\n<meta name=\"robots\" content=\"index, follow, max-snippet:-1, max-image-preview:large, max-video-preview:-1\" \/>\n<link rel=\"canonical\" href=\"https:\/\/velooutlets.com\/lt\/produktas\/lagoon-bernu-udens-pudele-400ml-travelling-dogs\/\" \/>\n<meta property=\"og:locale\" content=\"lt_LT\" \/>\n<meta property=\"og:type\" content=\"article\" \/>\n<meta property=\"og:title\" content=\"LAGOON b\u0113rnu \u016bdens pudele 400ml, Travelling Dogs - Velo Outlets\" \/>\n<meta property=\"og:description\" content=\"Praktiska b\u0113rnu \u016bdens pudele ar 400 ml tilpumu un rota\u013c\u012bgu Travelling Dogs dizainu. \u0112rta lieto\u0161anai un piem\u0113rota b\u0113rnu ikdienai. Iztur\u012bga un dro\u0161a konstrukcija.\" \/>\n<meta property=\"og:url\" content=\"https:\/\/velooutlets.com\/lt\/produktas\/lagoon-bernu-udens-pudele-400ml-travelling-dogs\/\" \/>\n<meta property=\"og:site_name\" content=\"Velo Outlets\" \/>\n<meta property=\"article:modified_time\" content=\"2026-04-01T14:09:46+00:00\" \/>\n<meta property=\"og:image\" content=\"https:\/\/velooutlets.com\/wp-content\/uploads\/2026\/03\/1000197174.jpg\" \/>\n\t<meta property=\"og:image:width\" content=\"1024\" \/>\n\t<meta property=\"og:image:height\" content=\"1024\" \/>\n\t<meta property=\"og:image:type\" content=\"image\/jpeg\" \/>\n<meta name=\"twitter:card\" content=\"summary_large_image\" \/>\n<script type=\"application\/ld+json\" class=\"yoast-schema-graph\">{\"@context\":\"https:\/\/schema.org\",\"@graph\":[{\"@type\":\"WebPage\",\"@id\":\"https:\/\/velooutlets.com\/products\/lagoon-bernu-udens-pudele-400ml-travelling-dogs\/\",\"url\":\"https:\/\/velooutlets.com\/products\/lagoon-bernu-udens-pudele-400ml-travelling-dogs\/\",\"name\":\"LAGOON b\u0113rnu \u016bdens pudele 400ml, Travelling Dogs - Velo Outlets\",\"isPartOf\":{\"@id\":\"https:\/\/velooutlets.com\/en\/#website\"},\"primaryImageOfPage\":{\"@id\":\"https:\/\/velooutlets.com\/products\/lagoon-bernu-udens-pudele-400ml-travelling-dogs\/#primaryimage\"},\"image\":{\"@id\":\"https:\/\/velooutlets.com\/products\/lagoon-bernu-udens-pudele-400ml-travelling-dogs\/#primaryimage\"},\"thumbnailUrl\":\"https:\/\/velooutlets.com\/wp-content\/uploads\/2026\/03\/1000197174.jpg\",\"datePublished\":\"2026-03-23T13:53:36+00:00\",\"dateModified\":\"2026-04-01T14:09:46+00:00\",\"breadcrumb\":{\"@id\":\"https:\/\/velooutlets.com\/products\/lagoon-bernu-udens-pudele-400ml-travelling-dogs\/#breadcrumb\"},\"inLanguage\":\"lt-LT\",\"potentialAction\":[{\"@type\":\"ReadAction\",\"target\":[\"https:\/\/velooutlets.com\/products\/lagoon-bernu-udens-pudele-400ml-travelling-dogs\/\"]}]},{\"@type\":\"ImageObject\",\"inLanguage\":\"lt-LT\",\"@id\":\"https:\/\/velooutlets.com\/products\/lagoon-bernu-udens-pudele-400ml-travelling-dogs\/#primaryimage\",\"url\":\"https:\/\/velooutlets.com\/wp-content\/uploads\/2026\/03\/1000197174.jpg\",\"contentUrl\":\"https:\/\/velooutlets.com\/wp-content\/uploads\/2026\/03\/1000197174.jpg\",\"width\":1024,\"height\":1024},{\"@type\":\"BreadcrumbList\",\"@id\":\"https:\/\/velooutlets.com\/products\/lagoon-bernu-udens-pudele-400ml-travelling-dogs\/#breadcrumb\",\"itemListElement\":[{\"@type\":\"ListItem\",\"position\":1,\"name\":\"Home\",\"item\":\"https:\/\/velooutlets.com\/\"},{\"@type\":\"ListItem\",\"position\":2,\"name\":\"Veikals\",\"item\":\"https:\/\/velooutlets.com\/shop\/\"},{\"@type\":\"ListItem\",\"position\":3,\"name\":\"LAGOON b\u0113rnu \u016bdens pudele 400ml, Travelling Dogs\"}]},{\"@type\":\"WebSite\",\"@id\":\"https:\/\/velooutlets.com\/en\/#website\",\"url\":\"https:\/\/velooutlets.com\/en\/\",\"name\":\"Velo Outlets\",\"description\":\"Velosip\u0113di visai \u0123imenei\",\"potentialAction\":[{\"@type\":\"SearchAction\",\"target\":{\"@type\":\"EntryPoint\",\"urlTemplate\":\"https:\/\/velooutlets.com\/en\/?s={search_term_string}\"},\"query-input\":{\"@type\":\"PropertyValueSpecification\",\"valueRequired\":true,\"valueName\":\"search_term_string\"}}],\"inLanguage\":\"lt-LT\"}]}<\/script>\n<!-- \/ Yoast SEO plugin. -->","yoast_head_json":{"title":"LAGOON b\u0113rnu \u016bdens pudele 400ml, Travelling Dogs - Velo Outlets","robots":{"index":"index","follow":"follow","max-snippet":"max-snippet:-1","max-image-preview":"max-image-preview:large","max-video-preview":"max-video-preview:-1"},"canonical":"https:\/\/velooutlets.com\/lt\/produktas\/lagoon-bernu-udens-pudele-400ml-travelling-dogs\/","og_locale":"lt_LT","og_type":"article","og_title":"LAGOON b\u0113rnu \u016bdens pudele 400ml, Travelling Dogs - Velo Outlets","og_description":"Praktiska b\u0113rnu \u016bdens pudele ar 400 ml tilpumu un rota\u013c\u012bgu Travelling Dogs dizainu. \u0112rta lieto\u0161anai un piem\u0113rota b\u0113rnu ikdienai. Iztur\u012bga un dro\u0161a konstrukcija.","og_url":"https:\/\/velooutlets.com\/lt\/produktas\/lagoon-bernu-udens-pudele-400ml-travelling-dogs\/","og_site_name":"Velo Outlets","article_modified_time":"2026-04-01T14:09:46+00:00","og_image":[{"width":1024,"height":1024,"url":"https:\/\/velooutlets.com\/wp-content\/uploads\/2026\/03\/1000197174.jpg","type":"image\/jpeg"}],"twitter_card":"summary_large_image","schema":{"@context":"https:\/\/schema.org","@graph":[{"@type":"WebPage","@id":"https:\/\/velooutlets.com\/products\/lagoon-bernu-udens-pudele-400ml-travelling-dogs\/","url":"https:\/\/velooutlets.com\/products\/lagoon-bernu-udens-pudele-400ml-travelling-dogs\/","name":"LAGOON b\u0113rnu \u016bdens pudele 400ml, Travelling Dogs - Velo Outlets","isPartOf":{"@id":"https:\/\/velooutlets.com\/en\/#website"},"primaryImageOfPage":{"@id":"https:\/\/velooutlets.com\/products\/lagoon-bernu-udens-pudele-400ml-travelling-dogs\/#primaryimage"},"image":{"@id":"https:\/\/velooutlets.com\/products\/lagoon-bernu-udens-pudele-400ml-travelling-dogs\/#primaryimage"},"thumbnailUrl":"https:\/\/velooutlets.com\/wp-content\/uploads\/2026\/03\/1000197174.jpg","datePublished":"2026-03-23T13:53:36+00:00","dateModified":"2026-04-01T14:09:46+00:00","breadcrumb":{"@id":"https:\/\/velooutlets.com\/products\/lagoon-bernu-udens-pudele-400ml-travelling-dogs\/#breadcrumb"},"inLanguage":"lt-LT","potentialAction":[{"@type":"ReadAction","target":["https:\/\/velooutlets.com\/products\/lagoon-bernu-udens-pudele-400ml-travelling-dogs\/"]}]},{"@type":"ImageObject","inLanguage":"lt-LT","@id":"https:\/\/velooutlets.com\/products\/lagoon-bernu-udens-pudele-400ml-travelling-dogs\/#primaryimage","url":"https:\/\/velooutlets.com\/wp-content\/uploads\/2026\/03\/1000197174.jpg","contentUrl":"https:\/\/velooutlets.com\/wp-content\/uploads\/2026\/03\/1000197174.jpg","width":1024,"height":1024},{"@type":"BreadcrumbList","@id":"https:\/\/velooutlets.com\/products\/lagoon-bernu-udens-pudele-400ml-travelling-dogs\/#breadcrumb","itemListElement":[{"@type":"ListItem","position":1,"name":"Home","item":"https:\/\/velooutlets.com\/"},{"@type":"ListItem","position":2,"name":"Veikals","item":"https:\/\/velooutlets.com\/shop\/"},{"@type":"ListItem","position":3,"name":"LAGOON b\u0113rnu \u016bdens pudele 400ml, Travelling Dogs"}]},{"@type":"WebSite","@id":"https:\/\/velooutlets.com\/en\/#website","url":"https:\/\/velooutlets.com\/en\/","name":"\"Velo Outlets","description":"Dvira\u010diai visai \u0161eimai","potentialAction":[{"@type":"SearchAction","target":{"@type":"EntryPoint","urlTemplate":"https:\/\/velooutlets.com\/en\/?s={search_term_string}"},"query-input":{"@type":"PropertyValueSpecification","valueRequired":true,"valueName":"search_term_string"}}],"inLanguage":"lt-LT"}]}},"jetpack_sharing_enabled":true,"_links":{"self":[{"href":"https:\/\/velooutlets.com\/lt\/wp-json\/wp\/v2\/product\/37195","targetHints":{"allow":["GET"]}}],"collection":[{"href":"https:\/\/velooutlets.com\/lt\/wp-json\/wp\/v2\/product"}],"about":[{"href":"https:\/\/velooutlets.com\/lt\/wp-json\/wp\/v2\/types\/product"}],"wp:featuredmedia":[{"embeddable":true,"href":"https:\/\/velooutlets.com\/lt\/wp-json\/wp\/v2\/media\/37267"}],"wp:attachment":[{"href":"https:\/\/velooutlets.com\/lt\/wp-json\/wp\/v2\/media?parent=37195"}],"wp:term":[{"taxonomy":"product_brand","embeddable":true,"href":"https:\/\/velooutlets.com\/lt\/wp-json\/wp\/v2\/product_brand?post=37195"},{"taxonomy":"product_cat","embeddable":true,"href":"https:\/\/velooutlets.com\/lt\/wp-json\/wp\/v2\/product_cat?post=37195"},{"taxonomy":"product_tag","embeddable":true,"href":"https:\/\/velooutlets.com\/lt\/wp-json\/wp\/v2\/product_tag?post=37195"}],"curies":[{"name":"wp","href":"https:\/\/api.w.org\/{rel}","templated":true}]}}