{"id":37206,"date":"2026-03-23T17:55:56","date_gmt":"2026-03-23T15:55:56","guid":{"rendered":"https:\/\/velooutlets.com\/?post_type=product&#038;p=37206"},"modified":"2026-04-08T13:20:40","modified_gmt":"2026-04-08T10:20:40","slug":"skrejritenis-chilli-pro-reaper-reloaded-v2-poker","status":"publish","type":"product","link":"https:\/\/velooutlets.com\/lt\/produktas\/skrejritenis-chilli-pro-reaper-reloaded-v2-poker\/","title":{"rendered":"Skrejritenis Chilli Pro Reaper Reloaded V2 Pokeris"},"content":{"rendered":"<p>\"Chilli Reaper Reloaded V2 Poker\" yra tvirtas ir gerai subalansuotas triuk\u0173 motoroleris, tinkamas tiek pa\u017eengusiems, tiek patyrusiems motociklininkams.<\/p>\n<p>Jis sveria 3,8 kg ir turi 6061 aliuminio platform\u0105, kuri u\u017etikrina stabilum\u0105 ir pakankamai vietos tiksliai p\u0117dos pad\u0117\u010diai nustatyti.<\/p>\n<p>4130 Cr Mo plieno vairas u\u017etikrina didel\u012f patvarum\u0105, kad b\u016bt\u0173 galima intensyviai naudoti, o 7005 aliuminio \u0161ak\u0117 su \"Chilli Spider HIC\" sistema u\u017etikrina skland\u0173 ir patikim\u0105 valdym\u0105. Didesni 120 milimetr\u0173 ratai su ABEC 9 guoliais u\u017etikrina greit\u0105 ir skland\u0173 va\u017eiavim\u0105, o juodai baltas dizainas suteikia paspirtukui moderni\u0105 ir profesionali\u0105 i\u0161vaizd\u0105.<\/p>","protected":false},"excerpt":{"rendered":"<p>Chilli Reaper Reloaded V2 Poker ir iztur\u012bgs un labi sabalans\u0113ts triku skrejritenis, kas piem\u0113rots gan progres\u0113jo\u0161iem, gan pieredz\u0113ju\u0161iem brauc\u0113jiem. Tas sver 3,8 kilogramus un apr\u012bkots ar 6061 alum\u012bnija platformu, kas nodro\u0161ina stabilit\u0101ti un pietiekamu vietu prec\u012bzai k\u0101ju poz\u012bcijai. 4130 Cr Mo t\u0113rauda st\u016bre nodro\u0161ina augstu iztur\u012bbu intens\u012bvai lieto\u0161anai, savuk\u0101rt 7005 alum\u012bnija dak\u0161a ar Chilli Spider [&hellip;]<\/p>\n","protected":false},"featured_media":37333,"template":"","meta":{"_monsterinsights_skip_tracking":false,"_monsterinsights_sitenote_active":false,"_monsterinsights_sitenote_note":"","_monsterinsights_sitenote_category":0,"_iconic_wsb_product_page_order_bump_ids":[[]],"_sku":[],"_iconic_wsb_product_page_bump_modal_ids":[[]]},"product_brand":[1363],"product_cat":[1361],"product_tag":[1353,1355],"class_list":{"0":"post-37206","1":"product","2":"type-product","3":"status-publish","4":"has-post-thumbnail","6":"product_brand-chilli","7":"product_cat-skrejriteni","8":"product_tag-skrejriteni","9":"product_tag-skuteri","10":"product_shipping_class-skrejriteni","12":"first","13":"instock","14":"taxable","15":"shipping-taxable","16":"purchasable","17":"product-type-simple"},"yoast_head":"<!-- This site is optimized with the Yoast SEO plugin v27.2 - https:\/\/yoast.com\/product\/yoast-seo-wordpress\/ -->\n<title>Skrejritenis Chilli Pro Reaper Reloaded V2 Poker - Velo Outlets<\/title>\n<meta name=\"robots\" content=\"index, follow, max-snippet:-1, max-image-preview:large, max-video-preview:-1\" \/>\n<link rel=\"canonical\" href=\"https:\/\/velooutlets.com\/lt\/produktas\/skrejritenis-chilli-pro-reaper-reloaded-v2-poker\/\" \/>\n<meta property=\"og:locale\" content=\"lt_LT\" \/>\n<meta property=\"og:type\" content=\"article\" \/>\n<meta property=\"og:title\" content=\"Skrejritenis Chilli Pro Reaper Reloaded V2 Poker - Velo Outlets\" \/>\n<meta property=\"og:description\" content=\"Chilli Reaper Reloaded V2 Poker ir iztur\u012bgs un labi sabalans\u0113ts triku skrejritenis, kas piem\u0113rots gan progres\u0113jo\u0161iem, gan pieredz\u0113ju\u0161iem brauc\u0113jiem. Tas sver 3,8 kilogramus un apr\u012bkots ar 6061 alum\u012bnija platformu, kas nodro\u0161ina stabilit\u0101ti un pietiekamu vietu prec\u012bzai k\u0101ju poz\u012bcijai. 4130 Cr Mo t\u0113rauda st\u016bre nodro\u0161ina augstu iztur\u012bbu intens\u012bvai lieto\u0161anai, savuk\u0101rt 7005 alum\u012bnija dak\u0161a ar Chilli Spider [&hellip;]\" \/>\n<meta property=\"og:url\" content=\"https:\/\/velooutlets.com\/lt\/produktas\/skrejritenis-chilli-pro-reaper-reloaded-v2-poker\/\" \/>\n<meta property=\"og:site_name\" content=\"Velo Outlets\" \/>\n<meta property=\"article:modified_time\" content=\"2026-04-08T10:20:40+00:00\" \/>\n<meta property=\"og:image\" content=\"https:\/\/velooutlets.com\/wp-content\/uploads\/2026\/03\/1000197221.jpg\" \/>\n\t<meta property=\"og:image:width\" content=\"1200\" \/>\n\t<meta property=\"og:image:height\" content=\"881\" \/>\n\t<meta property=\"og:image:type\" content=\"image\/jpeg\" \/>\n<meta name=\"twitter:card\" content=\"summary_large_image\" \/>\n<meta name=\"twitter:label1\" content=\"Est. reading time\" \/>\n\t<meta name=\"twitter:data1\" content=\"1 minut\u0117\" \/>\n<script type=\"application\/ld+json\" class=\"yoast-schema-graph\">{\"@context\":\"https:\/\/schema.org\",\"@graph\":[{\"@type\":\"WebPage\",\"@id\":\"https:\/\/velooutlets.com\/products\/skrejritenis-chilli-pro-reaper-reloaded-v2-poker\/\",\"url\":\"https:\/\/velooutlets.com\/products\/skrejritenis-chilli-pro-reaper-reloaded-v2-poker\/\",\"name\":\"Skrejritenis Chilli Pro Reaper Reloaded V2 Poker - Velo Outlets\",\"isPartOf\":{\"@id\":\"https:\/\/velooutlets.com\/en\/#website\"},\"primaryImageOfPage\":{\"@id\":\"https:\/\/velooutlets.com\/products\/skrejritenis-chilli-pro-reaper-reloaded-v2-poker\/#primaryimage\"},\"image\":{\"@id\":\"https:\/\/velooutlets.com\/products\/skrejritenis-chilli-pro-reaper-reloaded-v2-poker\/#primaryimage\"},\"thumbnailUrl\":\"https:\/\/velooutlets.com\/wp-content\/uploads\/2026\/03\/1000197221.jpg\",\"datePublished\":\"2026-03-23T15:55:56+00:00\",\"dateModified\":\"2026-04-08T10:20:40+00:00\",\"breadcrumb\":{\"@id\":\"https:\/\/velooutlets.com\/products\/skrejritenis-chilli-pro-reaper-reloaded-v2-poker\/#breadcrumb\"},\"inLanguage\":\"lt-LT\",\"potentialAction\":[{\"@type\":\"ReadAction\",\"target\":[\"https:\/\/velooutlets.com\/products\/skrejritenis-chilli-pro-reaper-reloaded-v2-poker\/\"]}]},{\"@type\":\"ImageObject\",\"inLanguage\":\"lt-LT\",\"@id\":\"https:\/\/velooutlets.com\/products\/skrejritenis-chilli-pro-reaper-reloaded-v2-poker\/#primaryimage\",\"url\":\"https:\/\/velooutlets.com\/wp-content\/uploads\/2026\/03\/1000197221.jpg\",\"contentUrl\":\"https:\/\/velooutlets.com\/wp-content\/uploads\/2026\/03\/1000197221.jpg\",\"width\":1200,\"height\":881},{\"@type\":\"BreadcrumbList\",\"@id\":\"https:\/\/velooutlets.com\/products\/skrejritenis-chilli-pro-reaper-reloaded-v2-poker\/#breadcrumb\",\"itemListElement\":[{\"@type\":\"ListItem\",\"position\":1,\"name\":\"Home\",\"item\":\"https:\/\/velooutlets.com\/\"},{\"@type\":\"ListItem\",\"position\":2,\"name\":\"Veikals\",\"item\":\"https:\/\/velooutlets.com\/shop\/\"},{\"@type\":\"ListItem\",\"position\":3,\"name\":\"Skrejritenis Chilli Pro Reaper Reloaded V2 Poker\"}]},{\"@type\":\"WebSite\",\"@id\":\"https:\/\/velooutlets.com\/en\/#website\",\"url\":\"https:\/\/velooutlets.com\/en\/\",\"name\":\"Velo Outlets\",\"description\":\"Velosip\u0113di visai \u0123imenei\",\"potentialAction\":[{\"@type\":\"SearchAction\",\"target\":{\"@type\":\"EntryPoint\",\"urlTemplate\":\"https:\/\/velooutlets.com\/en\/?s={search_term_string}\"},\"query-input\":{\"@type\":\"PropertyValueSpecification\",\"valueRequired\":true,\"valueName\":\"search_term_string\"}}],\"inLanguage\":\"lt-LT\"}]}<\/script>\n<!-- \/ Yoast SEO plugin. -->","yoast_head_json":{"title":"Skrejritenis Chilli Pro Reaper Reloaded V2 Poker - Velo Outlets","robots":{"index":"index","follow":"follow","max-snippet":"max-snippet:-1","max-image-preview":"max-image-preview:large","max-video-preview":"max-video-preview:-1"},"canonical":"https:\/\/velooutlets.com\/lt\/produktas\/skrejritenis-chilli-pro-reaper-reloaded-v2-poker\/","og_locale":"lt_LT","og_type":"article","og_title":"Skrejritenis Chilli Pro Reaper Reloaded V2 Poker - Velo Outlets","og_description":"Chilli Reaper Reloaded V2 Poker ir iztur\u012bgs un labi sabalans\u0113ts triku skrejritenis, kas piem\u0113rots gan progres\u0113jo\u0161iem, gan pieredz\u0113ju\u0161iem brauc\u0113jiem. Tas sver 3,8 kilogramus un apr\u012bkots ar 6061 alum\u012bnija platformu, kas nodro\u0161ina stabilit\u0101ti un pietiekamu vietu prec\u012bzai k\u0101ju poz\u012bcijai. 4130 Cr Mo t\u0113rauda st\u016bre nodro\u0161ina augstu iztur\u012bbu intens\u012bvai lieto\u0161anai, savuk\u0101rt 7005 alum\u012bnija dak\u0161a ar Chilli Spider [&hellip;]","og_url":"https:\/\/velooutlets.com\/lt\/produktas\/skrejritenis-chilli-pro-reaper-reloaded-v2-poker\/","og_site_name":"Velo Outlets","article_modified_time":"2026-04-08T10:20:40+00:00","og_image":[{"width":1200,"height":881,"url":"https:\/\/velooutlets.com\/wp-content\/uploads\/2026\/03\/1000197221.jpg","type":"image\/jpeg"}],"twitter_card":"summary_large_image","twitter_misc":{"Est. reading time":"1 minut\u0117"},"schema":{"@context":"https:\/\/schema.org","@graph":[{"@type":"WebPage","@id":"https:\/\/velooutlets.com\/products\/skrejritenis-chilli-pro-reaper-reloaded-v2-poker\/","url":"https:\/\/velooutlets.com\/products\/skrejritenis-chilli-pro-reaper-reloaded-v2-poker\/","name":"Skrejritenis Chilli Pro Reaper Reloaded V2 Poker - Velo Outlets","isPartOf":{"@id":"https:\/\/velooutlets.com\/en\/#website"},"primaryImageOfPage":{"@id":"https:\/\/velooutlets.com\/products\/skrejritenis-chilli-pro-reaper-reloaded-v2-poker\/#primaryimage"},"image":{"@id":"https:\/\/velooutlets.com\/products\/skrejritenis-chilli-pro-reaper-reloaded-v2-poker\/#primaryimage"},"thumbnailUrl":"https:\/\/velooutlets.com\/wp-content\/uploads\/2026\/03\/1000197221.jpg","datePublished":"2026-03-23T15:55:56+00:00","dateModified":"2026-04-08T10:20:40+00:00","breadcrumb":{"@id":"https:\/\/velooutlets.com\/products\/skrejritenis-chilli-pro-reaper-reloaded-v2-poker\/#breadcrumb"},"inLanguage":"lt-LT","potentialAction":[{"@type":"ReadAction","target":["https:\/\/velooutlets.com\/products\/skrejritenis-chilli-pro-reaper-reloaded-v2-poker\/"]}]},{"@type":"ImageObject","inLanguage":"lt-LT","@id":"https:\/\/velooutlets.com\/products\/skrejritenis-chilli-pro-reaper-reloaded-v2-poker\/#primaryimage","url":"https:\/\/velooutlets.com\/wp-content\/uploads\/2026\/03\/1000197221.jpg","contentUrl":"https:\/\/velooutlets.com\/wp-content\/uploads\/2026\/03\/1000197221.jpg","width":1200,"height":881},{"@type":"BreadcrumbList","@id":"https:\/\/velooutlets.com\/products\/skrejritenis-chilli-pro-reaper-reloaded-v2-poker\/#breadcrumb","itemListElement":[{"@type":"ListItem","position":1,"name":"Home","item":"https:\/\/velooutlets.com\/"},{"@type":"ListItem","position":2,"name":"Veikals","item":"https:\/\/velooutlets.com\/shop\/"},{"@type":"ListItem","position":3,"name":"Skrejritenis Chilli Pro Reaper Reloaded V2 Poker"}]},{"@type":"WebSite","@id":"https:\/\/velooutlets.com\/en\/#website","url":"https:\/\/velooutlets.com\/en\/","name":"\"Velo Outlets","description":"Dvira\u010diai visai \u0161eimai","potentialAction":[{"@type":"SearchAction","target":{"@type":"EntryPoint","urlTemplate":"https:\/\/velooutlets.com\/en\/?s={search_term_string}"},"query-input":{"@type":"PropertyValueSpecification","valueRequired":true,"valueName":"search_term_string"}}],"inLanguage":"lt-LT"}]}},"jetpack_sharing_enabled":true,"_links":{"self":[{"href":"https:\/\/velooutlets.com\/lt\/wp-json\/wp\/v2\/product\/37206","targetHints":{"allow":["GET"]}}],"collection":[{"href":"https:\/\/velooutlets.com\/lt\/wp-json\/wp\/v2\/product"}],"about":[{"href":"https:\/\/velooutlets.com\/lt\/wp-json\/wp\/v2\/types\/product"}],"wp:featuredmedia":[{"embeddable":true,"href":"https:\/\/velooutlets.com\/lt\/wp-json\/wp\/v2\/media\/37333"}],"wp:attachment":[{"href":"https:\/\/velooutlets.com\/lt\/wp-json\/wp\/v2\/media?parent=37206"}],"wp:term":[{"taxonomy":"product_brand","embeddable":true,"href":"https:\/\/velooutlets.com\/lt\/wp-json\/wp\/v2\/product_brand?post=37206"},{"taxonomy":"product_cat","embeddable":true,"href":"https:\/\/velooutlets.com\/lt\/wp-json\/wp\/v2\/product_cat?post=37206"},{"taxonomy":"product_tag","embeddable":true,"href":"https:\/\/velooutlets.com\/lt\/wp-json\/wp\/v2\/product_tag?post=37206"}],"curies":[{"name":"wp","href":"https:\/\/api.w.org\/{rel}","templated":true}]}}