{"id":37503,"date":"2026-03-27T13:51:56","date_gmt":"2026-03-27T11:51:56","guid":{"rendered":"https:\/\/velooutlets.com\/products\/bernu-grozs-star-wars-mandalorian\/"},"modified":"2026-05-06T16:52:40","modified_gmt":"2026-05-06T13:52:40","slug":"bernu-grozs-star-wars-mandalorian","status":"publish","type":"product","link":"https:\/\/velooutlets.com\/lt\/produktas\/bernu-grozs-star-wars-mandalorian\/","title":{"rendered":"B\u0113rnu grozs Star Wars Mandalorian"},"content":{"rendered":"<p>Stil\u012bgs b\u0113rnu grozs ar Star Wars Mandalorian dizainu. Piem\u0113rots mazajiem velobrauc\u0113jiem, kuri v\u0113las izcelties.<\/p>","protected":false},"excerpt":{"rendered":"<p>Stil\u012bgs b\u0113rnu grozs ar Star Wars Mandalorian dizainu. Piem\u0113rots mazajiem velobrauc\u0113jiem, kuri v\u0113las izcelties.<\/p>","protected":false},"featured_media":38521,"template":"","meta":{"_monsterinsights_skip_tracking":false,"_monsterinsights_sitenote_active":false,"_monsterinsights_sitenote_note":"","_monsterinsights_sitenote_category":0,"_iconic_wsb_product_page_order_bump_ids":[],"_sku":["5902308592667"],"_iconic_wsb_product_page_bump_modal_ids":[]},"product_brand":[1797],"product_cat":[910,911,1784,1795],"product_tag":[1819,221,1785,1796],"class_list":{"0":"post-37503","1":"product","2":"type-product","3":"status-publish","4":"has-post-thumbnail","6":"product_brand-star-wars","7":"product_cat-aksesuari","8":"product_cat-aksesuari-berniem","9":"product_cat-berniem","10":"product_cat-grozi","11":"product_tag-accessories_25-03","12":"product_tag-aksesuari","13":"product_tag-berniem","14":"product_tag-grozi","15":"product_shipping_class-aksesuari","17":"first","18":"instock","19":"taxable","20":"shipping-taxable","21":"purchasable","22":"product-type-simple"},"yoast_head":"<!-- This site is optimized with the Yoast SEO plugin v27.2 - https:\/\/yoast.com\/product\/yoast-seo-wordpress\/ -->\n<title>B\u0113rnu grozs Star Wars Mandalorian - Velo Outlets<\/title>\n<meta name=\"robots\" content=\"index, follow, max-snippet:-1, max-image-preview:large, max-video-preview:-1\" \/>\n<link rel=\"canonical\" href=\"https:\/\/velooutlets.com\/lt\/produktas\/bernu-grozs-star-wars-mandalorian\/\" \/>\n<meta property=\"og:locale\" content=\"lt_LT\" \/>\n<meta property=\"og:type\" content=\"article\" \/>\n<meta property=\"og:title\" content=\"B\u0113rnu grozs Star Wars Mandalorian - Velo Outlets\" \/>\n<meta property=\"og:description\" content=\"Stil\u012bgs b\u0113rnu grozs ar Star Wars Mandalorian dizainu. Piem\u0113rots mazajiem velobrauc\u0113jiem, kuri v\u0113las izcelties.\" \/>\n<meta property=\"og:url\" content=\"https:\/\/velooutlets.com\/lt\/produktas\/bernu-grozs-star-wars-mandalorian\/\" \/>\n<meta property=\"og:site_name\" content=\"Velo Outlets\" \/>\n<meta property=\"article:modified_time\" content=\"2026-05-06T13:52:40+00:00\" \/>\n<meta property=\"og:image\" content=\"https:\/\/velooutlets.com\/wp-content\/uploads\/2026\/03\/1000202976.jpg\" \/>\n\t<meta property=\"og:image:width\" content=\"1080\" \/>\n\t<meta property=\"og:image:height\" content=\"1080\" \/>\n\t<meta property=\"og:image:type\" content=\"image\/jpeg\" \/>\n<meta name=\"twitter:card\" content=\"summary_large_image\" \/>\n<script type=\"application\/ld+json\" class=\"yoast-schema-graph\">{\"@context\":\"https:\/\/schema.org\",\"@graph\":[{\"@type\":\"WebPage\",\"@id\":\"https:\/\/velooutlets.com\/products\/bernu-grozs-star-wars-mandalorian\/\",\"url\":\"https:\/\/velooutlets.com\/products\/bernu-grozs-star-wars-mandalorian\/\",\"name\":\"B\u0113rnu grozs Star Wars Mandalorian - Velo Outlets\",\"isPartOf\":{\"@id\":\"https:\/\/velooutlets.com\/en\/#website\"},\"primaryImageOfPage\":{\"@id\":\"https:\/\/velooutlets.com\/products\/bernu-grozs-star-wars-mandalorian\/#primaryimage\"},\"image\":{\"@id\":\"https:\/\/velooutlets.com\/products\/bernu-grozs-star-wars-mandalorian\/#primaryimage\"},\"thumbnailUrl\":\"https:\/\/velooutlets.com\/wp-content\/uploads\/2026\/03\/1000202976.jpg\",\"datePublished\":\"2026-03-27T11:51:56+00:00\",\"dateModified\":\"2026-05-06T13:52:40+00:00\",\"breadcrumb\":{\"@id\":\"https:\/\/velooutlets.com\/products\/bernu-grozs-star-wars-mandalorian\/#breadcrumb\"},\"inLanguage\":\"lt-LT\",\"potentialAction\":[{\"@type\":\"ReadAction\",\"target\":[\"https:\/\/velooutlets.com\/products\/bernu-grozs-star-wars-mandalorian\/\"]}]},{\"@type\":\"ImageObject\",\"inLanguage\":\"lt-LT\",\"@id\":\"https:\/\/velooutlets.com\/products\/bernu-grozs-star-wars-mandalorian\/#primaryimage\",\"url\":\"https:\/\/velooutlets.com\/wp-content\/uploads\/2026\/03\/1000202976.jpg\",\"contentUrl\":\"https:\/\/velooutlets.com\/wp-content\/uploads\/2026\/03\/1000202976.jpg\",\"width\":1080,\"height\":1080},{\"@type\":\"BreadcrumbList\",\"@id\":\"https:\/\/velooutlets.com\/products\/bernu-grozs-star-wars-mandalorian\/#breadcrumb\",\"itemListElement\":[{\"@type\":\"ListItem\",\"position\":1,\"name\":\"Home\",\"item\":\"https:\/\/velooutlets.com\/\"},{\"@type\":\"ListItem\",\"position\":2,\"name\":\"Veikals\",\"item\":\"https:\/\/velooutlets.com\/shop\/\"},{\"@type\":\"ListItem\",\"position\":3,\"name\":\"B\u0113rnu grozs Star Wars Mandalorian\"}]},{\"@type\":\"WebSite\",\"@id\":\"https:\/\/velooutlets.com\/en\/#website\",\"url\":\"https:\/\/velooutlets.com\/en\/\",\"name\":\"Velo Outlets\",\"description\":\"Velosip\u0113di visai \u0123imenei\",\"potentialAction\":[{\"@type\":\"SearchAction\",\"target\":{\"@type\":\"EntryPoint\",\"urlTemplate\":\"https:\/\/velooutlets.com\/en\/?s={search_term_string}\"},\"query-input\":{\"@type\":\"PropertyValueSpecification\",\"valueRequired\":true,\"valueName\":\"search_term_string\"}}],\"inLanguage\":\"lt-LT\"}]}<\/script>\n<!-- \/ Yoast SEO plugin. -->","yoast_head_json":{"title":"B\u0113rnu grozs Star Wars Mandalorian - Velo Outlets","robots":{"index":"index","follow":"follow","max-snippet":"max-snippet:-1","max-image-preview":"max-image-preview:large","max-video-preview":"max-video-preview:-1"},"canonical":"https:\/\/velooutlets.com\/lt\/produktas\/bernu-grozs-star-wars-mandalorian\/","og_locale":"lt_LT","og_type":"article","og_title":"B\u0113rnu grozs Star Wars Mandalorian - Velo Outlets","og_description":"Stil\u012bgs b\u0113rnu grozs ar Star Wars Mandalorian dizainu. Piem\u0113rots mazajiem velobrauc\u0113jiem, kuri v\u0113las izcelties.","og_url":"https:\/\/velooutlets.com\/lt\/produktas\/bernu-grozs-star-wars-mandalorian\/","og_site_name":"Velo Outlets","article_modified_time":"2026-05-06T13:52:40+00:00","og_image":[{"width":1080,"height":1080,"url":"https:\/\/velooutlets.com\/wp-content\/uploads\/2026\/03\/1000202976.jpg","type":"image\/jpeg"}],"twitter_card":"summary_large_image","schema":{"@context":"https:\/\/schema.org","@graph":[{"@type":"WebPage","@id":"https:\/\/velooutlets.com\/products\/bernu-grozs-star-wars-mandalorian\/","url":"https:\/\/velooutlets.com\/products\/bernu-grozs-star-wars-mandalorian\/","name":"B\u0113rnu grozs Star Wars Mandalorian - Velo Outlets","isPartOf":{"@id":"https:\/\/velooutlets.com\/en\/#website"},"primaryImageOfPage":{"@id":"https:\/\/velooutlets.com\/products\/bernu-grozs-star-wars-mandalorian\/#primaryimage"},"image":{"@id":"https:\/\/velooutlets.com\/products\/bernu-grozs-star-wars-mandalorian\/#primaryimage"},"thumbnailUrl":"https:\/\/velooutlets.com\/wp-content\/uploads\/2026\/03\/1000202976.jpg","datePublished":"2026-03-27T11:51:56+00:00","dateModified":"2026-05-06T13:52:40+00:00","breadcrumb":{"@id":"https:\/\/velooutlets.com\/products\/bernu-grozs-star-wars-mandalorian\/#breadcrumb"},"inLanguage":"lt-LT","potentialAction":[{"@type":"ReadAction","target":["https:\/\/velooutlets.com\/products\/bernu-grozs-star-wars-mandalorian\/"]}]},{"@type":"ImageObject","inLanguage":"lt-LT","@id":"https:\/\/velooutlets.com\/products\/bernu-grozs-star-wars-mandalorian\/#primaryimage","url":"https:\/\/velooutlets.com\/wp-content\/uploads\/2026\/03\/1000202976.jpg","contentUrl":"https:\/\/velooutlets.com\/wp-content\/uploads\/2026\/03\/1000202976.jpg","width":1080,"height":1080},{"@type":"BreadcrumbList","@id":"https:\/\/velooutlets.com\/products\/bernu-grozs-star-wars-mandalorian\/#breadcrumb","itemListElement":[{"@type":"ListItem","position":1,"name":"Home","item":"https:\/\/velooutlets.com\/"},{"@type":"ListItem","position":2,"name":"Veikals","item":"https:\/\/velooutlets.com\/shop\/"},{"@type":"ListItem","position":3,"name":"B\u0113rnu grozs Star Wars Mandalorian"}]},{"@type":"WebSite","@id":"https:\/\/velooutlets.com\/en\/#website","url":"https:\/\/velooutlets.com\/en\/","name":"\"Velo Outlets","description":"Dvira\u010diai visai \u0161eimai","potentialAction":[{"@type":"SearchAction","target":{"@type":"EntryPoint","urlTemplate":"https:\/\/velooutlets.com\/en\/?s={search_term_string}"},"query-input":{"@type":"PropertyValueSpecification","valueRequired":true,"valueName":"search_term_string"}}],"inLanguage":"lt-LT"}]}},"jetpack_sharing_enabled":true,"_links":{"self":[{"href":"https:\/\/velooutlets.com\/lt\/wp-json\/wp\/v2\/product\/37503","targetHints":{"allow":["GET"]}}],"collection":[{"href":"https:\/\/velooutlets.com\/lt\/wp-json\/wp\/v2\/product"}],"about":[{"href":"https:\/\/velooutlets.com\/lt\/wp-json\/wp\/v2\/types\/product"}],"wp:featuredmedia":[{"embeddable":true,"href":"https:\/\/velooutlets.com\/lt\/wp-json\/wp\/v2\/media\/38521"}],"wp:attachment":[{"href":"https:\/\/velooutlets.com\/lt\/wp-json\/wp\/v2\/media?parent=37503"}],"wp:term":[{"taxonomy":"product_brand","embeddable":true,"href":"https:\/\/velooutlets.com\/lt\/wp-json\/wp\/v2\/product_brand?post=37503"},{"taxonomy":"product_cat","embeddable":true,"href":"https:\/\/velooutlets.com\/lt\/wp-json\/wp\/v2\/product_cat?post=37503"},{"taxonomy":"product_tag","embeddable":true,"href":"https:\/\/velooutlets.com\/lt\/wp-json\/wp\/v2\/product_tag?post=37503"}],"curies":[{"name":"wp","href":"https:\/\/api.w.org\/{rel}","templated":true}]}}