{"id":37580,"date":"2026-03-27T14:52:04","date_gmt":"2026-03-27T12:52:04","guid":{"rendered":"https:\/\/velooutlets.com\/products\/pro-tour-flora-rc820-28-black\/"},"modified":"2026-04-16T14:39:44","modified_gmt":"2026-04-16T11:39:44","slug":"pro-tour-flora-rc820-28-black","status":"publish","type":"product","link":"https:\/\/velooutlets.com\/lt\/produktas\/pro-tour-flora-rc820-28-black\/","title":{"rendered":"Pro Tour Flora Rc820 28&#8221; Black"},"content":{"rendered":"<p>Pro Tour Flora RC820 28&#8243; ir elegants un praktisks pils\u0113tas elektrovelosip\u0113ds, kas piem\u0113rots ikdienas braucieniem un mier\u012bgai atp\u016btai. Alum\u012bnija r\u0101mis un 28 collu rite\u0146i nodro\u0161ina stabilu un komfortablu brauk\u0161anu.<\/p>\n<p>Ananda 250 W rumbas motors nodro\u0161ina vienm\u0113r\u012bgu asistenci l\u012bdz 25 km\/h, bet 374 Wh akumulators \u013cauj nobraukt l\u012bdz pat 80 km. Priek\u0161\u0113jais amortizators pal\u012bdz p\u0101rvar\u0113t ce\u013ca nel\u012bdzenumus, uzlabojot brauk\u0161anas komfortu.<\/p>\n<p>Shimano Tourney 7 \u0101trumu sist\u0113ma ir vienk\u0101r\u0161a un uzticama, savuk\u0101rt V-veida bremzes nodro\u0161ina pietiekamu bremz\u0113\u0161anas efektivit\u0101ti ikdienas lieto\u0161an\u0101. Lieliska izv\u0113le \u0113rtai p\u0101rvieto\u0161anai pils\u0113t\u0101.<\/p>","protected":false},"excerpt":{"rendered":"<p>374Wh akumulators l\u012bdz 80 km, 250W motors<\/p>","protected":false},"featured_media":37656,"template":"","meta":{"_monsterinsights_skip_tracking":false,"_monsterinsights_sitenote_active":false,"_monsterinsights_sitenote_note":"","_monsterinsights_sitenote_category":0,"_iconic_wsb_product_page_order_bump_ids":[],"_sku":["EBXPRO25E01C219C"],"_iconic_wsb_product_page_bump_modal_ids":[]},"product_brand":[1825],"product_cat":[963,1127],"product_tag":[1826,847],"class_list":{"0":"post-37580","1":"product","2":"type-product","3":"status-publish","4":"has-post-thumbnail","6":"product_brand-pro-tour","7":"product_cat-elektro-velosipedi","8":"product_cat-velosipedi","9":"product_tag-bicycles_27-03","10":"product_tag-elektro-velosipedi","11":"product_shipping_class-elektro-velosipedi","12":"pa_ramja-izmers-uni","14":"first","15":"instock","16":"taxable","17":"shipping-taxable","18":"purchasable","19":"product-type-simple"},"yoast_head":"<!-- This site is optimized with the Yoast SEO plugin v27.2 - https:\/\/yoast.com\/product\/yoast-seo-wordpress\/ -->\n<title>Pro Tour Flora Rc820 28&#039;&#039; Black - Velo Outlets<\/title>\n<meta name=\"robots\" content=\"index, follow, max-snippet:-1, max-image-preview:large, max-video-preview:-1\" \/>\n<link rel=\"canonical\" href=\"https:\/\/velooutlets.com\/lt\/produktas\/pro-tour-flora-rc820-28-black\/\" \/>\n<meta property=\"og:locale\" content=\"lt_LT\" \/>\n<meta property=\"og:type\" content=\"article\" \/>\n<meta property=\"og:title\" content=\"Pro Tour Flora Rc820 28&#039;&#039; Black - Velo Outlets\" \/>\n<meta property=\"og:description\" content=\"374Wh akumulators l\u012bdz 80 km, 250W motors\" \/>\n<meta property=\"og:url\" content=\"https:\/\/velooutlets.com\/lt\/produktas\/pro-tour-flora-rc820-28-black\/\" \/>\n<meta property=\"og:site_name\" content=\"Velo Outlets\" \/>\n<meta property=\"article:modified_time\" content=\"2026-04-16T11:39:44+00:00\" \/>\n<meta property=\"og:image\" content=\"https:\/\/velooutlets.com\/wp-content\/uploads\/2026\/03\/1000197863-scaled.jpg\" \/>\n\t<meta property=\"og:image:width\" content=\"2560\" \/>\n\t<meta property=\"og:image:height\" content=\"1707\" \/>\n\t<meta property=\"og:image:type\" content=\"image\/jpeg\" \/>\n<meta name=\"twitter:card\" content=\"summary_large_image\" \/>\n<meta name=\"twitter:label1\" content=\"Est. reading time\" \/>\n\t<meta name=\"twitter:data1\" content=\"1 minut\u0117\" \/>\n<script type=\"application\/ld+json\" class=\"yoast-schema-graph\">{\"@context\":\"https:\/\/schema.org\",\"@graph\":[{\"@type\":\"WebPage\",\"@id\":\"https:\/\/velooutlets.com\/products\/pro-tour-flora-rc820-28-black\/\",\"url\":\"https:\/\/velooutlets.com\/products\/pro-tour-flora-rc820-28-black\/\",\"name\":\"Pro Tour Flora Rc820 28'' Black - Velo Outlets\",\"isPartOf\":{\"@id\":\"https:\/\/velooutlets.com\/en\/#website\"},\"primaryImageOfPage\":{\"@id\":\"https:\/\/velooutlets.com\/products\/pro-tour-flora-rc820-28-black\/#primaryimage\"},\"image\":{\"@id\":\"https:\/\/velooutlets.com\/products\/pro-tour-flora-rc820-28-black\/#primaryimage\"},\"thumbnailUrl\":\"https:\/\/velooutlets.com\/wp-content\/uploads\/2026\/03\/1000197863-scaled.jpg\",\"datePublished\":\"2026-03-27T12:52:04+00:00\",\"dateModified\":\"2026-04-16T11:39:44+00:00\",\"breadcrumb\":{\"@id\":\"https:\/\/velooutlets.com\/products\/pro-tour-flora-rc820-28-black\/#breadcrumb\"},\"inLanguage\":\"lt-LT\",\"potentialAction\":[{\"@type\":\"ReadAction\",\"target\":[\"https:\/\/velooutlets.com\/products\/pro-tour-flora-rc820-28-black\/\"]}]},{\"@type\":\"ImageObject\",\"inLanguage\":\"lt-LT\",\"@id\":\"https:\/\/velooutlets.com\/products\/pro-tour-flora-rc820-28-black\/#primaryimage\",\"url\":\"https:\/\/velooutlets.com\/wp-content\/uploads\/2026\/03\/1000197863-scaled.jpg\",\"contentUrl\":\"https:\/\/velooutlets.com\/wp-content\/uploads\/2026\/03\/1000197863-scaled.jpg\",\"width\":2560,\"height\":1707},{\"@type\":\"BreadcrumbList\",\"@id\":\"https:\/\/velooutlets.com\/products\/pro-tour-flora-rc820-28-black\/#breadcrumb\",\"itemListElement\":[{\"@type\":\"ListItem\",\"position\":1,\"name\":\"Home\",\"item\":\"https:\/\/velooutlets.com\/\"},{\"@type\":\"ListItem\",\"position\":2,\"name\":\"Veikals\",\"item\":\"https:\/\/velooutlets.com\/shop\/\"},{\"@type\":\"ListItem\",\"position\":3,\"name\":\"Pro Tour Flora Rc820 28&#8221; Black\"}]},{\"@type\":\"WebSite\",\"@id\":\"https:\/\/velooutlets.com\/en\/#website\",\"url\":\"https:\/\/velooutlets.com\/en\/\",\"name\":\"Velo Outlets\",\"description\":\"Velosip\u0113di visai \u0123imenei\",\"potentialAction\":[{\"@type\":\"SearchAction\",\"target\":{\"@type\":\"EntryPoint\",\"urlTemplate\":\"https:\/\/velooutlets.com\/en\/?s={search_term_string}\"},\"query-input\":{\"@type\":\"PropertyValueSpecification\",\"valueRequired\":true,\"valueName\":\"search_term_string\"}}],\"inLanguage\":\"lt-LT\"}]}<\/script>\n<!-- \/ Yoast SEO plugin. -->","yoast_head_json":{"title":"Pro Tour Flora Rc820 28'' Black - Velo Outlets","robots":{"index":"index","follow":"follow","max-snippet":"max-snippet:-1","max-image-preview":"max-image-preview:large","max-video-preview":"max-video-preview:-1"},"canonical":"https:\/\/velooutlets.com\/lt\/produktas\/pro-tour-flora-rc820-28-black\/","og_locale":"lt_LT","og_type":"article","og_title":"Pro Tour Flora Rc820 28'' Black - Velo Outlets","og_description":"374Wh akumulators l\u012bdz 80 km, 250W motors","og_url":"https:\/\/velooutlets.com\/lt\/produktas\/pro-tour-flora-rc820-28-black\/","og_site_name":"Velo Outlets","article_modified_time":"2026-04-16T11:39:44+00:00","og_image":[{"width":2560,"height":1707,"url":"https:\/\/velooutlets.com\/wp-content\/uploads\/2026\/03\/1000197863-scaled.jpg","type":"image\/jpeg"}],"twitter_card":"summary_large_image","twitter_misc":{"Est. reading time":"1 minut\u0117"},"schema":{"@context":"https:\/\/schema.org","@graph":[{"@type":"WebPage","@id":"https:\/\/velooutlets.com\/products\/pro-tour-flora-rc820-28-black\/","url":"https:\/\/velooutlets.com\/products\/pro-tour-flora-rc820-28-black\/","name":"Pro Tour Flora Rc820 28'' Black - Velo Outlets","isPartOf":{"@id":"https:\/\/velooutlets.com\/en\/#website"},"primaryImageOfPage":{"@id":"https:\/\/velooutlets.com\/products\/pro-tour-flora-rc820-28-black\/#primaryimage"},"image":{"@id":"https:\/\/velooutlets.com\/products\/pro-tour-flora-rc820-28-black\/#primaryimage"},"thumbnailUrl":"https:\/\/velooutlets.com\/wp-content\/uploads\/2026\/03\/1000197863-scaled.jpg","datePublished":"2026-03-27T12:52:04+00:00","dateModified":"2026-04-16T11:39:44+00:00","breadcrumb":{"@id":"https:\/\/velooutlets.com\/products\/pro-tour-flora-rc820-28-black\/#breadcrumb"},"inLanguage":"lt-LT","potentialAction":[{"@type":"ReadAction","target":["https:\/\/velooutlets.com\/products\/pro-tour-flora-rc820-28-black\/"]}]},{"@type":"ImageObject","inLanguage":"lt-LT","@id":"https:\/\/velooutlets.com\/products\/pro-tour-flora-rc820-28-black\/#primaryimage","url":"https:\/\/velooutlets.com\/wp-content\/uploads\/2026\/03\/1000197863-scaled.jpg","contentUrl":"https:\/\/velooutlets.com\/wp-content\/uploads\/2026\/03\/1000197863-scaled.jpg","width":2560,"height":1707},{"@type":"BreadcrumbList","@id":"https:\/\/velooutlets.com\/products\/pro-tour-flora-rc820-28-black\/#breadcrumb","itemListElement":[{"@type":"ListItem","position":1,"name":"Home","item":"https:\/\/velooutlets.com\/"},{"@type":"ListItem","position":2,"name":"Veikals","item":"https:\/\/velooutlets.com\/shop\/"},{"@type":"ListItem","position":3,"name":"Pro Tour Flora Rc820 28&#8221; Black"}]},{"@type":"WebSite","@id":"https:\/\/velooutlets.com\/en\/#website","url":"https:\/\/velooutlets.com\/en\/","name":"\"Velo Outlets","description":"Dvira\u010diai visai \u0161eimai","potentialAction":[{"@type":"SearchAction","target":{"@type":"EntryPoint","urlTemplate":"https:\/\/velooutlets.com\/en\/?s={search_term_string}"},"query-input":{"@type":"PropertyValueSpecification","valueRequired":true,"valueName":"search_term_string"}}],"inLanguage":"lt-LT"}]}},"jetpack_sharing_enabled":true,"_links":{"self":[{"href":"https:\/\/velooutlets.com\/lt\/wp-json\/wp\/v2\/product\/37580","targetHints":{"allow":["GET"]}}],"collection":[{"href":"https:\/\/velooutlets.com\/lt\/wp-json\/wp\/v2\/product"}],"about":[{"href":"https:\/\/velooutlets.com\/lt\/wp-json\/wp\/v2\/types\/product"}],"wp:featuredmedia":[{"embeddable":true,"href":"https:\/\/velooutlets.com\/lt\/wp-json\/wp\/v2\/media\/37656"}],"wp:attachment":[{"href":"https:\/\/velooutlets.com\/lt\/wp-json\/wp\/v2\/media?parent=37580"}],"wp:term":[{"taxonomy":"product_brand","embeddable":true,"href":"https:\/\/velooutlets.com\/lt\/wp-json\/wp\/v2\/product_brand?post=37580"},{"taxonomy":"product_cat","embeddable":true,"href":"https:\/\/velooutlets.com\/lt\/wp-json\/wp\/v2\/product_cat?post=37580"},{"taxonomy":"product_tag","embeddable":true,"href":"https:\/\/velooutlets.com\/lt\/wp-json\/wp\/v2\/product_tag?post=37580"}],"curies":[{"name":"wp","href":"https:\/\/api.w.org\/{rel}","templated":true}]}}