{"id":37985,"date":"2026-04-08T16:20:46","date_gmt":"2026-04-08T13:20:46","guid":{"rendered":"https:\/\/velooutlets.com\/?post_type=product&#038;p=37985"},"modified":"2026-04-18T13:03:22","modified_gmt":"2026-04-18T10:03:22","slug":"gust-rebex-light-red-2026","status":"publish","type":"product","link":"https:\/\/velooutlets.com\/lt\/produktas\/gust-rebex-light-red-2026\/","title":{"rendered":"Gust Rebex Light Red 2026"},"content":{"rendered":"<p>Gust Rebex Light 24\u2033 (2026) ir \u012bpa\u0161i viegls un \u0113rti vad\u0101ms junioru velosip\u0113ds, kas paredz\u0113ts akt\u012bvai ikdienas brauk\u0161anai. Tas ir lieliska izv\u0113le b\u0113rniem, kuri v\u0113las vieglu, dinamisku un viegli kontrol\u0113jamu velosip\u0113du gan pils\u0113t\u0101, gan parkos.<\/p>\n<p>Alum\u012bnija r\u0101mis un ciet\u0101 dak\u0161a nodro\u0161ina \u013coti zemu svaru (~9 kg), kas b\u016btiski uzlabo vad\u0101m\u012bbu un \u013cauj viegl\u0101k uzs\u0101kt kust\u012bbu, pa\u0101trin\u0101ties un kontrol\u0113t velosip\u0113du. 24 collu rite\u0146i ar \u0161aur\u0101k\u0101m riep\u0101m nodro\u0161ina labu ripo\u0161anu un stabilit\u0101ti uz ciet\u0101 seguma.<\/p>\n<p>6 \u0101trumu Shimano sist\u0113ma \u013cauj vienk\u0101r\u0161i piel\u0101got brauk\u0161anas tempu, savuk\u0101rt disku bremzes nodro\u0161ina dro\u0161u un efekt\u012bvu bremz\u0113\u0161anu da\u017e\u0101dos laikapst\u0101k\u013cos.<\/p>\n<p>Specifikacija:<br \/>\nR\u0101mis: Alum\u012bnija<br \/>\nDak\u0161a: Ciet\u0101, alum\u012bnija<br \/>\nGrei\u010di\u0173 skai\u010dius: 6<br \/>\nAizmugur\u0113jais p\u0101rsl\u0113dz\u0113js: Shimano RD-TZ500<br \/>\nP\u0101rsl\u0113dz\u0113ju rokturis: Shimano SL-RV300-6R<br \/>\nAizmugur\u0113jais zobrats: Shimano MF-TZ500-6<br \/>\nBremzes: Disku bremzes<br \/>\nAploces: Alum\u012bnija, dubultsienu<br \/>\nRiepas: Kenda 24 \u00d7 1.75<br \/>\nS\u0113deklis: Gust<br \/>\nPapildapr\u012bkojums: Atbalsta k\u0101ji\u0146a<br \/>\nSvars: ~9 kg<\/p>","protected":false},"excerpt":{"rendered":"<p><a href=\"https:\/\/velooutlets.com\/wp-content\/uploads\/2026\/02\/VeloOutlets_Gust-Banner-2.jpg\"><img fetchpriority=\"high\" decoding=\"async\" class=\"alignnone wp-image-37935 size-full\" src=\"https:\/\/velooutlets.com\/wp-content\/uploads\/2026\/02\/VeloOutlets_Gust-Banner-2.jpg\" alt=\"Gust_Veloisp\u0113di_VeloOutlets\" width=\"600\" height=\"200\" srcset=\"https:\/\/velooutlets.com\/wp-content\/uploads\/2026\/02\/VeloOutlets_Gust-Banner-2.jpg 600w, https:\/\/velooutlets.com\/wp-content\/uploads\/2026\/02\/VeloOutlets_Gust-Banner-2-300x100.jpg 300w, https:\/\/velooutlets.com\/wp-content\/uploads\/2026\/02\/VeloOutlets_Gust-Banner-2-18x6.jpg 18w\" sizes=\"(max-width: 600px) 100vw, 600px\" \/><\/a><\/p>","protected":false},"featured_media":37986,"template":"","meta":{"_monsterinsights_skip_tracking":false,"_monsterinsights_sitenote_active":false,"_monsterinsights_sitenote_note":"","_monsterinsights_sitenote_category":0,"_iconic_wsb_product_page_order_bump_ids":[[]],"_sku":["4751051680272"],"_iconic_wsb_product_page_bump_modal_ids":[[]]},"product_brand":[1162],"product_cat":[1576,1620,1043,1127],"product_tag":[212],"class_list":{"0":"post-37985","1":"product","2":"type-product","3":"status-publish","4":"has-post-thumbnail","6":"product_brand-gustjuhi","7":"product_cat-gust-juhi","8":"product_cat-gust-2026","9":"product_cat-pusaudzu-velosipedi-24-27-5","10":"product_cat-velosipedi","11":"product_tag-velosipedi","12":"product_shipping_class-bernu-velosipedi","13":"pa_height-range-130-150cm","14":"pa_materials-aluminija-ramis","15":"pa_ramja-izmers-uni","16":"pa_razosanas-gads-1253","18":"first","19":"instock","20":"taxable","21":"shipping-taxable","22":"purchasable","23":"product-type-simple"},"yoast_head":"<!-- This site is optimized with the Yoast SEO plugin v27.2 - https:\/\/yoast.com\/product\/yoast-seo-wordpress\/ -->\n<title>Gust Rebex Light Red 2026 - Velo Outlets<\/title>\n<meta name=\"robots\" content=\"index, follow, max-snippet:-1, max-image-preview:large, max-video-preview:-1\" \/>\n<link rel=\"canonical\" href=\"https:\/\/velooutlets.com\/lt\/produktas\/gust-rebex-light-red-2026\/\" \/>\n<meta property=\"og:locale\" content=\"lt_LT\" \/>\n<meta property=\"og:type\" content=\"article\" \/>\n<meta property=\"og:title\" content=\"Gust Rebex Light Red 2026 - Velo Outlets\" \/>\n<meta property=\"og:url\" content=\"https:\/\/velooutlets.com\/lt\/produktas\/gust-rebex-light-red-2026\/\" \/>\n<meta property=\"og:site_name\" content=\"Velo Outlets\" \/>\n<meta property=\"article:modified_time\" content=\"2026-04-18T10:03:22+00:00\" \/>\n<meta property=\"og:image\" content=\"https:\/\/velooutlets.com\/wp-content\/uploads\/2026\/04\/NBF07949.jpg\" \/>\n\t<meta property=\"og:image:width\" content=\"2048\" \/>\n\t<meta property=\"og:image:height\" content=\"1365\" \/>\n\t<meta property=\"og:image:type\" content=\"image\/jpeg\" \/>\n<meta name=\"twitter:card\" content=\"summary_large_image\" \/>\n<meta name=\"twitter:label1\" content=\"Est. reading time\" \/>\n\t<meta name=\"twitter:data1\" content=\"1 minut\u0117\" \/>\n<script type=\"application\/ld+json\" class=\"yoast-schema-graph\">{\"@context\":\"https:\/\/schema.org\",\"@graph\":[{\"@type\":\"WebPage\",\"@id\":\"https:\/\/velooutlets.com\/products\/gust-rebex-light-red-2026\/\",\"url\":\"https:\/\/velooutlets.com\/products\/gust-rebex-light-red-2026\/\",\"name\":\"Gust Rebex Light Red 2026 - Velo Outlets\",\"isPartOf\":{\"@id\":\"https:\/\/velooutlets.com\/en\/#website\"},\"primaryImageOfPage\":{\"@id\":\"https:\/\/velooutlets.com\/products\/gust-rebex-light-red-2026\/#primaryimage\"},\"image\":{\"@id\":\"https:\/\/velooutlets.com\/products\/gust-rebex-light-red-2026\/#primaryimage\"},\"thumbnailUrl\":\"https:\/\/velooutlets.com\/wp-content\/uploads\/2026\/04\/NBF07949.jpg\",\"datePublished\":\"2026-04-08T13:20:46+00:00\",\"dateModified\":\"2026-04-18T10:03:22+00:00\",\"breadcrumb\":{\"@id\":\"https:\/\/velooutlets.com\/products\/gust-rebex-light-red-2026\/#breadcrumb\"},\"inLanguage\":\"lt-LT\",\"potentialAction\":[{\"@type\":\"ReadAction\",\"target\":[\"https:\/\/velooutlets.com\/products\/gust-rebex-light-red-2026\/\"]}]},{\"@type\":\"ImageObject\",\"inLanguage\":\"lt-LT\",\"@id\":\"https:\/\/velooutlets.com\/products\/gust-rebex-light-red-2026\/#primaryimage\",\"url\":\"https:\/\/velooutlets.com\/wp-content\/uploads\/2026\/04\/NBF07949.jpg\",\"contentUrl\":\"https:\/\/velooutlets.com\/wp-content\/uploads\/2026\/04\/NBF07949.jpg\",\"width\":2048,\"height\":1365,\"caption\":\"Gust b\u0113rnu velosip\u0113ds\"},{\"@type\":\"BreadcrumbList\",\"@id\":\"https:\/\/velooutlets.com\/products\/gust-rebex-light-red-2026\/#breadcrumb\",\"itemListElement\":[{\"@type\":\"ListItem\",\"position\":1,\"name\":\"Home\",\"item\":\"https:\/\/velooutlets.com\/\"},{\"@type\":\"ListItem\",\"position\":2,\"name\":\"Veikals\",\"item\":\"https:\/\/velooutlets.com\/shop\/\"},{\"@type\":\"ListItem\",\"position\":3,\"name\":\"Gust Rebex Light Red 2026\"}]},{\"@type\":\"WebSite\",\"@id\":\"https:\/\/velooutlets.com\/en\/#website\",\"url\":\"https:\/\/velooutlets.com\/en\/\",\"name\":\"Velo Outlets\",\"description\":\"Velosip\u0113di visai \u0123imenei\",\"potentialAction\":[{\"@type\":\"SearchAction\",\"target\":{\"@type\":\"EntryPoint\",\"urlTemplate\":\"https:\/\/velooutlets.com\/en\/?s={search_term_string}\"},\"query-input\":{\"@type\":\"PropertyValueSpecification\",\"valueRequired\":true,\"valueName\":\"search_term_string\"}}],\"inLanguage\":\"lt-LT\"}]}<\/script>\n<!-- \/ Yoast SEO plugin. -->","yoast_head_json":{"title":"Gust Rebex Light Red 2026 - Velo Outlets","robots":{"index":"index","follow":"follow","max-snippet":"max-snippet:-1","max-image-preview":"max-image-preview:large","max-video-preview":"max-video-preview:-1"},"canonical":"https:\/\/velooutlets.com\/lt\/produktas\/gust-rebex-light-red-2026\/","og_locale":"lt_LT","og_type":"article","og_title":"Gust Rebex Light Red 2026 - Velo Outlets","og_url":"https:\/\/velooutlets.com\/lt\/produktas\/gust-rebex-light-red-2026\/","og_site_name":"Velo Outlets","article_modified_time":"2026-04-18T10:03:22+00:00","og_image":[{"width":2048,"height":1365,"url":"https:\/\/velooutlets.com\/wp-content\/uploads\/2026\/04\/NBF07949.jpg","type":"image\/jpeg"}],"twitter_card":"summary_large_image","twitter_misc":{"Est. reading time":"1 minut\u0117"},"schema":{"@context":"https:\/\/schema.org","@graph":[{"@type":"WebPage","@id":"https:\/\/velooutlets.com\/products\/gust-rebex-light-red-2026\/","url":"https:\/\/velooutlets.com\/products\/gust-rebex-light-red-2026\/","name":"Gust Rebex Light Red 2026 - Velo Outlets","isPartOf":{"@id":"https:\/\/velooutlets.com\/en\/#website"},"primaryImageOfPage":{"@id":"https:\/\/velooutlets.com\/products\/gust-rebex-light-red-2026\/#primaryimage"},"image":{"@id":"https:\/\/velooutlets.com\/products\/gust-rebex-light-red-2026\/#primaryimage"},"thumbnailUrl":"https:\/\/velooutlets.com\/wp-content\/uploads\/2026\/04\/NBF07949.jpg","datePublished":"2026-04-08T13:20:46+00:00","dateModified":"2026-04-18T10:03:22+00:00","breadcrumb":{"@id":"https:\/\/velooutlets.com\/products\/gust-rebex-light-red-2026\/#breadcrumb"},"inLanguage":"lt-LT","potentialAction":[{"@type":"ReadAction","target":["https:\/\/velooutlets.com\/products\/gust-rebex-light-red-2026\/"]}]},{"@type":"ImageObject","inLanguage":"lt-LT","@id":"https:\/\/velooutlets.com\/products\/gust-rebex-light-red-2026\/#primaryimage","url":"https:\/\/velooutlets.com\/wp-content\/uploads\/2026\/04\/NBF07949.jpg","contentUrl":"https:\/\/velooutlets.com\/wp-content\/uploads\/2026\/04\/NBF07949.jpg","width":2048,"height":1365,"caption":"Gust b\u0113rnu velosip\u0113ds"},{"@type":"BreadcrumbList","@id":"https:\/\/velooutlets.com\/products\/gust-rebex-light-red-2026\/#breadcrumb","itemListElement":[{"@type":"ListItem","position":1,"name":"Home","item":"https:\/\/velooutlets.com\/"},{"@type":"ListItem","position":2,"name":"Veikals","item":"https:\/\/velooutlets.com\/shop\/"},{"@type":"ListItem","position":3,"name":"Gust Rebex Light Red 2026"}]},{"@type":"WebSite","@id":"https:\/\/velooutlets.com\/en\/#website","url":"https:\/\/velooutlets.com\/en\/","name":"\"Velo Outlets","description":"Dvira\u010diai visai \u0161eimai","potentialAction":[{"@type":"SearchAction","target":{"@type":"EntryPoint","urlTemplate":"https:\/\/velooutlets.com\/en\/?s={search_term_string}"},"query-input":{"@type":"PropertyValueSpecification","valueRequired":true,"valueName":"search_term_string"}}],"inLanguage":"lt-LT"}]}},"jetpack_sharing_enabled":true,"_links":{"self":[{"href":"https:\/\/velooutlets.com\/lt\/wp-json\/wp\/v2\/product\/37985","targetHints":{"allow":["GET"]}}],"collection":[{"href":"https:\/\/velooutlets.com\/lt\/wp-json\/wp\/v2\/product"}],"about":[{"href":"https:\/\/velooutlets.com\/lt\/wp-json\/wp\/v2\/types\/product"}],"wp:featuredmedia":[{"embeddable":true,"href":"https:\/\/velooutlets.com\/lt\/wp-json\/wp\/v2\/media\/37986"}],"wp:attachment":[{"href":"https:\/\/velooutlets.com\/lt\/wp-json\/wp\/v2\/media?parent=37985"}],"wp:term":[{"taxonomy":"product_brand","embeddable":true,"href":"https:\/\/velooutlets.com\/lt\/wp-json\/wp\/v2\/product_brand?post=37985"},{"taxonomy":"product_cat","embeddable":true,"href":"https:\/\/velooutlets.com\/lt\/wp-json\/wp\/v2\/product_cat?post=37985"},{"taxonomy":"product_tag","embeddable":true,"href":"https:\/\/velooutlets.com\/lt\/wp-json\/wp\/v2\/product_tag?post=37985"}],"curies":[{"name":"wp","href":"https:\/\/api.w.org\/{rel}","templated":true}]}}