{"id":38084,"date":"2026-04-14T16:28:30","date_gmt":"2026-04-14T13:28:30","guid":{"rendered":"https:\/\/velooutlets.com\/?post_type=product&#038;p=38084"},"modified":"2026-04-17T14:51:53","modified_gmt":"2026-04-17T11:51:53","slug":"bergamont-summerville-n7-st-pauli-28","status":"publish","type":"product","link":"https:\/\/velooutlets.com\/lt\/produktas\/bergamont-summerville-n7-st-pauli-28\/","title":{"rendered":"Bergamont Summerville N7 St. Pauli 28\u201d"},"content":{"rendered":"<p data-start=\"73\" data-end=\"503\">Bergamont Summerville N7 St. Pauli ir stil\u012bgs un komfortabls pils\u0113tas velosip\u0113ds ar klasisku dizainu, kas apvieno retro est\u0113tiku ar modern\u0101m tehnolo\u0123ij\u0101m. Tas ir ide\u0101li piem\u0113rots ikdienas braucieniem pa pils\u0113tu, pied\u0101v\u0101jot \u0113rtu, vertik\u0101lu s\u0113dpoz\u012bciju un stabilu vad\u0101m\u012bbu. 28 collu rite\u0146i nodro\u0161ina vienm\u0113r\u012bgu ripo\u0161anu, savuk\u0101rt alum\u012bnija r\u0101mis garant\u0113 iztur\u012bbu un ilgm\u016b\u017e\u012bbu.<\/p>\n<p data-start=\"505\" data-end=\"918\">Velosip\u0113ds apr\u012bkots ar Shimano Nexus 7 \u0101trumu rumbas p\u0101rnesumu sist\u0113mu, kas ir vienk\u0101r\u0161a lieto\u0161an\u0101 un prasa minim\u0101lu apkopi, k\u0101 ar\u012b Tektro V-bremz\u0113m dro\u0161ai bremz\u0113\u0161anai. Schwalbe Big Ben riepas nodro\u0161ina komfortu un labu sa\u0137eri ar ce\u013cu, bet pilna komplekt\u0101cija ar apgaismojumu, bag\u0101\u017enieku, dub\u013cusargiem un \u0137\u0113des aizsargu padara \u0161o modeli \u012bpa\u0161i praktisku ikdienas lieto\u0161anai.<\/p>\n<p data-start=\"920\" data-end=\"1222\">Tehniski modelis ietver AL-6061 alum\u012bnija r\u0101mi, t\u0113rauda cieto dak\u0161u, 7 \u0101trumu Shimano Nexus rumbu, 38T kla\u0146us un 19T kaseti. Velosip\u0113da svars ir aptuveni 17,7 kg, un tas paredz\u0113ts komfortablai p\u0101rvieto\u0161anai pils\u0113tvid\u0113 ar maksim\u0101lu uzticam\u012bbu un vienk\u0101r\u0161u apkopi.<\/p>","protected":false},"excerpt":{"rendered":"<p>Bergamont Summerville N7 St. Pauli ir stil\u012bgs un komfortabls pils\u0113tas velosip\u0113ds ar klasisku dizainu, kas apvieno retro est\u0113tiku ar modern\u0101m tehnolo\u0123ij\u0101m. Tas ir ide\u0101li piem\u0113rots ikdienas braucieniem pa pils\u0113tu, pied\u0101v\u0101jot \u0113rtu, vertik\u0101lu s\u0113dpoz\u012bciju un stabilu vad\u0101m\u012bbu. 28 collu rite\u0146i nodro\u0161ina vienm\u0113r\u012bgu ripo\u0161anu, savuk\u0101rt alum\u012bnija r\u0101mis garant\u0113 iztur\u012bbu un ilgm\u016b\u017e\u012bbu. Velosip\u0113ds apr\u012bkots ar Shimano Nexus 7 [&hellip;]<\/p>\n","protected":false},"featured_media":38085,"template":"","meta":{"_monsterinsights_skip_tracking":false,"_monsterinsights_sitenote_active":false,"_monsterinsights_sitenote_note":"","_monsterinsights_sitenote_category":0,"_iconic_wsb_product_page_order_bump_ids":[[]],"_sku":[],"_iconic_wsb_product_page_bump_modal_ids":[[]]},"product_brand":[1160],"product_cat":[1833,1068,1127],"product_tag":[1832,212],"class_list":{"0":"post-38084","1":"product","2":"type-product","3":"status-publish","4":"has-post-thumbnail","6":"product_brand-bergamont","7":"product_cat-online","8":"product_cat-sieviesu-velosipedi","9":"product_cat-velosipedi","10":"product_tag-trekking","11":"product_tag-velosipedi","12":"product_shipping_class-pieauguso-velosipedi","13":"pa_materials-aluminija","14":"pa_ramja-izmers-uni","16":"first","17":"instock","18":"taxable","19":"shipping-taxable","20":"purchasable","21":"product-type-simple"},"yoast_head":"<!-- This site is optimized with the Yoast SEO plugin v27.2 - https:\/\/yoast.com\/product\/yoast-seo-wordpress\/ -->\n<title>Bergamont Summerville N7 St. Pauli 28\u201d - Velo Outlets<\/title>\n<meta name=\"description\" content=\"Bergamont Summerville N7 St. Pauli ir stil\u012bgs un komfortabls pils\u0113tas velosip\u0113ds ar klasisku dizainu, kas apvieno retro est\u0113tiku ar modern\u0101m tehnolo\u0123ij\u0101m.\" \/>\n<meta name=\"robots\" content=\"index, follow, max-snippet:-1, max-image-preview:large, max-video-preview:-1\" \/>\n<link rel=\"canonical\" href=\"https:\/\/velooutlets.com\/lt\/produktas\/bergamont-summerville-n7-st-pauli-28\/\" \/>\n<meta property=\"og:locale\" content=\"lt_LT\" \/>\n<meta property=\"og:type\" content=\"article\" \/>\n<meta property=\"og:title\" content=\"Bergamont Summerville N7 St. Pauli 28\u201d - Velo Outlets\" \/>\n<meta property=\"og:description\" content=\"Bergamont Summerville N7 St. Pauli ir stil\u012bgs un komfortabls pils\u0113tas velosip\u0113ds ar klasisku dizainu, kas apvieno retro est\u0113tiku ar modern\u0101m tehnolo\u0123ij\u0101m.\" \/>\n<meta property=\"og:url\" content=\"https:\/\/velooutlets.com\/lt\/produktas\/bergamont-summerville-n7-st-pauli-28\/\" \/>\n<meta property=\"og:site_name\" content=\"Velo Outlets\" \/>\n<meta property=\"article:modified_time\" content=\"2026-04-17T11:51:53+00:00\" \/>\n<meta property=\"og:image\" content=\"https:\/\/velooutlets.com\/wp-content\/uploads\/2026\/04\/Bergamont-Summerville-N7-St.-Pauli-28-pilsetas-velosipeds.jpg\" \/>\n\t<meta property=\"og:image:width\" content=\"1165\" \/>\n\t<meta property=\"og:image:height\" content=\"776\" \/>\n\t<meta property=\"og:image:type\" content=\"image\/jpeg\" \/>\n<meta name=\"twitter:card\" content=\"summary_large_image\" \/>\n<meta name=\"twitter:label1\" content=\"Est. reading time\" \/>\n\t<meta name=\"twitter:data1\" content=\"1 minut\u0117\" \/>\n<script type=\"application\/ld+json\" class=\"yoast-schema-graph\">{\"@context\":\"https:\/\/schema.org\",\"@graph\":[{\"@type\":\"WebPage\",\"@id\":\"https:\/\/velooutlets.com\/products\/bergamont-summerville-n7-st-pauli-28\/\",\"url\":\"https:\/\/velooutlets.com\/products\/bergamont-summerville-n7-st-pauli-28\/\",\"name\":\"Bergamont Summerville N7 St. Pauli 28\u201d - Velo Outlets\",\"isPartOf\":{\"@id\":\"https:\/\/velooutlets.com\/en\/#website\"},\"primaryImageOfPage\":{\"@id\":\"https:\/\/velooutlets.com\/products\/bergamont-summerville-n7-st-pauli-28\/#primaryimage\"},\"image\":{\"@id\":\"https:\/\/velooutlets.com\/products\/bergamont-summerville-n7-st-pauli-28\/#primaryimage\"},\"thumbnailUrl\":\"https:\/\/velooutlets.com\/wp-content\/uploads\/2026\/04\/Bergamont-Summerville-N7-St.-Pauli-28-pilsetas-velosipeds.jpg\",\"datePublished\":\"2026-04-14T13:28:30+00:00\",\"dateModified\":\"2026-04-17T11:51:53+00:00\",\"description\":\"Bergamont Summerville N7 St. Pauli ir stil\u012bgs un komfortabls pils\u0113tas velosip\u0113ds ar klasisku dizainu, kas apvieno retro est\u0113tiku ar modern\u0101m tehnolo\u0123ij\u0101m.\",\"breadcrumb\":{\"@id\":\"https:\/\/velooutlets.com\/products\/bergamont-summerville-n7-st-pauli-28\/#breadcrumb\"},\"inLanguage\":\"lt-LT\",\"potentialAction\":[{\"@type\":\"ReadAction\",\"target\":[\"https:\/\/velooutlets.com\/products\/bergamont-summerville-n7-st-pauli-28\/\"]}]},{\"@type\":\"ImageObject\",\"inLanguage\":\"lt-LT\",\"@id\":\"https:\/\/velooutlets.com\/products\/bergamont-summerville-n7-st-pauli-28\/#primaryimage\",\"url\":\"https:\/\/velooutlets.com\/wp-content\/uploads\/2026\/04\/Bergamont-Summerville-N7-St.-Pauli-28-pilsetas-velosipeds.jpg\",\"contentUrl\":\"https:\/\/velooutlets.com\/wp-content\/uploads\/2026\/04\/Bergamont-Summerville-N7-St.-Pauli-28-pilsetas-velosipeds.jpg\",\"width\":1165,\"height\":776},{\"@type\":\"BreadcrumbList\",\"@id\":\"https:\/\/velooutlets.com\/products\/bergamont-summerville-n7-st-pauli-28\/#breadcrumb\",\"itemListElement\":[{\"@type\":\"ListItem\",\"position\":1,\"name\":\"Home\",\"item\":\"https:\/\/velooutlets.com\/\"},{\"@type\":\"ListItem\",\"position\":2,\"name\":\"Veikals\",\"item\":\"https:\/\/velooutlets.com\/shop\/\"},{\"@type\":\"ListItem\",\"position\":3,\"name\":\"Bergamont Summerville N7 St. Pauli 28\u201d\"}]},{\"@type\":\"WebSite\",\"@id\":\"https:\/\/velooutlets.com\/en\/#website\",\"url\":\"https:\/\/velooutlets.com\/en\/\",\"name\":\"Velo Outlets\",\"description\":\"Velosip\u0113di visai \u0123imenei\",\"potentialAction\":[{\"@type\":\"SearchAction\",\"target\":{\"@type\":\"EntryPoint\",\"urlTemplate\":\"https:\/\/velooutlets.com\/en\/?s={search_term_string}\"},\"query-input\":{\"@type\":\"PropertyValueSpecification\",\"valueRequired\":true,\"valueName\":\"search_term_string\"}}],\"inLanguage\":\"lt-LT\"}]}<\/script>\n<!-- \/ Yoast SEO plugin. -->","yoast_head_json":{"title":"Bergamont Summerville N7 St. Pauli 28\u201d - Velo Outlets","description":"Bergamont Summerville N7 St. Pauli ir stil\u012bgs un komfortabls pils\u0113tas velosip\u0113ds ar klasisku dizainu, kas apvieno retro est\u0113tiku ar modern\u0101m tehnolo\u0123ij\u0101m.","robots":{"index":"index","follow":"follow","max-snippet":"max-snippet:-1","max-image-preview":"max-image-preview:large","max-video-preview":"max-video-preview:-1"},"canonical":"https:\/\/velooutlets.com\/lt\/produktas\/bergamont-summerville-n7-st-pauli-28\/","og_locale":"lt_LT","og_type":"article","og_title":"Bergamont Summerville N7 St. Pauli 28\u201d - Velo Outlets","og_description":"Bergamont Summerville N7 St. Pauli ir stil\u012bgs un komfortabls pils\u0113tas velosip\u0113ds ar klasisku dizainu, kas apvieno retro est\u0113tiku ar modern\u0101m tehnolo\u0123ij\u0101m.","og_url":"https:\/\/velooutlets.com\/lt\/produktas\/bergamont-summerville-n7-st-pauli-28\/","og_site_name":"Velo Outlets","article_modified_time":"2026-04-17T11:51:53+00:00","og_image":[{"width":1165,"height":776,"url":"https:\/\/velooutlets.com\/wp-content\/uploads\/2026\/04\/Bergamont-Summerville-N7-St.-Pauli-28-pilsetas-velosipeds.jpg","type":"image\/jpeg"}],"twitter_card":"summary_large_image","twitter_misc":{"Est. reading time":"1 minut\u0117"},"schema":{"@context":"https:\/\/schema.org","@graph":[{"@type":"WebPage","@id":"https:\/\/velooutlets.com\/products\/bergamont-summerville-n7-st-pauli-28\/","url":"https:\/\/velooutlets.com\/products\/bergamont-summerville-n7-st-pauli-28\/","name":"Bergamont Summerville N7 St. Pauli 28\u201d - Velo Outlets","isPartOf":{"@id":"https:\/\/velooutlets.com\/en\/#website"},"primaryImageOfPage":{"@id":"https:\/\/velooutlets.com\/products\/bergamont-summerville-n7-st-pauli-28\/#primaryimage"},"image":{"@id":"https:\/\/velooutlets.com\/products\/bergamont-summerville-n7-st-pauli-28\/#primaryimage"},"thumbnailUrl":"https:\/\/velooutlets.com\/wp-content\/uploads\/2026\/04\/Bergamont-Summerville-N7-St.-Pauli-28-pilsetas-velosipeds.jpg","datePublished":"2026-04-14T13:28:30+00:00","dateModified":"2026-04-17T11:51:53+00:00","description":"Bergamont Summerville N7 St. Pauli ir stil\u012bgs un komfortabls pils\u0113tas velosip\u0113ds ar klasisku dizainu, kas apvieno retro est\u0113tiku ar modern\u0101m tehnolo\u0123ij\u0101m.","breadcrumb":{"@id":"https:\/\/velooutlets.com\/products\/bergamont-summerville-n7-st-pauli-28\/#breadcrumb"},"inLanguage":"lt-LT","potentialAction":[{"@type":"ReadAction","target":["https:\/\/velooutlets.com\/products\/bergamont-summerville-n7-st-pauli-28\/"]}]},{"@type":"ImageObject","inLanguage":"lt-LT","@id":"https:\/\/velooutlets.com\/products\/bergamont-summerville-n7-st-pauli-28\/#primaryimage","url":"https:\/\/velooutlets.com\/wp-content\/uploads\/2026\/04\/Bergamont-Summerville-N7-St.-Pauli-28-pilsetas-velosipeds.jpg","contentUrl":"https:\/\/velooutlets.com\/wp-content\/uploads\/2026\/04\/Bergamont-Summerville-N7-St.-Pauli-28-pilsetas-velosipeds.jpg","width":1165,"height":776},{"@type":"BreadcrumbList","@id":"https:\/\/velooutlets.com\/products\/bergamont-summerville-n7-st-pauli-28\/#breadcrumb","itemListElement":[{"@type":"ListItem","position":1,"name":"Home","item":"https:\/\/velooutlets.com\/"},{"@type":"ListItem","position":2,"name":"Veikals","item":"https:\/\/velooutlets.com\/shop\/"},{"@type":"ListItem","position":3,"name":"Bergamont Summerville N7 St. Pauli 28\u201d"}]},{"@type":"WebSite","@id":"https:\/\/velooutlets.com\/en\/#website","url":"https:\/\/velooutlets.com\/en\/","name":"\"Velo Outlets","description":"Dvira\u010diai visai \u0161eimai","potentialAction":[{"@type":"SearchAction","target":{"@type":"EntryPoint","urlTemplate":"https:\/\/velooutlets.com\/en\/?s={search_term_string}"},"query-input":{"@type":"PropertyValueSpecification","valueRequired":true,"valueName":"search_term_string"}}],"inLanguage":"lt-LT"}]}},"jetpack_sharing_enabled":true,"_links":{"self":[{"href":"https:\/\/velooutlets.com\/lt\/wp-json\/wp\/v2\/product\/38084","targetHints":{"allow":["GET"]}}],"collection":[{"href":"https:\/\/velooutlets.com\/lt\/wp-json\/wp\/v2\/product"}],"about":[{"href":"https:\/\/velooutlets.com\/lt\/wp-json\/wp\/v2\/types\/product"}],"wp:featuredmedia":[{"embeddable":true,"href":"https:\/\/velooutlets.com\/lt\/wp-json\/wp\/v2\/media\/38085"}],"wp:attachment":[{"href":"https:\/\/velooutlets.com\/lt\/wp-json\/wp\/v2\/media?parent=38084"}],"wp:term":[{"taxonomy":"product_brand","embeddable":true,"href":"https:\/\/velooutlets.com\/lt\/wp-json\/wp\/v2\/product_brand?post=38084"},{"taxonomy":"product_cat","embeddable":true,"href":"https:\/\/velooutlets.com\/lt\/wp-json\/wp\/v2\/product_cat?post=38084"},{"taxonomy":"product_tag","embeddable":true,"href":"https:\/\/velooutlets.com\/lt\/wp-json\/wp\/v2\/product_tag?post=38084"}],"curies":[{"name":"wp","href":"https:\/\/api.w.org\/{rel}","templated":true}]}}