{"id":38232,"date":"2026-04-21T11:48:20","date_gmt":"2026-04-21T08:48:20","guid":{"rendered":"https:\/\/velooutlets.com\/?post_type=product&#038;p=38232"},"modified":"2026-04-21T11:59:56","modified_gmt":"2026-04-21T08:59:56","slug":"bergamont-vitess-50-amsterdam-brown","status":"publish","type":"product","link":"https:\/\/velooutlets.com\/lt\/produktas\/bergamont-vitess-50-amsterdam-brown\/","title":{"rendered":"Bergamont VITESS 50 AMSTERDAM Brown"},"content":{"rendered":"<p>Bergamont Vitess 50 Amsterdam ir komforta un ikdienas lieto\u0161anai paredz\u0113ts trekking \/ pils\u0113tas velosip\u0113ds, kas apvieno \u0113rtu s\u0113dpoz\u012bciju, pilnu apr\u012bkojumu un uzticamu Shimano komponentu komplektu. Tas ir veidots galvenok\u0101rt ikdienas braucieniem, ce\u013co\u0161anai un gar\u0101kiem mar\u0161rutiem pa asfaltu un labiem grants ce\u013ciem.<\/p>\n<p>R\u0101mis ir viegls AL-6061 alum\u012bnija \u201cAmsterdam\u201d tipa r\u0101mis ar \u013coti zemu p\u0101rk\u0101p\u0161anas augstumu, kas padara iek\u0101p\u0161anu un nok\u0101p\u0161anu \u012bpa\u0161i \u0113rtu. Tas ir paredz\u0113ts komfortablai, taisnai s\u0113dpoz\u012bcijai, kas samazina slodzi uz muguru un rok\u0101m, \u012bpa\u0161i gar\u0101kos braucienos vai pils\u0113t\u0101.<\/p>\n<p>Priek\u0161\u0101 ir Suntour NEX DS amortiz\u0101cijas dak\u0161a ar 63 mm g\u0101jienu, kas pal\u012bdz sl\u0101p\u0113t bedres un nel\u012bdzenumus uz ielas vai grants seguma. Papildu komfortu nodro\u0161ina ar\u012b amortiz\u0113jo\u0161\u0101 s\u0113dek\u013ca stute, kas samazina vibr\u0101cijas no ce\u013ca.<\/p>\n<p>Piedzi\u0146a ir Shimano 2\u00d78 sist\u0113ma (Altus\/Tourney l\u012bmenis) ar 46\/30T kla\u0146iem un 12\u201334T kaseti, kas nodro\u0161ina pietiekamu p\u0101rnesumu diapazonu gan pils\u0113tai, gan viegliem k\u0101pumiem. Bremz\u0113\u0161anu nodro\u0161ina Shimano MT200 hidraulisk\u0101s disku bremzes, kas ir uzticamas jebkuros laikapst\u0101k\u013cos.<\/p>\n<p>Rite\u0146i ir 28\u201d ar Schwalbe Energizer Active Plus riep\u0101m, kas ir iztur\u012bgas pret p\u0101rdur\u0161anu un apr\u012bkotas ar atstarojo\u0161\u0101m s\u0101nu josl\u0101m dro\u0161\u012bbai. Velosip\u0113ds jau r\u016bpn\u012bc\u0101 ir piln\u012bb\u0101 apr\u012bkots ar LED apgaismojumu priek\u0161\u0101 un aizmugur\u0113 (ar dinamo rumbu), bag\u0101\u017enieku, dub\u013cusargiem un stat\u012bvu.<\/p>\n<p>Kopum\u0101 Vitess 50 Amsterdam ir \u013coti praktisks \u201cviss vien\u0101\u201d velosip\u0113ds ikdienai un t\u016brisma braucieniem, kur komforts un dro\u0161\u012bba ir svar\u012bg\u0101ki par sportisku veiktsp\u0113ju.<\/p>\n<p>Specifikacija:<\/p>\n<p>R\u0101mis: AL-6061 \u201cAmsterdam\u201d, zems p\u0101rk\u0101p\u0161anas augstums<br \/>\nDak\u0161a: Suntour NEX DS, 63 mm<br \/>\nPiedzi\u0146a: Shimano 2\u00d78<br \/>\nBremzes: Shimano MT200 hidraulisk\u0101s disku bremzes<br \/>\nRite\u0146i: 28\u201d Syncros X2<br \/>\nRiepas: Schwalbe Energizer Active Plus (pret p\u0101rdur\u0161anu)<br \/>\nApgaismojums: LED priek\u0161\u0101\/aizmugur\u0113 ar dinamo rumbu<br \/>\nSvars: ~19.1 kg<br \/>\nMaks. sist\u0113mas svars: 120 kg<\/p>","protected":false},"excerpt":{"rendered":"<p>Bergamont Vitess 50 Amsterdam ir komforta un ikdienas lieto\u0161anai paredz\u0113ts trekking \/ pils\u0113tas velosip\u0113ds, kas apvieno \u0113rtu s\u0113dpoz\u012bciju, pilnu apr\u012bkojumu un uzticamu Shimano komponentu komplektu. Tas ir veidots galvenok\u0101rt ikdienas braucieniem, ce\u013co\u0161anai un gar\u0101kiem mar\u0161rutiem pa asfaltu un labiem grants ce\u013ciem. R\u0101mis ir viegls AL-6061 alum\u012bnija \u201cAmsterdam\u201d tipa r\u0101mis ar \u013coti zemu p\u0101rk\u0101p\u0161anas augstumu, kas [&hellip;]<\/p>\n","protected":false},"featured_media":38236,"template":"","meta":{"_monsterinsights_skip_tracking":false,"_monsterinsights_sitenote_active":false,"_monsterinsights_sitenote_note":"","_monsterinsights_sitenote_category":0,"_iconic_wsb_product_page_order_bump_ids":[],"_sku":[],"_iconic_wsb_product_page_bump_modal_ids":[]},"product_brand":[],"product_cat":[1833,1032,1127],"product_tag":[1832,212],"class_list":{"0":"post-38232","1":"product","2":"type-product","3":"status-publish","4":"has-post-thumbnail","6":"product_cat-online","7":"product_cat-pilsetas-velosipedi","8":"product_cat-velosipedi","9":"product_tag-trekking","10":"product_tag-velosipedi","11":"product_shipping_class-pieauguso-velosipedi","12":"pa_materials-aluminija","13":"pa_ramja-izmers-l","14":"pa_ramja-izmers-m","15":"pa_ramja-izmers-s","16":"pa_razosanas-gads-1253","18":"first","19":"instock","20":"sale","21":"taxable","22":"shipping-taxable","23":"purchasable","24":"product-type-variable","25":"wvs-archive-product-wrapper"},"yoast_head":"<!-- This site is optimized with the Yoast SEO plugin v27.2 - https:\/\/yoast.com\/product\/yoast-seo-wordpress\/ -->\n<title>Bergamont VITESS 50 AMSTERDAM Brown - Velo Outlets<\/title>\n<meta name=\"robots\" content=\"index, follow, max-snippet:-1, max-image-preview:large, max-video-preview:-1\" \/>\n<link rel=\"canonical\" href=\"https:\/\/velooutlets.com\/lt\/produktas\/bergamont-vitess-50-amsterdam-brown\/\" \/>\n<meta property=\"og:locale\" content=\"lt_LT\" \/>\n<meta property=\"og:type\" content=\"article\" \/>\n<meta property=\"og:title\" content=\"Bergamont VITESS 50 AMSTERDAM Brown - Velo Outlets\" \/>\n<meta property=\"og:description\" content=\"Bergamont Vitess 50 Amsterdam ir komforta un ikdienas lieto\u0161anai paredz\u0113ts trekking \/ pils\u0113tas velosip\u0113ds, kas apvieno \u0113rtu s\u0113dpoz\u012bciju, pilnu apr\u012bkojumu un uzticamu Shimano komponentu komplektu. Tas ir veidots galvenok\u0101rt ikdienas braucieniem, ce\u013co\u0161anai un gar\u0101kiem mar\u0161rutiem pa asfaltu un labiem grants ce\u013ciem. R\u0101mis ir viegls AL-6061 alum\u012bnija \u201cAmsterdam\u201d tipa r\u0101mis ar \u013coti zemu p\u0101rk\u0101p\u0161anas augstumu, kas [&hellip;]\" \/>\n<meta property=\"og:url\" content=\"https:\/\/velooutlets.com\/lt\/produktas\/bergamont-vitess-50-amsterdam-brown\/\" \/>\n<meta property=\"og:site_name\" content=\"Velo Outlets\" \/>\n<meta property=\"article:modified_time\" content=\"2026-04-21T08:59:56+00:00\" \/>\n<meta property=\"og:image\" content=\"https:\/\/velooutlets.com\/wp-content\/uploads\/2026\/04\/1000200933.jpg\" \/>\n\t<meta property=\"og:image:width\" content=\"551\" \/>\n\t<meta property=\"og:image:height\" content=\"414\" \/>\n\t<meta property=\"og:image:type\" content=\"image\/jpeg\" \/>\n<meta name=\"twitter:card\" content=\"summary_large_image\" \/>\n<meta name=\"twitter:label1\" content=\"Est. reading time\" \/>\n\t<meta name=\"twitter:data1\" content=\"2 minut\u0117s\" \/>\n<script type=\"application\/ld+json\" class=\"yoast-schema-graph\">{\"@context\":\"https:\/\/schema.org\",\"@graph\":[{\"@type\":\"WebPage\",\"@id\":\"https:\/\/velooutlets.com\/products\/bergamont-vitess-50-amsterdam-brown\/\",\"url\":\"https:\/\/velooutlets.com\/products\/bergamont-vitess-50-amsterdam-brown\/\",\"name\":\"Bergamont VITESS 50 AMSTERDAM Brown - Velo Outlets\",\"isPartOf\":{\"@id\":\"https:\/\/velooutlets.com\/en\/#website\"},\"primaryImageOfPage\":{\"@id\":\"https:\/\/velooutlets.com\/products\/bergamont-vitess-50-amsterdam-brown\/#primaryimage\"},\"image\":{\"@id\":\"https:\/\/velooutlets.com\/products\/bergamont-vitess-50-amsterdam-brown\/#primaryimage\"},\"thumbnailUrl\":\"https:\/\/velooutlets.com\/wp-content\/uploads\/2026\/04\/1000200933.jpg\",\"datePublished\":\"2026-04-21T08:48:20+00:00\",\"dateModified\":\"2026-04-21T08:59:56+00:00\",\"breadcrumb\":{\"@id\":\"https:\/\/velooutlets.com\/products\/bergamont-vitess-50-amsterdam-brown\/#breadcrumb\"},\"inLanguage\":\"lt-LT\",\"potentialAction\":[{\"@type\":\"ReadAction\",\"target\":[\"https:\/\/velooutlets.com\/products\/bergamont-vitess-50-amsterdam-brown\/\"]}]},{\"@type\":\"ImageObject\",\"inLanguage\":\"lt-LT\",\"@id\":\"https:\/\/velooutlets.com\/products\/bergamont-vitess-50-amsterdam-brown\/#primaryimage\",\"url\":\"https:\/\/velooutlets.com\/wp-content\/uploads\/2026\/04\/1000200933.jpg\",\"contentUrl\":\"https:\/\/velooutlets.com\/wp-content\/uploads\/2026\/04\/1000200933.jpg\",\"width\":551,\"height\":414},{\"@type\":\"BreadcrumbList\",\"@id\":\"https:\/\/velooutlets.com\/products\/bergamont-vitess-50-amsterdam-brown\/#breadcrumb\",\"itemListElement\":[{\"@type\":\"ListItem\",\"position\":1,\"name\":\"Home\",\"item\":\"https:\/\/velooutlets.com\/\"},{\"@type\":\"ListItem\",\"position\":2,\"name\":\"Veikals\",\"item\":\"https:\/\/velooutlets.com\/shop\/\"},{\"@type\":\"ListItem\",\"position\":3,\"name\":\"Bergamont VITESS 50 AMSTERDAM Brown\"}]},{\"@type\":\"WebSite\",\"@id\":\"https:\/\/velooutlets.com\/en\/#website\",\"url\":\"https:\/\/velooutlets.com\/en\/\",\"name\":\"Velo Outlets\",\"description\":\"Velosip\u0113di visai \u0123imenei\",\"potentialAction\":[{\"@type\":\"SearchAction\",\"target\":{\"@type\":\"EntryPoint\",\"urlTemplate\":\"https:\/\/velooutlets.com\/en\/?s={search_term_string}\"},\"query-input\":{\"@type\":\"PropertyValueSpecification\",\"valueRequired\":true,\"valueName\":\"search_term_string\"}}],\"inLanguage\":\"lt-LT\"}]}<\/script>\n<!-- \/ Yoast SEO plugin. -->","yoast_head_json":{"title":"Bergamont VITESS 50 AMSTERDAM Brown - Velo Outlets","robots":{"index":"index","follow":"follow","max-snippet":"max-snippet:-1","max-image-preview":"max-image-preview:large","max-video-preview":"max-video-preview:-1"},"canonical":"https:\/\/velooutlets.com\/lt\/produktas\/bergamont-vitess-50-amsterdam-brown\/","og_locale":"lt_LT","og_type":"article","og_title":"Bergamont VITESS 50 AMSTERDAM Brown - Velo Outlets","og_description":"Bergamont Vitess 50 Amsterdam ir komforta un ikdienas lieto\u0161anai paredz\u0113ts trekking \/ pils\u0113tas velosip\u0113ds, kas apvieno \u0113rtu s\u0113dpoz\u012bciju, pilnu apr\u012bkojumu un uzticamu Shimano komponentu komplektu. Tas ir veidots galvenok\u0101rt ikdienas braucieniem, ce\u013co\u0161anai un gar\u0101kiem mar\u0161rutiem pa asfaltu un labiem grants ce\u013ciem. R\u0101mis ir viegls AL-6061 alum\u012bnija \u201cAmsterdam\u201d tipa r\u0101mis ar \u013coti zemu p\u0101rk\u0101p\u0161anas augstumu, kas [&hellip;]","og_url":"https:\/\/velooutlets.com\/lt\/produktas\/bergamont-vitess-50-amsterdam-brown\/","og_site_name":"Velo Outlets","article_modified_time":"2026-04-21T08:59:56+00:00","og_image":[{"width":551,"height":414,"url":"https:\/\/velooutlets.com\/wp-content\/uploads\/2026\/04\/1000200933.jpg","type":"image\/jpeg"}],"twitter_card":"summary_large_image","twitter_misc":{"Est. reading time":"2 minut\u0117s"},"schema":{"@context":"https:\/\/schema.org","@graph":[{"@type":"WebPage","@id":"https:\/\/velooutlets.com\/products\/bergamont-vitess-50-amsterdam-brown\/","url":"https:\/\/velooutlets.com\/products\/bergamont-vitess-50-amsterdam-brown\/","name":"Bergamont VITESS 50 AMSTERDAM Brown - Velo Outlets","isPartOf":{"@id":"https:\/\/velooutlets.com\/en\/#website"},"primaryImageOfPage":{"@id":"https:\/\/velooutlets.com\/products\/bergamont-vitess-50-amsterdam-brown\/#primaryimage"},"image":{"@id":"https:\/\/velooutlets.com\/products\/bergamont-vitess-50-amsterdam-brown\/#primaryimage"},"thumbnailUrl":"https:\/\/velooutlets.com\/wp-content\/uploads\/2026\/04\/1000200933.jpg","datePublished":"2026-04-21T08:48:20+00:00","dateModified":"2026-04-21T08:59:56+00:00","breadcrumb":{"@id":"https:\/\/velooutlets.com\/products\/bergamont-vitess-50-amsterdam-brown\/#breadcrumb"},"inLanguage":"lt-LT","potentialAction":[{"@type":"ReadAction","target":["https:\/\/velooutlets.com\/products\/bergamont-vitess-50-amsterdam-brown\/"]}]},{"@type":"ImageObject","inLanguage":"lt-LT","@id":"https:\/\/velooutlets.com\/products\/bergamont-vitess-50-amsterdam-brown\/#primaryimage","url":"https:\/\/velooutlets.com\/wp-content\/uploads\/2026\/04\/1000200933.jpg","contentUrl":"https:\/\/velooutlets.com\/wp-content\/uploads\/2026\/04\/1000200933.jpg","width":551,"height":414},{"@type":"BreadcrumbList","@id":"https:\/\/velooutlets.com\/products\/bergamont-vitess-50-amsterdam-brown\/#breadcrumb","itemListElement":[{"@type":"ListItem","position":1,"name":"Home","item":"https:\/\/velooutlets.com\/"},{"@type":"ListItem","position":2,"name":"Veikals","item":"https:\/\/velooutlets.com\/shop\/"},{"@type":"ListItem","position":3,"name":"Bergamont VITESS 50 AMSTERDAM Brown"}]},{"@type":"WebSite","@id":"https:\/\/velooutlets.com\/en\/#website","url":"https:\/\/velooutlets.com\/en\/","name":"\"Velo Outlets","description":"Dvira\u010diai visai \u0161eimai","potentialAction":[{"@type":"SearchAction","target":{"@type":"EntryPoint","urlTemplate":"https:\/\/velooutlets.com\/en\/?s={search_term_string}"},"query-input":{"@type":"PropertyValueSpecification","valueRequired":true,"valueName":"search_term_string"}}],"inLanguage":"lt-LT"}]}},"jetpack_sharing_enabled":true,"_links":{"self":[{"href":"https:\/\/velooutlets.com\/lt\/wp-json\/wp\/v2\/product\/38232","targetHints":{"allow":["GET"]}}],"collection":[{"href":"https:\/\/velooutlets.com\/lt\/wp-json\/wp\/v2\/product"}],"about":[{"href":"https:\/\/velooutlets.com\/lt\/wp-json\/wp\/v2\/types\/product"}],"wp:featuredmedia":[{"embeddable":true,"href":"https:\/\/velooutlets.com\/lt\/wp-json\/wp\/v2\/media\/38236"}],"wp:attachment":[{"href":"https:\/\/velooutlets.com\/lt\/wp-json\/wp\/v2\/media?parent=38232"}],"wp:term":[{"taxonomy":"product_brand","embeddable":true,"href":"https:\/\/velooutlets.com\/lt\/wp-json\/wp\/v2\/product_brand?post=38232"},{"taxonomy":"product_cat","embeddable":true,"href":"https:\/\/velooutlets.com\/lt\/wp-json\/wp\/v2\/product_cat?post=38232"},{"taxonomy":"product_tag","embeddable":true,"href":"https:\/\/velooutlets.com\/lt\/wp-json\/wp\/v2\/product_tag?post=38232"}],"curies":[{"name":"wp","href":"https:\/\/api.w.org\/{rel}","templated":true}]}}