{"id":38307,"date":"2026-04-24T16:53:25","date_gmt":"2026-04-24T13:53:25","guid":{"rendered":"https:\/\/velooutlets.com\/?post_type=product&#038;p=38307"},"modified":"2026-04-24T17:01:04","modified_gmt":"2026-04-24T14:01:04","slug":"grundig-mtb-full-suspention-27-5","status":"publish","type":"product","link":"https:\/\/velooutlets.com\/lt\/produktas\/grundig-mtb-full-suspention-27-5\/","title":{"rendered":"Grundig MTB Full Suspention 27.5&#8243;"},"content":{"rendered":"<p data-start=\"0\" data-end=\"246\">Grundig MTB Full Suspension 27.5&#8243; ir jaud\u012bgs un univers\u0101ls elektro kalnu velosip\u0113ds, kas piem\u0113rots gan bezce\u013ciem, gan akt\u012bvai ikdienas brauk\u0161anai. Alum\u012bnija r\u0101mis kop\u0101 ar pilno amortiz\u0101ciju nodro\u0161ina komfortu un stabilit\u0101ti ar\u012b nel\u012bdzen\u0101 reljef\u0101.<\/p>\n<p data-start=\"248\" data-end=\"615\">Dviratis su \u012frengta <span class=\"hover:entity-accent entity-underline inline cursor-pointer align-baseline\"><span class=\"whitespace-normal\">Vinka<\/span><\/span> RH30 galinio rato variklis (250 W) u\u017etikrina skland\u0173 ir tyl\u0173 va\u017eiavim\u0105. Su 36 V 14 Ah akumuliatoriumi vienu \u012fkrovimu galima nuva\u017eiuoti iki ~80 km.<\/p>\n<p data-start=\"617\" data-end=\"918\">Pavar\u0173 sistema pagr\u012fsta <span class=\"hover:entity-accent entity-underline inline cursor-pointer align-baseline\"><span class=\"whitespace-normal\">\"Shimano\"<\/span><\/span> \"Altus\" komponentai, skirti paprastam ir tiksliam perjungimui. Priekinis amortizatorius SUNTOUR ir visa pakaba padeda amortizuoti sm\u016bgius, o \"Shimano\" hidrauliniai diskiniai stabd\u017eiai u\u017etikrina patikim\u0105 stabdym\u0105 \u012fvairiomis s\u0105lygomis.<\/p>\n<p data-start=\"925\" data-end=\"943\"><strong data-start=\"925\" data-end=\"943\">Specifikacija:<\/strong><\/p>\n<p data-start=\"945\" data-end=\"1340\">R\u0117mas: aliuminis<br data-start=\"961\" data-end=\"964\" \/>Rite\u0146u izm\u0113rs: 27.5&#8243;<br data-start=\"984\" data-end=\"987\" \/>Variklis: VINKA RH30 galin\u0117 stebul\u0117 (36 V, 250 W)<br data-start=\"1026\" data-end=\"1029\" \/>Akumuliatorius: 36V 14Ah (DT12+)<br data-start=\"1058\" data-end=\"1061\" \/>Ekranas: KEY-Display KD21C<br data-start=\"1088\" data-end=\"1091\" \/>Did\u017eiausias greitis: 25 km\/h<br data-start=\"1118\" data-end=\"1121\" \/>Did\u017eiausias nuotolis: iki 80 km<br data-start=\"1155\" data-end=\"1158\" \/>\u0160akut\u0117: SUNTOUR XCM-HLO-DS 27.5<br data-start=\"1188\" data-end=\"1191\" \/>Pavar\u0173 sistema: \"Shimano Altus<br data-start=\"1223\" data-end=\"1226\" \/>\"Shimano Altus\" b\u0117gi\u0173 perjungikliai<br data-start=\"1252\" data-end=\"1255\" \/>Kaset\u0117: Shimano<br data-start=\"1270\" data-end=\"1273\" \/>Stabd\u017eiai: Shimano MT200 hidrauliniai diskiniai<br data-start=\"1314\" data-end=\"1317\" \/>Riepas: CST 27.5&#8243; x 2.6<\/p>","protected":false},"excerpt":{"rendered":"<p>Grundig MTB Full Suspension 27.5&#8243; ir jaud\u012bgs un univers\u0101ls elektro kalnu velosip\u0113ds, kas piem\u0113rots gan bezce\u013ciem, gan akt\u012bvai ikdienas brauk\u0161anai. Alum\u012bnija r\u0101mis kop\u0101 ar pilno amortiz\u0101ciju nodro\u0161ina komfortu un stabilit\u0101ti ar\u012b nel\u012bdzen\u0101 reljef\u0101. Velosip\u0113ds apr\u012bkots ar Vinka RH30 aizmugur\u0113j\u0101 rata motoru (250W), kas sniedz vienm\u0113r\u012bgu un klusu atbalstu brauk\u0161anas laik\u0101. \u0160\u0101da tipa motors ir uzticams [&hellip;]<\/p>\n","protected":false},"featured_media":38308,"template":"","meta":{"_monsterinsights_skip_tracking":false,"_monsterinsights_sitenote_active":false,"_monsterinsights_sitenote_note":"","_monsterinsights_sitenote_category":0,"_iconic_wsb_product_page_order_bump_ids":[[]],"_sku":[],"_iconic_wsb_product_page_bump_modal_ids":[[]]},"product_brand":[1822],"product_cat":[963,1127],"product_tag":[1832,212],"class_list":{"0":"post-38307","1":"product","2":"type-product","3":"status-publish","4":"has-post-thumbnail","6":"product_brand-grundig","7":"product_cat-elektro-velosipedi","8":"product_cat-velosipedi","9":"product_tag-trekking","10":"product_tag-velosipedi","11":"product_shipping_class-elektro-velosipedi","13":"first","14":"instock","15":"taxable","16":"shipping-taxable","17":"purchasable","18":"product-type-simple"},"yoast_head":"<!-- This site is optimized with the Yoast SEO plugin v27.2 - https:\/\/yoast.com\/product\/yoast-seo-wordpress\/ -->\n<title>Grundig MTB Full Suspention 27.5&quot; - Velo Outlets<\/title>\n<meta name=\"description\" content=\"Bergamont Sweep 6 ir viegls un sportisks hibr\u012bda velosip\u0113ds, kas paredz\u0113ts \u0101trai un dinamiskai p\u0101rvieto\u0161anai pils\u0113t\u0101.\" \/>\n<meta name=\"robots\" content=\"index, follow, max-snippet:-1, max-image-preview:large, max-video-preview:-1\" \/>\n<link rel=\"canonical\" href=\"https:\/\/velooutlets.com\/lt\/produktas\/grundig-mtb-full-suspention-27-5\/\" \/>\n<meta property=\"og:locale\" content=\"lt_LT\" \/>\n<meta property=\"og:type\" content=\"article\" \/>\n<meta property=\"og:title\" content=\"Grundig MTB Full Suspention 27.5&quot; - Velo Outlets\" \/>\n<meta property=\"og:description\" content=\"Bergamont Sweep 6 ir viegls un sportisks hibr\u012bda velosip\u0113ds, kas paredz\u0113ts \u0101trai un dinamiskai p\u0101rvieto\u0161anai pils\u0113t\u0101.\" \/>\n<meta property=\"og:url\" content=\"https:\/\/velooutlets.com\/lt\/produktas\/grundig-mtb-full-suspention-27-5\/\" \/>\n<meta property=\"og:site_name\" content=\"Velo Outlets\" \/>\n<meta property=\"article:modified_time\" content=\"2026-04-24T14:01:04+00:00\" \/>\n<meta property=\"og:image\" content=\"https:\/\/velooutlets.com\/wp-content\/uploads\/2026\/04\/NBF08095.jpg\" \/>\n\t<meta property=\"og:image:width\" content=\"2048\" \/>\n\t<meta property=\"og:image:height\" content=\"1365\" \/>\n\t<meta property=\"og:image:type\" content=\"image\/jpeg\" \/>\n<meta name=\"twitter:card\" content=\"summary_large_image\" \/>\n<meta name=\"twitter:label1\" content=\"Est. reading time\" \/>\n\t<meta name=\"twitter:data1\" content=\"2 minut\u0117s\" \/>\n<script type=\"application\/ld+json\" class=\"yoast-schema-graph\">{\"@context\":\"https:\/\/schema.org\",\"@graph\":[{\"@type\":\"WebPage\",\"@id\":\"https:\/\/velooutlets.com\/products\/grundig-mtb-full-suspention-27-5\/\",\"url\":\"https:\/\/velooutlets.com\/products\/grundig-mtb-full-suspention-27-5\/\",\"name\":\"Grundig MTB Full Suspention 27.5\\\" - Velo Outlets\",\"isPartOf\":{\"@id\":\"https:\/\/velooutlets.com\/en\/#website\"},\"primaryImageOfPage\":{\"@id\":\"https:\/\/velooutlets.com\/products\/grundig-mtb-full-suspention-27-5\/#primaryimage\"},\"image\":{\"@id\":\"https:\/\/velooutlets.com\/products\/grundig-mtb-full-suspention-27-5\/#primaryimage\"},\"thumbnailUrl\":\"https:\/\/velooutlets.com\/wp-content\/uploads\/2026\/04\/NBF08095.jpg\",\"datePublished\":\"2026-04-24T13:53:25+00:00\",\"dateModified\":\"2026-04-24T14:01:04+00:00\",\"description\":\"Bergamont Sweep 6 ir viegls un sportisks hibr\u012bda velosip\u0113ds, kas paredz\u0113ts \u0101trai un dinamiskai p\u0101rvieto\u0161anai pils\u0113t\u0101.\",\"breadcrumb\":{\"@id\":\"https:\/\/velooutlets.com\/products\/grundig-mtb-full-suspention-27-5\/#breadcrumb\"},\"inLanguage\":\"lt-LT\",\"potentialAction\":[{\"@type\":\"ReadAction\",\"target\":[\"https:\/\/velooutlets.com\/products\/grundig-mtb-full-suspention-27-5\/\"]}]},{\"@type\":\"ImageObject\",\"inLanguage\":\"lt-LT\",\"@id\":\"https:\/\/velooutlets.com\/products\/grundig-mtb-full-suspention-27-5\/#primaryimage\",\"url\":\"https:\/\/velooutlets.com\/wp-content\/uploads\/2026\/04\/NBF08095.jpg\",\"contentUrl\":\"https:\/\/velooutlets.com\/wp-content\/uploads\/2026\/04\/NBF08095.jpg\",\"width\":2048,\"height\":1365},{\"@type\":\"BreadcrumbList\",\"@id\":\"https:\/\/velooutlets.com\/products\/grundig-mtb-full-suspention-27-5\/#breadcrumb\",\"itemListElement\":[{\"@type\":\"ListItem\",\"position\":1,\"name\":\"Home\",\"item\":\"https:\/\/velooutlets.com\/\"},{\"@type\":\"ListItem\",\"position\":2,\"name\":\"Veikals\",\"item\":\"https:\/\/velooutlets.com\/shop\/\"},{\"@type\":\"ListItem\",\"position\":3,\"name\":\"Grundig MTB Full Suspention 27.5&#8243;\"}]},{\"@type\":\"WebSite\",\"@id\":\"https:\/\/velooutlets.com\/en\/#website\",\"url\":\"https:\/\/velooutlets.com\/en\/\",\"name\":\"Velo Outlets\",\"description\":\"Velosip\u0113di visai \u0123imenei\",\"potentialAction\":[{\"@type\":\"SearchAction\",\"target\":{\"@type\":\"EntryPoint\",\"urlTemplate\":\"https:\/\/velooutlets.com\/en\/?s={search_term_string}\"},\"query-input\":{\"@type\":\"PropertyValueSpecification\",\"valueRequired\":true,\"valueName\":\"search_term_string\"}}],\"inLanguage\":\"lt-LT\"}]}<\/script>\n<!-- \/ Yoast SEO plugin. -->","yoast_head_json":{"title":"Grundig MTB Full Suspention 27.5\" - Velo Outlets","description":"Bergamont Sweep 6 ir viegls un sportisks hibr\u012bda velosip\u0113ds, kas paredz\u0113ts \u0101trai un dinamiskai p\u0101rvieto\u0161anai pils\u0113t\u0101.","robots":{"index":"index","follow":"follow","max-snippet":"max-snippet:-1","max-image-preview":"max-image-preview:large","max-video-preview":"max-video-preview:-1"},"canonical":"https:\/\/velooutlets.com\/lt\/produktas\/grundig-mtb-full-suspention-27-5\/","og_locale":"lt_LT","og_type":"article","og_title":"Grundig MTB Full Suspention 27.5\" - Velo Outlets","og_description":"Bergamont Sweep 6 ir viegls un sportisks hibr\u012bda velosip\u0113ds, kas paredz\u0113ts \u0101trai un dinamiskai p\u0101rvieto\u0161anai pils\u0113t\u0101.","og_url":"https:\/\/velooutlets.com\/lt\/produktas\/grundig-mtb-full-suspention-27-5\/","og_site_name":"Velo Outlets","article_modified_time":"2026-04-24T14:01:04+00:00","og_image":[{"width":2048,"height":1365,"url":"https:\/\/velooutlets.com\/wp-content\/uploads\/2026\/04\/NBF08095.jpg","type":"image\/jpeg"}],"twitter_card":"summary_large_image","twitter_misc":{"Est. reading time":"2 minut\u0117s"},"schema":{"@context":"https:\/\/schema.org","@graph":[{"@type":"WebPage","@id":"https:\/\/velooutlets.com\/products\/grundig-mtb-full-suspention-27-5\/","url":"https:\/\/velooutlets.com\/products\/grundig-mtb-full-suspention-27-5\/","name":"Grundig MTB Full Suspention 27.5\" - Velo Outlets","isPartOf":{"@id":"https:\/\/velooutlets.com\/en\/#website"},"primaryImageOfPage":{"@id":"https:\/\/velooutlets.com\/products\/grundig-mtb-full-suspention-27-5\/#primaryimage"},"image":{"@id":"https:\/\/velooutlets.com\/products\/grundig-mtb-full-suspention-27-5\/#primaryimage"},"thumbnailUrl":"https:\/\/velooutlets.com\/wp-content\/uploads\/2026\/04\/NBF08095.jpg","datePublished":"2026-04-24T13:53:25+00:00","dateModified":"2026-04-24T14:01:04+00:00","description":"Bergamont Sweep 6 ir viegls un sportisks hibr\u012bda velosip\u0113ds, kas paredz\u0113ts \u0101trai un dinamiskai p\u0101rvieto\u0161anai pils\u0113t\u0101.","breadcrumb":{"@id":"https:\/\/velooutlets.com\/products\/grundig-mtb-full-suspention-27-5\/#breadcrumb"},"inLanguage":"lt-LT","potentialAction":[{"@type":"ReadAction","target":["https:\/\/velooutlets.com\/products\/grundig-mtb-full-suspention-27-5\/"]}]},{"@type":"ImageObject","inLanguage":"lt-LT","@id":"https:\/\/velooutlets.com\/products\/grundig-mtb-full-suspention-27-5\/#primaryimage","url":"https:\/\/velooutlets.com\/wp-content\/uploads\/2026\/04\/NBF08095.jpg","contentUrl":"https:\/\/velooutlets.com\/wp-content\/uploads\/2026\/04\/NBF08095.jpg","width":2048,"height":1365},{"@type":"BreadcrumbList","@id":"https:\/\/velooutlets.com\/products\/grundig-mtb-full-suspention-27-5\/#breadcrumb","itemListElement":[{"@type":"ListItem","position":1,"name":"Home","item":"https:\/\/velooutlets.com\/"},{"@type":"ListItem","position":2,"name":"Veikals","item":"https:\/\/velooutlets.com\/shop\/"},{"@type":"ListItem","position":3,"name":"Grundig MTB Full Suspention 27.5&#8243;"}]},{"@type":"WebSite","@id":"https:\/\/velooutlets.com\/en\/#website","url":"https:\/\/velooutlets.com\/en\/","name":"\"Velo Outlets","description":"Dvira\u010diai visai \u0161eimai","potentialAction":[{"@type":"SearchAction","target":{"@type":"EntryPoint","urlTemplate":"https:\/\/velooutlets.com\/en\/?s={search_term_string}"},"query-input":{"@type":"PropertyValueSpecification","valueRequired":true,"valueName":"search_term_string"}}],"inLanguage":"lt-LT"}]}},"jetpack_sharing_enabled":true,"_links":{"self":[{"href":"https:\/\/velooutlets.com\/lt\/wp-json\/wp\/v2\/product\/38307","targetHints":{"allow":["GET"]}}],"collection":[{"href":"https:\/\/velooutlets.com\/lt\/wp-json\/wp\/v2\/product"}],"about":[{"href":"https:\/\/velooutlets.com\/lt\/wp-json\/wp\/v2\/types\/product"}],"wp:featuredmedia":[{"embeddable":true,"href":"https:\/\/velooutlets.com\/lt\/wp-json\/wp\/v2\/media\/38308"}],"wp:attachment":[{"href":"https:\/\/velooutlets.com\/lt\/wp-json\/wp\/v2\/media?parent=38307"}],"wp:term":[{"taxonomy":"product_brand","embeddable":true,"href":"https:\/\/velooutlets.com\/lt\/wp-json\/wp\/v2\/product_brand?post=38307"},{"taxonomy":"product_cat","embeddable":true,"href":"https:\/\/velooutlets.com\/lt\/wp-json\/wp\/v2\/product_cat?post=38307"},{"taxonomy":"product_tag","embeddable":true,"href":"https:\/\/velooutlets.com\/lt\/wp-json\/wp\/v2\/product_tag?post=38307"}],"curies":[{"name":"wp","href":"https:\/\/api.w.org\/{rel}","templated":true}]}}