{"id":38645,"date":"2026-05-11T17:48:33","date_gmt":"2026-05-11T14:48:33","guid":{"rendered":"https:\/\/velooutlets.com\/?post_type=product&#038;p=38645"},"modified":"2026-05-11T17:58:37","modified_gmt":"2026-05-11T14:58:37","slug":"polar-forester-pro","status":"publish","type":"product","link":"https:\/\/velooutlets.com\/lt\/produktas\/polar-forester-pro\/","title":{"rendered":"Polar Forester Pro"},"content":{"rendered":"<div class=\"qMYqUG_convSearchResultHighlightRoot\">\n<div class=\"relative w-full overflow-visible\">\n<section class=\"text-token-text-primary w-full focus:outline-none [--shadow-height:45px] has-data-writing-block:pointer-events-none has-data-writing-block:-mt-(--shadow-height) has-data-writing-block:pt-(--shadow-height) [&amp;:has([data-writing-block])&gt;*]:pointer-events-auto R6Vx5W_threadScrollVars scroll-mb-[calc(var(--scroll-root-safe-area-inset-bottom,0px)+var(--thread-response-height))] scroll-mt-(--header-height)\" dir=\"auto\" data-turn-id=\"09eeefbb-1337-4372-8066-24c54c008657\" data-turn-id-container=\"09eeefbb-1337-4372-8066-24c54c008657\" data-testid=\"conversation-turn-81\" data-scroll-anchor=\"false\" data-turn=\"user\">\n<div class=\"text-base my-auto mx-auto pt-12 [--thread-content-margin:var(--thread-content-margin-xs,calc(var(--spacing)*4))] @w-sm\/main:[--thread-content-margin:var(--thread-content-margin-sm,calc(var(--spacing)*6))] @w-lg\/main:[--thread-content-margin:var(--thread-content-margin-lg,calc(var(--spacing)*16))] px-(--thread-content-margin)\">\n<div class=\"[--thread-content-max-width:40rem] @w-lg\/main:[--thread-content-max-width:48rem] mx-auto max-w-(--thread-content-max-width) flex-1 group\/turn-messages focus-visible:outline-hidden relative flex w-full min-w-0 flex-col\">\n<div class=\"flex max-w-full flex-col gap-4 grow\">\n<div class=\"min-h-8 text-message relative flex w-full flex-col items-end gap-2 text-start break-words whitespace-normal outline-none keyboard-focused:focus-ring [.text-message+&amp;]:mt-1\" dir=\"auto\" data-message-author-role=\"user\" data-message-id=\"09eeefbb-1337-4372-8066-24c54c008657\">\n<div class=\"flex w-full flex-col gap-1 empty:hidden items-end rtl:items-start\">\n<div class=\"flex flex-col w-fit max-w-(--user-chat-width,70%) items-start self-end rtl:items-end rtl:self-start\">\n<div class=\"user-message-bubble-color corner-superellipse\/0.98 relative min-w-0 overflow-hidden rounded-[22px] px-4 py-2.5 leading-6 w-full\">\n<div class=\"A_HxFq_root\" data-custom-highlighting-behavior=\"boundary\" data-testid=\"collapsible-user-message-root\">\n<div id=\"_r_3k9_\" class=\"A_HxFq_content\" data-testid=\"collapsible-user-message-content\">\n<div class=\"max-w-full min-w-0 [overflow-wrap:anywhere] whitespace-pre-wrap\">\n<div class=\"qMYqUG_convSearchResultHighlightRoot\">\n<div class=\"relative w-full overflow-visible\">\n<section class=\"text-token-text-primary w-full focus:outline-none [--shadow-height:45px] has-data-writing-block:pointer-events-none has-data-writing-block:-mt-(--shadow-height) has-data-writing-block:pt-(--shadow-height) [&amp;:has([data-writing-block])&gt;*]:pointer-events-auto R6Vx5W_threadScrollVars scroll-mb-[calc(var(--scroll-root-safe-area-inset-bottom,0px)+var(--thread-response-height))] scroll-mt-(--header-height)\" dir=\"auto\" data-turn-id=\"09eeefbb-1337-4372-8066-24c54c008657\" data-turn-id-container=\"09eeefbb-1337-4372-8066-24c54c008657\" data-testid=\"conversation-turn-81\" data-scroll-anchor=\"false\" data-turn=\"user\">\n<div class=\"text-base my-auto mx-auto pt-12 [--thread-content-margin:var(--thread-content-margin-xs,calc(var(--spacing)*4))] @w-sm\/main:[--thread-content-margin:var(--thread-content-margin-sm,calc(var(--spacing)*6))] @w-lg\/main:[--thread-content-margin:var(--thread-content-margin-lg,calc(var(--spacing)*16))] px-(--thread-content-margin)\">\n<div class=\"[--thread-content-max-width:40rem] @w-lg\/main:[--thread-content-max-width:48rem] mx-auto max-w-(--thread-content-max-width) flex-1 group\/turn-messages focus-visible:outline-hidden relative flex w-full min-w-0 flex-col\">\n<div class=\"flex max-w-full flex-col gap-4 grow\">\n<div class=\"min-h-8 text-message relative flex w-full flex-col items-end gap-2 text-start break-words whitespace-normal outline-none keyboard-focused:focus-ring [.text-message+&amp;]:mt-1\" dir=\"auto\" data-message-author-role=\"user\" data-message-id=\"09eeefbb-1337-4372-8066-24c54c008657\">\n<div class=\"flex w-full flex-col gap-1 empty:hidden items-end rtl:items-start\">\n<div class=\"flex flex-col w-fit max-w-(--user-chat-width,70%) items-start self-end rtl:items-end rtl:self-start\">\n<div class=\"user-message-bubble-color corner-superellipse\/0.98 relative min-w-0 overflow-hidden rounded-[22px] px-4 py-2.5 leading-6 w-full\">\n<div class=\"A_HxFq_root\" data-custom-highlighting-behavior=\"boundary\" data-testid=\"collapsible-user-message-root\">\n<div id=\"_r_3k9_\" class=\"A_HxFq_content\" data-testid=\"collapsible-user-message-content\"><\/div>\n<\/div>\n<\/div>\n<\/div>\n<\/div>\n<\/div>\n<\/div>\n<\/div>\n<\/div>\n<\/section>\n<div class=\"contents\"><strong data-start=\"0\" data-end=\"54\">Polar Forester Pro<\/strong>\u00a0ir daudzpus\u012bgs hibr\u012bda\/trekinga velosip\u0113ds, kas apvieno kalnu velosip\u0113da stabilit\u0101ti ar pils\u0113tas velosip\u0113da komfortu un \u0101trumu. Tas paredz\u0113ts ikdienas brauk\u0161anai, gar\u0101kiem izbraucieniem un p\u0101rvieto\u0161anai gan pils\u0113t\u0101, gan \u0101rpus asfalta.<\/div>\n<\/div>\n<div class=\"relative w-full overflow-visible\">\n<section class=\"text-token-text-primary w-full focus:outline-none [--shadow-height:45px] has-data-writing-block:pointer-events-none has-data-writing-block:-mt-(--shadow-height) has-data-writing-block:pt-(--shadow-height) [&amp;:has([data-writing-block])&gt;*]:pointer-events-auto [content-visibility:auto] supports-[content-visibility:auto]:[contain-intrinsic-size:auto_100lvh] R6Vx5W_threadScrollVars scroll-mb-[calc(var(--scroll-root-safe-area-inset-bottom,0px)+var(--thread-response-height))] scroll-mt-[calc(var(--header-height)+min(200px,max(70px,20svh)))]\" dir=\"auto\" data-turn-id=\"0c4e9d7e-4987-4d02-a536-8d97ea338188\" data-turn-id-container=\"0c4e9d7e-4987-4d02-a536-8d97ea338188\" data-testid=\"conversation-turn-82\" data-scroll-anchor=\"false\" data-turn=\"assistant\">\n<div class=\"text-base my-auto mx-auto pb-10 [--thread-content-margin:var(--thread-content-margin-xs,calc(var(--spacing)*4))] @w-sm\/main:[--thread-content-margin:var(--thread-content-margin-sm,calc(var(--spacing)*6))] @w-lg\/main:[--thread-content-margin:var(--thread-content-margin-lg,calc(var(--spacing)*16))] px-(--thread-content-margin)\">\n<div class=\"[--thread-content-max-width:40rem] @w-lg\/main:[--thread-content-max-width:48rem] mx-auto max-w-(--thread-content-max-width) flex-1 group\/turn-messages focus-visible:outline-hidden relative flex w-full min-w-0 flex-col agent-turn\">\n<div class=\"flex max-w-full flex-col gap-4 grow\">\n<div class=\"min-h-8 text-message relative flex w-full flex-col items-end gap-2 text-start break-words whitespace-normal outline-none keyboard-focused:focus-ring [.text-message+&amp;]:mt-1\" dir=\"auto\" tabindex=\"0\" data-message-author-role=\"assistant\" data-message-id=\"0c4e9d7e-4987-4d02-a536-8d97ea338188\" data-turn-start-message=\"true\" data-message-model-slug=\"gpt-5-5\">\n<div class=\"flex w-full flex-col gap-1 empty:hidden\">\n<div class=\"markdown prose dark:prose-invert wrap-break-word w-full light markdown-new-styling\">\n<p data-start=\"291\" data-end=\"617\">Velosip\u0113ds veidots uz alum\u012bnija 6061 r\u0101mja ar iek\u0161\u0113jo kabe\u013cu vad\u012bbu, kas nodro\u0161ina t\u012br\u0101ku izskatu un pal\u012bdz pasarg\u0101t troses no net\u012brumiem. Priek\u0161\u0113j\u0101 amortiz\u0101cijas dak\u0161a ar blo\u0137\u0113\u0161anas funkciju (lockout) \u013cauj piel\u0101got velosip\u0113du da\u017e\u0101diem segumiem \u2013 komfortablai brauk\u0161anai pa grants ce\u013ciem vai efekt\u012bv\u0101kai brauk\u0161anai pa asfaltu.<\/p>\n<p data-start=\"619\" data-end=\"839\">Shimano Altus 3\u00d78 transmisija ar 11\u201330T kaseti nodro\u0161ina pla\u0161u p\u0101rnesumu diapazonu ikdienas brauk\u0161anai un k\u0101pumiem. Shimano MT201 hidraulisk\u0101s disku bremzes nodro\u0161ina uzticamu un prec\u012bzu bremz\u0113\u0161anu da\u017e\u0101dos laikapst\u0101k\u013cos.<\/p>\n<p data-start=\"841\" data-end=\"959\">28 collu rite\u0146i ar 700\u00d738C riep\u0101m nodro\u0161ina stabilu ripo\u0161anu un komfortu gan pils\u0113t\u0101, gan uz viegl\u0101kiem grants ce\u013ciem.<\/p>\n<p data-start=\"961\" data-end=\"1039\"><strong data-start=\"961\" data-end=\"979\">Specifik\u0101cija:<\/strong><br data-start=\"979\" data-end=\"982\" \/>Modelis: Forester Pro<br data-start=\"1003\" data-end=\"1006\" \/>Rite\u0146u izm\u0113rs: 700C (622 \/ 28\u2033)<\/p>\n<p data-start=\"1041\" data-end=\"1162\">R\u0101mis: Alum\u012bnija 6061, iek\u0161\u0113j\u0101 kabe\u013cu vad\u012bba<br data-start=\"1085\" data-end=\"1088\" \/>Dak\u0161a: Amortiz\u0101cijas Disc 700C ar lockout<br data-start=\"1129\" data-end=\"1132\" \/>St\u016bres gult\u0146i: 1-1\/8\u2033 A-Head<\/p>\n<p data-start=\"1164\" data-end=\"1481\">\u0100trumu skaits: 3\u00d78<br data-start=\"1182\" data-end=\"1185\" \/>Priek\u0161\u0113jais p\u0101rsl\u0113dz\u0113js: Shimano Altus FD-M310<br data-start=\"1231\" data-end=\"1234\" \/>Aizmugur\u0113jais p\u0101rsl\u0113dz\u0113js: Shimano Altus RD-M370 SGS<br data-start=\"1286\" data-end=\"1289\" \/>P\u0101rsl\u0113dz\u0113ji: Shimano Altus SL-M315 3\u00d78 RapidFire Plus<br data-start=\"1342\" data-end=\"1345\" \/>Kla\u0146i: Shimano FC-TY301, 48\/38\/28T, 170 mm<br data-start=\"1387\" data-end=\"1390\" \/>Kasete: Shimano CS-HG31-8, 11\u201330T<br data-start=\"1423\" data-end=\"1426\" \/>\u0136\u0113de: KMC Z8.1<br data-start=\"1440\" data-end=\"1443\" \/>K\u0101rbas mezgls (BB): Shimano BB-UN101<\/p>\n<p data-start=\"1483\" data-end=\"1532\">Bremzes: Shimano BL\/BR-MT201 hidraulisk\u0101s disku<\/p>\n<p data-start=\"1534\" data-end=\"1667\">Rati: 28\u2033 alum\u012bnija, dubult\u0101s sienas, 36H<br data-start=\"1575\" data-end=\"1578\" \/>Priek\u0161\u0113j\u0101 rumba: Shimano QR, 36H<br data-start=\"1610\" data-end=\"1613\" \/>Aizmugur\u0113j\u0101 rumba: Shimano QR, 36H<br data-start=\"1647\" data-end=\"1650\" \/>Riepas: 700\u00d738C<\/p>\n<p data-start=\"1669\" data-end=\"1782\">St\u016bre: Alum\u012bnija, 670 mm, 15 mm rise, 31.8 mm<br data-start=\"1714\" data-end=\"1717\" \/>Iznesums: Alum\u012bnija, regul\u0113jams, 105 mm<br data-start=\"1756\" data-end=\"1759\" \/>Rokturi: Hermans Ergo<\/p>\n<p data-start=\"1784\" data-end=\"1860\">S\u0113dek\u013ca stute: Alum\u012bnija, 30.9 \u00d7 350 mm<br data-start=\"1823\" data-end=\"1826\" \/>S\u0113deklis: Royal Rio Sport Unisex<\/p>\n<p data-start=\"1862\" data-end=\"1917\">Ped\u0101\u013ci: MTB alum\u012bnija<br data-start=\"1883\" data-end=\"1886\" \/>K\u0101ji\u0146a: Alum\u012bnija, regul\u0113jama<\/p>\n<p data-start=\"1919\" data-end=\"1946\">Papildapr\u012bkojums: Zvani\u0146\u0161<\/p>\n<p data-start=\"1948\" data-end=\"1974\" data-is-last-node=\"\" data-is-only-node=\"\">Svars: ~15.5 kg (L izm\u0113rs)<\/p>\n<\/div>\n<\/div>\n<\/div>\n<\/div>\n<\/div>\n<\/div>\n<\/section>\n<\/div>\n<\/div>\n<\/div>\n<\/div>\n<\/div>\n<\/div>\n<\/div>\n<\/div>\n<\/div>\n<\/div>\n<\/div>\n<\/div>\n<\/section>\n<\/div>\n<\/div>\n","protected":false},"excerpt":{"rendered":"<p>Polar Forester Pro\u00a0ir daudzpus\u012bgs hibr\u012bda\/trekinga velosip\u0113ds, kas apvieno kalnu velosip\u0113da stabilit\u0101ti ar pils\u0113tas velosip\u0113da komfortu un \u0101trumu. Tas paredz\u0113ts ikdienas brauk\u0161anai, gar\u0101kiem izbraucieniem un p\u0101rvieto\u0161anai gan pils\u0113t\u0101, gan \u0101rpus asfalta. Velosip\u0113ds veidots uz alum\u012bnija 6061 r\u0101mja ar iek\u0161\u0113jo kabe\u013cu vad\u012bbu, kas nodro\u0161ina t\u012br\u0101ku izskatu un pal\u012bdz pasarg\u0101t troses no net\u012brumiem. Priek\u0161\u0113j\u0101 amortiz\u0101cijas dak\u0161a ar blo\u0137\u0113\u0161anas [&hellip;]<\/p>\n","protected":false},"featured_media":38651,"template":"","meta":{"_monsterinsights_skip_tracking":false,"_monsterinsights_sitenote_active":false,"_monsterinsights_sitenote_note":"","_monsterinsights_sitenote_category":0,"_iconic_wsb_product_page_order_bump_ids":[[]],"_sku":[],"_iconic_wsb_product_page_bump_modal_ids":[[]]},"product_brand":[871],"product_cat":[1032,1127],"product_tag":[1525,850,843,212],"class_list":{"0":"post-38645","1":"product","2":"type-product","3":"status-publish","4":"has-post-thumbnail","6":"product_brand-polar","7":"product_cat-pilsetas-velosipedi","8":"product_cat-velosipedi","9":"product_tag-04_02_26","10":"product_tag-polar","11":"product_tag-pusaudzu-velosipedi","12":"product_tag-velosipedi","13":"product_shipping_class-pieauguso-velosipedi","14":"pa_ramja-izmers-l","15":"pa_ramja-izmers-xl","16":"pa_ramja-izmers-xxl","18":"first","19":"instock","20":"taxable","21":"shipping-taxable","22":"purchasable","23":"product-type-variable","24":"wvs-archive-product-wrapper"},"yoast_head":"<!-- This site is optimized with the Yoast SEO plugin v27.2 - https:\/\/yoast.com\/product\/yoast-seo-wordpress\/ -->\n<title>Polar Forester Pro - Velo Outlets<\/title>\n<meta name=\"robots\" content=\"index, follow, max-snippet:-1, max-image-preview:large, max-video-preview:-1\" \/>\n<link rel=\"canonical\" href=\"https:\/\/velooutlets.com\/lt\/produktas\/polar-forester-pro\/\" \/>\n<meta property=\"og:locale\" content=\"lt_LT\" \/>\n<meta property=\"og:type\" content=\"article\" \/>\n<meta property=\"og:title\" content=\"Polar Forester Pro - Velo Outlets\" \/>\n<meta property=\"og:description\" content=\"Polar Forester Pro\u00a0ir daudzpus\u012bgs hibr\u012bda\/trekinga velosip\u0113ds, kas apvieno kalnu velosip\u0113da stabilit\u0101ti ar pils\u0113tas velosip\u0113da komfortu un \u0101trumu. Tas paredz\u0113ts ikdienas brauk\u0161anai, gar\u0101kiem izbraucieniem un p\u0101rvieto\u0161anai gan pils\u0113t\u0101, gan \u0101rpus asfalta. Velosip\u0113ds veidots uz alum\u012bnija 6061 r\u0101mja ar iek\u0161\u0113jo kabe\u013cu vad\u012bbu, kas nodro\u0161ina t\u012br\u0101ku izskatu un pal\u012bdz pasarg\u0101t troses no net\u012brumiem. Priek\u0161\u0113j\u0101 amortiz\u0101cijas dak\u0161a ar blo\u0137\u0113\u0161anas [&hellip;]\" \/>\n<meta property=\"og:url\" content=\"https:\/\/velooutlets.com\/lt\/produktas\/polar-forester-pro\/\" \/>\n<meta property=\"og:site_name\" content=\"Velo Outlets\" \/>\n<meta property=\"article:modified_time\" content=\"2026-05-11T14:58:37+00:00\" \/>\n<meta property=\"og:image\" content=\"https:\/\/velooutlets.com\/wp-content\/uploads\/2026\/05\/1000203588.jpg\" \/>\n\t<meta property=\"og:image:width\" content=\"1613\" \/>\n\t<meta property=\"og:image:height\" content=\"1000\" \/>\n\t<meta property=\"og:image:type\" content=\"image\/jpeg\" \/>\n<meta name=\"twitter:card\" content=\"summary_large_image\" \/>\n<meta name=\"twitter:label1\" content=\"Est. reading time\" \/>\n\t<meta name=\"twitter:data1\" content=\"2 minut\u0117s\" \/>\n<script type=\"application\/ld+json\" class=\"yoast-schema-graph\">{\"@context\":\"https:\/\/schema.org\",\"@graph\":[{\"@type\":\"WebPage\",\"@id\":\"https:\/\/velooutlets.com\/products\/polar-forester-pro\/\",\"url\":\"https:\/\/velooutlets.com\/products\/polar-forester-pro\/\",\"name\":\"Polar Forester Pro - Velo Outlets\",\"isPartOf\":{\"@id\":\"https:\/\/velooutlets.com\/en\/#website\"},\"primaryImageOfPage\":{\"@id\":\"https:\/\/velooutlets.com\/products\/polar-forester-pro\/#primaryimage\"},\"image\":{\"@id\":\"https:\/\/velooutlets.com\/products\/polar-forester-pro\/#primaryimage\"},\"thumbnailUrl\":\"https:\/\/velooutlets.com\/wp-content\/uploads\/2026\/05\/1000203591.jpg\",\"datePublished\":\"2026-05-11T14:48:33+00:00\",\"dateModified\":\"2026-05-11T14:58:37+00:00\",\"breadcrumb\":{\"@id\":\"https:\/\/velooutlets.com\/products\/polar-forester-pro\/#breadcrumb\"},\"inLanguage\":\"lt-LT\",\"potentialAction\":[{\"@type\":\"ReadAction\",\"target\":[\"https:\/\/velooutlets.com\/products\/polar-forester-pro\/\"]}]},{\"@type\":\"ImageObject\",\"inLanguage\":\"lt-LT\",\"@id\":\"https:\/\/velooutlets.com\/products\/polar-forester-pro\/#primaryimage\",\"url\":\"https:\/\/velooutlets.com\/wp-content\/uploads\/2026\/05\/1000203591.jpg\",\"contentUrl\":\"https:\/\/velooutlets.com\/wp-content\/uploads\/2026\/05\/1000203591.jpg\",\"width\":1607,\"height\":1000},{\"@type\":\"BreadcrumbList\",\"@id\":\"https:\/\/velooutlets.com\/products\/polar-forester-pro\/#breadcrumb\",\"itemListElement\":[{\"@type\":\"ListItem\",\"position\":1,\"name\":\"Home\",\"item\":\"https:\/\/velooutlets.com\/\"},{\"@type\":\"ListItem\",\"position\":2,\"name\":\"Veikals\",\"item\":\"https:\/\/velooutlets.com\/shop\/\"},{\"@type\":\"ListItem\",\"position\":3,\"name\":\"Polar Forester Pro\"}]},{\"@type\":\"WebSite\",\"@id\":\"https:\/\/velooutlets.com\/en\/#website\",\"url\":\"https:\/\/velooutlets.com\/en\/\",\"name\":\"Velo Outlets\",\"description\":\"Velosip\u0113di visai \u0123imenei\",\"potentialAction\":[{\"@type\":\"SearchAction\",\"target\":{\"@type\":\"EntryPoint\",\"urlTemplate\":\"https:\/\/velooutlets.com\/en\/?s={search_term_string}\"},\"query-input\":{\"@type\":\"PropertyValueSpecification\",\"valueRequired\":true,\"valueName\":\"search_term_string\"}}],\"inLanguage\":\"lt-LT\"}]}<\/script>\n<!-- \/ Yoast SEO plugin. -->","yoast_head_json":{"title":"Polar Forester Pro - Velo Outlets","robots":{"index":"index","follow":"follow","max-snippet":"max-snippet:-1","max-image-preview":"max-image-preview:large","max-video-preview":"max-video-preview:-1"},"canonical":"https:\/\/velooutlets.com\/lt\/produktas\/polar-forester-pro\/","og_locale":"lt_LT","og_type":"article","og_title":"Polar Forester Pro - Velo Outlets","og_description":"Polar Forester Pro\u00a0ir daudzpus\u012bgs hibr\u012bda\/trekinga velosip\u0113ds, kas apvieno kalnu velosip\u0113da stabilit\u0101ti ar pils\u0113tas velosip\u0113da komfortu un \u0101trumu. Tas paredz\u0113ts ikdienas brauk\u0161anai, gar\u0101kiem izbraucieniem un p\u0101rvieto\u0161anai gan pils\u0113t\u0101, gan \u0101rpus asfalta. Velosip\u0113ds veidots uz alum\u012bnija 6061 r\u0101mja ar iek\u0161\u0113jo kabe\u013cu vad\u012bbu, kas nodro\u0161ina t\u012br\u0101ku izskatu un pal\u012bdz pasarg\u0101t troses no net\u012brumiem. Priek\u0161\u0113j\u0101 amortiz\u0101cijas dak\u0161a ar blo\u0137\u0113\u0161anas [&hellip;]","og_url":"https:\/\/velooutlets.com\/lt\/produktas\/polar-forester-pro\/","og_site_name":"Velo Outlets","article_modified_time":"2026-05-11T14:58:37+00:00","og_image":[{"width":1613,"height":1000,"url":"https:\/\/velooutlets.com\/wp-content\/uploads\/2026\/05\/1000203588.jpg","type":"image\/jpeg"}],"twitter_card":"summary_large_image","twitter_misc":{"Est. reading time":"2 minut\u0117s"},"schema":{"@context":"https:\/\/schema.org","@graph":[{"@type":"WebPage","@id":"https:\/\/velooutlets.com\/products\/polar-forester-pro\/","url":"https:\/\/velooutlets.com\/products\/polar-forester-pro\/","name":"Polar Forester Pro - Velo Outlets","isPartOf":{"@id":"https:\/\/velooutlets.com\/en\/#website"},"primaryImageOfPage":{"@id":"https:\/\/velooutlets.com\/products\/polar-forester-pro\/#primaryimage"},"image":{"@id":"https:\/\/velooutlets.com\/products\/polar-forester-pro\/#primaryimage"},"thumbnailUrl":"https:\/\/velooutlets.com\/wp-content\/uploads\/2026\/05\/1000203591.jpg","datePublished":"2026-05-11T14:48:33+00:00","dateModified":"2026-05-11T14:58:37+00:00","breadcrumb":{"@id":"https:\/\/velooutlets.com\/products\/polar-forester-pro\/#breadcrumb"},"inLanguage":"lt-LT","potentialAction":[{"@type":"ReadAction","target":["https:\/\/velooutlets.com\/products\/polar-forester-pro\/"]}]},{"@type":"ImageObject","inLanguage":"lt-LT","@id":"https:\/\/velooutlets.com\/products\/polar-forester-pro\/#primaryimage","url":"https:\/\/velooutlets.com\/wp-content\/uploads\/2026\/05\/1000203591.jpg","contentUrl":"https:\/\/velooutlets.com\/wp-content\/uploads\/2026\/05\/1000203591.jpg","width":1607,"height":1000},{"@type":"BreadcrumbList","@id":"https:\/\/velooutlets.com\/products\/polar-forester-pro\/#breadcrumb","itemListElement":[{"@type":"ListItem","position":1,"name":"Home","item":"https:\/\/velooutlets.com\/"},{"@type":"ListItem","position":2,"name":"Veikals","item":"https:\/\/velooutlets.com\/shop\/"},{"@type":"ListItem","position":3,"name":"Polar Forester Pro"}]},{"@type":"WebSite","@id":"https:\/\/velooutlets.com\/en\/#website","url":"https:\/\/velooutlets.com\/en\/","name":"\"Velo Outlets","description":"Dvira\u010diai visai \u0161eimai","potentialAction":[{"@type":"SearchAction","target":{"@type":"EntryPoint","urlTemplate":"https:\/\/velooutlets.com\/en\/?s={search_term_string}"},"query-input":{"@type":"PropertyValueSpecification","valueRequired":true,"valueName":"search_term_string"}}],"inLanguage":"lt-LT"}]}},"jetpack_sharing_enabled":true,"_links":{"self":[{"href":"https:\/\/velooutlets.com\/lt\/wp-json\/wp\/v2\/product\/38645","targetHints":{"allow":["GET"]}}],"collection":[{"href":"https:\/\/velooutlets.com\/lt\/wp-json\/wp\/v2\/product"}],"about":[{"href":"https:\/\/velooutlets.com\/lt\/wp-json\/wp\/v2\/types\/product"}],"wp:featuredmedia":[{"embeddable":true,"href":"https:\/\/velooutlets.com\/lt\/wp-json\/wp\/v2\/media\/38651"}],"wp:attachment":[{"href":"https:\/\/velooutlets.com\/lt\/wp-json\/wp\/v2\/media?parent=38645"}],"wp:term":[{"taxonomy":"product_brand","embeddable":true,"href":"https:\/\/velooutlets.com\/lt\/wp-json\/wp\/v2\/product_brand?post=38645"},{"taxonomy":"product_cat","embeddable":true,"href":"https:\/\/velooutlets.com\/lt\/wp-json\/wp\/v2\/product_cat?post=38645"},{"taxonomy":"product_tag","embeddable":true,"href":"https:\/\/velooutlets.com\/lt\/wp-json\/wp\/v2\/product_tag?post=38645"}],"curies":[{"name":"wp","href":"https:\/\/api.w.org\/{rel}","templated":true}]}}