{"id":9243,"date":"2025-10-03T11:40:42","date_gmt":"2025-10-03T11:40:42","guid":{"rendered":"https:\/\/staging.velooutlets.com\/product\/prophete-entdecker-et300-28-matt-green\/"},"modified":"2026-04-15T13:49:40","modified_gmt":"2026-04-15T10:49:40","slug":"prophete-entdecker-et300-28-matt-green","status":"publish","type":"product","link":"https:\/\/velooutlets.com\/lt\/produktas\/prophete-entdecker-et300-28-matt-green\/","title":{"rendered":"\"Prophete Entdecker eT300\" - 28\u2033 Matt Green"},"content":{"rendered":"<p>Naudotas dviratis<\/p>\n<p>\"Prophete Entdecker eT300\" yra 28 coli\u0173 elektrinis dviratis, puikiai tinkantis kasdieniam va\u017ein\u0117jimui mieste ir ilgesniems pasiva\u017ein\u0117jimams \u017evyrkeliais ir lengvesniais takais. Lengvas aliuminio r\u0117mas ir ergonomi\u0161kai pritaikytas vairas u\u017etikrina patog\u0173 ir stabil\u0173 va\u017eiavim\u0105, o reguliuojama \"Suntour NEX\" priekin\u0117 \u0161ak\u0117 pagerina komfort\u0105 va\u017eiuojant nelygiu pavir\u0161iumi. Elektrin\u0119 varom\u0105j\u0105 j\u0117g\u0105 u\u017etikrina \"AEG ComfortDrive V2\" vidurin\u0117s a\u0161ies variklis, kurio galia 250 W, o sukimo momentas - iki 70 Nm, tod\u0117l jis padeda minti pedalus iki 25 km\/val. grei\u010diu ir skland\u017eiai padeda va\u017eiuoti sta\u010diausiomis kelio atkarpomis.<\/p>\n<p>\"Prophete Entdecker eT300\" turi integruot\u0105 36 V, 15 Ah (540 Wh) li\u010dio jon\u0173 akumuliatori\u0173, kuris leid\u017eia nuva\u017eiuoti iki 150 km, priklausomai nuo vairuotojo svorio, vietov\u0117s ir va\u017eiavimo stiliaus. Va\u017eiavimo parametrus galima steb\u0117ti TFT arba LCD ekrane, kuriame pateikiama informacija apie greit\u012f, nuva\u017eiuot\u0105 atstum\u0105 ir akumuliatoriaus b\u016bkl\u0119. Dviratyje sumontuota 7-10 grei\u010di\u0173 pavar\u0173 sistema, hidrauliniai \"Shimano MT200\" diskiniai stabd\u017eiai, u\u017etikrinantys saug\u0173 stabdym\u0105, ir \"Continental DoubleFighter III\" padangos su apsauga nuo prad\u016brimo, u\u017etikrinan\u010dios stabilum\u0105 ir patikim\u0105 sukibim\u0105 \u012fvairiomis s\u0105lygomis.<\/p>\n<p>Patogum\u0105 u\u017etikrina \"Prophete\" s\u0117dyn\u0117 i\u0161 \"Memory Foam\" ir patentuota aliuminin\u0117 s\u0117dyn\u0117s atrama, galin\u0117 baga\u017ein\u0117 su krep\u0161i\u0173 tvirtinimo \u012ftaisais ir plastikiniai purvasaugiai, tod\u0117l dviratis tinka tiek \u012fprastiems pasiva\u017ein\u0117jimams, tiek ilgesn\u0117ms kelion\u0117ms. Dviratis \"Prophete Entdecker eT300\" sveria apie 27-28 kg, o did\u017eiausia apkrova - 150 kg, tod\u0117l tai yra patikimas ir universalus e. dviratis 165-190 cm \u016bgio dviratininkams.<\/p>","protected":false},"excerpt":{"rendered":"<p>Mazlietots velosip\u0113ds Prophete Entdecker eT300 ir 28 collu elektriskais trekking velosip\u0113ds, kas lieliski piem\u0113rots gan ikdienas p\u0101rvieto\u0161anai pils\u0113t\u0101, gan gar\u0101kiem izbraucieniem pa grants ce\u013ciem un viegl\u0101k\u0101m tak\u0101m. Ar vieglu alum\u012bnija r\u0101mi un ergonomiski piel\u0101gotu st\u016bri tas nodro\u0161ina \u0113rtu un stabilu brauk\u0161anu, savuk\u0101rt priek\u0161\u0113j\u0101 regul\u0113jam\u0101 Suntour NEX dak\u0161a uzlabo komfortu uz nel\u012bdzena seguma. Elektrisko piedzi\u0146u nodro\u0161ina [&hellip;]<\/p>\n","protected":false},"featured_media":10331,"template":"","meta":{"_monsterinsights_skip_tracking":false,"_monsterinsights_sitenote_active":false,"_monsterinsights_sitenote_note":"","_monsterinsights_sitenote_category":0,"_iconic_wsb_product_page_order_bump_ids":[[]],"_sku":[""],"_iconic_wsb_product_page_bump_modal_ids":[[]]},"product_brand":[1164],"product_cat":[963,1437,1127],"product_tag":[848,847,219,212],"class_list":{"0":"post-9243","1":"product","2":"type-product","3":"status-publish","4":"has-post-thumbnail","6":"product_brand-prophete","7":"product_cat-elektro-velosipedi","8":"product_cat-outlets","9":"product_cat-velosipedi","10":"product_tag-elektriskais-pilsetas-velosipeds","11":"product_tag-elektro-velosipedi","12":"product_tag-pilsetas-velosipedi","13":"product_tag-velosipedi","14":"product_shipping_class-elektro-velosipedi","15":"ts_product_brand-courier_only","17":"first","18":"instock","19":"sale","20":"taxable","21":"shipping-taxable","22":"purchasable","23":"product-type-simple"},"yoast_head":"<!-- This site is optimized with the Yoast SEO plugin v27.2 - https:\/\/yoast.com\/product\/yoast-seo-wordpress\/ -->\n<title>Prophete Entdecker eT300 \u2013 28&quot; Matt Green - Velo Outlets<\/title>\n<meta name=\"robots\" content=\"index, follow, max-snippet:-1, max-image-preview:large, max-video-preview:-1\" \/>\n<link rel=\"canonical\" href=\"https:\/\/velooutlets.com\/lt\/produktas\/prophete-entdecker-et300-28-matt-green\/\" \/>\n<meta property=\"og:locale\" content=\"lt_LT\" \/>\n<meta property=\"og:type\" content=\"article\" \/>\n<meta property=\"og:title\" content=\"Prophete Entdecker eT300 \u2013 28&quot; Matt Green - Velo Outlets\" \/>\n<meta property=\"og:description\" content=\"Mazlietots velosip\u0113ds Prophete Entdecker eT300 ir 28 collu elektriskais trekking velosip\u0113ds, kas lieliski piem\u0113rots gan ikdienas p\u0101rvieto\u0161anai pils\u0113t\u0101, gan gar\u0101kiem izbraucieniem pa grants ce\u013ciem un viegl\u0101k\u0101m tak\u0101m. Ar vieglu alum\u012bnija r\u0101mi un ergonomiski piel\u0101gotu st\u016bri tas nodro\u0161ina \u0113rtu un stabilu brauk\u0161anu, savuk\u0101rt priek\u0161\u0113j\u0101 regul\u0113jam\u0101 Suntour NEX dak\u0161a uzlabo komfortu uz nel\u012bdzena seguma. Elektrisko piedzi\u0146u nodro\u0161ina [&hellip;]\" \/>\n<meta property=\"og:url\" content=\"https:\/\/velooutlets.com\/lt\/produktas\/prophete-entdecker-et300-28-matt-green\/\" \/>\n<meta property=\"og:site_name\" content=\"Velo Outlets\" \/>\n<meta property=\"article:modified_time\" content=\"2026-04-15T10:49:40+00:00\" \/>\n<meta property=\"og:image\" content=\"https:\/\/velooutlets.com\/wp-content\/uploads\/2025\/10\/81Ah3-yq-BS._AC_SL1500.jpg\" \/>\n\t<meta property=\"og:image:width\" content=\"1500\" \/>\n\t<meta property=\"og:image:height\" content=\"909\" \/>\n\t<meta property=\"og:image:type\" content=\"image\/jpeg\" \/>\n<meta name=\"twitter:card\" content=\"summary_large_image\" \/>\n<meta name=\"twitter:label1\" content=\"Est. reading time\" \/>\n\t<meta name=\"twitter:data1\" content=\"2 minut\u0117s\" \/>\n<script type=\"application\/ld+json\" class=\"yoast-schema-graph\">{\"@context\":\"https:\/\/schema.org\",\"@graph\":[{\"@type\":\"WebPage\",\"@id\":\"https:\/\/velooutlets.com\/products\/prophete-entdecker-et300-28-matt-green\/\",\"url\":\"https:\/\/velooutlets.com\/products\/prophete-entdecker-et300-28-matt-green\/\",\"name\":\"Prophete Entdecker eT300 \u2013 28\\\" Matt Green - Velo Outlets\",\"isPartOf\":{\"@id\":\"https:\/\/velooutlets.com\/en\/#website\"},\"primaryImageOfPage\":{\"@id\":\"https:\/\/velooutlets.com\/products\/prophete-entdecker-et300-28-matt-green\/#primaryimage\"},\"image\":{\"@id\":\"https:\/\/velooutlets.com\/products\/prophete-entdecker-et300-28-matt-green\/#primaryimage\"},\"thumbnailUrl\":\"https:\/\/velooutlets.com\/wp-content\/uploads\/2025\/10\/81Ah3-yq-BS._AC_SL1500.jpg\",\"datePublished\":\"2025-10-03T11:40:42+00:00\",\"dateModified\":\"2026-04-15T10:49:40+00:00\",\"breadcrumb\":{\"@id\":\"https:\/\/velooutlets.com\/products\/prophete-entdecker-et300-28-matt-green\/#breadcrumb\"},\"inLanguage\":\"lt-LT\",\"potentialAction\":[{\"@type\":\"ReadAction\",\"target\":[\"https:\/\/velooutlets.com\/products\/prophete-entdecker-et300-28-matt-green\/\"]}]},{\"@type\":\"ImageObject\",\"inLanguage\":\"lt-LT\",\"@id\":\"https:\/\/velooutlets.com\/products\/prophete-entdecker-et300-28-matt-green\/#primaryimage\",\"url\":\"https:\/\/velooutlets.com\/wp-content\/uploads\/2025\/10\/81Ah3-yq-BS._AC_SL1500.jpg\",\"contentUrl\":\"https:\/\/velooutlets.com\/wp-content\/uploads\/2025\/10\/81Ah3-yq-BS._AC_SL1500.jpg\",\"width\":1500,\"height\":909},{\"@type\":\"BreadcrumbList\",\"@id\":\"https:\/\/velooutlets.com\/products\/prophete-entdecker-et300-28-matt-green\/#breadcrumb\",\"itemListElement\":[{\"@type\":\"ListItem\",\"position\":1,\"name\":\"Home\",\"item\":\"https:\/\/velooutlets.com\/\"},{\"@type\":\"ListItem\",\"position\":2,\"name\":\"Veikals\",\"item\":\"https:\/\/velooutlets.com\/shop\/\"},{\"@type\":\"ListItem\",\"position\":3,\"name\":\"Prophete Entdecker eT300 \u2013 28&#8243; Matt Green\"}]},{\"@type\":\"WebSite\",\"@id\":\"https:\/\/velooutlets.com\/en\/#website\",\"url\":\"https:\/\/velooutlets.com\/en\/\",\"name\":\"Velo Outlets\",\"description\":\"Velosip\u0113di visai \u0123imenei\",\"potentialAction\":[{\"@type\":\"SearchAction\",\"target\":{\"@type\":\"EntryPoint\",\"urlTemplate\":\"https:\/\/velooutlets.com\/en\/?s={search_term_string}\"},\"query-input\":{\"@type\":\"PropertyValueSpecification\",\"valueRequired\":true,\"valueName\":\"search_term_string\"}}],\"inLanguage\":\"lt-LT\"}]}<\/script>\n<!-- \/ Yoast SEO plugin. -->","yoast_head_json":{"title":"Prophete Entdecker eT300 \u2013 28\" Matt Green - Velo Outlets","robots":{"index":"index","follow":"follow","max-snippet":"max-snippet:-1","max-image-preview":"max-image-preview:large","max-video-preview":"max-video-preview:-1"},"canonical":"https:\/\/velooutlets.com\/lt\/produktas\/prophete-entdecker-et300-28-matt-green\/","og_locale":"lt_LT","og_type":"article","og_title":"Prophete Entdecker eT300 \u2013 28\" Matt Green - Velo Outlets","og_description":"Mazlietots velosip\u0113ds Prophete Entdecker eT300 ir 28 collu elektriskais trekking velosip\u0113ds, kas lieliski piem\u0113rots gan ikdienas p\u0101rvieto\u0161anai pils\u0113t\u0101, gan gar\u0101kiem izbraucieniem pa grants ce\u013ciem un viegl\u0101k\u0101m tak\u0101m. Ar vieglu alum\u012bnija r\u0101mi un ergonomiski piel\u0101gotu st\u016bri tas nodro\u0161ina \u0113rtu un stabilu brauk\u0161anu, savuk\u0101rt priek\u0161\u0113j\u0101 regul\u0113jam\u0101 Suntour NEX dak\u0161a uzlabo komfortu uz nel\u012bdzena seguma. Elektrisko piedzi\u0146u nodro\u0161ina [&hellip;]","og_url":"https:\/\/velooutlets.com\/lt\/produktas\/prophete-entdecker-et300-28-matt-green\/","og_site_name":"Velo Outlets","article_modified_time":"2026-04-15T10:49:40+00:00","og_image":[{"width":1500,"height":909,"url":"https:\/\/velooutlets.com\/wp-content\/uploads\/2025\/10\/81Ah3-yq-BS._AC_SL1500.jpg","type":"image\/jpeg"}],"twitter_card":"summary_large_image","twitter_misc":{"Est. reading time":"2 minut\u0117s"},"schema":{"@context":"https:\/\/schema.org","@graph":[{"@type":"WebPage","@id":"https:\/\/velooutlets.com\/products\/prophete-entdecker-et300-28-matt-green\/","url":"https:\/\/velooutlets.com\/products\/prophete-entdecker-et300-28-matt-green\/","name":"Prophete Entdecker eT300 \u2013 28\" Matt Green - Velo Outlets","isPartOf":{"@id":"https:\/\/velooutlets.com\/en\/#website"},"primaryImageOfPage":{"@id":"https:\/\/velooutlets.com\/products\/prophete-entdecker-et300-28-matt-green\/#primaryimage"},"image":{"@id":"https:\/\/velooutlets.com\/products\/prophete-entdecker-et300-28-matt-green\/#primaryimage"},"thumbnailUrl":"https:\/\/velooutlets.com\/wp-content\/uploads\/2025\/10\/81Ah3-yq-BS._AC_SL1500.jpg","datePublished":"2025-10-03T11:40:42+00:00","dateModified":"2026-04-15T10:49:40+00:00","breadcrumb":{"@id":"https:\/\/velooutlets.com\/products\/prophete-entdecker-et300-28-matt-green\/#breadcrumb"},"inLanguage":"lt-LT","potentialAction":[{"@type":"ReadAction","target":["https:\/\/velooutlets.com\/products\/prophete-entdecker-et300-28-matt-green\/"]}]},{"@type":"ImageObject","inLanguage":"lt-LT","@id":"https:\/\/velooutlets.com\/products\/prophete-entdecker-et300-28-matt-green\/#primaryimage","url":"https:\/\/velooutlets.com\/wp-content\/uploads\/2025\/10\/81Ah3-yq-BS._AC_SL1500.jpg","contentUrl":"https:\/\/velooutlets.com\/wp-content\/uploads\/2025\/10\/81Ah3-yq-BS._AC_SL1500.jpg","width":1500,"height":909},{"@type":"BreadcrumbList","@id":"https:\/\/velooutlets.com\/products\/prophete-entdecker-et300-28-matt-green\/#breadcrumb","itemListElement":[{"@type":"ListItem","position":1,"name":"Home","item":"https:\/\/velooutlets.com\/"},{"@type":"ListItem","position":2,"name":"Veikals","item":"https:\/\/velooutlets.com\/shop\/"},{"@type":"ListItem","position":3,"name":"Prophete Entdecker eT300 \u2013 28&#8243; Matt Green"}]},{"@type":"WebSite","@id":"https:\/\/velooutlets.com\/en\/#website","url":"https:\/\/velooutlets.com\/en\/","name":"\"Velo Outlets","description":"Dvira\u010diai visai \u0161eimai","potentialAction":[{"@type":"SearchAction","target":{"@type":"EntryPoint","urlTemplate":"https:\/\/velooutlets.com\/en\/?s={search_term_string}"},"query-input":{"@type":"PropertyValueSpecification","valueRequired":true,"valueName":"search_term_string"}}],"inLanguage":"lt-LT"}]}},"jetpack_sharing_enabled":true,"_links":{"self":[{"href":"https:\/\/velooutlets.com\/lt\/wp-json\/wp\/v2\/product\/9243","targetHints":{"allow":["GET"]}}],"collection":[{"href":"https:\/\/velooutlets.com\/lt\/wp-json\/wp\/v2\/product"}],"about":[{"href":"https:\/\/velooutlets.com\/lt\/wp-json\/wp\/v2\/types\/product"}],"wp:featuredmedia":[{"embeddable":true,"href":"https:\/\/velooutlets.com\/lt\/wp-json\/wp\/v2\/media\/10331"}],"wp:attachment":[{"href":"https:\/\/velooutlets.com\/lt\/wp-json\/wp\/v2\/media?parent=9243"}],"wp:term":[{"taxonomy":"product_brand","embeddable":true,"href":"https:\/\/velooutlets.com\/lt\/wp-json\/wp\/v2\/product_brand?post=9243"},{"taxonomy":"product_cat","embeddable":true,"href":"https:\/\/velooutlets.com\/lt\/wp-json\/wp\/v2\/product_cat?post=9243"},{"taxonomy":"product_tag","embeddable":true,"href":"https:\/\/velooutlets.com\/lt\/wp-json\/wp\/v2\/product_tag?post=9243"}],"curies":[{"name":"wp","href":"https:\/\/api.w.org\/{rel}","templated":true}]}}