{"id":9258,"date":"2025-10-03T11:41:00","date_gmt":"2025-10-03T11:41:00","guid":{"rendered":"https:\/\/staging.velooutlets.com\/product\/reid-lets-fold-20\/"},"modified":"2026-04-16T14:39:00","modified_gmt":"2026-04-16T11:39:00","slug":"reid-lets-fold-20","status":"publish","type":"product","link":"https:\/\/velooutlets.com\/lt\/produktas\/reid-lets-fold-20\/","title":{"rendered":"REID Lets Fold - 20\u2033"},"content":{"rendered":"<p>\"Reid Lets Fold\" yra prakti\u0161kas ir kompakti\u0161kas sulankstomas miesto elektrinis dviratis, ypa\u010d tinkamas tiems, kurie vertina lengv\u0105 jud\u0117jim\u0105 ir paprast\u0105 laikym\u0105. Jo 20 coli\u0173 ratai su 20\u00d72,3 padangomis u\u017etikrina stabil\u0173 ir saug\u0173 va\u017eiavim\u0105 miesto gatv\u0117mis, o tvirta plienin\u0117 \u0161ak\u0117 garantuoja patikim\u0105 valdym\u0105 kasdien\u0117mis s\u0105lygomis.<\/p>\n<p>Dviratis turi 250 W galin\u012f stebul\u0117s varikl\u012f ir 375 Wh integruot\u0105 akumuliatori\u0173, tod\u0117l juo galima patogiai va\u017ein\u0117ti kasdien ir su pedal\u0173 pagalba pasiekti iki 25 km\/val. greit\u012f. Su \"Shimano Tourney\" 7 pavar\u0173 sistema lengva reguliuoti temp\u0105 \u012fvairiose vietov\u0117se, o patikimi aliumininiai V formos stabd\u017eiai u\u017etikrina saug\u0173 stabdym\u0105.<\/p>\n<p>\"Reid Lets Fold\" patogum\u0105 papildo \"Reid City Comfort\" s\u0117dyn\u0117 ir ergonomi\u0161kas aliumininis vairas, tod\u0117l kelion\u0117s bus patogios net ir ilgesn\u0117se kelion\u0117se. D\u0117l sulankstomo r\u0117mo ve\u017eim\u0117l\u012f lengva transportuoti ir laikyti, tod\u0117l jis idealiai tinka kelion\u0117ms mieste, vie\u0161uoju transportu ar ma\u017eose erdv\u0117se.<\/p>","protected":false},"excerpt":{"rendered":"<p>Reid Lets Fold ir praktisks un kompakts saliekamais pils\u0113tas elektriskais velosip\u0113ds, kas \u012bpa\u0161i piem\u0113rots brauc\u0113jiem, kuri nov\u0113rt\u0113 \u0113rtu p\u0101rvieto\u0161anos un vienk\u0101r\u0161u uzglab\u0101\u0161anu. T\u0101 20 collu rite\u0146i ar 20&#215;2.3 izm\u0113ra riep\u0101m nodro\u0161ina stabilu un dro\u0161u brauk\u0161anu pils\u0113tas iel\u0101s, savuk\u0101rt tvirta t\u0113rauda dak\u0161a garant\u0113 uzticamu vad\u0101m\u012bbu ikdienas apst\u0101k\u013cos. Velosip\u0113ds apr\u012bkots ar 250 W aizmugur\u0113jo hub motoru un [&hellip;]<\/p>\n","protected":false},"featured_media":10382,"template":"","meta":{"_monsterinsights_skip_tracking":false,"_monsterinsights_sitenote_active":false,"_monsterinsights_sitenote_note":"","_monsterinsights_sitenote_category":0,"_iconic_wsb_product_page_order_bump_ids":[[]],"_sku":[""],"_iconic_wsb_product_page_bump_modal_ids":[[]]},"product_brand":[1442],"product_cat":[963,1127],"product_tag":[848,847,212],"class_list":{"0":"post-9258","1":"product","2":"type-product","3":"status-publish","4":"has-post-thumbnail","6":"product_brand-reid","7":"product_cat-elektro-velosipedi","8":"product_cat-velosipedi","9":"product_tag-elektriskais-pilsetas-velosipeds","10":"product_tag-elektro-velosipedi","11":"product_tag-velosipedi","12":"product_shipping_class-elektro-velosipedi","13":"pa_ramja-izmers-uni","14":"ts_product_brand-courier_only","16":"first","17":"instock","18":"sale","19":"taxable","20":"shipping-taxable","21":"purchasable","22":"product-type-simple"},"yoast_head":"<!-- This site is optimized with the Yoast SEO plugin v27.2 - https:\/\/yoast.com\/product\/yoast-seo-wordpress\/ -->\n<title>REID Lets Fold \u2013 20&quot; - Velo Outlets<\/title>\n<meta name=\"robots\" content=\"index, follow, max-snippet:-1, max-image-preview:large, max-video-preview:-1\" \/>\n<link rel=\"canonical\" href=\"https:\/\/velooutlets.com\/lt\/produktas\/reid-lets-fold-20\/\" \/>\n<meta property=\"og:locale\" content=\"lt_LT\" \/>\n<meta property=\"og:type\" content=\"article\" \/>\n<meta property=\"og:title\" content=\"REID Lets Fold \u2013 20&quot; - Velo Outlets\" \/>\n<meta property=\"og:description\" content=\"Reid Lets Fold ir praktisks un kompakts saliekamais pils\u0113tas elektriskais velosip\u0113ds, kas \u012bpa\u0161i piem\u0113rots brauc\u0113jiem, kuri nov\u0113rt\u0113 \u0113rtu p\u0101rvieto\u0161anos un vienk\u0101r\u0161u uzglab\u0101\u0161anu. T\u0101 20 collu rite\u0146i ar 20&#215;2.3 izm\u0113ra riep\u0101m nodro\u0161ina stabilu un dro\u0161u brauk\u0161anu pils\u0113tas iel\u0101s, savuk\u0101rt tvirta t\u0113rauda dak\u0161a garant\u0113 uzticamu vad\u0101m\u012bbu ikdienas apst\u0101k\u013cos. Velosip\u0113ds apr\u012bkots ar 250 W aizmugur\u0113jo hub motoru un [&hellip;]\" \/>\n<meta property=\"og:url\" content=\"https:\/\/velooutlets.com\/lt\/produktas\/reid-lets-fold-20\/\" \/>\n<meta property=\"og:site_name\" content=\"Velo Outlets\" \/>\n<meta property=\"article:modified_time\" content=\"2026-04-16T11:39:00+00:00\" \/>\n<meta property=\"og:image\" content=\"https:\/\/velooutlets.com\/wp-content\/uploads\/2025\/10\/1247152520HE-scaled.jpg\" \/>\n\t<meta property=\"og:image:width\" content=\"2560\" \/>\n\t<meta property=\"og:image:height\" content=\"1672\" \/>\n\t<meta property=\"og:image:type\" content=\"image\/jpeg\" \/>\n<meta name=\"twitter:card\" content=\"summary_large_image\" \/>\n<meta name=\"twitter:label1\" content=\"Est. reading time\" \/>\n\t<meta name=\"twitter:data1\" content=\"1 minut\u0117\" \/>\n<script type=\"application\/ld+json\" class=\"yoast-schema-graph\">{\"@context\":\"https:\/\/schema.org\",\"@graph\":[{\"@type\":\"WebPage\",\"@id\":\"https:\/\/velooutlets.com\/products\/reid-lets-fold-20\/\",\"url\":\"https:\/\/velooutlets.com\/products\/reid-lets-fold-20\/\",\"name\":\"REID Lets Fold \u2013 20\\\" - Velo Outlets\",\"isPartOf\":{\"@id\":\"https:\/\/velooutlets.com\/en\/#website\"},\"primaryImageOfPage\":{\"@id\":\"https:\/\/velooutlets.com\/products\/reid-lets-fold-20\/#primaryimage\"},\"image\":{\"@id\":\"https:\/\/velooutlets.com\/products\/reid-lets-fold-20\/#primaryimage\"},\"thumbnailUrl\":\"https:\/\/velooutlets.com\/wp-content\/uploads\/2025\/10\/1247152520HE-scaled.jpg\",\"datePublished\":\"2025-10-03T11:41:00+00:00\",\"dateModified\":\"2026-04-16T11:39:00+00:00\",\"breadcrumb\":{\"@id\":\"https:\/\/velooutlets.com\/products\/reid-lets-fold-20\/#breadcrumb\"},\"inLanguage\":\"lt-LT\",\"potentialAction\":[{\"@type\":\"ReadAction\",\"target\":[\"https:\/\/velooutlets.com\/products\/reid-lets-fold-20\/\"]}]},{\"@type\":\"ImageObject\",\"inLanguage\":\"lt-LT\",\"@id\":\"https:\/\/velooutlets.com\/products\/reid-lets-fold-20\/#primaryimage\",\"url\":\"https:\/\/velooutlets.com\/wp-content\/uploads\/2025\/10\/1247152520HE-scaled.jpg\",\"contentUrl\":\"https:\/\/velooutlets.com\/wp-content\/uploads\/2025\/10\/1247152520HE-scaled.jpg\",\"width\":2560,\"height\":1672},{\"@type\":\"BreadcrumbList\",\"@id\":\"https:\/\/velooutlets.com\/products\/reid-lets-fold-20\/#breadcrumb\",\"itemListElement\":[{\"@type\":\"ListItem\",\"position\":1,\"name\":\"Home\",\"item\":\"https:\/\/velooutlets.com\/\"},{\"@type\":\"ListItem\",\"position\":2,\"name\":\"Veikals\",\"item\":\"https:\/\/velooutlets.com\/shop\/\"},{\"@type\":\"ListItem\",\"position\":3,\"name\":\"REID Lets Fold \u2013 20&#8243;\"}]},{\"@type\":\"WebSite\",\"@id\":\"https:\/\/velooutlets.com\/en\/#website\",\"url\":\"https:\/\/velooutlets.com\/en\/\",\"name\":\"Velo Outlets\",\"description\":\"Velosip\u0113di visai \u0123imenei\",\"potentialAction\":[{\"@type\":\"SearchAction\",\"target\":{\"@type\":\"EntryPoint\",\"urlTemplate\":\"https:\/\/velooutlets.com\/en\/?s={search_term_string}\"},\"query-input\":{\"@type\":\"PropertyValueSpecification\",\"valueRequired\":true,\"valueName\":\"search_term_string\"}}],\"inLanguage\":\"lt-LT\"}]}<\/script>\n<!-- \/ Yoast SEO plugin. -->","yoast_head_json":{"title":"REID Lets Fold \u2013 20\" - Velo Outlets","robots":{"index":"index","follow":"follow","max-snippet":"max-snippet:-1","max-image-preview":"max-image-preview:large","max-video-preview":"max-video-preview:-1"},"canonical":"https:\/\/velooutlets.com\/lt\/produktas\/reid-lets-fold-20\/","og_locale":"lt_LT","og_type":"article","og_title":"REID Lets Fold \u2013 20\" - Velo Outlets","og_description":"Reid Lets Fold ir praktisks un kompakts saliekamais pils\u0113tas elektriskais velosip\u0113ds, kas \u012bpa\u0161i piem\u0113rots brauc\u0113jiem, kuri nov\u0113rt\u0113 \u0113rtu p\u0101rvieto\u0161anos un vienk\u0101r\u0161u uzglab\u0101\u0161anu. T\u0101 20 collu rite\u0146i ar 20&#215;2.3 izm\u0113ra riep\u0101m nodro\u0161ina stabilu un dro\u0161u brauk\u0161anu pils\u0113tas iel\u0101s, savuk\u0101rt tvirta t\u0113rauda dak\u0161a garant\u0113 uzticamu vad\u0101m\u012bbu ikdienas apst\u0101k\u013cos. Velosip\u0113ds apr\u012bkots ar 250 W aizmugur\u0113jo hub motoru un [&hellip;]","og_url":"https:\/\/velooutlets.com\/lt\/produktas\/reid-lets-fold-20\/","og_site_name":"Velo Outlets","article_modified_time":"2026-04-16T11:39:00+00:00","og_image":[{"width":2560,"height":1672,"url":"https:\/\/velooutlets.com\/wp-content\/uploads\/2025\/10\/1247152520HE-scaled.jpg","type":"image\/jpeg"}],"twitter_card":"summary_large_image","twitter_misc":{"Est. reading time":"1 minut\u0117"},"schema":{"@context":"https:\/\/schema.org","@graph":[{"@type":"WebPage","@id":"https:\/\/velooutlets.com\/products\/reid-lets-fold-20\/","url":"https:\/\/velooutlets.com\/products\/reid-lets-fold-20\/","name":"REID Lets Fold \u2013 20\" - Velo Outlets","isPartOf":{"@id":"https:\/\/velooutlets.com\/en\/#website"},"primaryImageOfPage":{"@id":"https:\/\/velooutlets.com\/products\/reid-lets-fold-20\/#primaryimage"},"image":{"@id":"https:\/\/velooutlets.com\/products\/reid-lets-fold-20\/#primaryimage"},"thumbnailUrl":"https:\/\/velooutlets.com\/wp-content\/uploads\/2025\/10\/1247152520HE-scaled.jpg","datePublished":"2025-10-03T11:41:00+00:00","dateModified":"2026-04-16T11:39:00+00:00","breadcrumb":{"@id":"https:\/\/velooutlets.com\/products\/reid-lets-fold-20\/#breadcrumb"},"inLanguage":"lt-LT","potentialAction":[{"@type":"ReadAction","target":["https:\/\/velooutlets.com\/products\/reid-lets-fold-20\/"]}]},{"@type":"ImageObject","inLanguage":"lt-LT","@id":"https:\/\/velooutlets.com\/products\/reid-lets-fold-20\/#primaryimage","url":"https:\/\/velooutlets.com\/wp-content\/uploads\/2025\/10\/1247152520HE-scaled.jpg","contentUrl":"https:\/\/velooutlets.com\/wp-content\/uploads\/2025\/10\/1247152520HE-scaled.jpg","width":2560,"height":1672},{"@type":"BreadcrumbList","@id":"https:\/\/velooutlets.com\/products\/reid-lets-fold-20\/#breadcrumb","itemListElement":[{"@type":"ListItem","position":1,"name":"Home","item":"https:\/\/velooutlets.com\/"},{"@type":"ListItem","position":2,"name":"Veikals","item":"https:\/\/velooutlets.com\/shop\/"},{"@type":"ListItem","position":3,"name":"REID Lets Fold \u2013 20&#8243;"}]},{"@type":"WebSite","@id":"https:\/\/velooutlets.com\/en\/#website","url":"https:\/\/velooutlets.com\/en\/","name":"\"Velo Outlets","description":"Dvira\u010diai visai \u0161eimai","potentialAction":[{"@type":"SearchAction","target":{"@type":"EntryPoint","urlTemplate":"https:\/\/velooutlets.com\/en\/?s={search_term_string}"},"query-input":{"@type":"PropertyValueSpecification","valueRequired":true,"valueName":"search_term_string"}}],"inLanguage":"lt-LT"}]}},"jetpack_sharing_enabled":true,"_links":{"self":[{"href":"https:\/\/velooutlets.com\/lt\/wp-json\/wp\/v2\/product\/9258","targetHints":{"allow":["GET"]}}],"collection":[{"href":"https:\/\/velooutlets.com\/lt\/wp-json\/wp\/v2\/product"}],"about":[{"href":"https:\/\/velooutlets.com\/lt\/wp-json\/wp\/v2\/types\/product"}],"wp:featuredmedia":[{"embeddable":true,"href":"https:\/\/velooutlets.com\/lt\/wp-json\/wp\/v2\/media\/10382"}],"wp:attachment":[{"href":"https:\/\/velooutlets.com\/lt\/wp-json\/wp\/v2\/media?parent=9258"}],"wp:term":[{"taxonomy":"product_brand","embeddable":true,"href":"https:\/\/velooutlets.com\/lt\/wp-json\/wp\/v2\/product_brand?post=9258"},{"taxonomy":"product_cat","embeddable":true,"href":"https:\/\/velooutlets.com\/lt\/wp-json\/wp\/v2\/product_cat?post=9258"},{"taxonomy":"product_tag","embeddable":true,"href":"https:\/\/velooutlets.com\/lt\/wp-json\/wp\/v2\/product_tag?post=9258"}],"curies":[{"name":"wp","href":"https:\/\/api.w.org\/{rel}","templated":true}]}}