{"id":9278,"date":"2025-10-03T11:41:13","date_gmt":"2025-10-03T11:41:13","guid":{"rendered":"https:\/\/staging.velooutlets.com\/product\/revox-4-fmn-1\/"},"modified":"2026-04-13T13:44:55","modified_gmt":"2026-04-13T10:44:55","slug":"revox-4-fmn-1","status":"publish","type":"product","link":"https:\/\/velooutlets.com\/lt\/produktas\/revox-4-fmn-1\/","title":{"rendered":"REVOX 4 FMN"},"content":{"rendered":"<p>\"REVOX 4 FMN\" - tai modernus kaln\u0173 dviratis, kuriame dera na\u0161umas ir patogumas. D\u0117l aliuminio r\u0117mo ir \"Suntour XCT30 HLO DS\" \u0161ak\u0117s su 100 mm eiga lengva \u012fveikti nelygias vietoves. Shimano RD-M2000 galinis b\u0117gi\u0173 perjungiklis ir FD-M2020 priekinis b\u0117gi\u0173 perjungiklis u\u017etikrina tiksl\u0173 pavar\u0173 perjungim\u0105, o 18 pavar\u0173 leid\u017eia va\u017eiuoti ir lengva, ir sunkia vietove. Hidrauliniai \"Shimano BR-MT200\" diskiniai stabd\u017eiai u\u017etikrina saug\u0173 stabdym\u0105, o \"Alex X20\" ratai ir \"Kenda Booster\" 29\u00d72,4\u2033 padangos - stabilum\u0105 ir patogum\u0105. REVOX 4 FMN bus patikimas kompanionas tiek mi\u0161ko keliukuose, tiek miesto keliukuose.<\/p>","protected":false},"excerpt":{"rendered":"<p>REVOX 4 FMN ir moderns kalnu velosip\u0113ds, kas apvieno veiktsp\u0113ju un komfortu. Alum\u012bnija r\u0101mis un Suntour XCT30 HLO DS dak\u0161a ar 100 mm g\u0101jienu \u013cauj viegli p\u0101rvar\u0113t nel\u012bdzenumus. Shimano RD-M2000 aizmugur\u0113jais un FD-M2020 priek\u0161\u0113jais p\u0101rsl\u0113dz\u0113js nodro\u0161ina prec\u012bzu p\u0101rnesumu mai\u0146u, savuk\u0101rt 18 p\u0101rnesumi \u013cauj braukt gan vieglos, gan sare\u017e\u0123\u012btos reljefos. Hidraulisk\u0101s Shimano BR-MT200 disku bremzes garant\u0113 [&hellip;]<\/p>\n","protected":false},"featured_media":10391,"template":"","meta":{"_monsterinsights_skip_tracking":false,"_monsterinsights_sitenote_active":false,"_monsterinsights_sitenote_note":"","_monsterinsights_sitenote_category":0,"_iconic_wsb_product_page_order_bump_ids":[[]],"_sku":["7615523542482"],"_iconic_wsb_product_page_bump_modal_ids":[[]]},"product_brand":[1160],"product_cat":[980,1127],"product_tag":[211,843,212],"class_list":{"0":"post-9278","1":"product","2":"type-product","3":"status-publish","4":"has-post-thumbnail","6":"product_brand-bergamont","7":"product_cat-kalnu-velosipedi","8":"product_cat-velosipedi","9":"product_tag-kalnu-velosipedi","10":"product_tag-pusaudzu-velosipedi","11":"product_tag-velosipedi","12":"product_shipping_class-pieauguso-velosipedi","13":"ts_product_brand-courier_only","15":"first","16":"instock","17":"sale","18":"taxable","19":"shipping-taxable","20":"purchasable","21":"product-type-variable","22":"has-default-attributes","23":"wvs-archive-product-wrapper"},"yoast_head":"<!-- This site is optimized with the Yoast SEO plugin v27.2 - https:\/\/yoast.com\/product\/yoast-seo-wordpress\/ -->\n<title>REVOX 4 FMN - Velo Outlets<\/title>\n<meta name=\"robots\" content=\"index, follow, max-snippet:-1, max-image-preview:large, max-video-preview:-1\" \/>\n<link rel=\"canonical\" href=\"https:\/\/velooutlets.com\/lt\/produktas\/revox-4-fmn-1\/\" \/>\n<meta property=\"og:locale\" content=\"lt_LT\" \/>\n<meta property=\"og:type\" content=\"article\" \/>\n<meta property=\"og:title\" content=\"REVOX 4 FMN - Velo Outlets\" \/>\n<meta property=\"og:description\" content=\"REVOX 4 FMN ir moderns kalnu velosip\u0113ds, kas apvieno veiktsp\u0113ju un komfortu. Alum\u012bnija r\u0101mis un Suntour XCT30 HLO DS dak\u0161a ar 100 mm g\u0101jienu \u013cauj viegli p\u0101rvar\u0113t nel\u012bdzenumus. Shimano RD-M2000 aizmugur\u0113jais un FD-M2020 priek\u0161\u0113jais p\u0101rsl\u0113dz\u0113js nodro\u0161ina prec\u012bzu p\u0101rnesumu mai\u0146u, savuk\u0101rt 18 p\u0101rnesumi \u013cauj braukt gan vieglos, gan sare\u017e\u0123\u012btos reljefos. Hidraulisk\u0101s Shimano BR-MT200 disku bremzes garant\u0113 [&hellip;]\" \/>\n<meta property=\"og:url\" content=\"https:\/\/velooutlets.com\/lt\/produktas\/revox-4-fmn-1\/\" \/>\n<meta property=\"og:site_name\" content=\"Velo Outlets\" \/>\n<meta property=\"article:modified_time\" content=\"2026-04-13T10:44:55+00:00\" \/>\n<meta property=\"og:image\" content=\"https:\/\/velooutlets.com\/wp-content\/uploads\/2025\/10\/291101.jpg\" \/>\n\t<meta property=\"og:image:width\" content=\"838\" \/>\n\t<meta property=\"og:image:height\" content=\"535\" \/>\n\t<meta property=\"og:image:type\" content=\"image\/jpeg\" \/>\n<meta name=\"twitter:card\" content=\"summary_large_image\" \/>\n<meta name=\"twitter:label1\" content=\"Est. reading time\" \/>\n\t<meta name=\"twitter:data1\" content=\"1 minut\u0117\" \/>\n<script type=\"application\/ld+json\" class=\"yoast-schema-graph\">{\"@context\":\"https:\/\/schema.org\",\"@graph\":[{\"@type\":\"WebPage\",\"@id\":\"https:\/\/velooutlets.com\/products\/revox-4-fmn-1\/\",\"url\":\"https:\/\/velooutlets.com\/products\/revox-4-fmn-1\/\",\"name\":\"REVOX 4 FMN - Velo Outlets\",\"isPartOf\":{\"@id\":\"https:\/\/velooutlets.com\/en\/#website\"},\"primaryImageOfPage\":{\"@id\":\"https:\/\/velooutlets.com\/products\/revox-4-fmn-1\/#primaryimage\"},\"image\":{\"@id\":\"https:\/\/velooutlets.com\/products\/revox-4-fmn-1\/#primaryimage\"},\"thumbnailUrl\":\"https:\/\/velooutlets.com\/wp-content\/uploads\/2025\/10\/291101.jpg\",\"datePublished\":\"2025-10-03T11:41:13+00:00\",\"dateModified\":\"2026-04-13T10:44:55+00:00\",\"breadcrumb\":{\"@id\":\"https:\/\/velooutlets.com\/products\/revox-4-fmn-1\/#breadcrumb\"},\"inLanguage\":\"lt-LT\",\"potentialAction\":[{\"@type\":\"ReadAction\",\"target\":[\"https:\/\/velooutlets.com\/products\/revox-4-fmn-1\/\"]}]},{\"@type\":\"ImageObject\",\"inLanguage\":\"lt-LT\",\"@id\":\"https:\/\/velooutlets.com\/products\/revox-4-fmn-1\/#primaryimage\",\"url\":\"https:\/\/velooutlets.com\/wp-content\/uploads\/2025\/10\/291101.jpg\",\"contentUrl\":\"https:\/\/velooutlets.com\/wp-content\/uploads\/2025\/10\/291101.jpg\",\"width\":838,\"height\":535},{\"@type\":\"BreadcrumbList\",\"@id\":\"https:\/\/velooutlets.com\/products\/revox-4-fmn-1\/#breadcrumb\",\"itemListElement\":[{\"@type\":\"ListItem\",\"position\":1,\"name\":\"Home\",\"item\":\"https:\/\/velooutlets.com\/\"},{\"@type\":\"ListItem\",\"position\":2,\"name\":\"Veikals\",\"item\":\"https:\/\/velooutlets.com\/shop\/\"},{\"@type\":\"ListItem\",\"position\":3,\"name\":\"REVOX 4 FMN\"}]},{\"@type\":\"WebSite\",\"@id\":\"https:\/\/velooutlets.com\/en\/#website\",\"url\":\"https:\/\/velooutlets.com\/en\/\",\"name\":\"Velo Outlets\",\"description\":\"Velosip\u0113di visai \u0123imenei\",\"potentialAction\":[{\"@type\":\"SearchAction\",\"target\":{\"@type\":\"EntryPoint\",\"urlTemplate\":\"https:\/\/velooutlets.com\/en\/?s={search_term_string}\"},\"query-input\":{\"@type\":\"PropertyValueSpecification\",\"valueRequired\":true,\"valueName\":\"search_term_string\"}}],\"inLanguage\":\"lt-LT\"}]}<\/script>\n<!-- \/ Yoast SEO plugin. -->","yoast_head_json":{"title":"REVOX 4 FMN - Velo Outlets","robots":{"index":"index","follow":"follow","max-snippet":"max-snippet:-1","max-image-preview":"max-image-preview:large","max-video-preview":"max-video-preview:-1"},"canonical":"https:\/\/velooutlets.com\/lt\/produktas\/revox-4-fmn-1\/","og_locale":"lt_LT","og_type":"article","og_title":"REVOX 4 FMN - Velo Outlets","og_description":"REVOX 4 FMN ir moderns kalnu velosip\u0113ds, kas apvieno veiktsp\u0113ju un komfortu. Alum\u012bnija r\u0101mis un Suntour XCT30 HLO DS dak\u0161a ar 100 mm g\u0101jienu \u013cauj viegli p\u0101rvar\u0113t nel\u012bdzenumus. Shimano RD-M2000 aizmugur\u0113jais un FD-M2020 priek\u0161\u0113jais p\u0101rsl\u0113dz\u0113js nodro\u0161ina prec\u012bzu p\u0101rnesumu mai\u0146u, savuk\u0101rt 18 p\u0101rnesumi \u013cauj braukt gan vieglos, gan sare\u017e\u0123\u012btos reljefos. Hidraulisk\u0101s Shimano BR-MT200 disku bremzes garant\u0113 [&hellip;]","og_url":"https:\/\/velooutlets.com\/lt\/produktas\/revox-4-fmn-1\/","og_site_name":"Velo Outlets","article_modified_time":"2026-04-13T10:44:55+00:00","og_image":[{"width":838,"height":535,"url":"https:\/\/velooutlets.com\/wp-content\/uploads\/2025\/10\/291101.jpg","type":"image\/jpeg"}],"twitter_card":"summary_large_image","twitter_misc":{"Est. reading time":"1 minut\u0117"},"schema":{"@context":"https:\/\/schema.org","@graph":[{"@type":"WebPage","@id":"https:\/\/velooutlets.com\/products\/revox-4-fmn-1\/","url":"https:\/\/velooutlets.com\/products\/revox-4-fmn-1\/","name":"REVOX 4 FMN - Velo Outlets","isPartOf":{"@id":"https:\/\/velooutlets.com\/en\/#website"},"primaryImageOfPage":{"@id":"https:\/\/velooutlets.com\/products\/revox-4-fmn-1\/#primaryimage"},"image":{"@id":"https:\/\/velooutlets.com\/products\/revox-4-fmn-1\/#primaryimage"},"thumbnailUrl":"https:\/\/velooutlets.com\/wp-content\/uploads\/2025\/10\/291101.jpg","datePublished":"2025-10-03T11:41:13+00:00","dateModified":"2026-04-13T10:44:55+00:00","breadcrumb":{"@id":"https:\/\/velooutlets.com\/products\/revox-4-fmn-1\/#breadcrumb"},"inLanguage":"lt-LT","potentialAction":[{"@type":"ReadAction","target":["https:\/\/velooutlets.com\/products\/revox-4-fmn-1\/"]}]},{"@type":"ImageObject","inLanguage":"lt-LT","@id":"https:\/\/velooutlets.com\/products\/revox-4-fmn-1\/#primaryimage","url":"https:\/\/velooutlets.com\/wp-content\/uploads\/2025\/10\/291101.jpg","contentUrl":"https:\/\/velooutlets.com\/wp-content\/uploads\/2025\/10\/291101.jpg","width":838,"height":535},{"@type":"BreadcrumbList","@id":"https:\/\/velooutlets.com\/products\/revox-4-fmn-1\/#breadcrumb","itemListElement":[{"@type":"ListItem","position":1,"name":"Home","item":"https:\/\/velooutlets.com\/"},{"@type":"ListItem","position":2,"name":"Veikals","item":"https:\/\/velooutlets.com\/shop\/"},{"@type":"ListItem","position":3,"name":"REVOX 4 FMN"}]},{"@type":"WebSite","@id":"https:\/\/velooutlets.com\/en\/#website","url":"https:\/\/velooutlets.com\/en\/","name":"\"Velo Outlets","description":"Dvira\u010diai visai \u0161eimai","potentialAction":[{"@type":"SearchAction","target":{"@type":"EntryPoint","urlTemplate":"https:\/\/velooutlets.com\/en\/?s={search_term_string}"},"query-input":{"@type":"PropertyValueSpecification","valueRequired":true,"valueName":"search_term_string"}}],"inLanguage":"lt-LT"}]}},"jetpack_sharing_enabled":true,"_links":{"self":[{"href":"https:\/\/velooutlets.com\/lt\/wp-json\/wp\/v2\/product\/9278","targetHints":{"allow":["GET"]}}],"collection":[{"href":"https:\/\/velooutlets.com\/lt\/wp-json\/wp\/v2\/product"}],"about":[{"href":"https:\/\/velooutlets.com\/lt\/wp-json\/wp\/v2\/types\/product"}],"wp:featuredmedia":[{"embeddable":true,"href":"https:\/\/velooutlets.com\/lt\/wp-json\/wp\/v2\/media\/10391"}],"wp:attachment":[{"href":"https:\/\/velooutlets.com\/lt\/wp-json\/wp\/v2\/media?parent=9278"}],"wp:term":[{"taxonomy":"product_brand","embeddable":true,"href":"https:\/\/velooutlets.com\/lt\/wp-json\/wp\/v2\/product_brand?post=9278"},{"taxonomy":"product_cat","embeddable":true,"href":"https:\/\/velooutlets.com\/lt\/wp-json\/wp\/v2\/product_cat?post=9278"},{"taxonomy":"product_tag","embeddable":true,"href":"https:\/\/velooutlets.com\/lt\/wp-json\/wp\/v2\/product_tag?post=9278"}],"curies":[{"name":"wp","href":"https:\/\/api.w.org\/{rel}","templated":true}]}}