{"id":9288,"date":"2025-10-03T14:41:17","date_gmt":"2025-10-03T11:41:17","guid":{"rendered":"https:\/\/staging.velooutlets.com\/product\/scott-addict-30-cumulus-white-2026\/"},"modified":"2026-05-13T19:23:58","modified_gmt":"2026-05-13T16:23:58","slug":"scott-addict-30-cumulus-white-2026","status":"publish","type":"product","link":"https:\/\/velooutlets.com\/lt\/produktas\/scott-addict-30-cumulus-white-2026\/","title":{"rendered":"Scott Addict 30 Cumulus White 2026"},"content":{"rendered":"<p><strong>Scott Addict 30<\/strong> ir viegls un sportiski orient\u0113ts karbona \u0161osejas velosip\u0113ds, kas apvieno sac\u012bk\u0161u velosip\u0113da \u0101trumu ar komfortabl\u0101ku endurance \u0123eometriju gar\u0101kiem braucieniem. Tas paredz\u0113ts brauc\u0113jiem, kuri v\u0113las augstu veiktsp\u0113ju, saglab\u0101jot \u0113rt\u0101ku s\u0113dpoz\u012bciju ikdienas treni\u0146iem un gar\u0101k\u0101m distanc\u0113m.<\/p>\n<p>Velosip\u0113ds b\u016bv\u0113ts uz Addict HMF Carbon r\u0101mja ar endurance \u0123eometriju, kas nodro\u0161ina stabilu vad\u0101m\u012bbu un komfortu ilg\u0101kos braucienos. Piln\u012bb\u0101 integr\u0113t\u0101 kabe\u013cu vad\u012bba un integr\u0113t\u0101 r\u0101mja glab\u0101tuve pie\u0161\u0137ir t\u012bru izskatu un uzlabo funkcionalit\u0101ti. Karbona dak\u0161a pal\u012bdz efekt\u012bvi absorb\u0113t vibr\u0101cijas uz nel\u012bdzeniem ce\u013ciem.<\/p>\n<p>Shimano 105 Di2 elektronisk\u0101 2\u00d712 piedzi\u0146a nodro\u0161ina \u013coti prec\u012bzu un \u0101tru p\u0101rsl\u0113g\u0161anos. 50\/34T kla\u0146i kombin\u0101cij\u0101 ar 11\u201334T kaseti pied\u0101v\u0101 pla\u0161u p\u0101rnesumu diapazonu gan \u0101trai brauk\u0161anai, gan k\u0101pumiem.<\/p>\n<p>Shimano 105 hidraulisk\u0101s disku bremzes nodro\u0161ina p\u0101rliecino\u0161u un kontrol\u0113tu bremz\u0113\u0161anu da\u017e\u0101dos laikapst\u0101k\u013cos. Syncros Capital 1.0 40 Disc oglek\u013ca \u0161\u0137iedras rati kop\u0101 ar Schwalbe ONE 700\u00d734C riep\u0101m nodro\u0161ina \u0101tru ripo\u0161anu un labu komfortu uz da\u017e\u0101diem ce\u013ca segumiem.<\/p>\n<p>Ar aptuveno svaru ap 8.5 kg \u0161is modelis ir viegls, \u0101trs un piem\u0113rots gan sportiskai brauk\u0161anai, gan gar\u0101kiem endurance tipa mar\u0161rutiem.<\/p>\n<p>Specifikacija:<br \/>\nRite\u0146u izm\u0113rs: 700C<\/p>\n<p>R\u0101mis: Addict HMF Carbon, Endurance geometry, integr\u0113t\u0101 kabe\u013cu vad\u012bba, integr\u0113t\u0101 glab\u0101tuve<br \/>\nDak\u0161a: Addict HMF Flatmount Disc Carbon<br \/>\nSt\u016bres gult\u0146i: Acros AIF-1317<\/p>\n<p>Grei\u010di\u0173 skai\u010dius: 2\u00d712<br \/>\nPriek\u0161\u0113jais p\u0101rsl\u0113dz\u0113js: Shimano 105 Di2 FD-R7150<br \/>\nAizmugur\u0113jais p\u0101rsl\u0113dz\u0113js: Shimano 105 Di2 RD-R7150<br \/>\nP\u0101rsl\u0113dz\u0113ji \/ brem\u017eu rokturi: Shimano 105 Di2 FD-R7150 Dual Control<br \/>\nKla\u0146i: Shimano 105 FC-R7100 Hollowtech II, 50\/34T<br \/>\nKasete: Shimano CS-R7101, 11\u201334T<br \/>\nGrandin\u0117: \"Shimano CN-M6100-12<br \/>\nK\u0101rbas mezgls (BB): Shimano BB-RS500-PB<\/p>\n<p>Stabd\u017eiai: \"Shimano BR-R7170\" hidrauliniai diskiniai<br \/>\nBrem\u017eu diski: Shimano RT-CL700, 160 mm priek\u0161\u0101 \/ 140 mm aizmugur\u0113<\/p>\n<p>Rati: Syncros Capital 1.0 40 Disc<br \/>\nRiepas: Schwalbe ONE Fold, 700\u00d734C<\/p>\n<p>Vairas: Syncros HB-R100-AL<br \/>\nIznesums: Syncros ST-R300-AL<br \/>\nS\u0117dyn\u0117: Syncros Tofino V 2.0 Cut Out<br \/>\nS\u0117dyn\u0117s stovas: Syncros SP-R101-CF<\/p>\n<p>Svoris: ~8,5 kg<\/p>","protected":false},"excerpt":{"rendered":"<p>Scott Addict 30 ir viegls un sportiski orient\u0113ts karbona \u0161osejas velosip\u0113ds, kas apvieno sac\u012bk\u0161u velosip\u0113da \u0101trumu ar komfortabl\u0101ku endurance \u0123eometriju gar\u0101kiem braucieniem. Tas paredz\u0113ts brauc\u0113jiem, kuri v\u0113las augstu veiktsp\u0113ju, saglab\u0101jot \u0113rt\u0101ku s\u0113dpoz\u012bciju ikdienas treni\u0146iem un gar\u0101k\u0101m distanc\u0113m. Velosip\u0113ds b\u016bv\u0113ts uz Addict HMF Carbon r\u0101mja ar endurance \u0123eometriju, kas nodro\u0161ina stabilu vad\u0101m\u012bbu un komfortu ilg\u0101kos braucienos. [&hellip;]<\/p>\n","protected":false},"featured_media":10393,"template":"","meta":{"_monsterinsights_skip_tracking":false,"_monsterinsights_sitenote_active":false,"_monsterinsights_sitenote_note":"","_monsterinsights_sitenote_category":0,"_iconic_wsb_product_page_order_bump_ids":[[]],"_sku":["10668200001803"],"_iconic_wsb_product_page_bump_modal_ids":[[]]},"product_brand":[872],"product_cat":[1065,1076,1127],"product_tag":[1522],"class_list":{"0":"post-9288","1":"product","2":"type-product","3":"status-publish","4":"has-post-thumbnail","6":"product_brand-scott","7":"product_cat-scott-2026","8":"product_cat-sosejas-velosipedi-700c","9":"product_cat-velosipedi","10":"product_tag-scott","11":"product_shipping_class-pieauguso-velosipedi","12":"pa_materials-addict-hmf-carbon","13":"pa_materials-endurance-geometry","14":"pa_materials-integreta-glabatuve","15":"pa_materials-integreta-kabelu-vadiba","16":"pa_razosanas-gads-1253","17":"ts_product_brand-courier_only","19":"first","20":"instock","21":"sale","22":"taxable","23":"shipping-taxable","24":"purchasable","25":"product-type-variable","26":"wvs-archive-product-wrapper"},"yoast_head":"<!-- This site is optimized with the Yoast SEO plugin v27.2 - https:\/\/yoast.com\/product\/yoast-seo-wordpress\/ -->\n<title>Scott Addict 30 Cumulus White 2026 - Velo Outlets<\/title>\n<meta name=\"robots\" content=\"index, follow, max-snippet:-1, max-image-preview:large, max-video-preview:-1\" \/>\n<link rel=\"canonical\" href=\"https:\/\/velooutlets.com\/lt\/produktas\/scott-addict-30-cumulus-white-2026\/\" \/>\n<meta property=\"og:locale\" content=\"lt_LT\" \/>\n<meta property=\"og:type\" content=\"article\" \/>\n<meta property=\"og:title\" content=\"Scott Addict 30 Cumulus White 2026 - Velo Outlets\" \/>\n<meta property=\"og:description\" content=\"Scott Addict 30 ir viegls un sportiski orient\u0113ts karbona \u0161osejas velosip\u0113ds, kas apvieno sac\u012bk\u0161u velosip\u0113da \u0101trumu ar komfortabl\u0101ku endurance \u0123eometriju gar\u0101kiem braucieniem. Tas paredz\u0113ts brauc\u0113jiem, kuri v\u0113las augstu veiktsp\u0113ju, saglab\u0101jot \u0113rt\u0101ku s\u0113dpoz\u012bciju ikdienas treni\u0146iem un gar\u0101k\u0101m distanc\u0113m. Velosip\u0113ds b\u016bv\u0113ts uz Addict HMF Carbon r\u0101mja ar endurance \u0123eometriju, kas nodro\u0161ina stabilu vad\u0101m\u012bbu un komfortu ilg\u0101kos braucienos. [&hellip;]\" \/>\n<meta property=\"og:url\" content=\"https:\/\/velooutlets.com\/lt\/produktas\/scott-addict-30-cumulus-white-2026\/\" \/>\n<meta property=\"og:site_name\" content=\"Velo Outlets\" \/>\n<meta property=\"article:modified_time\" content=\"2026-05-13T16:23:58+00:00\" \/>\n<meta property=\"og:image\" content=\"https:\/\/velooutlets.com\/wp-content\/uploads\/2025\/10\/Ekranuznemums2025-08-12210312.jpg\" \/>\n\t<meta property=\"og:image:width\" content=\"866\" \/>\n\t<meta property=\"og:image:height\" content=\"630\" \/>\n\t<meta property=\"og:image:type\" content=\"image\/jpeg\" \/>\n<meta name=\"twitter:card\" content=\"summary_large_image\" \/>\n<meta name=\"twitter:label1\" content=\"Est. reading time\" \/>\n\t<meta name=\"twitter:data1\" content=\"2 minut\u0117s\" \/>\n<script type=\"application\/ld+json\" class=\"yoast-schema-graph\">{\"@context\":\"https:\/\/schema.org\",\"@graph\":[{\"@type\":\"WebPage\",\"@id\":\"https:\/\/velooutlets.com\/products\/scott-addict-30-cumulus-white-2026\/\",\"url\":\"https:\/\/velooutlets.com\/products\/scott-addict-30-cumulus-white-2026\/\",\"name\":\"Scott Addict 30 Cumulus White 2026 - Velo Outlets\",\"isPartOf\":{\"@id\":\"https:\/\/velooutlets.com\/en\/#website\"},\"primaryImageOfPage\":{\"@id\":\"https:\/\/velooutlets.com\/products\/scott-addict-30-cumulus-white-2026\/#primaryimage\"},\"image\":{\"@id\":\"https:\/\/velooutlets.com\/products\/scott-addict-30-cumulus-white-2026\/#primaryimage\"},\"thumbnailUrl\":\"https:\/\/velooutlets.com\/wp-content\/uploads\/2025\/10\/Ekranuznemums2025-08-12210312.jpg\",\"datePublished\":\"2025-10-03T11:41:17+00:00\",\"dateModified\":\"2026-05-13T16:23:58+00:00\",\"breadcrumb\":{\"@id\":\"https:\/\/velooutlets.com\/products\/scott-addict-30-cumulus-white-2026\/#breadcrumb\"},\"inLanguage\":\"lt-LT\",\"potentialAction\":[{\"@type\":\"ReadAction\",\"target\":[\"https:\/\/velooutlets.com\/products\/scott-addict-30-cumulus-white-2026\/\"]}]},{\"@type\":\"ImageObject\",\"inLanguage\":\"lt-LT\",\"@id\":\"https:\/\/velooutlets.com\/products\/scott-addict-30-cumulus-white-2026\/#primaryimage\",\"url\":\"https:\/\/velooutlets.com\/wp-content\/uploads\/2025\/10\/Ekranuznemums2025-08-12210312.jpg\",\"contentUrl\":\"https:\/\/velooutlets.com\/wp-content\/uploads\/2025\/10\/Ekranuznemums2025-08-12210312.jpg\",\"width\":866,\"height\":630},{\"@type\":\"BreadcrumbList\",\"@id\":\"https:\/\/velooutlets.com\/products\/scott-addict-30-cumulus-white-2026\/#breadcrumb\",\"itemListElement\":[{\"@type\":\"ListItem\",\"position\":1,\"name\":\"Home\",\"item\":\"https:\/\/velooutlets.com\/\"},{\"@type\":\"ListItem\",\"position\":2,\"name\":\"Veikals\",\"item\":\"https:\/\/velooutlets.com\/shop\/\"},{\"@type\":\"ListItem\",\"position\":3,\"name\":\"Scott Addict 30 Cumulus White 2026\"}]},{\"@type\":\"WebSite\",\"@id\":\"https:\/\/velooutlets.com\/en\/#website\",\"url\":\"https:\/\/velooutlets.com\/en\/\",\"name\":\"Velo Outlets\",\"description\":\"Velosip\u0113di visai \u0123imenei\",\"potentialAction\":[{\"@type\":\"SearchAction\",\"target\":{\"@type\":\"EntryPoint\",\"urlTemplate\":\"https:\/\/velooutlets.com\/en\/?s={search_term_string}\"},\"query-input\":{\"@type\":\"PropertyValueSpecification\",\"valueRequired\":true,\"valueName\":\"search_term_string\"}}],\"inLanguage\":\"lt-LT\"}]}<\/script>\n<!-- \/ Yoast SEO plugin. -->","yoast_head_json":{"title":"Scott Addict 30 Cumulus White 2026 - Velo Outlets","robots":{"index":"index","follow":"follow","max-snippet":"max-snippet:-1","max-image-preview":"max-image-preview:large","max-video-preview":"max-video-preview:-1"},"canonical":"https:\/\/velooutlets.com\/lt\/produktas\/scott-addict-30-cumulus-white-2026\/","og_locale":"lt_LT","og_type":"article","og_title":"Scott Addict 30 Cumulus White 2026 - Velo Outlets","og_description":"Scott Addict 30 ir viegls un sportiski orient\u0113ts karbona \u0161osejas velosip\u0113ds, kas apvieno sac\u012bk\u0161u velosip\u0113da \u0101trumu ar komfortabl\u0101ku endurance \u0123eometriju gar\u0101kiem braucieniem. Tas paredz\u0113ts brauc\u0113jiem, kuri v\u0113las augstu veiktsp\u0113ju, saglab\u0101jot \u0113rt\u0101ku s\u0113dpoz\u012bciju ikdienas treni\u0146iem un gar\u0101k\u0101m distanc\u0113m. Velosip\u0113ds b\u016bv\u0113ts uz Addict HMF Carbon r\u0101mja ar endurance \u0123eometriju, kas nodro\u0161ina stabilu vad\u0101m\u012bbu un komfortu ilg\u0101kos braucienos. [&hellip;]","og_url":"https:\/\/velooutlets.com\/lt\/produktas\/scott-addict-30-cumulus-white-2026\/","og_site_name":"Velo Outlets","article_modified_time":"2026-05-13T16:23:58+00:00","og_image":[{"width":866,"height":630,"url":"https:\/\/velooutlets.com\/wp-content\/uploads\/2025\/10\/Ekranuznemums2025-08-12210312.jpg","type":"image\/jpeg"}],"twitter_card":"summary_large_image","twitter_misc":{"Est. reading time":"2 minut\u0117s"},"schema":{"@context":"https:\/\/schema.org","@graph":[{"@type":"WebPage","@id":"https:\/\/velooutlets.com\/products\/scott-addict-30-cumulus-white-2026\/","url":"https:\/\/velooutlets.com\/products\/scott-addict-30-cumulus-white-2026\/","name":"Scott Addict 30 Cumulus White 2026 - Velo Outlets","isPartOf":{"@id":"https:\/\/velooutlets.com\/en\/#website"},"primaryImageOfPage":{"@id":"https:\/\/velooutlets.com\/products\/scott-addict-30-cumulus-white-2026\/#primaryimage"},"image":{"@id":"https:\/\/velooutlets.com\/products\/scott-addict-30-cumulus-white-2026\/#primaryimage"},"thumbnailUrl":"https:\/\/velooutlets.com\/wp-content\/uploads\/2025\/10\/Ekranuznemums2025-08-12210312.jpg","datePublished":"2025-10-03T11:41:17+00:00","dateModified":"2026-05-13T16:23:58+00:00","breadcrumb":{"@id":"https:\/\/velooutlets.com\/products\/scott-addict-30-cumulus-white-2026\/#breadcrumb"},"inLanguage":"lt-LT","potentialAction":[{"@type":"ReadAction","target":["https:\/\/velooutlets.com\/products\/scott-addict-30-cumulus-white-2026\/"]}]},{"@type":"ImageObject","inLanguage":"lt-LT","@id":"https:\/\/velooutlets.com\/products\/scott-addict-30-cumulus-white-2026\/#primaryimage","url":"https:\/\/velooutlets.com\/wp-content\/uploads\/2025\/10\/Ekranuznemums2025-08-12210312.jpg","contentUrl":"https:\/\/velooutlets.com\/wp-content\/uploads\/2025\/10\/Ekranuznemums2025-08-12210312.jpg","width":866,"height":630},{"@type":"BreadcrumbList","@id":"https:\/\/velooutlets.com\/products\/scott-addict-30-cumulus-white-2026\/#breadcrumb","itemListElement":[{"@type":"ListItem","position":1,"name":"Home","item":"https:\/\/velooutlets.com\/"},{"@type":"ListItem","position":2,"name":"Veikals","item":"https:\/\/velooutlets.com\/shop\/"},{"@type":"ListItem","position":3,"name":"Scott Addict 30 Cumulus White 2026"}]},{"@type":"WebSite","@id":"https:\/\/velooutlets.com\/en\/#website","url":"https:\/\/velooutlets.com\/en\/","name":"\"Velo Outlets","description":"Dvira\u010diai visai \u0161eimai","potentialAction":[{"@type":"SearchAction","target":{"@type":"EntryPoint","urlTemplate":"https:\/\/velooutlets.com\/en\/?s={search_term_string}"},"query-input":{"@type":"PropertyValueSpecification","valueRequired":true,"valueName":"search_term_string"}}],"inLanguage":"lt-LT"}]}},"jetpack_sharing_enabled":true,"_links":{"self":[{"href":"https:\/\/velooutlets.com\/lt\/wp-json\/wp\/v2\/product\/9288","targetHints":{"allow":["GET"]}}],"collection":[{"href":"https:\/\/velooutlets.com\/lt\/wp-json\/wp\/v2\/product"}],"about":[{"href":"https:\/\/velooutlets.com\/lt\/wp-json\/wp\/v2\/types\/product"}],"wp:featuredmedia":[{"embeddable":true,"href":"https:\/\/velooutlets.com\/lt\/wp-json\/wp\/v2\/media\/10393"}],"wp:attachment":[{"href":"https:\/\/velooutlets.com\/lt\/wp-json\/wp\/v2\/media?parent=9288"}],"wp:term":[{"taxonomy":"product_brand","embeddable":true,"href":"https:\/\/velooutlets.com\/lt\/wp-json\/wp\/v2\/product_brand?post=9288"},{"taxonomy":"product_cat","embeddable":true,"href":"https:\/\/velooutlets.com\/lt\/wp-json\/wp\/v2\/product_cat?post=9288"},{"taxonomy":"product_tag","embeddable":true,"href":"https:\/\/velooutlets.com\/lt\/wp-json\/wp\/v2\/product_tag?post=9288"}],"curies":[{"name":"wp","href":"https:\/\/api.w.org\/{rel}","templated":true}]}}