{"id":9386,"date":"2025-10-03T11:41:51","date_gmt":"2025-10-03T11:41:51","guid":{"rendered":"https:\/\/staging.velooutlets.com\/product\/scott-addict-gravel-40-wenge-green-2026\/"},"modified":"2026-03-26T11:43:15","modified_gmt":"2026-03-26T09:43:15","slug":"scott-addict-gravel-40-wenge-green-2026","status":"publish","type":"product","link":"https:\/\/velooutlets.com\/lt\/produktas\/scott-addict-gravel-40-wenge-green-2026\/","title":{"rendered":"Scott Addict Gravel 40 Wenge Green 2026"},"content":{"rendered":"<p><strong data-start=\"98\" data-end=\"145\">Scott Addict Gravel 40 - Wenge Green (2026)<\/strong> tai lengvas ir greitas \u017evyrinis dviratis, skirtas ilgoms kelion\u0117ms, nuotykiams u\u017e kelio dangos rib\u0173 ir dinami\u0161kam va\u017eiavimui \u012fvairiomis s\u0105lygomis. Anglies r\u0117mas su \u017evyrkelio geometrija u\u017etikrina patogum\u0105 ir efektyvum\u0105, o <strong data-start=\"369\" data-end=\"384\" data-is-only-node=\"\">\"Shimano GRX<\/strong> Pavar\u0173 sistema ir hidrauliniai diskiniai stabd\u017eiai suteikia tikslaus valdymo ir u\u017etikrintumo va\u017eiuojant tiek \u017evyrkeliu, tiek keliu. Idealus pasirinkimas ie\u0161kantiems sporti\u0161ko, bet universalaus \u017evyrinio dvira\u010dio.<\/p>\n<p>&nbsp;<\/p>\n<p>&nbsp;<\/p>","protected":false},"excerpt":{"rendered":"<p>Scott Addict Gravel 40 \u2013 Wenge Green (2026) ir viegls un \u0101trs gravel velosip\u0113ds, kas rad\u012bts gariem izbraucieniem, piedz\u012bvojumiem \u0101rpus asfalta un dinamiskai brauk\u0161anai jauktos apst\u0101k\u013cos. Karbona r\u0101mis ar gravel \u0123eometriju nodro\u0161ina komfortu un efektivit\u0101ti, savuk\u0101rt Shimano GRX p\u0101rnesumu sist\u0113ma un hidraulisk\u0101s disku bremzes sniedz prec\u012bzu kontroli un p\u0101rliec\u012bbu gan uz grants, gan uz ce\u013ca. [&hellip;]<\/p>\n","protected":false},"featured_media":10409,"template":"","meta":{"_monsterinsights_skip_tracking":false,"_monsterinsights_sitenote_active":false,"_monsterinsights_sitenote_note":"","_monsterinsights_sitenote_category":0,"_iconic_wsb_product_page_order_bump_ids":[[]],"_sku":["10668343558411"],"_iconic_wsb_product_page_bump_modal_ids":[[]]},"product_brand":[872],"product_cat":[967,1540,1127],"product_tag":[1522],"class_list":{"0":"post-9386","1":"product","2":"type-product","3":"status-publish","4":"has-post-thumbnail","6":"product_brand-scott","7":"product_cat-gravel-velosipedi","8":"product_cat-gravel-velosipedi-700c","9":"product_cat-velosipedi","10":"product_tag-scott","11":"product_shipping_class-pieauguso-velosipedi","12":"pa_razosanas-gads-1253","13":"ts_product_brand-courier_only","15":"first","16":"instock","17":"sale","18":"taxable","19":"shipping-taxable","20":"purchasable","21":"product-type-variable","22":"has-default-attributes","23":"wvs-archive-product-wrapper"},"yoast_head":"<!-- This site is optimized with the Yoast SEO plugin v27.2 - https:\/\/yoast.com\/product\/yoast-seo-wordpress\/ -->\n<title>Scott Addict Gravel 40 Wenge Green 2026 - Velo Outlets<\/title>\n<meta name=\"robots\" content=\"index, follow, max-snippet:-1, max-image-preview:large, max-video-preview:-1\" \/>\n<link rel=\"canonical\" href=\"https:\/\/velooutlets.com\/lt\/produktas\/scott-addict-gravel-40-wenge-green-2026\/\" \/>\n<meta property=\"og:locale\" content=\"lt_LT\" \/>\n<meta property=\"og:type\" content=\"article\" \/>\n<meta property=\"og:title\" content=\"Scott Addict Gravel 40 Wenge Green 2026 - Velo Outlets\" \/>\n<meta property=\"og:description\" content=\"Scott Addict Gravel 40 \u2013 Wenge Green (2026) ir viegls un \u0101trs gravel velosip\u0113ds, kas rad\u012bts gariem izbraucieniem, piedz\u012bvojumiem \u0101rpus asfalta un dinamiskai brauk\u0161anai jauktos apst\u0101k\u013cos. Karbona r\u0101mis ar gravel \u0123eometriju nodro\u0161ina komfortu un efektivit\u0101ti, savuk\u0101rt Shimano GRX p\u0101rnesumu sist\u0113ma un hidraulisk\u0101s disku bremzes sniedz prec\u012bzu kontroli un p\u0101rliec\u012bbu gan uz grants, gan uz ce\u013ca. [&hellip;]\" \/>\n<meta property=\"og:url\" content=\"https:\/\/velooutlets.com\/lt\/produktas\/scott-addict-gravel-40-wenge-green-2026\/\" \/>\n<meta property=\"og:site_name\" content=\"Velo Outlets\" \/>\n<meta property=\"article:modified_time\" content=\"2026-03-26T09:43:15+00:00\" \/>\n<meta property=\"og:image\" content=\"https:\/\/velooutlets.com\/wp-content\/uploads\/2025\/10\/Ekranuznemums2025-08-13004340.jpg\" \/>\n\t<meta property=\"og:image:width\" content=\"951\" \/>\n\t<meta property=\"og:image:height\" content=\"682\" \/>\n\t<meta property=\"og:image:type\" content=\"image\/jpeg\" \/>\n<meta name=\"twitter:card\" content=\"summary_large_image\" \/>\n<script type=\"application\/ld+json\" class=\"yoast-schema-graph\">{\"@context\":\"https:\/\/schema.org\",\"@graph\":[{\"@type\":\"WebPage\",\"@id\":\"https:\/\/velooutlets.com\/products\/scott-addict-gravel-40-wenge-green-2026\/\",\"url\":\"https:\/\/velooutlets.com\/products\/scott-addict-gravel-40-wenge-green-2026\/\",\"name\":\"Scott Addict Gravel 40 Wenge Green 2026 - Velo Outlets\",\"isPartOf\":{\"@id\":\"https:\/\/velooutlets.com\/en\/#website\"},\"primaryImageOfPage\":{\"@id\":\"https:\/\/velooutlets.com\/products\/scott-addict-gravel-40-wenge-green-2026\/#primaryimage\"},\"image\":{\"@id\":\"https:\/\/velooutlets.com\/products\/scott-addict-gravel-40-wenge-green-2026\/#primaryimage\"},\"thumbnailUrl\":\"https:\/\/velooutlets.com\/wp-content\/uploads\/2025\/10\/Ekranuznemums2025-08-13004340.jpg\",\"datePublished\":\"2025-10-03T11:41:51+00:00\",\"dateModified\":\"2026-03-26T09:43:15+00:00\",\"breadcrumb\":{\"@id\":\"https:\/\/velooutlets.com\/products\/scott-addict-gravel-40-wenge-green-2026\/#breadcrumb\"},\"inLanguage\":\"lt-LT\",\"potentialAction\":[{\"@type\":\"ReadAction\",\"target\":[\"https:\/\/velooutlets.com\/products\/scott-addict-gravel-40-wenge-green-2026\/\"]}]},{\"@type\":\"ImageObject\",\"inLanguage\":\"lt-LT\",\"@id\":\"https:\/\/velooutlets.com\/products\/scott-addict-gravel-40-wenge-green-2026\/#primaryimage\",\"url\":\"https:\/\/velooutlets.com\/wp-content\/uploads\/2025\/10\/Ekranuznemums2025-08-13004340.jpg\",\"contentUrl\":\"https:\/\/velooutlets.com\/wp-content\/uploads\/2025\/10\/Ekranuznemums2025-08-13004340.jpg\",\"width\":951,\"height\":682,\"caption\":\"velosip\u0113ds\"},{\"@type\":\"BreadcrumbList\",\"@id\":\"https:\/\/velooutlets.com\/products\/scott-addict-gravel-40-wenge-green-2026\/#breadcrumb\",\"itemListElement\":[{\"@type\":\"ListItem\",\"position\":1,\"name\":\"Home\",\"item\":\"https:\/\/velooutlets.com\/\"},{\"@type\":\"ListItem\",\"position\":2,\"name\":\"Veikals\",\"item\":\"https:\/\/velooutlets.com\/shop\/\"},{\"@type\":\"ListItem\",\"position\":3,\"name\":\"Scott Addict Gravel 40 Wenge Green 2026\"}]},{\"@type\":\"WebSite\",\"@id\":\"https:\/\/velooutlets.com\/en\/#website\",\"url\":\"https:\/\/velooutlets.com\/en\/\",\"name\":\"Velo Outlets\",\"description\":\"Velosip\u0113di visai \u0123imenei\",\"potentialAction\":[{\"@type\":\"SearchAction\",\"target\":{\"@type\":\"EntryPoint\",\"urlTemplate\":\"https:\/\/velooutlets.com\/en\/?s={search_term_string}\"},\"query-input\":{\"@type\":\"PropertyValueSpecification\",\"valueRequired\":true,\"valueName\":\"search_term_string\"}}],\"inLanguage\":\"lt-LT\"}]}<\/script>\n<!-- \/ Yoast SEO plugin. -->","yoast_head_json":{"title":"Scott Addict Gravel 40 Wenge Green 2026 - Velo Outlets","robots":{"index":"index","follow":"follow","max-snippet":"max-snippet:-1","max-image-preview":"max-image-preview:large","max-video-preview":"max-video-preview:-1"},"canonical":"https:\/\/velooutlets.com\/lt\/produktas\/scott-addict-gravel-40-wenge-green-2026\/","og_locale":"lt_LT","og_type":"article","og_title":"Scott Addict Gravel 40 Wenge Green 2026 - Velo Outlets","og_description":"Scott Addict Gravel 40 \u2013 Wenge Green (2026) ir viegls un \u0101trs gravel velosip\u0113ds, kas rad\u012bts gariem izbraucieniem, piedz\u012bvojumiem \u0101rpus asfalta un dinamiskai brauk\u0161anai jauktos apst\u0101k\u013cos. Karbona r\u0101mis ar gravel \u0123eometriju nodro\u0161ina komfortu un efektivit\u0101ti, savuk\u0101rt Shimano GRX p\u0101rnesumu sist\u0113ma un hidraulisk\u0101s disku bremzes sniedz prec\u012bzu kontroli un p\u0101rliec\u012bbu gan uz grants, gan uz ce\u013ca. [&hellip;]","og_url":"https:\/\/velooutlets.com\/lt\/produktas\/scott-addict-gravel-40-wenge-green-2026\/","og_site_name":"Velo Outlets","article_modified_time":"2026-03-26T09:43:15+00:00","og_image":[{"width":951,"height":682,"url":"https:\/\/velooutlets.com\/wp-content\/uploads\/2025\/10\/Ekranuznemums2025-08-13004340.jpg","type":"image\/jpeg"}],"twitter_card":"summary_large_image","schema":{"@context":"https:\/\/schema.org","@graph":[{"@type":"WebPage","@id":"https:\/\/velooutlets.com\/products\/scott-addict-gravel-40-wenge-green-2026\/","url":"https:\/\/velooutlets.com\/products\/scott-addict-gravel-40-wenge-green-2026\/","name":"Scott Addict Gravel 40 Wenge Green 2026 - Velo Outlets","isPartOf":{"@id":"https:\/\/velooutlets.com\/en\/#website"},"primaryImageOfPage":{"@id":"https:\/\/velooutlets.com\/products\/scott-addict-gravel-40-wenge-green-2026\/#primaryimage"},"image":{"@id":"https:\/\/velooutlets.com\/products\/scott-addict-gravel-40-wenge-green-2026\/#primaryimage"},"thumbnailUrl":"https:\/\/velooutlets.com\/wp-content\/uploads\/2025\/10\/Ekranuznemums2025-08-13004340.jpg","datePublished":"2025-10-03T11:41:51+00:00","dateModified":"2026-03-26T09:43:15+00:00","breadcrumb":{"@id":"https:\/\/velooutlets.com\/products\/scott-addict-gravel-40-wenge-green-2026\/#breadcrumb"},"inLanguage":"lt-LT","potentialAction":[{"@type":"ReadAction","target":["https:\/\/velooutlets.com\/products\/scott-addict-gravel-40-wenge-green-2026\/"]}]},{"@type":"ImageObject","inLanguage":"lt-LT","@id":"https:\/\/velooutlets.com\/products\/scott-addict-gravel-40-wenge-green-2026\/#primaryimage","url":"https:\/\/velooutlets.com\/wp-content\/uploads\/2025\/10\/Ekranuznemums2025-08-13004340.jpg","contentUrl":"https:\/\/velooutlets.com\/wp-content\/uploads\/2025\/10\/Ekranuznemums2025-08-13004340.jpg","width":951,"height":682,"caption":"velosip\u0113ds"},{"@type":"BreadcrumbList","@id":"https:\/\/velooutlets.com\/products\/scott-addict-gravel-40-wenge-green-2026\/#breadcrumb","itemListElement":[{"@type":"ListItem","position":1,"name":"Home","item":"https:\/\/velooutlets.com\/"},{"@type":"ListItem","position":2,"name":"Veikals","item":"https:\/\/velooutlets.com\/shop\/"},{"@type":"ListItem","position":3,"name":"Scott Addict Gravel 40 Wenge Green 2026"}]},{"@type":"WebSite","@id":"https:\/\/velooutlets.com\/en\/#website","url":"https:\/\/velooutlets.com\/en\/","name":"\"Velo Outlets","description":"Dvira\u010diai visai \u0161eimai","potentialAction":[{"@type":"SearchAction","target":{"@type":"EntryPoint","urlTemplate":"https:\/\/velooutlets.com\/en\/?s={search_term_string}"},"query-input":{"@type":"PropertyValueSpecification","valueRequired":true,"valueName":"search_term_string"}}],"inLanguage":"lt-LT"}]}},"jetpack_sharing_enabled":true,"_links":{"self":[{"href":"https:\/\/velooutlets.com\/lt\/wp-json\/wp\/v2\/product\/9386","targetHints":{"allow":["GET"]}}],"collection":[{"href":"https:\/\/velooutlets.com\/lt\/wp-json\/wp\/v2\/product"}],"about":[{"href":"https:\/\/velooutlets.com\/lt\/wp-json\/wp\/v2\/types\/product"}],"wp:featuredmedia":[{"embeddable":true,"href":"https:\/\/velooutlets.com\/lt\/wp-json\/wp\/v2\/media\/10409"}],"wp:attachment":[{"href":"https:\/\/velooutlets.com\/lt\/wp-json\/wp\/v2\/media?parent=9386"}],"wp:term":[{"taxonomy":"product_brand","embeddable":true,"href":"https:\/\/velooutlets.com\/lt\/wp-json\/wp\/v2\/product_brand?post=9386"},{"taxonomy":"product_cat","embeddable":true,"href":"https:\/\/velooutlets.com\/lt\/wp-json\/wp\/v2\/product_cat?post=9386"},{"taxonomy":"product_tag","embeddable":true,"href":"https:\/\/velooutlets.com\/lt\/wp-json\/wp\/v2\/product_tag?post=9386"}],"curies":[{"name":"wp","href":"https:\/\/api.w.org\/{rel}","templated":true}]}}