{"id":9413,"date":"2025-10-03T11:42:04","date_gmt":"2025-10-03T11:42:04","guid":{"rendered":"https:\/\/staging.velooutlets.com\/product\/scott-aspect-960-orange\/"},"modified":"2026-04-16T13:55:12","modified_gmt":"2026-04-16T10:55:12","slug":"scott-aspect-960-orange","status":"publish","type":"product","link":"https:\/\/velooutlets.com\/lt\/produktas\/scott-aspect-960-orange\/","title":{"rendered":"Scott Aspect 960 Orange"},"content":{"rendered":"<p data-start=\"1224\" data-end=\"1658\">\"Scott Aspect 960 Orange\" yra kaln\u0173 dviratis, ypa\u010d tinkamas pradedantiesiems ir kasdieniams nuotykiams. Lengvas aliuminio r\u0117mas ir \"Suntour XCE28\" \u0161ak\u0117 su 100 mm eiga u\u017etikrina stabilum\u0105 ir patogum\u0105 va\u017eiuojant asfaltuotais keliais ir mi\u0161ko takeliais. Dviratyje sumontuota 16 pavar\u0173 sistema su \"Shimano Tourney\" galiniu perjungikliu ir \"Shimano Altus\" priekiniu perjungikliu, tod\u0117l lengva pritaikyti temp\u0105 \u012fvairioms vietov\u0117ms.<\/p>\n<p data-start=\"1660\" data-end=\"1998\">Hidrauliniai \"Tektro HDM275\" diskiniai stabd\u017eiai u\u017etikrina saug\u0173 ir tiksl\u0173 stabdym\u0105, o \"Kenda Booster\" 29\u00d72,4 colio padangos su 30 TPI u\u017etikrina ger\u0105 sukibim\u0105 ir stabilum\u0105. Scott Aspect 960 dvirat\u012f sudaro lengvos konstrukcijos, patikim\u0173 komponent\u0173 ir patogumo derinys, tod\u0117l jis yra idealus pasirinkimas pirmiesiems MTB nuotykiams ar reguliariems pasiva\u017ein\u0117jimams kalnuose.<\/p>","protected":false},"excerpt":{"rendered":"<p>Scott Aspect 960 Orange ir kalnu velosip\u0113ds, kas \u012bpa\u0161i piem\u0113rots ies\u0101c\u0113jiem un ikdienas piedz\u012bvojumiem. Viegls alum\u012bnija r\u0101mis un Suntour XCE28 dak\u0161a ar 100 mm g\u0101jienu nodro\u0161ina stabilit\u0101ti un komfortu, braucot gan pa asfalt\u0113tu ce\u013cu, gan me\u017ea tak\u0101m. Velosip\u0113ds ir apr\u012bkots ar 16 p\u0101rnesumu sist\u0113mu, kur aizmugur\u0113jais p\u0101rsl\u0113dz\u0113js ir Shimano Tourney, bet priek\u0161\u0113jais Shimano Altus, kas [&hellip;]<\/p>\n","protected":false},"featured_media":38159,"template":"","meta":{"_monsterinsights_skip_tracking":false,"_monsterinsights_sitenote_active":false,"_monsterinsights_sitenote_note":"","_monsterinsights_sitenote_category":0,"_iconic_wsb_product_page_order_bump_ids":[[]],"_sku":["10694165922059"],"_iconic_wsb_product_page_bump_modal_ids":[[]]},"product_brand":[872],"product_cat":[980,1064,1127],"product_tag":[1522],"class_list":{"0":"post-9413","1":"product","2":"type-product","3":"status-publish","4":"has-post-thumbnail","6":"product_brand-scott","7":"product_cat-kalnu-velosipedi","8":"product_cat-scott","9":"product_cat-velosipedi","10":"product_tag-scott","11":"product_shipping_class-pieauguso-velosipedi","12":"ts_product_brand-courier_only","14":"first","15":"instock","16":"taxable","17":"shipping-taxable","18":"purchasable","19":"product-type-variable","20":"has-default-attributes","21":"wvs-archive-product-wrapper"},"yoast_head":"<!-- This site is optimized with the Yoast SEO plugin v27.2 - https:\/\/yoast.com\/product\/yoast-seo-wordpress\/ -->\n<title>SCOTT SCALE 960 \u2013 Moderns dizains un maksim\u0101ls komforts pat visgr\u016bt\u0101kaj\u0101s tras\u0113s | Velo Outlets<\/title>\n<meta name=\"description\" content=\"SCOTT velosip\u0113di Velo Outlets: Ieg\u0101d\u0101jies kalnu, gravel vai \u0161osejas velosip\u0113du ar augstu veiktsp\u0113ju un komfortu da\u017e\u0101d\u0101s brauk\u0161anas situ\u0101cij\u0101s.\" \/>\n<meta name=\"robots\" content=\"index, follow, max-snippet:-1, max-image-preview:large, max-video-preview:-1\" \/>\n<link rel=\"canonical\" href=\"https:\/\/velooutlets.com\/lt\/produktas\/scott-aspect-960-orange\/\" \/>\n<meta property=\"og:locale\" content=\"lt_LT\" \/>\n<meta property=\"og:type\" content=\"article\" \/>\n<meta property=\"og:title\" content=\"SCOTT SCALE 960 \u2013 Moderns dizains un maksim\u0101ls komforts pat visgr\u016bt\u0101kaj\u0101s tras\u0113s | Velo Outlets\" \/>\n<meta property=\"og:description\" content=\"SCOTT velosip\u0113di Velo Outlets: Ieg\u0101d\u0101jies kalnu, gravel vai \u0161osejas velosip\u0113du ar augstu veiktsp\u0113ju un komfortu da\u017e\u0101d\u0101s brauk\u0161anas situ\u0101cij\u0101s.\" \/>\n<meta property=\"og:url\" content=\"https:\/\/velooutlets.com\/lt\/produktas\/scott-aspect-960-orange\/\" \/>\n<meta property=\"og:site_name\" content=\"Velo Outlets\" \/>\n<meta property=\"article:modified_time\" content=\"2026-04-16T10:55:12+00:00\" \/>\n<meta property=\"og:image\" content=\"https:\/\/velooutlets.com\/wp-content\/uploads\/2025\/10\/290212-scaled.jpg\" \/>\n\t<meta property=\"og:image:width\" content=\"2560\" \/>\n\t<meta property=\"og:image:height\" content=\"2560\" \/>\n\t<meta property=\"og:image:type\" content=\"image\/jpeg\" \/>\n<meta name=\"twitter:card\" content=\"summary_large_image\" \/>\n<meta name=\"twitter:label1\" content=\"Est. reading time\" \/>\n\t<meta name=\"twitter:data1\" content=\"1 minut\u0117\" \/>\n<script type=\"application\/ld+json\" class=\"yoast-schema-graph\">{\"@context\":\"https:\/\/schema.org\",\"@graph\":[{\"@type\":\"WebPage\",\"@id\":\"https:\/\/velooutlets.com\/products\/scott-aspect-960-orange\/\",\"url\":\"https:\/\/velooutlets.com\/products\/scott-aspect-960-orange\/\",\"name\":\"SCOTT SCALE 960 \u2013 Moderns dizains un maksim\u0101ls komforts pat visgr\u016bt\u0101kaj\u0101s tras\u0113s | Velo Outlets\",\"isPartOf\":{\"@id\":\"https:\/\/velooutlets.com\/en\/#website\"},\"primaryImageOfPage\":{\"@id\":\"https:\/\/velooutlets.com\/products\/scott-aspect-960-orange\/#primaryimage\"},\"image\":{\"@id\":\"https:\/\/velooutlets.com\/products\/scott-aspect-960-orange\/#primaryimage\"},\"thumbnailUrl\":\"https:\/\/velooutlets.com\/wp-content\/uploads\/2025\/10\/1000200127.jpg\",\"datePublished\":\"2025-10-03T11:42:04+00:00\",\"dateModified\":\"2026-04-16T10:55:12+00:00\",\"description\":\"SCOTT velosip\u0113di Velo Outlets: Ieg\u0101d\u0101jies kalnu, gravel vai \u0161osejas velosip\u0113du ar augstu veiktsp\u0113ju un komfortu da\u017e\u0101d\u0101s brauk\u0161anas situ\u0101cij\u0101s.\",\"breadcrumb\":{\"@id\":\"https:\/\/velooutlets.com\/products\/scott-aspect-960-orange\/#breadcrumb\"},\"inLanguage\":\"lt-LT\",\"potentialAction\":[{\"@type\":\"ReadAction\",\"target\":[\"https:\/\/velooutlets.com\/products\/scott-aspect-960-orange\/\"]}]},{\"@type\":\"ImageObject\",\"inLanguage\":\"lt-LT\",\"@id\":\"https:\/\/velooutlets.com\/products\/scott-aspect-960-orange\/#primaryimage\",\"url\":\"https:\/\/velooutlets.com\/wp-content\/uploads\/2025\/10\/1000200127.jpg\",\"contentUrl\":\"https:\/\/velooutlets.com\/wp-content\/uploads\/2025\/10\/1000200127.jpg\",\"width\":554,\"height\":416},{\"@type\":\"BreadcrumbList\",\"@id\":\"https:\/\/velooutlets.com\/products\/scott-aspect-960-orange\/#breadcrumb\",\"itemListElement\":[{\"@type\":\"ListItem\",\"position\":1,\"name\":\"Home\",\"item\":\"https:\/\/velooutlets.com\/\"},{\"@type\":\"ListItem\",\"position\":2,\"name\":\"Veikals\",\"item\":\"https:\/\/velooutlets.com\/shop\/\"},{\"@type\":\"ListItem\",\"position\":3,\"name\":\"Scott Aspect 960 Orange\"}]},{\"@type\":\"WebSite\",\"@id\":\"https:\/\/velooutlets.com\/en\/#website\",\"url\":\"https:\/\/velooutlets.com\/en\/\",\"name\":\"Velo Outlets\",\"description\":\"Velosip\u0113di visai \u0123imenei\",\"potentialAction\":[{\"@type\":\"SearchAction\",\"target\":{\"@type\":\"EntryPoint\",\"urlTemplate\":\"https:\/\/velooutlets.com\/en\/?s={search_term_string}\"},\"query-input\":{\"@type\":\"PropertyValueSpecification\",\"valueRequired\":true,\"valueName\":\"search_term_string\"}}],\"inLanguage\":\"lt-LT\"}]}<\/script>\n<!-- \/ Yoast SEO plugin. -->","yoast_head_json":{"title":"SCOTT SCALE 960 \u2013 Moderns dizains un maksim\u0101ls komforts pat visgr\u016bt\u0101kaj\u0101s tras\u0113s | Velo Outlets","description":"SCOTT velosip\u0113di Velo Outlets: Ieg\u0101d\u0101jies kalnu, gravel vai \u0161osejas velosip\u0113du ar augstu veiktsp\u0113ju un komfortu da\u017e\u0101d\u0101s brauk\u0161anas situ\u0101cij\u0101s.","robots":{"index":"index","follow":"follow","max-snippet":"max-snippet:-1","max-image-preview":"max-image-preview:large","max-video-preview":"max-video-preview:-1"},"canonical":"https:\/\/velooutlets.com\/lt\/produktas\/scott-aspect-960-orange\/","og_locale":"lt_LT","og_type":"article","og_title":"SCOTT SCALE 960 \u2013 Moderns dizains un maksim\u0101ls komforts pat visgr\u016bt\u0101kaj\u0101s tras\u0113s | Velo Outlets","og_description":"SCOTT velosip\u0113di Velo Outlets: Ieg\u0101d\u0101jies kalnu, gravel vai \u0161osejas velosip\u0113du ar augstu veiktsp\u0113ju un komfortu da\u017e\u0101d\u0101s brauk\u0161anas situ\u0101cij\u0101s.","og_url":"https:\/\/velooutlets.com\/lt\/produktas\/scott-aspect-960-orange\/","og_site_name":"Velo Outlets","article_modified_time":"2026-04-16T10:55:12+00:00","og_image":[{"width":2560,"height":2560,"url":"https:\/\/velooutlets.com\/wp-content\/uploads\/2025\/10\/290212-scaled.jpg","type":"image\/jpeg"}],"twitter_card":"summary_large_image","twitter_misc":{"Est. reading time":"1 minut\u0117"},"schema":{"@context":"https:\/\/schema.org","@graph":[{"@type":"WebPage","@id":"https:\/\/velooutlets.com\/products\/scott-aspect-960-orange\/","url":"https:\/\/velooutlets.com\/products\/scott-aspect-960-orange\/","name":"SCOTT SCALE 960 \u2013 Moderns dizains un maksim\u0101ls komforts pat visgr\u016bt\u0101kaj\u0101s tras\u0113s | Velo Outlets","isPartOf":{"@id":"https:\/\/velooutlets.com\/en\/#website"},"primaryImageOfPage":{"@id":"https:\/\/velooutlets.com\/products\/scott-aspect-960-orange\/#primaryimage"},"image":{"@id":"https:\/\/velooutlets.com\/products\/scott-aspect-960-orange\/#primaryimage"},"thumbnailUrl":"https:\/\/velooutlets.com\/wp-content\/uploads\/2025\/10\/1000200127.jpg","datePublished":"2025-10-03T11:42:04+00:00","dateModified":"2026-04-16T10:55:12+00:00","description":"SCOTT velosip\u0113di Velo Outlets: Ieg\u0101d\u0101jies kalnu, gravel vai \u0161osejas velosip\u0113du ar augstu veiktsp\u0113ju un komfortu da\u017e\u0101d\u0101s brauk\u0161anas situ\u0101cij\u0101s.","breadcrumb":{"@id":"https:\/\/velooutlets.com\/products\/scott-aspect-960-orange\/#breadcrumb"},"inLanguage":"lt-LT","potentialAction":[{"@type":"ReadAction","target":["https:\/\/velooutlets.com\/products\/scott-aspect-960-orange\/"]}]},{"@type":"ImageObject","inLanguage":"lt-LT","@id":"https:\/\/velooutlets.com\/products\/scott-aspect-960-orange\/#primaryimage","url":"https:\/\/velooutlets.com\/wp-content\/uploads\/2025\/10\/1000200127.jpg","contentUrl":"https:\/\/velooutlets.com\/wp-content\/uploads\/2025\/10\/1000200127.jpg","width":554,"height":416},{"@type":"BreadcrumbList","@id":"https:\/\/velooutlets.com\/products\/scott-aspect-960-orange\/#breadcrumb","itemListElement":[{"@type":"ListItem","position":1,"name":"Home","item":"https:\/\/velooutlets.com\/"},{"@type":"ListItem","position":2,"name":"Veikals","item":"https:\/\/velooutlets.com\/shop\/"},{"@type":"ListItem","position":3,"name":"Scott Aspect 960 Orange"}]},{"@type":"WebSite","@id":"https:\/\/velooutlets.com\/en\/#website","url":"https:\/\/velooutlets.com\/en\/","name":"\"Velo Outlets","description":"Dvira\u010diai visai \u0161eimai","potentialAction":[{"@type":"SearchAction","target":{"@type":"EntryPoint","urlTemplate":"https:\/\/velooutlets.com\/en\/?s={search_term_string}"},"query-input":{"@type":"PropertyValueSpecification","valueRequired":true,"valueName":"search_term_string"}}],"inLanguage":"lt-LT"}]}},"jetpack_sharing_enabled":true,"_links":{"self":[{"href":"https:\/\/velooutlets.com\/lt\/wp-json\/wp\/v2\/product\/9413","targetHints":{"allow":["GET"]}}],"collection":[{"href":"https:\/\/velooutlets.com\/lt\/wp-json\/wp\/v2\/product"}],"about":[{"href":"https:\/\/velooutlets.com\/lt\/wp-json\/wp\/v2\/types\/product"}],"wp:featuredmedia":[{"embeddable":true,"href":"https:\/\/velooutlets.com\/lt\/wp-json\/wp\/v2\/media\/38159"}],"wp:attachment":[{"href":"https:\/\/velooutlets.com\/lt\/wp-json\/wp\/v2\/media?parent=9413"}],"wp:term":[{"taxonomy":"product_brand","embeddable":true,"href":"https:\/\/velooutlets.com\/lt\/wp-json\/wp\/v2\/product_brand?post=9413"},{"taxonomy":"product_cat","embeddable":true,"href":"https:\/\/velooutlets.com\/lt\/wp-json\/wp\/v2\/product_cat?post=9413"},{"taxonomy":"product_tag","embeddable":true,"href":"https:\/\/velooutlets.com\/lt\/wp-json\/wp\/v2\/product_tag?post=9413"}],"curies":[{"name":"wp","href":"https:\/\/api.w.org\/{rel}","templated":true}]}}