{"id":9416,"date":"2025-10-03T14:42:07","date_gmt":"2025-10-03T11:42:07","guid":{"rendered":"https:\/\/staging.velooutlets.com\/product\/scott-contessa-24\/"},"modified":"2026-04-19T15:33:29","modified_gmt":"2026-04-19T12:33:29","slug":"scott-contessa-24","status":"publish","type":"product","link":"https:\/\/velooutlets.com\/lt\/produktas\/scott-contessa-24\/","title":{"rendered":"SCOTT CONTESSA 24"},"content":{"rendered":"<p>\"SCOTT Contessa 24\" yra lengvas vaiki\u0161kas dviratis, skirtas pad\u0117ti jauniesiems dviratininkams i\u0161mokti saugiai ir patogiai va\u017ein\u0117ti mieste ir lengvesniais \u017evyrkeliais ar parko mar\u0161rutais. Jame derinamas klasikinis \"Contessa\" dizainas, ma\u017eas r\u0117mo statrams\u010dio auk\u0161tis ir paprasta, patikima \u012franga, tod\u0117l dvirat\u012f lengva valdyti ir jis draugi\u0161kas pradedantiesiems.<\/p>\n<p>Dviratis pagamintas ant lengvo, patvaraus ir vaik\u0173 ergonomikai pritaikyto \"Contessa 24 Junior\" aliumininio r\u0117mo, kurio \u017eemas r\u0117mas leid\u017eia lengvai u\u017elipti ir nulipti. Priekin\u0117 SR Suntour XCT-JR 24 \u0161ak\u0117 su 50 mm eiga su\u0161velnina nelygumus ir u\u017etikrina patogesn\u012f va\u017eiavim\u0105. Shimano Tourney 8 pavar\u0173 pavar\u0173 d\u0117\u017e\u0117 u\u017etikrina paprast\u0105 ir ai\u0161k\u0173 perjungim\u0105 jauniesiems dviratininkams.<\/p>\n<p>V formos stabd\u017eiai u\u017etikrina lengvai valdom\u0105 ir patikim\u0105 stabdym\u0105, o 24 coli\u0173 \"Kenda Booster\" padangos u\u017etikrina ger\u0105 sukibim\u0105 ir stabilum\u0105 ant \u012fvairi\u0173 pavir\u0161i\u0173. Apskritai \"Contessa 24\" yra saugus, paprastas ir lengvai naudojamas vaiki\u0161kas dviratis, padedantis ugdyti pasitik\u0117jim\u0105 savimi ant dviej\u0173 rat\u0173.<\/p>\n<p>Specifikacija:<br \/>\nR\u0117mas: Contessa 24 Junior, 6061 aliuminis, \u017eemas r\u0117mas<br \/>\n\u0160akut\u0117: SR Suntour XCT-JR 24, 50 mm<br \/>\nGrei\u010di\u0173 skai\u010dius: 1\u00d78<br \/>\nGalinis b\u0117gi\u0173 perjungiklis: Shimano RD-TX800 Tourney<br \/>\n\"Shimano SL-RS45-8R\" (sukamasis)<br \/>\nKrumpliai: aliumininiai Prowheel, 140 mm, 32T<br \/>\nKaset\u0117: SunRace CSM55, 11-34T<br \/>\nGrandin\u0117: KMC Z8.3<br \/>\nStabd\u017eiai: \"Lee-Chi TX-119L\" V formos stabd\u017eiai<br \/>\nStabd\u017ei\u0173 svirtis: \"Tektro TS325A<br \/>\nVairas: \"Junior Flat-Bar\", aliuminis, 560 mm<br \/>\nLEADTEC LCS-7130, 50 mm<br \/>\nS\u0117dyn\u0117s statramstis: aliuminis 26,8 mm, 300 mm<br \/>\nSantykis: Alex C-1000<br \/>\nPadangos: \u201dKenda K1227 Booster 24\u00d72,2\"<br \/>\nSvoris: ~11,5 kg<br \/>\nDid\u017eiausia. Sistemos svoris: 50 kg<\/p>","protected":false},"excerpt":{"rendered":"<p>SCOTT Contessa 24 ir viegls un b\u0113rniem paredz\u0113ts velosip\u0113ds, kas rad\u012bts, lai jaunie brauc\u0113ji var\u0113tu dro\u0161i un \u0113rti apg\u016bt brauk\u0161anas prasmes gan pils\u0113t\u0101, gan viegl\u0101kos grants vai parka mar\u0161rutos. Tas apvieno klasisku Contessa dizainu, zemu r\u0101mja st\u0101v\u0113\u0161anas augstumu un vienk\u0101r\u0161u, uzticamu apr\u012bkojumu, kas padara velosip\u0113du viegli kontrol\u0113jamu un draudz\u012bgu ies\u0101c\u0113jiem. Velosip\u0113ds veidots uz Contessa 24 [&hellip;]<\/p>\n","protected":false},"featured_media":35679,"template":"","meta":{"_monsterinsights_skip_tracking":false,"_monsterinsights_sitenote_active":false,"_monsterinsights_sitenote_note":"","_monsterinsights_sitenote_category":0,"_iconic_wsb_product_page_order_bump_ids":[[]],"_sku":[""],"_iconic_wsb_product_page_bump_modal_ids":[[]]},"product_brand":[872],"product_cat":[1043,1127],"product_tag":[1522],"class_list":{"0":"post-9416","1":"product","2":"type-product","3":"status-publish","4":"has-post-thumbnail","6":"product_brand-scott","7":"product_cat-pusaudzu-velosipedi-24-27-5","8":"product_cat-velosipedi","9":"product_tag-scott","10":"product_shipping_class-bernu-velosipedi","11":"pa_height-range-130-150cm","12":"pa_ramja-izmers-uni","13":"ts_product_brand-courier_only","15":"first","16":"instock","17":"sale","18":"taxable","19":"shipping-taxable","20":"purchasable","21":"product-type-simple"},"yoast_head":"<!-- This site is optimized with the Yoast SEO plugin v27.2 - https:\/\/yoast.com\/product\/yoast-seo-wordpress\/ -->\n<title>SCOTT CONTESSA 24 pusaud\u017eu velosip\u0113ds \u2013 Ide\u0101la izv\u0113le komfortabliem un dro\u0161iem piedz\u012bvojumiem | Velo Outlets<\/title>\n<meta name=\"description\" content=\"Ieg\u0101d\u0101jies SCOTT pusaud\u017eu velosip\u0113du no Velo Outlets! Izv\u0113lies kvalitat\u012bvus un uzticamus mode\u013cus, kas nodro\u0161ina augstu veiktsp\u0113ju, dro\u0161\u012bbu un komfortu.\" \/>\n<meta name=\"robots\" content=\"index, follow, max-snippet:-1, max-image-preview:large, max-video-preview:-1\" \/>\n<link rel=\"canonical\" href=\"https:\/\/velooutlets.com\/lt\/produktas\/scott-contessa-24\/\" \/>\n<meta property=\"og:locale\" content=\"lt_LT\" \/>\n<meta property=\"og:type\" content=\"article\" \/>\n<meta property=\"og:title\" content=\"SCOTT CONTESSA 24 pusaud\u017eu velosip\u0113ds \u2013 Ide\u0101la izv\u0113le komfortabliem un dro\u0161iem piedz\u012bvojumiem | Velo Outlets\" \/>\n<meta property=\"og:description\" content=\"Ieg\u0101d\u0101jies SCOTT pusaud\u017eu velosip\u0113du no Velo Outlets! Izv\u0113lies kvalitat\u012bvus un uzticamus mode\u013cus, kas nodro\u0161ina augstu veiktsp\u0113ju, dro\u0161\u012bbu un komfortu.\" \/>\n<meta property=\"og:url\" content=\"https:\/\/velooutlets.com\/lt\/produktas\/scott-contessa-24\/\" \/>\n<meta property=\"og:site_name\" content=\"Velo Outlets\" \/>\n<meta property=\"article:modified_time\" content=\"2026-04-19T12:33:29+00:00\" \/>\n<meta property=\"og:image\" content=\"https:\/\/velooutlets.com\/wp-content\/uploads\/2025\/10\/1000191774.jpg\" \/>\n\t<meta property=\"og:image:width\" content=\"2016\" \/>\n\t<meta property=\"og:image:height\" content=\"1512\" \/>\n\t<meta property=\"og:image:type\" content=\"image\/jpeg\" \/>\n<meta name=\"twitter:card\" content=\"summary_large_image\" \/>\n<meta name=\"twitter:label1\" content=\"Est. reading time\" \/>\n\t<meta name=\"twitter:data1\" content=\"1 minut\u0117\" \/>\n<script type=\"application\/ld+json\" class=\"yoast-schema-graph\">{\"@context\":\"https:\/\/schema.org\",\"@graph\":[{\"@type\":\"WebPage\",\"@id\":\"https:\/\/velooutlets.com\/products\/scott-contessa-24\/\",\"url\":\"https:\/\/velooutlets.com\/products\/scott-contessa-24\/\",\"name\":\"SCOTT CONTESSA 24 pusaud\u017eu velosip\u0113ds \u2013 Ide\u0101la izv\u0113le komfortabliem un dro\u0161iem piedz\u012bvojumiem | Velo Outlets\",\"isPartOf\":{\"@id\":\"https:\/\/velooutlets.com\/en\/#website\"},\"primaryImageOfPage\":{\"@id\":\"https:\/\/velooutlets.com\/products\/scott-contessa-24\/#primaryimage\"},\"image\":{\"@id\":\"https:\/\/velooutlets.com\/products\/scott-contessa-24\/#primaryimage\"},\"thumbnailUrl\":\"https:\/\/velooutlets.com\/wp-content\/uploads\/2025\/10\/1000191774.jpg\",\"datePublished\":\"2025-10-03T11:42:07+00:00\",\"dateModified\":\"2026-04-19T12:33:29+00:00\",\"description\":\"Ieg\u0101d\u0101jies SCOTT pusaud\u017eu velosip\u0113du no Velo Outlets! Izv\u0113lies kvalitat\u012bvus un uzticamus mode\u013cus, kas nodro\u0161ina augstu veiktsp\u0113ju, dro\u0161\u012bbu un komfortu.\",\"breadcrumb\":{\"@id\":\"https:\/\/velooutlets.com\/products\/scott-contessa-24\/#breadcrumb\"},\"inLanguage\":\"lt-LT\",\"potentialAction\":[{\"@type\":\"ReadAction\",\"target\":[\"https:\/\/velooutlets.com\/products\/scott-contessa-24\/\"]}]},{\"@type\":\"ImageObject\",\"inLanguage\":\"lt-LT\",\"@id\":\"https:\/\/velooutlets.com\/products\/scott-contessa-24\/#primaryimage\",\"url\":\"https:\/\/velooutlets.com\/wp-content\/uploads\/2025\/10\/1000191774.jpg\",\"contentUrl\":\"https:\/\/velooutlets.com\/wp-content\/uploads\/2025\/10\/1000191774.jpg\",\"width\":2016,\"height\":1512},{\"@type\":\"BreadcrumbList\",\"@id\":\"https:\/\/velooutlets.com\/products\/scott-contessa-24\/#breadcrumb\",\"itemListElement\":[{\"@type\":\"ListItem\",\"position\":1,\"name\":\"Home\",\"item\":\"https:\/\/velooutlets.com\/\"},{\"@type\":\"ListItem\",\"position\":2,\"name\":\"Veikals\",\"item\":\"https:\/\/velooutlets.com\/shop\/\"},{\"@type\":\"ListItem\",\"position\":3,\"name\":\"SCOTT CONTESSA 24\"}]},{\"@type\":\"WebSite\",\"@id\":\"https:\/\/velooutlets.com\/en\/#website\",\"url\":\"https:\/\/velooutlets.com\/en\/\",\"name\":\"Velo Outlets\",\"description\":\"Velosip\u0113di visai \u0123imenei\",\"potentialAction\":[{\"@type\":\"SearchAction\",\"target\":{\"@type\":\"EntryPoint\",\"urlTemplate\":\"https:\/\/velooutlets.com\/en\/?s={search_term_string}\"},\"query-input\":{\"@type\":\"PropertyValueSpecification\",\"valueRequired\":true,\"valueName\":\"search_term_string\"}}],\"inLanguage\":\"lt-LT\"}]}<\/script>\n<!-- \/ Yoast SEO plugin. -->","yoast_head_json":{"title":"SCOTT CONTESSA 24 pusaud\u017eu velosip\u0113ds \u2013 Ide\u0101la izv\u0113le komfortabliem un dro\u0161iem piedz\u012bvojumiem | Velo Outlets","description":"Ieg\u0101d\u0101jies SCOTT pusaud\u017eu velosip\u0113du no Velo Outlets! Izv\u0113lies kvalitat\u012bvus un uzticamus mode\u013cus, kas nodro\u0161ina augstu veiktsp\u0113ju, dro\u0161\u012bbu un komfortu.","robots":{"index":"index","follow":"follow","max-snippet":"max-snippet:-1","max-image-preview":"max-image-preview:large","max-video-preview":"max-video-preview:-1"},"canonical":"https:\/\/velooutlets.com\/lt\/produktas\/scott-contessa-24\/","og_locale":"lt_LT","og_type":"article","og_title":"SCOTT CONTESSA 24 pusaud\u017eu velosip\u0113ds \u2013 Ide\u0101la izv\u0113le komfortabliem un dro\u0161iem piedz\u012bvojumiem | Velo Outlets","og_description":"Ieg\u0101d\u0101jies SCOTT pusaud\u017eu velosip\u0113du no Velo Outlets! Izv\u0113lies kvalitat\u012bvus un uzticamus mode\u013cus, kas nodro\u0161ina augstu veiktsp\u0113ju, dro\u0161\u012bbu un komfortu.","og_url":"https:\/\/velooutlets.com\/lt\/produktas\/scott-contessa-24\/","og_site_name":"Velo Outlets","article_modified_time":"2026-04-19T12:33:29+00:00","og_image":[{"width":2016,"height":1512,"url":"https:\/\/velooutlets.com\/wp-content\/uploads\/2025\/10\/1000191774.jpg","type":"image\/jpeg"}],"twitter_card":"summary_large_image","twitter_misc":{"Est. reading time":"1 minut\u0117"},"schema":{"@context":"https:\/\/schema.org","@graph":[{"@type":"WebPage","@id":"https:\/\/velooutlets.com\/products\/scott-contessa-24\/","url":"https:\/\/velooutlets.com\/products\/scott-contessa-24\/","name":"SCOTT CONTESSA 24 pusaud\u017eu velosip\u0113ds \u2013 Ide\u0101la izv\u0113le komfortabliem un dro\u0161iem piedz\u012bvojumiem | Velo Outlets","isPartOf":{"@id":"https:\/\/velooutlets.com\/en\/#website"},"primaryImageOfPage":{"@id":"https:\/\/velooutlets.com\/products\/scott-contessa-24\/#primaryimage"},"image":{"@id":"https:\/\/velooutlets.com\/products\/scott-contessa-24\/#primaryimage"},"thumbnailUrl":"https:\/\/velooutlets.com\/wp-content\/uploads\/2025\/10\/1000191774.jpg","datePublished":"2025-10-03T11:42:07+00:00","dateModified":"2026-04-19T12:33:29+00:00","description":"Ieg\u0101d\u0101jies SCOTT pusaud\u017eu velosip\u0113du no Velo Outlets! Izv\u0113lies kvalitat\u012bvus un uzticamus mode\u013cus, kas nodro\u0161ina augstu veiktsp\u0113ju, dro\u0161\u012bbu un komfortu.","breadcrumb":{"@id":"https:\/\/velooutlets.com\/products\/scott-contessa-24\/#breadcrumb"},"inLanguage":"lt-LT","potentialAction":[{"@type":"ReadAction","target":["https:\/\/velooutlets.com\/products\/scott-contessa-24\/"]}]},{"@type":"ImageObject","inLanguage":"lt-LT","@id":"https:\/\/velooutlets.com\/products\/scott-contessa-24\/#primaryimage","url":"https:\/\/velooutlets.com\/wp-content\/uploads\/2025\/10\/1000191774.jpg","contentUrl":"https:\/\/velooutlets.com\/wp-content\/uploads\/2025\/10\/1000191774.jpg","width":2016,"height":1512},{"@type":"BreadcrumbList","@id":"https:\/\/velooutlets.com\/products\/scott-contessa-24\/#breadcrumb","itemListElement":[{"@type":"ListItem","position":1,"name":"Home","item":"https:\/\/velooutlets.com\/"},{"@type":"ListItem","position":2,"name":"Veikals","item":"https:\/\/velooutlets.com\/shop\/"},{"@type":"ListItem","position":3,"name":"SCOTT CONTESSA 24"}]},{"@type":"WebSite","@id":"https:\/\/velooutlets.com\/en\/#website","url":"https:\/\/velooutlets.com\/en\/","name":"\"Velo Outlets","description":"Dvira\u010diai visai \u0161eimai","potentialAction":[{"@type":"SearchAction","target":{"@type":"EntryPoint","urlTemplate":"https:\/\/velooutlets.com\/en\/?s={search_term_string}"},"query-input":{"@type":"PropertyValueSpecification","valueRequired":true,"valueName":"search_term_string"}}],"inLanguage":"lt-LT"}]}},"jetpack_sharing_enabled":true,"_links":{"self":[{"href":"https:\/\/velooutlets.com\/lt\/wp-json\/wp\/v2\/product\/9416","targetHints":{"allow":["GET"]}}],"collection":[{"href":"https:\/\/velooutlets.com\/lt\/wp-json\/wp\/v2\/product"}],"about":[{"href":"https:\/\/velooutlets.com\/lt\/wp-json\/wp\/v2\/types\/product"}],"wp:featuredmedia":[{"embeddable":true,"href":"https:\/\/velooutlets.com\/lt\/wp-json\/wp\/v2\/media\/35679"}],"wp:attachment":[{"href":"https:\/\/velooutlets.com\/lt\/wp-json\/wp\/v2\/media?parent=9416"}],"wp:term":[{"taxonomy":"product_brand","embeddable":true,"href":"https:\/\/velooutlets.com\/lt\/wp-json\/wp\/v2\/product_brand?post=9416"},{"taxonomy":"product_cat","embeddable":true,"href":"https:\/\/velooutlets.com\/lt\/wp-json\/wp\/v2\/product_cat?post=9416"},{"taxonomy":"product_tag","embeddable":true,"href":"https:\/\/velooutlets.com\/lt\/wp-json\/wp\/v2\/product_tag?post=9416"}],"curies":[{"name":"wp","href":"https:\/\/api.w.org\/{rel}","templated":true}]}}