{"id":9419,"date":"2025-10-03T14:42:09","date_gmt":"2025-10-03T11:42:09","guid":{"rendered":"https:\/\/staging.velooutlets.com\/product\/scott-contessa-active-30\/"},"modified":"2026-04-19T15:24:52","modified_gmt":"2026-04-19T12:24:52","slug":"scott-contessa-active-30-l","status":"publish","type":"product","link":"https:\/\/velooutlets.com\/lt\/produktas\/scott-contessa-active-30-l\/","title":{"rendered":"SCOTT Contessa Active 30 CU"},"content":{"rendered":"<p>\"SCOTT Contessa Active 30\" yra patogus ir patikimas moteri\u0161kas kaln\u0173 dviratis, skirtas aktyviam laisvalaikiui, fitneso pasiva\u017ein\u0117jimams ir lengviems bekel\u0117s mar\u0161rutams. Jame suderintas lengvas aliuminio r\u0117mas, auk\u0161tos kokyb\u0117s pakaba ir paprasti, bet patvar\u016bs komponentai, u\u017etikrinantys stabil\u0173 ir malon\u0173 va\u017eiavim\u0105 \u012fvairiomis s\u0105lygomis.<\/p>\n<p>Dviratis pagamintas ant \"Contessa Active 700\/900\" aliuminio r\u0117mo, kuris yra lengvas, bet tvirtas ir tinkamas kasdieniam naudojimui. Priekin\u0117 \"Suntour XCR32-LO-R\" \u0161ak\u0117 su 100 mm eiga, u\u017erakinimu ir reguliuojama spyruokle padeda efektyviai sugerti nelygumus ir prisitaikyti tiek prie miesto gatvi\u0173, tiek prie \u017evyrkeli\u0173. Shimano Alivio 18 pavar\u0173 transmisija u\u017etikrina plat\u0173 ir skland\u0173 pavar\u0173 diapazon\u0105 tiek \u012fkaln\u0117se, tiek ramiai va\u017eiuojant lyguma.<\/p>\n<p>\"Shimano\" hidrauliniai diskiniai stabd\u017eiai u\u017etikrina patikim\u0105 ir tiksl\u0173 stabdym\u0105 bet kokiomis oro s\u0105lygomis, o pla\u010dios \"Kenda Booster\" padangos pagerina sukibim\u0105 ir patogum\u0105 ant nelygaus pavir\u0161iaus. Apskritai \"Contessa Active 30\" yra universalus, stabilus ir patogus dviratis, puikiai tinkantis tiek kasdieniam naudojimui, tiek lauko pramogoms.<\/p>\n<p>Specifikacija:<br \/>\nR\u0117mas: \"Contessa Active 700\/900\", 6061 aliuminis (pagal u\u017esakym\u0105, su vidiniu kabeli\u0173 valdymu)<br \/>\n\u0160ak\u0117: \"Suntour XCR32-LO-R\", 100 mm, hidraulinis blokavimas, at\u0161okimo reguliavimas<br \/>\nGrei\u010di\u0173 skai\u010dius: 18 (2\u00d79)<br \/>\nGalinis b\u0117gi\u0173 perjungiklis: Shimano Alivio RD-3100<br \/>\nPriekinis b\u0117gi\u0173 perjungiklis: Shimano FD-M3120 Side Swing<br \/>\n\"Shimano SL-M3100 R-fire Plus<br \/>\nKrumpliai: \"Shimano FC-MT210-2\", 36\/22T<br \/>\nKaset\u0117: \"Shimano CS-HG200-9\", 11-36T<br \/>\nGrandin\u0117: KMC X9<br \/>\nStabd\u017eiai: \"Shimano BR-MT200\" hidrauliniai diskiniai, 160 mm<br \/>\n\"Syncros X-20 Disc\", 32H<br \/>\nStebul\u0117: Shimano HB-TX505 \/ FH-TX5058<br \/>\nPadangos: \u201dKenda Booster 2.4\"<br \/>\nVairas: \"Syncros 3.0\", 680 mm<br \/>\nPerformance Syncros 3.0, 7\u00b0<br \/>\nS\u0117dyn\u0117s stovas: Syncros 3.0, 31,6 mm<br \/>\nS\u0117dyn\u0117: Syncros Savona 2.5 V-Concept<br \/>\nSvoris: ~14 kg<br \/>\nDid\u017eiausia. Sistemos svoris: 128 kg<\/p>","protected":false},"excerpt":{"rendered":"<p>SCOTT Contessa Active 30 ir \u0113rts un uzticams sievie\u0161u kalnu velosip\u0113ds, kas paredz\u0113ts akt\u012bvai atp\u016btai, fitnesa braucieniem un viegliem bezce\u013ca mar\u0161rutiem. Tas apvieno vieglu alum\u012bnija r\u0101mi, kvalitat\u012bvu piekari un vienk\u0101r\u0161u, bet iztur\u012bgu komponentu komplektu, nodro\u0161inot stabilu un pat\u012bkamu brauk\u0161anas pieredzi da\u017e\u0101dos apst\u0101k\u013cos. Velosip\u0113ds veidots uz Contessa Active 700\/900 alum\u012bnija r\u0101mja, kas ir viegls, bet stingrs [&hellip;]<\/p>\n","protected":false},"featured_media":35784,"template":"","meta":{"_monsterinsights_skip_tracking":false,"_monsterinsights_sitenote_active":false,"_monsterinsights_sitenote_note":"","_monsterinsights_sitenote_category":0,"_iconic_wsb_product_page_order_bump_ids":[[]],"_sku":["10694205407499"],"_iconic_wsb_product_page_bump_modal_ids":[[]]},"product_brand":[872],"product_cat":[980,1127],"product_tag":[1522],"class_list":{"0":"post-9419","1":"product","2":"type-product","3":"status-publish","4":"has-post-thumbnail","6":"product_brand-scott","7":"product_cat-kalnu-velosipedi","8":"product_cat-velosipedi","9":"product_tag-scott","10":"product_shipping_class-pieauguso-velosipedi","11":"ts_product_brand-courier_only","13":"first","14":"outofstock","15":"sale","16":"taxable","17":"shipping-taxable","18":"purchasable","19":"product-type-variable","20":"wvs-archive-product-wrapper"},"yoast_head":"<!-- This site is optimized with the Yoast SEO plugin v27.2 - https:\/\/yoast.com\/product\/yoast-seo-wordpress\/ -->\n<title>SCOTT Contessa Active 30 \u2013 Augst\u0101k\u0101s kvalit\u0101tes risin\u0101jums izaicino\u0161iem braucieniem | Velo Outlet<\/title>\n<meta name=\"description\" content=\"SCOTT velosip\u0113di Velo Outlets: Ieg\u0101d\u0101jies \u0161osejas, kalnu vai gravel velosip\u0113du ar augstu veiktsp\u0113ju un komfortu da\u017e\u0101d\u0101s brauk\u0161anas situ\u0101cij\u0101s.\" \/>\n<meta name=\"robots\" content=\"index, follow, max-snippet:-1, max-image-preview:large, max-video-preview:-1\" \/>\n<link rel=\"canonical\" href=\"https:\/\/velooutlets.com\/lt\/produktas\/scott-contessa-active-30-l\/\" \/>\n<meta property=\"og:locale\" content=\"lt_LT\" \/>\n<meta property=\"og:type\" content=\"article\" \/>\n<meta property=\"og:title\" content=\"SCOTT Contessa Active 30 \u2013 Augst\u0101k\u0101s kvalit\u0101tes risin\u0101jums izaicino\u0161iem braucieniem | Velo Outlet\" \/>\n<meta property=\"og:description\" content=\"SCOTT velosip\u0113di Velo Outlets: Ieg\u0101d\u0101jies \u0161osejas, kalnu vai gravel velosip\u0113du ar augstu veiktsp\u0113ju un komfortu da\u017e\u0101d\u0101s brauk\u0161anas situ\u0101cij\u0101s.\" \/>\n<meta property=\"og:url\" content=\"https:\/\/velooutlets.com\/lt\/produktas\/scott-contessa-active-30-l\/\" \/>\n<meta property=\"og:site_name\" content=\"Velo Outlets\" \/>\n<meta property=\"article:modified_time\" content=\"2026-04-19T12:24:52+00:00\" \/>\n<meta property=\"og:image\" content=\"https:\/\/velooutlets.com\/wp-content\/uploads\/2025\/10\/296310.jpg\" \/>\n\t<meta property=\"og:image:width\" content=\"2000\" \/>\n\t<meta property=\"og:image:height\" content=\"2000\" \/>\n\t<meta property=\"og:image:type\" content=\"image\/jpeg\" \/>\n<meta name=\"twitter:card\" content=\"summary_large_image\" \/>\n<meta name=\"twitter:label1\" content=\"Est. reading time\" \/>\n\t<meta name=\"twitter:data1\" content=\"2 minut\u0117s\" \/>\n<script type=\"application\/ld+json\" class=\"yoast-schema-graph\">{\"@context\":\"https:\/\/schema.org\",\"@graph\":[{\"@type\":\"WebPage\",\"@id\":\"https:\/\/velooutlets.com\/products\/scott-contessa-active-30-l\/\",\"url\":\"https:\/\/velooutlets.com\/products\/scott-contessa-active-30-l\/\",\"name\":\"SCOTT Contessa Active 30 \u2013 Augst\u0101k\u0101s kvalit\u0101tes risin\u0101jums izaicino\u0161iem braucieniem | Velo Outlet\",\"isPartOf\":{\"@id\":\"https:\/\/velooutlets.com\/en\/#website\"},\"primaryImageOfPage\":{\"@id\":\"https:\/\/velooutlets.com\/products\/scott-contessa-active-30-l\/#primaryimage\"},\"image\":{\"@id\":\"https:\/\/velooutlets.com\/products\/scott-contessa-active-30-l\/#primaryimage\"},\"thumbnailUrl\":\"https:\/\/velooutlets.com\/wp-content\/uploads\/2025\/10\/296310.jpg\",\"datePublished\":\"2025-10-03T11:42:09+00:00\",\"dateModified\":\"2026-04-19T12:24:52+00:00\",\"description\":\"SCOTT velosip\u0113di Velo Outlets: Ieg\u0101d\u0101jies \u0161osejas, kalnu vai gravel velosip\u0113du ar augstu veiktsp\u0113ju un komfortu da\u017e\u0101d\u0101s brauk\u0161anas situ\u0101cij\u0101s.\",\"breadcrumb\":{\"@id\":\"https:\/\/velooutlets.com\/products\/scott-contessa-active-30-l\/#breadcrumb\"},\"inLanguage\":\"lt-LT\",\"potentialAction\":[{\"@type\":\"ReadAction\",\"target\":[\"https:\/\/velooutlets.com\/products\/scott-contessa-active-30-l\/\"]}]},{\"@type\":\"ImageObject\",\"inLanguage\":\"lt-LT\",\"@id\":\"https:\/\/velooutlets.com\/products\/scott-contessa-active-30-l\/#primaryimage\",\"url\":\"https:\/\/velooutlets.com\/wp-content\/uploads\/2025\/10\/296310.jpg\",\"contentUrl\":\"https:\/\/velooutlets.com\/wp-content\/uploads\/2025\/10\/296310.jpg\",\"width\":2000,\"height\":2000},{\"@type\":\"BreadcrumbList\",\"@id\":\"https:\/\/velooutlets.com\/products\/scott-contessa-active-30-l\/#breadcrumb\",\"itemListElement\":[{\"@type\":\"ListItem\",\"position\":1,\"name\":\"Home\",\"item\":\"https:\/\/velooutlets.com\/\"},{\"@type\":\"ListItem\",\"position\":2,\"name\":\"Veikals\",\"item\":\"https:\/\/velooutlets.com\/shop\/\"},{\"@type\":\"ListItem\",\"position\":3,\"name\":\"SCOTT Contessa Active 30 CU\"}]},{\"@type\":\"WebSite\",\"@id\":\"https:\/\/velooutlets.com\/en\/#website\",\"url\":\"https:\/\/velooutlets.com\/en\/\",\"name\":\"Velo Outlets\",\"description\":\"Velosip\u0113di visai \u0123imenei\",\"potentialAction\":[{\"@type\":\"SearchAction\",\"target\":{\"@type\":\"EntryPoint\",\"urlTemplate\":\"https:\/\/velooutlets.com\/en\/?s={search_term_string}\"},\"query-input\":{\"@type\":\"PropertyValueSpecification\",\"valueRequired\":true,\"valueName\":\"search_term_string\"}}],\"inLanguage\":\"lt-LT\"}]}<\/script>\n<!-- \/ Yoast SEO plugin. -->","yoast_head_json":{"title":"SCOTT Contessa Active 30 \u2013 Augst\u0101k\u0101s kvalit\u0101tes risin\u0101jums izaicino\u0161iem braucieniem | Velo Outlet","description":"SCOTT velosip\u0113di Velo Outlets: Ieg\u0101d\u0101jies \u0161osejas, kalnu vai gravel velosip\u0113du ar augstu veiktsp\u0113ju un komfortu da\u017e\u0101d\u0101s brauk\u0161anas situ\u0101cij\u0101s.","robots":{"index":"index","follow":"follow","max-snippet":"max-snippet:-1","max-image-preview":"max-image-preview:large","max-video-preview":"max-video-preview:-1"},"canonical":"https:\/\/velooutlets.com\/lt\/produktas\/scott-contessa-active-30-l\/","og_locale":"lt_LT","og_type":"article","og_title":"SCOTT Contessa Active 30 \u2013 Augst\u0101k\u0101s kvalit\u0101tes risin\u0101jums izaicino\u0161iem braucieniem | Velo Outlet","og_description":"SCOTT velosip\u0113di Velo Outlets: Ieg\u0101d\u0101jies \u0161osejas, kalnu vai gravel velosip\u0113du ar augstu veiktsp\u0113ju un komfortu da\u017e\u0101d\u0101s brauk\u0161anas situ\u0101cij\u0101s.","og_url":"https:\/\/velooutlets.com\/lt\/produktas\/scott-contessa-active-30-l\/","og_site_name":"Velo Outlets","article_modified_time":"2026-04-19T12:24:52+00:00","og_image":[{"width":2000,"height":2000,"url":"https:\/\/velooutlets.com\/wp-content\/uploads\/2025\/10\/296310.jpg","type":"image\/jpeg"}],"twitter_card":"summary_large_image","twitter_misc":{"Est. reading time":"2 minut\u0117s"},"schema":{"@context":"https:\/\/schema.org","@graph":[{"@type":"WebPage","@id":"https:\/\/velooutlets.com\/products\/scott-contessa-active-30-l\/","url":"https:\/\/velooutlets.com\/products\/scott-contessa-active-30-l\/","name":"SCOTT Contessa Active 30 \u2013 Augst\u0101k\u0101s kvalit\u0101tes risin\u0101jums izaicino\u0161iem braucieniem | Velo Outlet","isPartOf":{"@id":"https:\/\/velooutlets.com\/en\/#website"},"primaryImageOfPage":{"@id":"https:\/\/velooutlets.com\/products\/scott-contessa-active-30-l\/#primaryimage"},"image":{"@id":"https:\/\/velooutlets.com\/products\/scott-contessa-active-30-l\/#primaryimage"},"thumbnailUrl":"https:\/\/velooutlets.com\/wp-content\/uploads\/2025\/10\/296310.jpg","datePublished":"2025-10-03T11:42:09+00:00","dateModified":"2026-04-19T12:24:52+00:00","description":"SCOTT velosip\u0113di Velo Outlets: Ieg\u0101d\u0101jies \u0161osejas, kalnu vai gravel velosip\u0113du ar augstu veiktsp\u0113ju un komfortu da\u017e\u0101d\u0101s brauk\u0161anas situ\u0101cij\u0101s.","breadcrumb":{"@id":"https:\/\/velooutlets.com\/products\/scott-contessa-active-30-l\/#breadcrumb"},"inLanguage":"lt-LT","potentialAction":[{"@type":"ReadAction","target":["https:\/\/velooutlets.com\/products\/scott-contessa-active-30-l\/"]}]},{"@type":"ImageObject","inLanguage":"lt-LT","@id":"https:\/\/velooutlets.com\/products\/scott-contessa-active-30-l\/#primaryimage","url":"https:\/\/velooutlets.com\/wp-content\/uploads\/2025\/10\/296310.jpg","contentUrl":"https:\/\/velooutlets.com\/wp-content\/uploads\/2025\/10\/296310.jpg","width":2000,"height":2000},{"@type":"BreadcrumbList","@id":"https:\/\/velooutlets.com\/products\/scott-contessa-active-30-l\/#breadcrumb","itemListElement":[{"@type":"ListItem","position":1,"name":"Home","item":"https:\/\/velooutlets.com\/"},{"@type":"ListItem","position":2,"name":"Veikals","item":"https:\/\/velooutlets.com\/shop\/"},{"@type":"ListItem","position":3,"name":"SCOTT Contessa Active 30 CU"}]},{"@type":"WebSite","@id":"https:\/\/velooutlets.com\/en\/#website","url":"https:\/\/velooutlets.com\/en\/","name":"\"Velo Outlets","description":"Dvira\u010diai visai \u0161eimai","potentialAction":[{"@type":"SearchAction","target":{"@type":"EntryPoint","urlTemplate":"https:\/\/velooutlets.com\/en\/?s={search_term_string}"},"query-input":{"@type":"PropertyValueSpecification","valueRequired":true,"valueName":"search_term_string"}}],"inLanguage":"lt-LT"}]}},"jetpack_sharing_enabled":true,"_links":{"self":[{"href":"https:\/\/velooutlets.com\/lt\/wp-json\/wp\/v2\/product\/9419","targetHints":{"allow":["GET"]}}],"collection":[{"href":"https:\/\/velooutlets.com\/lt\/wp-json\/wp\/v2\/product"}],"about":[{"href":"https:\/\/velooutlets.com\/lt\/wp-json\/wp\/v2\/types\/product"}],"wp:featuredmedia":[{"embeddable":true,"href":"https:\/\/velooutlets.com\/lt\/wp-json\/wp\/v2\/media\/35784"}],"wp:attachment":[{"href":"https:\/\/velooutlets.com\/lt\/wp-json\/wp\/v2\/media?parent=9419"}],"wp:term":[{"taxonomy":"product_brand","embeddable":true,"href":"https:\/\/velooutlets.com\/lt\/wp-json\/wp\/v2\/product_brand?post=9419"},{"taxonomy":"product_cat","embeddable":true,"href":"https:\/\/velooutlets.com\/lt\/wp-json\/wp\/v2\/product_cat?post=9419"},{"taxonomy":"product_tag","embeddable":true,"href":"https:\/\/velooutlets.com\/lt\/wp-json\/wp\/v2\/product_tag?post=9419"}],"curies":[{"name":"wp","href":"https:\/\/api.w.org\/{rel}","templated":true}]}}