{"id":9481,"date":"2025-10-03T11:42:32","date_gmt":"2025-10-03T11:42:32","guid":{"rendered":"https:\/\/staging.velooutlets.com\/product\/scott-contrail-30-violet-pink-2026\/"},"modified":"2026-03-25T10:42:25","modified_gmt":"2026-03-25T08:42:25","slug":"scott-contrail-30-violet-pink-2026","status":"publish","type":"product","link":"https:\/\/velooutlets.com\/lt\/produktas\/scott-contrail-30-violet-pink-2026\/","title":{"rendered":"Scott Contrail 30 \u2013 Violet Pink 2026"},"content":{"rendered":"<p data-start=\"209\" data-end=\"552\">\"Scott Contrail 30\" yra patikimas kaln\u0173 dviratis pradedantiesiems MTB dviratininkams ir tiems, kurie nori stabiliai va\u017eiuoti kasdien. Dviratis sujungia tvirt\u0105 aliuminio r\u0117m\u0105 ir priekin\u0119 100 mm eigos \u0161ak\u0119, kuri efektyviai sugeria nelygumus, tod\u0117l juo patogu va\u017eiuoti ir miesto gatv\u0117mis, ir lengvais mi\u0161ko takeliais.<\/p>\n<p data-start=\"554\" data-end=\"968\">Tarp funkcij\u0173 - \"Shimano CUES\" 9 pavar\u0173 sistema, u\u017etikrinanti skland\u0173 ir tiksl\u0173 perjungim\u0105, ir \"Tektro HDM275\" hidrauliniai diskiniai stabd\u017eiai, u\u017etikrinantys saug\u0173 stabdym\u0105 net ir sud\u0117tingomis s\u0105lygomis. Puik\u0173 sukibim\u0105 ir stabilum\u0105 u\u017etikrina \"Maxxis Rekon Race\" 29\u00d72,4 colio padangos. Scott Contrail 30 yra puikus pasirinkimas tiems, kurie nori saugaus, patogaus ir patvaraus kaln\u0173 dvira\u010dio, kad gal\u0117t\u0173 m\u0117gautis kiekviena kelione.<\/p>","protected":false},"excerpt":{"rendered":"<p>Scott Contrail 30 ir uzticams kalnu velosip\u0113ds, kas paredz\u0113ts gan ies\u0101c\u0113jiem MTB pasaul\u0113, gan tiem, kuri v\u0113las stabilu braucamr\u012bku ikdienas lieto\u0161anai. Velosip\u0113ds apvieno iztur\u012bgu alum\u012bnija r\u0101mi ar priek\u0161\u0113jo dak\u0161u ar 100 mm g\u0101jienu, kas efekt\u012bvi absorb\u0113 nel\u012bdzenumus, padarot brauk\u0161anu komfortablu gan pils\u0113tas iel\u0101s, gan vieglos me\u017ea takos. Apr\u012bkojums ietver Shimano CUES 9 p\u0101rnesumu sist\u0113mu, kas [&hellip;]<\/p>\n","protected":false},"featured_media":10471,"template":"","meta":{"_monsterinsights_skip_tracking":false,"_monsterinsights_sitenote_active":false,"_monsterinsights_sitenote_note":"","_monsterinsights_sitenote_category":0,"_iconic_wsb_product_page_order_bump_ids":[[]],"_sku":["10667791483147"],"_iconic_wsb_product_page_bump_modal_ids":[[]]},"product_brand":[872],"product_cat":[980,1065,1127],"product_tag":[1522],"class_list":{"0":"post-9481","1":"product","2":"type-product","3":"status-publish","4":"has-post-thumbnail","6":"product_brand-scott","7":"product_cat-kalnu-velosipedi","8":"product_cat-scott-2026","9":"product_cat-velosipedi","10":"product_tag-scott","11":"product_shipping_class-pieauguso-velosipedi","12":"pa_razosanas-gads-1253","13":"ts_product_brand-courier_only","15":"first","16":"instock","17":"sale","18":"taxable","19":"shipping-taxable","20":"purchasable","21":"product-type-variable","22":"has-default-attributes","23":"wvs-archive-product-wrapper"},"yoast_head":"<!-- This site is optimized with the Yoast SEO plugin v27.2 - https:\/\/yoast.com\/product\/yoast-seo-wordpress\/ -->\n<title>Scott Contrail 30 \u2013 Violet Pink 2026 - Velo Outlets<\/title>\n<meta name=\"robots\" content=\"index, follow, max-snippet:-1, max-image-preview:large, max-video-preview:-1\" \/>\n<link rel=\"canonical\" href=\"https:\/\/velooutlets.com\/lt\/produktas\/scott-contrail-30-violet-pink-2026\/\" \/>\n<meta property=\"og:locale\" content=\"lt_LT\" \/>\n<meta property=\"og:type\" content=\"article\" \/>\n<meta property=\"og:title\" content=\"Scott Contrail 30 \u2013 Violet Pink 2026 - Velo Outlets\" \/>\n<meta property=\"og:description\" content=\"Scott Contrail 30 ir uzticams kalnu velosip\u0113ds, kas paredz\u0113ts gan ies\u0101c\u0113jiem MTB pasaul\u0113, gan tiem, kuri v\u0113las stabilu braucamr\u012bku ikdienas lieto\u0161anai. Velosip\u0113ds apvieno iztur\u012bgu alum\u012bnija r\u0101mi ar priek\u0161\u0113jo dak\u0161u ar 100 mm g\u0101jienu, kas efekt\u012bvi absorb\u0113 nel\u012bdzenumus, padarot brauk\u0161anu komfortablu gan pils\u0113tas iel\u0101s, gan vieglos me\u017ea takos. Apr\u012bkojums ietver Shimano CUES 9 p\u0101rnesumu sist\u0113mu, kas [&hellip;]\" \/>\n<meta property=\"og:url\" content=\"https:\/\/velooutlets.com\/lt\/produktas\/scott-contrail-30-violet-pink-2026\/\" \/>\n<meta property=\"og:site_name\" content=\"Velo Outlets\" \/>\n<meta property=\"article:modified_time\" content=\"2026-03-25T08:42:25+00:00\" \/>\n<meta property=\"og:image\" content=\"https:\/\/velooutlets.com\/wp-content\/uploads\/2025\/10\/Screenshot2025-08-12155401.jpg\" \/>\n\t<meta property=\"og:image:width\" content=\"1714\" \/>\n\t<meta property=\"og:image:height\" content=\"1102\" \/>\n\t<meta property=\"og:image:type\" content=\"image\/jpeg\" \/>\n<meta name=\"twitter:card\" content=\"summary_large_image\" \/>\n<meta name=\"twitter:label1\" content=\"Est. reading time\" \/>\n\t<meta name=\"twitter:data1\" content=\"1 minut\u0117\" \/>\n<script type=\"application\/ld+json\" class=\"yoast-schema-graph\">{\"@context\":\"https:\/\/schema.org\",\"@graph\":[{\"@type\":\"WebPage\",\"@id\":\"https:\/\/velooutlets.com\/products\/scott-contrail-30-violet-pink-2026\/\",\"url\":\"https:\/\/velooutlets.com\/products\/scott-contrail-30-violet-pink-2026\/\",\"name\":\"Scott Contrail 30 \u2013 Violet Pink 2026 - Velo Outlets\",\"isPartOf\":{\"@id\":\"https:\/\/velooutlets.com\/en\/#website\"},\"primaryImageOfPage\":{\"@id\":\"https:\/\/velooutlets.com\/products\/scott-contrail-30-violet-pink-2026\/#primaryimage\"},\"image\":{\"@id\":\"https:\/\/velooutlets.com\/products\/scott-contrail-30-violet-pink-2026\/#primaryimage\"},\"thumbnailUrl\":\"https:\/\/velooutlets.com\/wp-content\/uploads\/2025\/10\/Screenshot2025-08-12155401.jpg\",\"datePublished\":\"2025-10-03T11:42:32+00:00\",\"dateModified\":\"2026-03-25T08:42:25+00:00\",\"breadcrumb\":{\"@id\":\"https:\/\/velooutlets.com\/products\/scott-contrail-30-violet-pink-2026\/#breadcrumb\"},\"inLanguage\":\"lt-LT\",\"potentialAction\":[{\"@type\":\"ReadAction\",\"target\":[\"https:\/\/velooutlets.com\/products\/scott-contrail-30-violet-pink-2026\/\"]}]},{\"@type\":\"ImageObject\",\"inLanguage\":\"lt-LT\",\"@id\":\"https:\/\/velooutlets.com\/products\/scott-contrail-30-violet-pink-2026\/#primaryimage\",\"url\":\"https:\/\/velooutlets.com\/wp-content\/uploads\/2025\/10\/Screenshot2025-08-12155401.jpg\",\"contentUrl\":\"https:\/\/velooutlets.com\/wp-content\/uploads\/2025\/10\/Screenshot2025-08-12155401.jpg\",\"width\":1714,\"height\":1102},{\"@type\":\"BreadcrumbList\",\"@id\":\"https:\/\/velooutlets.com\/products\/scott-contrail-30-violet-pink-2026\/#breadcrumb\",\"itemListElement\":[{\"@type\":\"ListItem\",\"position\":1,\"name\":\"Home\",\"item\":\"https:\/\/velooutlets.com\/\"},{\"@type\":\"ListItem\",\"position\":2,\"name\":\"Veikals\",\"item\":\"https:\/\/velooutlets.com\/shop\/\"},{\"@type\":\"ListItem\",\"position\":3,\"name\":\"Scott Contrail 30 \u2013 Violet Pink 2026\"}]},{\"@type\":\"WebSite\",\"@id\":\"https:\/\/velooutlets.com\/en\/#website\",\"url\":\"https:\/\/velooutlets.com\/en\/\",\"name\":\"Velo Outlets\",\"description\":\"Velosip\u0113di visai \u0123imenei\",\"potentialAction\":[{\"@type\":\"SearchAction\",\"target\":{\"@type\":\"EntryPoint\",\"urlTemplate\":\"https:\/\/velooutlets.com\/en\/?s={search_term_string}\"},\"query-input\":{\"@type\":\"PropertyValueSpecification\",\"valueRequired\":true,\"valueName\":\"search_term_string\"}}],\"inLanguage\":\"lt-LT\"}]}<\/script>\n<!-- \/ Yoast SEO plugin. -->","yoast_head_json":{"title":"Scott Contrail 30 \u2013 Violet Pink 2026 - Velo Outlets","robots":{"index":"index","follow":"follow","max-snippet":"max-snippet:-1","max-image-preview":"max-image-preview:large","max-video-preview":"max-video-preview:-1"},"canonical":"https:\/\/velooutlets.com\/lt\/produktas\/scott-contrail-30-violet-pink-2026\/","og_locale":"lt_LT","og_type":"article","og_title":"Scott Contrail 30 \u2013 Violet Pink 2026 - Velo Outlets","og_description":"Scott Contrail 30 ir uzticams kalnu velosip\u0113ds, kas paredz\u0113ts gan ies\u0101c\u0113jiem MTB pasaul\u0113, gan tiem, kuri v\u0113las stabilu braucamr\u012bku ikdienas lieto\u0161anai. Velosip\u0113ds apvieno iztur\u012bgu alum\u012bnija r\u0101mi ar priek\u0161\u0113jo dak\u0161u ar 100 mm g\u0101jienu, kas efekt\u012bvi absorb\u0113 nel\u012bdzenumus, padarot brauk\u0161anu komfortablu gan pils\u0113tas iel\u0101s, gan vieglos me\u017ea takos. Apr\u012bkojums ietver Shimano CUES 9 p\u0101rnesumu sist\u0113mu, kas [&hellip;]","og_url":"https:\/\/velooutlets.com\/lt\/produktas\/scott-contrail-30-violet-pink-2026\/","og_site_name":"Velo Outlets","article_modified_time":"2026-03-25T08:42:25+00:00","og_image":[{"width":1714,"height":1102,"url":"https:\/\/velooutlets.com\/wp-content\/uploads\/2025\/10\/Screenshot2025-08-12155401.jpg","type":"image\/jpeg"}],"twitter_card":"summary_large_image","twitter_misc":{"Est. reading time":"1 minut\u0117"},"schema":{"@context":"https:\/\/schema.org","@graph":[{"@type":"WebPage","@id":"https:\/\/velooutlets.com\/products\/scott-contrail-30-violet-pink-2026\/","url":"https:\/\/velooutlets.com\/products\/scott-contrail-30-violet-pink-2026\/","name":"Scott Contrail 30 \u2013 Violet Pink 2026 - Velo Outlets","isPartOf":{"@id":"https:\/\/velooutlets.com\/en\/#website"},"primaryImageOfPage":{"@id":"https:\/\/velooutlets.com\/products\/scott-contrail-30-violet-pink-2026\/#primaryimage"},"image":{"@id":"https:\/\/velooutlets.com\/products\/scott-contrail-30-violet-pink-2026\/#primaryimage"},"thumbnailUrl":"https:\/\/velooutlets.com\/wp-content\/uploads\/2025\/10\/Screenshot2025-08-12155401.jpg","datePublished":"2025-10-03T11:42:32+00:00","dateModified":"2026-03-25T08:42:25+00:00","breadcrumb":{"@id":"https:\/\/velooutlets.com\/products\/scott-contrail-30-violet-pink-2026\/#breadcrumb"},"inLanguage":"lt-LT","potentialAction":[{"@type":"ReadAction","target":["https:\/\/velooutlets.com\/products\/scott-contrail-30-violet-pink-2026\/"]}]},{"@type":"ImageObject","inLanguage":"lt-LT","@id":"https:\/\/velooutlets.com\/products\/scott-contrail-30-violet-pink-2026\/#primaryimage","url":"https:\/\/velooutlets.com\/wp-content\/uploads\/2025\/10\/Screenshot2025-08-12155401.jpg","contentUrl":"https:\/\/velooutlets.com\/wp-content\/uploads\/2025\/10\/Screenshot2025-08-12155401.jpg","width":1714,"height":1102},{"@type":"BreadcrumbList","@id":"https:\/\/velooutlets.com\/products\/scott-contrail-30-violet-pink-2026\/#breadcrumb","itemListElement":[{"@type":"ListItem","position":1,"name":"Home","item":"https:\/\/velooutlets.com\/"},{"@type":"ListItem","position":2,"name":"Veikals","item":"https:\/\/velooutlets.com\/shop\/"},{"@type":"ListItem","position":3,"name":"Scott Contrail 30 \u2013 Violet Pink 2026"}]},{"@type":"WebSite","@id":"https:\/\/velooutlets.com\/en\/#website","url":"https:\/\/velooutlets.com\/en\/","name":"\"Velo Outlets","description":"Dvira\u010diai visai \u0161eimai","potentialAction":[{"@type":"SearchAction","target":{"@type":"EntryPoint","urlTemplate":"https:\/\/velooutlets.com\/en\/?s={search_term_string}"},"query-input":{"@type":"PropertyValueSpecification","valueRequired":true,"valueName":"search_term_string"}}],"inLanguage":"lt-LT"}]}},"jetpack_sharing_enabled":true,"_links":{"self":[{"href":"https:\/\/velooutlets.com\/lt\/wp-json\/wp\/v2\/product\/9481","targetHints":{"allow":["GET"]}}],"collection":[{"href":"https:\/\/velooutlets.com\/lt\/wp-json\/wp\/v2\/product"}],"about":[{"href":"https:\/\/velooutlets.com\/lt\/wp-json\/wp\/v2\/types\/product"}],"wp:featuredmedia":[{"embeddable":true,"href":"https:\/\/velooutlets.com\/lt\/wp-json\/wp\/v2\/media\/10471"}],"wp:attachment":[{"href":"https:\/\/velooutlets.com\/lt\/wp-json\/wp\/v2\/media?parent=9481"}],"wp:term":[{"taxonomy":"product_brand","embeddable":true,"href":"https:\/\/velooutlets.com\/lt\/wp-json\/wp\/v2\/product_brand?post=9481"},{"taxonomy":"product_cat","embeddable":true,"href":"https:\/\/velooutlets.com\/lt\/wp-json\/wp\/v2\/product_cat?post=9481"},{"taxonomy":"product_tag","embeddable":true,"href":"https:\/\/velooutlets.com\/lt\/wp-json\/wp\/v2\/product_tag?post=9481"}],"curies":[{"name":"wp","href":"https:\/\/api.w.org\/{rel}","templated":true}]}}