{"id":9495,"date":"2025-10-03T14:42:39","date_gmt":"2025-10-03T11:42:39","guid":{"rendered":"https:\/\/staging.velooutlets.com\/product\/scott-roxter-20-silver-20\/"},"modified":"2026-04-19T15:24:52","modified_gmt":"2026-04-19T12:24:52","slug":"scott-roxter-20-silver-20","status":"publish","type":"product","link":"https:\/\/velooutlets.com\/lt\/produktas\/scott-roxter-20-silver-20\/","title":{"rendered":"SCOTT Roxter 20 Silver"},"content":{"rendered":"<p>\u201dSCOTT Roxter 20\" yra lengvas ir patvarus vaiki\u0161kas dviratis, skirtas jauniems ma\u017edaug 115 cm \u016bgio dviratininkams. Jis sukurtas taip, kad va\u017eiavimas b\u016bt\u0173 saugus, stabilus ir kartu smagus tiek mieste, tiek lengvesniais takeliais. Pla\u010dios 2,6 colio padangos suteikia daugiau komforto ir sukibimo, tod\u0117l pirmuosiuose nuotykiuose lengvai ir u\u017etikrintai \u012fveiksite nelygius pavir\u0161ius.<\/p>\n<p>Dviratis pagamintas ant \"Roxter 20 PLUS\" aliuminio r\u0117mo, kuris yra lengvas, bet labai patvarus kasdieniam naudojimui. Standi aliuminio \u0161ak\u0117 u\u017etikrina tiesiogin\u012f valdym\u0105 ir paprastum\u0105, o 8 pavar\u0173 \"Shimano\" pavar\u0173 d\u0117\u017e\u0117 suteikia didel\u012f pavar\u0173 diapazon\u0105 tiek lygumoms, tiek \u012fkaln\u0117ms. Paprastas sukamasis perjungiklis leid\u017eia vaikui lengvai ir intuityviai keisti grei\u010dius.<\/p>\n<p>Mechaniniai diskiniai stabd\u017eiai u\u017etikrina patikim\u0105 ir nusp\u0117jam\u0105 stabdym\u0105 \u012fvairiomis oro s\u0105lygomis, o tai ypa\u010d svarbu jauniems vairuotojams. Apskritai \"Roxter 20\" yra patikimas, paprastas ir patvarus vaiki\u0161kas dviratis, padedantis ugdyti pasitik\u0117jim\u0105 savimi ir va\u017eiavimo \u012fg\u016bd\u017eius.<\/p>\n<p>Specifikacija:<br \/>\nR\u0117mas: Roxter 20 PLUS Junior, aliuminis 6061<br \/>\n\u0160akut\u0117: AL-6061 standi \u0161akut\u0117<br \/>\nGrei\u010di\u0173 skai\u010dius: 1\u00d78<br \/>\nGalinis b\u0117gi\u0173 perjungiklis: Shimano RD-TX800 Tourney<br \/>\n\"Shimano SL-RS45-8R\" (sukamasis)<br \/>\nKrumpliai: Prowheel aliuminis, 36T<br \/>\nKaset\u0117: SunRace CSM55, 11-34T, 8 grei\u010diai<br \/>\nGrandin\u0117: KMC Z8.3<br \/>\nStabd\u017eiai: \"Tektro SCM-02\" mechaniniai diskiniai, 160 mm<br \/>\nStabd\u017ei\u0173 svirtis: Tektro JL-510<br \/>\nVairas: Junior Flat-Bar, 560 mm<br \/>\nLEADTEC LCS-7130, 50 mm<br \/>\nS\u0117dyn\u0117s kotas: aliuminis 26,8 mm<br \/>\nSantykiai: Spindintis MP-32 diskas<br \/>\nPadangos: \u201dKenda K1080 SlantSix 20\u00d72,6\"<br \/>\nSvoris: ~10,3 kg<br \/>\nDid\u017eiausia. Sistemos svoris: 50 kg<\/p>","protected":false},"excerpt":{"rendered":"<p>SCOTT Roxter 20 ir viegls un iztur\u012bgs b\u0113rnu velosip\u0113ds, kas paredz\u0113ts jaunajiem brauc\u0113jiem no aptuveni 115 cm auguma. Tas ir rad\u012bts, lai padar\u012btu brauk\u0161anu dro\u0161u, stabilu un vienlaikus jautru gan pils\u0113t\u0101, gan viegl\u0101kos tak\u0101s. Plat\u0101s 2.6\u201d riepas nodro\u0161ina liel\u0101ku komfortu un sa\u0137eri, pal\u012bdzot viegl\u0101k p\u0101rvar\u0113t nel\u012bdzenu segumu un sniedzot p\u0101rliec\u012bbu pirmajos piedz\u012bvojumos. Velosip\u0113ds veidots uz [&hellip;]<\/p>\n","protected":false},"featured_media":35694,"template":"","meta":{"_monsterinsights_skip_tracking":false,"_monsterinsights_sitenote_active":false,"_monsterinsights_sitenote_note":"","_monsterinsights_sitenote_category":0,"_iconic_wsb_product_page_order_bump_ids":[],"_sku":[""],"_iconic_wsb_product_page_bump_modal_ids":[]},"product_brand":[872],"product_cat":[932,1127],"product_tag":[1522],"class_list":{"0":"post-9495","1":"product","2":"type-product","3":"status-publish","4":"has-post-thumbnail","6":"product_brand-scott","7":"product_cat-bernu-velosipedi","8":"product_cat-velosipedi","9":"product_tag-scott","10":"product_shipping_class-bernu-velosipedi","11":"pa_height-range-115-135cm","12":"pa_ramja-izmers-uni","13":"ts_product_brand-courier_only","15":"first","16":"instock","17":"sale","18":"taxable","19":"shipping-taxable","20":"purchasable","21":"product-type-simple"},"yoast_head":"<!-- This site is optimized with the Yoast SEO plugin v27.2 - https:\/\/yoast.com\/product\/yoast-seo-wordpress\/ -->\n<title>SCOTT Roxter 20 Silver pusaud\u017eu velosip\u0113ds \u2013 Kvalit\u0101te, komforts un dro\u0161\u012bba piedz\u012bvojumu mekl\u0113t\u0101jiem visos apst\u0101k\u013cos | Velo Outlets<\/title>\n<meta name=\"description\" content=\"SCOTT pusaud\u017eu velosip\u0113di Velo Outlets: Izv\u0113lies komfortablus, stabilus un kvalitat\u012bvus velosip\u0113dus, kas veidoti dro\u0161iem un \u0113rtiem izbraucieniem gan pils\u0113t\u0101, gan dabas tak\u0101s.\" \/>\n<meta name=\"robots\" content=\"index, follow, max-snippet:-1, max-image-preview:large, max-video-preview:-1\" \/>\n<link rel=\"canonical\" href=\"https:\/\/velooutlets.com\/lt\/produktas\/scott-roxter-20-silver-20\/\" \/>\n<meta property=\"og:locale\" content=\"lt_LT\" \/>\n<meta property=\"og:type\" content=\"article\" \/>\n<meta property=\"og:title\" content=\"SCOTT Roxter 20 Silver pusaud\u017eu velosip\u0113ds \u2013 Kvalit\u0101te, komforts un dro\u0161\u012bba piedz\u012bvojumu mekl\u0113t\u0101jiem visos apst\u0101k\u013cos | Velo Outlets\" \/>\n<meta property=\"og:description\" content=\"SCOTT pusaud\u017eu velosip\u0113di Velo Outlets: Izv\u0113lies komfortablus, stabilus un kvalitat\u012bvus velosip\u0113dus, kas veidoti dro\u0161iem un \u0113rtiem izbraucieniem gan pils\u0113t\u0101, gan dabas tak\u0101s.\" \/>\n<meta property=\"og:url\" content=\"https:\/\/velooutlets.com\/lt\/produktas\/scott-roxter-20-silver-20\/\" \/>\n<meta property=\"og:site_name\" content=\"Velo Outlets\" \/>\n<meta property=\"article:modified_time\" content=\"2026-04-19T12:24:52+00:00\" \/>\n<meta property=\"og:image\" content=\"https:\/\/velooutlets.com\/wp-content\/uploads\/2025\/10\/1000191804.jpg\" \/>\n\t<meta property=\"og:image:width\" content=\"2016\" \/>\n\t<meta property=\"og:image:height\" content=\"1512\" \/>\n\t<meta property=\"og:image:type\" content=\"image\/jpeg\" \/>\n<meta name=\"twitter:card\" content=\"summary_large_image\" \/>\n<meta name=\"twitter:label1\" content=\"Est. reading time\" \/>\n\t<meta name=\"twitter:data1\" content=\"1 minut\u0117\" \/>\n<script type=\"application\/ld+json\" class=\"yoast-schema-graph\">{\"@context\":\"https:\/\/schema.org\",\"@graph\":[{\"@type\":\"WebPage\",\"@id\":\"https:\/\/velooutlets.com\/products\/scott-roxter-20-silver-20\/\",\"url\":\"https:\/\/velooutlets.com\/products\/scott-roxter-20-silver-20\/\",\"name\":\"SCOTT Roxter 20 Silver pusaud\u017eu velosip\u0113ds \u2013 Kvalit\u0101te, komforts un dro\u0161\u012bba piedz\u012bvojumu mekl\u0113t\u0101jiem visos apst\u0101k\u013cos | Velo Outlets\",\"isPartOf\":{\"@id\":\"https:\/\/velooutlets.com\/en\/#website\"},\"primaryImageOfPage\":{\"@id\":\"https:\/\/velooutlets.com\/products\/scott-roxter-20-silver-20\/#primaryimage\"},\"image\":{\"@id\":\"https:\/\/velooutlets.com\/products\/scott-roxter-20-silver-20\/#primaryimage\"},\"thumbnailUrl\":\"https:\/\/velooutlets.com\/wp-content\/uploads\/2025\/10\/1000191804.jpg\",\"datePublished\":\"2025-10-03T11:42:39+00:00\",\"dateModified\":\"2026-04-19T12:24:52+00:00\",\"description\":\"SCOTT pusaud\u017eu velosip\u0113di Velo Outlets: Izv\u0113lies komfortablus, stabilus un kvalitat\u012bvus velosip\u0113dus, kas veidoti dro\u0161iem un \u0113rtiem izbraucieniem gan pils\u0113t\u0101, gan dabas tak\u0101s.\",\"breadcrumb\":{\"@id\":\"https:\/\/velooutlets.com\/products\/scott-roxter-20-silver-20\/#breadcrumb\"},\"inLanguage\":\"lt-LT\",\"potentialAction\":[{\"@type\":\"ReadAction\",\"target\":[\"https:\/\/velooutlets.com\/products\/scott-roxter-20-silver-20\/\"]}]},{\"@type\":\"ImageObject\",\"inLanguage\":\"lt-LT\",\"@id\":\"https:\/\/velooutlets.com\/products\/scott-roxter-20-silver-20\/#primaryimage\",\"url\":\"https:\/\/velooutlets.com\/wp-content\/uploads\/2025\/10\/1000191804.jpg\",\"contentUrl\":\"https:\/\/velooutlets.com\/wp-content\/uploads\/2025\/10\/1000191804.jpg\",\"width\":2016,\"height\":1512},{\"@type\":\"BreadcrumbList\",\"@id\":\"https:\/\/velooutlets.com\/products\/scott-roxter-20-silver-20\/#breadcrumb\",\"itemListElement\":[{\"@type\":\"ListItem\",\"position\":1,\"name\":\"Home\",\"item\":\"https:\/\/velooutlets.com\/\"},{\"@type\":\"ListItem\",\"position\":2,\"name\":\"Veikals\",\"item\":\"https:\/\/velooutlets.com\/shop\/\"},{\"@type\":\"ListItem\",\"position\":3,\"name\":\"SCOTT Roxter 20 Silver\"}]},{\"@type\":\"WebSite\",\"@id\":\"https:\/\/velooutlets.com\/en\/#website\",\"url\":\"https:\/\/velooutlets.com\/en\/\",\"name\":\"Velo Outlets\",\"description\":\"Velosip\u0113di visai \u0123imenei\",\"potentialAction\":[{\"@type\":\"SearchAction\",\"target\":{\"@type\":\"EntryPoint\",\"urlTemplate\":\"https:\/\/velooutlets.com\/en\/?s={search_term_string}\"},\"query-input\":{\"@type\":\"PropertyValueSpecification\",\"valueRequired\":true,\"valueName\":\"search_term_string\"}}],\"inLanguage\":\"lt-LT\"}]}<\/script>\n<!-- \/ Yoast SEO plugin. -->","yoast_head_json":{"title":"SCOTT Roxter 20 Silver pusaud\u017eu velosip\u0113ds \u2013 Kvalit\u0101te, komforts un dro\u0161\u012bba piedz\u012bvojumu mekl\u0113t\u0101jiem visos apst\u0101k\u013cos | Velo Outlets","description":"SCOTT pusaud\u017eu velosip\u0113di Velo Outlets: Izv\u0113lies komfortablus, stabilus un kvalitat\u012bvus velosip\u0113dus, kas veidoti dro\u0161iem un \u0113rtiem izbraucieniem gan pils\u0113t\u0101, gan dabas tak\u0101s.","robots":{"index":"index","follow":"follow","max-snippet":"max-snippet:-1","max-image-preview":"max-image-preview:large","max-video-preview":"max-video-preview:-1"},"canonical":"https:\/\/velooutlets.com\/lt\/produktas\/scott-roxter-20-silver-20\/","og_locale":"lt_LT","og_type":"article","og_title":"SCOTT Roxter 20 Silver pusaud\u017eu velosip\u0113ds \u2013 Kvalit\u0101te, komforts un dro\u0161\u012bba piedz\u012bvojumu mekl\u0113t\u0101jiem visos apst\u0101k\u013cos | Velo Outlets","og_description":"SCOTT pusaud\u017eu velosip\u0113di Velo Outlets: Izv\u0113lies komfortablus, stabilus un kvalitat\u012bvus velosip\u0113dus, kas veidoti dro\u0161iem un \u0113rtiem izbraucieniem gan pils\u0113t\u0101, gan dabas tak\u0101s.","og_url":"https:\/\/velooutlets.com\/lt\/produktas\/scott-roxter-20-silver-20\/","og_site_name":"Velo Outlets","article_modified_time":"2026-04-19T12:24:52+00:00","og_image":[{"width":2016,"height":1512,"url":"https:\/\/velooutlets.com\/wp-content\/uploads\/2025\/10\/1000191804.jpg","type":"image\/jpeg"}],"twitter_card":"summary_large_image","twitter_misc":{"Est. reading time":"1 minut\u0117"},"schema":{"@context":"https:\/\/schema.org","@graph":[{"@type":"WebPage","@id":"https:\/\/velooutlets.com\/products\/scott-roxter-20-silver-20\/","url":"https:\/\/velooutlets.com\/products\/scott-roxter-20-silver-20\/","name":"SCOTT Roxter 20 Silver pusaud\u017eu velosip\u0113ds \u2013 Kvalit\u0101te, komforts un dro\u0161\u012bba piedz\u012bvojumu mekl\u0113t\u0101jiem visos apst\u0101k\u013cos | Velo Outlets","isPartOf":{"@id":"https:\/\/velooutlets.com\/en\/#website"},"primaryImageOfPage":{"@id":"https:\/\/velooutlets.com\/products\/scott-roxter-20-silver-20\/#primaryimage"},"image":{"@id":"https:\/\/velooutlets.com\/products\/scott-roxter-20-silver-20\/#primaryimage"},"thumbnailUrl":"https:\/\/velooutlets.com\/wp-content\/uploads\/2025\/10\/1000191804.jpg","datePublished":"2025-10-03T11:42:39+00:00","dateModified":"2026-04-19T12:24:52+00:00","description":"SCOTT pusaud\u017eu velosip\u0113di Velo Outlets: Izv\u0113lies komfortablus, stabilus un kvalitat\u012bvus velosip\u0113dus, kas veidoti dro\u0161iem un \u0113rtiem izbraucieniem gan pils\u0113t\u0101, gan dabas tak\u0101s.","breadcrumb":{"@id":"https:\/\/velooutlets.com\/products\/scott-roxter-20-silver-20\/#breadcrumb"},"inLanguage":"lt-LT","potentialAction":[{"@type":"ReadAction","target":["https:\/\/velooutlets.com\/products\/scott-roxter-20-silver-20\/"]}]},{"@type":"ImageObject","inLanguage":"lt-LT","@id":"https:\/\/velooutlets.com\/products\/scott-roxter-20-silver-20\/#primaryimage","url":"https:\/\/velooutlets.com\/wp-content\/uploads\/2025\/10\/1000191804.jpg","contentUrl":"https:\/\/velooutlets.com\/wp-content\/uploads\/2025\/10\/1000191804.jpg","width":2016,"height":1512},{"@type":"BreadcrumbList","@id":"https:\/\/velooutlets.com\/products\/scott-roxter-20-silver-20\/#breadcrumb","itemListElement":[{"@type":"ListItem","position":1,"name":"Home","item":"https:\/\/velooutlets.com\/"},{"@type":"ListItem","position":2,"name":"Veikals","item":"https:\/\/velooutlets.com\/shop\/"},{"@type":"ListItem","position":3,"name":"SCOTT Roxter 20 Silver"}]},{"@type":"WebSite","@id":"https:\/\/velooutlets.com\/en\/#website","url":"https:\/\/velooutlets.com\/en\/","name":"\"Velo Outlets","description":"Dvira\u010diai visai \u0161eimai","potentialAction":[{"@type":"SearchAction","target":{"@type":"EntryPoint","urlTemplate":"https:\/\/velooutlets.com\/en\/?s={search_term_string}"},"query-input":{"@type":"PropertyValueSpecification","valueRequired":true,"valueName":"search_term_string"}}],"inLanguage":"lt-LT"}]}},"jetpack_sharing_enabled":true,"_links":{"self":[{"href":"https:\/\/velooutlets.com\/lt\/wp-json\/wp\/v2\/product\/9495","targetHints":{"allow":["GET"]}}],"collection":[{"href":"https:\/\/velooutlets.com\/lt\/wp-json\/wp\/v2\/product"}],"about":[{"href":"https:\/\/velooutlets.com\/lt\/wp-json\/wp\/v2\/types\/product"}],"wp:featuredmedia":[{"embeddable":true,"href":"https:\/\/velooutlets.com\/lt\/wp-json\/wp\/v2\/media\/35694"}],"wp:attachment":[{"href":"https:\/\/velooutlets.com\/lt\/wp-json\/wp\/v2\/media?parent=9495"}],"wp:term":[{"taxonomy":"product_brand","embeddable":true,"href":"https:\/\/velooutlets.com\/lt\/wp-json\/wp\/v2\/product_brand?post=9495"},{"taxonomy":"product_cat","embeddable":true,"href":"https:\/\/velooutlets.com\/lt\/wp-json\/wp\/v2\/product_cat?post=9495"},{"taxonomy":"product_tag","embeddable":true,"href":"https:\/\/velooutlets.com\/lt\/wp-json\/wp\/v2\/product_tag?post=9495"}],"curies":[{"name":"wp","href":"https:\/\/api.w.org\/{rel}","templated":true}]}}