{"id":9556,"date":"2025-10-03T11:43:07","date_gmt":"2025-10-03T11:43:07","guid":{"rendered":"https:\/\/staging.velooutlets.com\/product\/scott-scale-930-black-2026\/"},"modified":"2026-03-26T11:38:53","modified_gmt":"2026-03-26T09:38:53","slug":"scott-scale-930-black-2026","status":"publish","type":"product","link":"https:\/\/velooutlets.com\/lt\/produktas\/scott-scale-930-black-2026\/","title":{"rendered":"Scott Scale 930 - Juoda 2026"},"content":{"rendered":"<p data-start=\"2242\" data-end=\"2671\">\"Scott Scale 930\" yra patvarus aliumininis kaln\u0173 dviratis, puikiai tinkantis tiek aktyviam poilsiui, tiek techni\u0161kiems takams. Jo \"Scale Alloy 6061\" r\u0117mas su vidiniu laid\u0173 pravedimu suteikia \u0161vari\u0105 ir moderni\u0105 i\u0161vaizd\u0105 bei patikim\u0105 konstrukcij\u0105, kuri i\u0161laiko stabilum\u0105 sta\u010diose \u012fkaln\u0117se. D\u0117l \"RockShox Judy Silver TK\" \u0161ak\u0117s su \"PopLoc\" fiksavimo sistema galite greitai pritaikyti pakab\u0105 \u012fvairiems pavir\u0161iams - nuo lygaus asfalto iki nelygi\u0173 mi\u0161ko tak\u0173.<\/p>\n<p data-start=\"2673\" data-end=\"3105\">SRAM 12 pavar\u0173 transmisija si\u016blo plat\u0173 pavar\u0173 diapazon\u0105, kad gal\u0117tum\u0117te i\u0161laikyti ritm\u0105 ir didinti greit\u012f va\u017eiuodami taku ir \u017eemyn. \"Syncros Duncan Dropper\" grotel\u0117s ir \"Alex X-25 Tubeless Ready\" ratai su \"Maxxis Rekon Race\" padangomis u\u017etikrina patogum\u0105, saug\u0173 manevravim\u0105 ir puik\u0173 sukibim\u0105. Scott Scale 930 skirtas visiems kaln\u0173 dviratininkams, kurie nori suderinti greit\u012f, patogum\u0105 ir kontrol\u0119 technin\u0117mis ir kintamomis s\u0105lygomis.<\/p>","protected":false},"excerpt":{"rendered":"<p>Scott Scale 930 ir iztur\u012bgs alum\u012bnija kalnu velosip\u0113ds, kas lieliski piem\u0113rots gan akt\u012bvai atp\u016btai, gan tehnisk\u0101m tras\u0113m. T\u0101 Scale Alloy 6061 r\u0101mis ar iek\u0161\u0113jo kabe\u013cu vad\u012bbu nodro\u0161ina t\u012bru un m\u016bsdien\u012bgu izskatu, k\u0101 ar\u012b uzticamu strukt\u016bru, kas saglab\u0101 stabilit\u0101ti st\u0101vos k\u0101pumos. RockShox Judy Silver TK dak\u0161a ar PopLoc blo\u0137\u0113\u0161anas sist\u0113mu \u013cauj \u0101tri piel\u0101got piekari da\u017e\u0101diem segumiem, [&hellip;]<\/p>\n","protected":false},"featured_media":10515,"template":"","meta":{"_monsterinsights_skip_tracking":false,"_monsterinsights_sitenote_active":false,"_monsterinsights_sitenote_note":"","_monsterinsights_sitenote_category":0,"_iconic_wsb_product_page_order_bump_ids":[[]],"_sku":["10667774312715"],"_iconic_wsb_product_page_bump_modal_ids":[[]]},"product_brand":[872],"product_cat":[980,1065,1127],"product_tag":[1522],"class_list":{"0":"post-9556","1":"product","2":"type-product","3":"status-publish","4":"has-post-thumbnail","6":"product_brand-scott","7":"product_cat-kalnu-velosipedi","8":"product_cat-scott-2026","9":"product_cat-velosipedi","10":"product_tag-scott","11":"product_shipping_class-pieauguso-velosipedi","12":"pa_razosanas-gads-1253","13":"ts_product_brand-courier_only","15":"first","16":"instock","17":"sale","18":"taxable","19":"shipping-taxable","20":"purchasable","21":"product-type-variable","22":"has-default-attributes","23":"wvs-archive-product-wrapper"},"yoast_head":"<!-- This site is optimized with the Yoast SEO plugin v27.2 - https:\/\/yoast.com\/product\/yoast-seo-wordpress\/ -->\n<title>Scott Scale 930 \u2013 Black 2026 - Velo Outlets<\/title>\n<meta name=\"robots\" content=\"index, follow, max-snippet:-1, max-image-preview:large, max-video-preview:-1\" \/>\n<link rel=\"canonical\" href=\"https:\/\/velooutlets.com\/lt\/produktas\/scott-scale-930-black-2026\/\" \/>\n<meta property=\"og:locale\" content=\"lt_LT\" \/>\n<meta property=\"og:type\" content=\"article\" \/>\n<meta property=\"og:title\" content=\"Scott Scale 930 \u2013 Black 2026 - Velo Outlets\" \/>\n<meta property=\"og:description\" content=\"Scott Scale 930 ir iztur\u012bgs alum\u012bnija kalnu velosip\u0113ds, kas lieliski piem\u0113rots gan akt\u012bvai atp\u016btai, gan tehnisk\u0101m tras\u0113m. T\u0101 Scale Alloy 6061 r\u0101mis ar iek\u0161\u0113jo kabe\u013cu vad\u012bbu nodro\u0161ina t\u012bru un m\u016bsdien\u012bgu izskatu, k\u0101 ar\u012b uzticamu strukt\u016bru, kas saglab\u0101 stabilit\u0101ti st\u0101vos k\u0101pumos. RockShox Judy Silver TK dak\u0161a ar PopLoc blo\u0137\u0113\u0161anas sist\u0113mu \u013cauj \u0101tri piel\u0101got piekari da\u017e\u0101diem segumiem, [&hellip;]\" \/>\n<meta property=\"og:url\" content=\"https:\/\/velooutlets.com\/lt\/produktas\/scott-scale-930-black-2026\/\" \/>\n<meta property=\"og:site_name\" content=\"Velo Outlets\" \/>\n<meta property=\"article:modified_time\" content=\"2026-03-26T09:38:53+00:00\" \/>\n<meta property=\"og:image\" content=\"https:\/\/velooutlets.com\/wp-content\/uploads\/2025\/10\/Screenshot2025-08-12151804.jpg\" \/>\n\t<meta property=\"og:image:width\" content=\"1462\" \/>\n\t<meta property=\"og:image:height\" content=\"1009\" \/>\n\t<meta property=\"og:image:type\" content=\"image\/jpeg\" \/>\n<meta name=\"twitter:card\" content=\"summary_large_image\" \/>\n<meta name=\"twitter:label1\" content=\"Est. reading time\" \/>\n\t<meta name=\"twitter:data1\" content=\"2 minut\u0117s\" \/>\n<script type=\"application\/ld+json\" class=\"yoast-schema-graph\">{\"@context\":\"https:\/\/schema.org\",\"@graph\":[{\"@type\":\"WebPage\",\"@id\":\"https:\/\/velooutlets.com\/products\/scott-scale-930-black-2026\/\",\"url\":\"https:\/\/velooutlets.com\/products\/scott-scale-930-black-2026\/\",\"name\":\"Scott Scale 930 \u2013 Black 2026 - Velo Outlets\",\"isPartOf\":{\"@id\":\"https:\/\/velooutlets.com\/en\/#website\"},\"primaryImageOfPage\":{\"@id\":\"https:\/\/velooutlets.com\/products\/scott-scale-930-black-2026\/#primaryimage\"},\"image\":{\"@id\":\"https:\/\/velooutlets.com\/products\/scott-scale-930-black-2026\/#primaryimage\"},\"thumbnailUrl\":\"https:\/\/velooutlets.com\/wp-content\/uploads\/2025\/10\/Screenshot2025-08-12151804.jpg\",\"datePublished\":\"2025-10-03T11:43:07+00:00\",\"dateModified\":\"2026-03-26T09:38:53+00:00\",\"breadcrumb\":{\"@id\":\"https:\/\/velooutlets.com\/products\/scott-scale-930-black-2026\/#breadcrumb\"},\"inLanguage\":\"lt-LT\",\"potentialAction\":[{\"@type\":\"ReadAction\",\"target\":[\"https:\/\/velooutlets.com\/products\/scott-scale-930-black-2026\/\"]}]},{\"@type\":\"ImageObject\",\"inLanguage\":\"lt-LT\",\"@id\":\"https:\/\/velooutlets.com\/products\/scott-scale-930-black-2026\/#primaryimage\",\"url\":\"https:\/\/velooutlets.com\/wp-content\/uploads\/2025\/10\/Screenshot2025-08-12151804.jpg\",\"contentUrl\":\"https:\/\/velooutlets.com\/wp-content\/uploads\/2025\/10\/Screenshot2025-08-12151804.jpg\",\"width\":1462,\"height\":1009},{\"@type\":\"BreadcrumbList\",\"@id\":\"https:\/\/velooutlets.com\/products\/scott-scale-930-black-2026\/#breadcrumb\",\"itemListElement\":[{\"@type\":\"ListItem\",\"position\":1,\"name\":\"Home\",\"item\":\"https:\/\/velooutlets.com\/\"},{\"@type\":\"ListItem\",\"position\":2,\"name\":\"Veikals\",\"item\":\"https:\/\/velooutlets.com\/shop\/\"},{\"@type\":\"ListItem\",\"position\":3,\"name\":\"Scott Scale 930 \u2013 Black 2026\"}]},{\"@type\":\"WebSite\",\"@id\":\"https:\/\/velooutlets.com\/en\/#website\",\"url\":\"https:\/\/velooutlets.com\/en\/\",\"name\":\"Velo Outlets\",\"description\":\"Velosip\u0113di visai \u0123imenei\",\"potentialAction\":[{\"@type\":\"SearchAction\",\"target\":{\"@type\":\"EntryPoint\",\"urlTemplate\":\"https:\/\/velooutlets.com\/en\/?s={search_term_string}\"},\"query-input\":{\"@type\":\"PropertyValueSpecification\",\"valueRequired\":true,\"valueName\":\"search_term_string\"}}],\"inLanguage\":\"lt-LT\"}]}<\/script>\n<!-- \/ Yoast SEO plugin. -->","yoast_head_json":{"title":"Scott Scale 930 \u2013 Black 2026 - Velo Outlets","robots":{"index":"index","follow":"follow","max-snippet":"max-snippet:-1","max-image-preview":"max-image-preview:large","max-video-preview":"max-video-preview:-1"},"canonical":"https:\/\/velooutlets.com\/lt\/produktas\/scott-scale-930-black-2026\/","og_locale":"lt_LT","og_type":"article","og_title":"Scott Scale 930 \u2013 Black 2026 - Velo Outlets","og_description":"Scott Scale 930 ir iztur\u012bgs alum\u012bnija kalnu velosip\u0113ds, kas lieliski piem\u0113rots gan akt\u012bvai atp\u016btai, gan tehnisk\u0101m tras\u0113m. T\u0101 Scale Alloy 6061 r\u0101mis ar iek\u0161\u0113jo kabe\u013cu vad\u012bbu nodro\u0161ina t\u012bru un m\u016bsdien\u012bgu izskatu, k\u0101 ar\u012b uzticamu strukt\u016bru, kas saglab\u0101 stabilit\u0101ti st\u0101vos k\u0101pumos. RockShox Judy Silver TK dak\u0161a ar PopLoc blo\u0137\u0113\u0161anas sist\u0113mu \u013cauj \u0101tri piel\u0101got piekari da\u017e\u0101diem segumiem, [&hellip;]","og_url":"https:\/\/velooutlets.com\/lt\/produktas\/scott-scale-930-black-2026\/","og_site_name":"Velo Outlets","article_modified_time":"2026-03-26T09:38:53+00:00","og_image":[{"width":1462,"height":1009,"url":"https:\/\/velooutlets.com\/wp-content\/uploads\/2025\/10\/Screenshot2025-08-12151804.jpg","type":"image\/jpeg"}],"twitter_card":"summary_large_image","twitter_misc":{"Est. reading time":"2 minut\u0117s"},"schema":{"@context":"https:\/\/schema.org","@graph":[{"@type":"WebPage","@id":"https:\/\/velooutlets.com\/products\/scott-scale-930-black-2026\/","url":"https:\/\/velooutlets.com\/products\/scott-scale-930-black-2026\/","name":"Scott Scale 930 \u2013 Black 2026 - Velo Outlets","isPartOf":{"@id":"https:\/\/velooutlets.com\/en\/#website"},"primaryImageOfPage":{"@id":"https:\/\/velooutlets.com\/products\/scott-scale-930-black-2026\/#primaryimage"},"image":{"@id":"https:\/\/velooutlets.com\/products\/scott-scale-930-black-2026\/#primaryimage"},"thumbnailUrl":"https:\/\/velooutlets.com\/wp-content\/uploads\/2025\/10\/Screenshot2025-08-12151804.jpg","datePublished":"2025-10-03T11:43:07+00:00","dateModified":"2026-03-26T09:38:53+00:00","breadcrumb":{"@id":"https:\/\/velooutlets.com\/products\/scott-scale-930-black-2026\/#breadcrumb"},"inLanguage":"lt-LT","potentialAction":[{"@type":"ReadAction","target":["https:\/\/velooutlets.com\/products\/scott-scale-930-black-2026\/"]}]},{"@type":"ImageObject","inLanguage":"lt-LT","@id":"https:\/\/velooutlets.com\/products\/scott-scale-930-black-2026\/#primaryimage","url":"https:\/\/velooutlets.com\/wp-content\/uploads\/2025\/10\/Screenshot2025-08-12151804.jpg","contentUrl":"https:\/\/velooutlets.com\/wp-content\/uploads\/2025\/10\/Screenshot2025-08-12151804.jpg","width":1462,"height":1009},{"@type":"BreadcrumbList","@id":"https:\/\/velooutlets.com\/products\/scott-scale-930-black-2026\/#breadcrumb","itemListElement":[{"@type":"ListItem","position":1,"name":"Home","item":"https:\/\/velooutlets.com\/"},{"@type":"ListItem","position":2,"name":"Veikals","item":"https:\/\/velooutlets.com\/shop\/"},{"@type":"ListItem","position":3,"name":"Scott Scale 930 \u2013 Black 2026"}]},{"@type":"WebSite","@id":"https:\/\/velooutlets.com\/en\/#website","url":"https:\/\/velooutlets.com\/en\/","name":"\"Velo Outlets","description":"Dvira\u010diai visai \u0161eimai","potentialAction":[{"@type":"SearchAction","target":{"@type":"EntryPoint","urlTemplate":"https:\/\/velooutlets.com\/en\/?s={search_term_string}"},"query-input":{"@type":"PropertyValueSpecification","valueRequired":true,"valueName":"search_term_string"}}],"inLanguage":"lt-LT"}]}},"jetpack_sharing_enabled":true,"_links":{"self":[{"href":"https:\/\/velooutlets.com\/lt\/wp-json\/wp\/v2\/product\/9556","targetHints":{"allow":["GET"]}}],"collection":[{"href":"https:\/\/velooutlets.com\/lt\/wp-json\/wp\/v2\/product"}],"about":[{"href":"https:\/\/velooutlets.com\/lt\/wp-json\/wp\/v2\/types\/product"}],"wp:featuredmedia":[{"embeddable":true,"href":"https:\/\/velooutlets.com\/lt\/wp-json\/wp\/v2\/media\/10515"}],"wp:attachment":[{"href":"https:\/\/velooutlets.com\/lt\/wp-json\/wp\/v2\/media?parent=9556"}],"wp:term":[{"taxonomy":"product_brand","embeddable":true,"href":"https:\/\/velooutlets.com\/lt\/wp-json\/wp\/v2\/product_brand?post=9556"},{"taxonomy":"product_cat","embeddable":true,"href":"https:\/\/velooutlets.com\/lt\/wp-json\/wp\/v2\/product_cat?post=9556"},{"taxonomy":"product_tag","embeddable":true,"href":"https:\/\/velooutlets.com\/lt\/wp-json\/wp\/v2\/product_tag?post=9556"}],"curies":[{"name":"wp","href":"https:\/\/api.w.org\/{rel}","templated":true}]}}