{"id":9824,"date":"2025-10-03T14:44:53","date_gmt":"2025-10-03T11:44:53","guid":{"rendered":"https:\/\/staging.velooutlets.com\/product\/tabou-kinetic-1-0-28-cll-black-blue-2\/"},"modified":"2026-03-27T17:58:04","modified_gmt":"2026-03-27T15:58:04","slug":"tabou-kinetic-1-0-28-cll-black-blue-2","status":"publish","type":"product","link":"https:\/\/velooutlets.com\/lt\/produktas\/tabou-kinetic-1-0-28-cll-black-blue-2\/","title":{"rendered":"Tabou KINETIC 1.0"},"content":{"rendered":"<p>\"Tabou Kinetic 1.0\" yra universalus kaln\u0173 dviratis, skirtas smagiam va\u017ein\u0117jimui takeliais ir miesto keliais. Tvirtas r\u0117mas ir stabilus valdymas suteiks jums pasitik\u0117jimo kintan\u010dioje vietov\u0117je, o d\u0117l pakabos \u0161ak\u0117s ir tikslios pavaros bus lengva \u012fveikti ir nelygumus, ir ilgesnes atkarpas. D\u0117l patogios geometrijos ir patikim\u0173 komponent\u0173 \u0161is modelis yra puikus pasirinkimas tiems, kurie nori kokybi\u0161ko ir nebrangaus dvira\u010dio \u012fvairiems keliams.<\/p>","protected":false},"excerpt":{"rendered":"<p>Tabou Kinetic 1.0 ir daudzpus\u012bgs kalnu velosip\u0113ds, kas rad\u012bts brauk\u0161anas priekam gan uz tak\u0101m, gan pils\u0113tas ce\u013ciem. Iztur\u012bgs r\u0101mis un stabila uzved\u012bba nodro\u0161ina p\u0101rliec\u012bbu main\u012bgos reljefa apst\u0101k\u013cos, savuk\u0101rt amortiz\u0101cijas dak\u0161a un prec\u012bza p\u0101rnesumu sist\u0113ma \u013cauj viegli p\u0101rvar\u0113t gan nel\u012bdzenumus, gan gar\u0101kus posmus. \u0112rta \u0123eometrija un uzticami komponenti padara \u0161o modeli lielisku izv\u0113li tiem, kas v\u0113las [&hellip;]<\/p>\n","protected":false},"featured_media":35711,"template":"","meta":{"_monsterinsights_skip_tracking":false,"_monsterinsights_sitenote_active":false,"_monsterinsights_sitenote_note":"","_monsterinsights_sitenote_category":0,"_iconic_wsb_product_page_order_bump_ids":[],"_sku":["756-1-1-1-1-1"],"_iconic_wsb_product_page_bump_modal_ids":[]},"product_brand":[876],"product_cat":[1032,1127],"product_tag":[1525,219,212],"class_list":{"0":"post-9824","1":"product","2":"type-product","3":"status-publish","4":"has-post-thumbnail","6":"product_brand-tabou","7":"product_cat-pilsetas-velosipedi","8":"product_cat-velosipedi","9":"product_tag-04_02_26","10":"product_tag-pilsetas-velosipedi","11":"product_tag-velosipedi","12":"product_shipping_class-pieauguso-velosipedi","13":"ts_product_brand-courier_only","15":"first","16":"instock","17":"sale","18":"taxable","19":"shipping-taxable","20":"purchasable","21":"product-type-simple"},"yoast_head":"<!-- This site is optimized with the Yoast SEO plugin v27.2 - https:\/\/yoast.com\/product\/yoast-seo-wordpress\/ -->\n<title>Tabou KINETIC 1.0 - Velo Outlets<\/title>\n<meta name=\"robots\" content=\"index, follow, max-snippet:-1, max-image-preview:large, max-video-preview:-1\" \/>\n<link rel=\"canonical\" href=\"https:\/\/velooutlets.com\/lt\/produktas\/tabou-kinetic-1-0-28-cll-black-blue-2\/\" \/>\n<meta property=\"og:locale\" content=\"lt_LT\" \/>\n<meta property=\"og:type\" content=\"article\" \/>\n<meta property=\"og:title\" content=\"Tabou KINETIC 1.0 - Velo Outlets\" \/>\n<meta property=\"og:description\" content=\"Tabou Kinetic 1.0 ir daudzpus\u012bgs kalnu velosip\u0113ds, kas rad\u012bts brauk\u0161anas priekam gan uz tak\u0101m, gan pils\u0113tas ce\u013ciem. Iztur\u012bgs r\u0101mis un stabila uzved\u012bba nodro\u0161ina p\u0101rliec\u012bbu main\u012bgos reljefa apst\u0101k\u013cos, savuk\u0101rt amortiz\u0101cijas dak\u0161a un prec\u012bza p\u0101rnesumu sist\u0113ma \u013cauj viegli p\u0101rvar\u0113t gan nel\u012bdzenumus, gan gar\u0101kus posmus. \u0112rta \u0123eometrija un uzticami komponenti padara \u0161o modeli lielisku izv\u0113li tiem, kas v\u0113las [&hellip;]\" \/>\n<meta property=\"og:url\" content=\"https:\/\/velooutlets.com\/lt\/produktas\/tabou-kinetic-1-0-28-cll-black-blue-2\/\" \/>\n<meta property=\"og:site_name\" content=\"Velo Outlets\" \/>\n<meta property=\"article:modified_time\" content=\"2026-03-27T15:58:04+00:00\" \/>\n<meta property=\"og:image\" content=\"https:\/\/velooutlets.com\/wp-content\/uploads\/2025\/10\/1000191846.jpg\" \/>\n\t<meta property=\"og:image:width\" content=\"558\" \/>\n\t<meta property=\"og:image:height\" content=\"358\" \/>\n\t<meta property=\"og:image:type\" content=\"image\/jpeg\" \/>\n<meta name=\"twitter:card\" content=\"summary_large_image\" \/>\n<script type=\"application\/ld+json\" class=\"yoast-schema-graph\">{\"@context\":\"https:\/\/schema.org\",\"@graph\":[{\"@type\":\"WebPage\",\"@id\":\"https:\/\/velooutlets.com\/products\/tabou-kinetic-1-0-28-cll-black-blue-2\/\",\"url\":\"https:\/\/velooutlets.com\/products\/tabou-kinetic-1-0-28-cll-black-blue-2\/\",\"name\":\"Tabou KINETIC 1.0 - Velo Outlets\",\"isPartOf\":{\"@id\":\"https:\/\/velooutlets.com\/en\/#website\"},\"primaryImageOfPage\":{\"@id\":\"https:\/\/velooutlets.com\/products\/tabou-kinetic-1-0-28-cll-black-blue-2\/#primaryimage\"},\"image\":{\"@id\":\"https:\/\/velooutlets.com\/products\/tabou-kinetic-1-0-28-cll-black-blue-2\/#primaryimage\"},\"thumbnailUrl\":\"https:\/\/velooutlets.com\/wp-content\/uploads\/2025\/10\/1000191846.jpg\",\"datePublished\":\"2025-10-03T11:44:53+00:00\",\"dateModified\":\"2026-03-27T15:58:04+00:00\",\"breadcrumb\":{\"@id\":\"https:\/\/velooutlets.com\/products\/tabou-kinetic-1-0-28-cll-black-blue-2\/#breadcrumb\"},\"inLanguage\":\"lt-LT\",\"potentialAction\":[{\"@type\":\"ReadAction\",\"target\":[\"https:\/\/velooutlets.com\/products\/tabou-kinetic-1-0-28-cll-black-blue-2\/\"]}]},{\"@type\":\"ImageObject\",\"inLanguage\":\"lt-LT\",\"@id\":\"https:\/\/velooutlets.com\/products\/tabou-kinetic-1-0-28-cll-black-blue-2\/#primaryimage\",\"url\":\"https:\/\/velooutlets.com\/wp-content\/uploads\/2025\/10\/1000191846.jpg\",\"contentUrl\":\"https:\/\/velooutlets.com\/wp-content\/uploads\/2025\/10\/1000191846.jpg\",\"width\":558,\"height\":358},{\"@type\":\"BreadcrumbList\",\"@id\":\"https:\/\/velooutlets.com\/products\/tabou-kinetic-1-0-28-cll-black-blue-2\/#breadcrumb\",\"itemListElement\":[{\"@type\":\"ListItem\",\"position\":1,\"name\":\"Home\",\"item\":\"https:\/\/velooutlets.com\/\"},{\"@type\":\"ListItem\",\"position\":2,\"name\":\"Veikals\",\"item\":\"https:\/\/velooutlets.com\/shop\/\"},{\"@type\":\"ListItem\",\"position\":3,\"name\":\"Tabou KINETIC 1.0\"}]},{\"@type\":\"WebSite\",\"@id\":\"https:\/\/velooutlets.com\/en\/#website\",\"url\":\"https:\/\/velooutlets.com\/en\/\",\"name\":\"Velo Outlets\",\"description\":\"Velosip\u0113di visai \u0123imenei\",\"potentialAction\":[{\"@type\":\"SearchAction\",\"target\":{\"@type\":\"EntryPoint\",\"urlTemplate\":\"https:\/\/velooutlets.com\/en\/?s={search_term_string}\"},\"query-input\":{\"@type\":\"PropertyValueSpecification\",\"valueRequired\":true,\"valueName\":\"search_term_string\"}}],\"inLanguage\":\"lt-LT\"}]}<\/script>\n<!-- \/ Yoast SEO plugin. -->","yoast_head_json":{"title":"Tabou KINETIC 1.0 - Velo Outlets","robots":{"index":"index","follow":"follow","max-snippet":"max-snippet:-1","max-image-preview":"max-image-preview:large","max-video-preview":"max-video-preview:-1"},"canonical":"https:\/\/velooutlets.com\/lt\/produktas\/tabou-kinetic-1-0-28-cll-black-blue-2\/","og_locale":"lt_LT","og_type":"article","og_title":"Tabou KINETIC 1.0 - Velo Outlets","og_description":"Tabou Kinetic 1.0 ir daudzpus\u012bgs kalnu velosip\u0113ds, kas rad\u012bts brauk\u0161anas priekam gan uz tak\u0101m, gan pils\u0113tas ce\u013ciem. Iztur\u012bgs r\u0101mis un stabila uzved\u012bba nodro\u0161ina p\u0101rliec\u012bbu main\u012bgos reljefa apst\u0101k\u013cos, savuk\u0101rt amortiz\u0101cijas dak\u0161a un prec\u012bza p\u0101rnesumu sist\u0113ma \u013cauj viegli p\u0101rvar\u0113t gan nel\u012bdzenumus, gan gar\u0101kus posmus. \u0112rta \u0123eometrija un uzticami komponenti padara \u0161o modeli lielisku izv\u0113li tiem, kas v\u0113las [&hellip;]","og_url":"https:\/\/velooutlets.com\/lt\/produktas\/tabou-kinetic-1-0-28-cll-black-blue-2\/","og_site_name":"Velo Outlets","article_modified_time":"2026-03-27T15:58:04+00:00","og_image":[{"width":558,"height":358,"url":"https:\/\/velooutlets.com\/wp-content\/uploads\/2025\/10\/1000191846.jpg","type":"image\/jpeg"}],"twitter_card":"summary_large_image","schema":{"@context":"https:\/\/schema.org","@graph":[{"@type":"WebPage","@id":"https:\/\/velooutlets.com\/products\/tabou-kinetic-1-0-28-cll-black-blue-2\/","url":"https:\/\/velooutlets.com\/products\/tabou-kinetic-1-0-28-cll-black-blue-2\/","name":"Tabou KINETIC 1.0 - Velo Outlets","isPartOf":{"@id":"https:\/\/velooutlets.com\/en\/#website"},"primaryImageOfPage":{"@id":"https:\/\/velooutlets.com\/products\/tabou-kinetic-1-0-28-cll-black-blue-2\/#primaryimage"},"image":{"@id":"https:\/\/velooutlets.com\/products\/tabou-kinetic-1-0-28-cll-black-blue-2\/#primaryimage"},"thumbnailUrl":"https:\/\/velooutlets.com\/wp-content\/uploads\/2025\/10\/1000191846.jpg","datePublished":"2025-10-03T11:44:53+00:00","dateModified":"2026-03-27T15:58:04+00:00","breadcrumb":{"@id":"https:\/\/velooutlets.com\/products\/tabou-kinetic-1-0-28-cll-black-blue-2\/#breadcrumb"},"inLanguage":"lt-LT","potentialAction":[{"@type":"ReadAction","target":["https:\/\/velooutlets.com\/products\/tabou-kinetic-1-0-28-cll-black-blue-2\/"]}]},{"@type":"ImageObject","inLanguage":"lt-LT","@id":"https:\/\/velooutlets.com\/products\/tabou-kinetic-1-0-28-cll-black-blue-2\/#primaryimage","url":"https:\/\/velooutlets.com\/wp-content\/uploads\/2025\/10\/1000191846.jpg","contentUrl":"https:\/\/velooutlets.com\/wp-content\/uploads\/2025\/10\/1000191846.jpg","width":558,"height":358},{"@type":"BreadcrumbList","@id":"https:\/\/velooutlets.com\/products\/tabou-kinetic-1-0-28-cll-black-blue-2\/#breadcrumb","itemListElement":[{"@type":"ListItem","position":1,"name":"Home","item":"https:\/\/velooutlets.com\/"},{"@type":"ListItem","position":2,"name":"Veikals","item":"https:\/\/velooutlets.com\/shop\/"},{"@type":"ListItem","position":3,"name":"Tabou KINETIC 1.0"}]},{"@type":"WebSite","@id":"https:\/\/velooutlets.com\/en\/#website","url":"https:\/\/velooutlets.com\/en\/","name":"\"Velo Outlets","description":"Dvira\u010diai visai \u0161eimai","potentialAction":[{"@type":"SearchAction","target":{"@type":"EntryPoint","urlTemplate":"https:\/\/velooutlets.com\/en\/?s={search_term_string}"},"query-input":{"@type":"PropertyValueSpecification","valueRequired":true,"valueName":"search_term_string"}}],"inLanguage":"lt-LT"}]}},"jetpack_sharing_enabled":true,"_links":{"self":[{"href":"https:\/\/velooutlets.com\/lt\/wp-json\/wp\/v2\/product\/9824","targetHints":{"allow":["GET"]}}],"collection":[{"href":"https:\/\/velooutlets.com\/lt\/wp-json\/wp\/v2\/product"}],"about":[{"href":"https:\/\/velooutlets.com\/lt\/wp-json\/wp\/v2\/types\/product"}],"wp:featuredmedia":[{"embeddable":true,"href":"https:\/\/velooutlets.com\/lt\/wp-json\/wp\/v2\/media\/35711"}],"wp:attachment":[{"href":"https:\/\/velooutlets.com\/lt\/wp-json\/wp\/v2\/media?parent=9824"}],"wp:term":[{"taxonomy":"product_brand","embeddable":true,"href":"https:\/\/velooutlets.com\/lt\/wp-json\/wp\/v2\/product_brand?post=9824"},{"taxonomy":"product_cat","embeddable":true,"href":"https:\/\/velooutlets.com\/lt\/wp-json\/wp\/v2\/product_cat?post=9824"},{"taxonomy":"product_tag","embeddable":true,"href":"https:\/\/velooutlets.com\/lt\/wp-json\/wp\/v2\/product_tag?post=9824"}],"curies":[{"name":"wp","href":"https:\/\/api.w.org\/{rel}","templated":true}]}}