{"id":9834,"date":"2025-10-03T11:45:03","date_gmt":"2025-10-03T11:45:03","guid":{"rendered":"https:\/\/staging.velooutlets.com\/product\/tabou-queen-nexus-turquoise\/"},"modified":"2026-04-17T17:58:49","modified_gmt":"2026-04-17T14:58:49","slug":"tabou-queen-nexus-turquoise","status":"publish","type":"product","link":"https:\/\/velooutlets.com\/lt\/produktas\/tabou-queen-nexus-turquoise\/","title":{"rendered":"TABOU QUEEN 24 NEXUS Black \/ Turquoise"},"content":{"rendered":"<p data-start=\"2078\" data-end=\"2416\">TABOU QUEEN 24 NEXUS yra jaunimo dviratis, ypa\u010d tinkamas vaikams ir paaugliams, kurie nori saugaus, patogaus ir lengvai va\u017eiuojan\u010dio dvira\u010dio kasdien\u0117ms kelion\u0117ms ar i\u0161vykoms \u012f miest\u0105. Hidroformuotas aliuminio r\u0117mas u\u017etikrina patvarum\u0105 ir lengv\u0105 manevringum\u0105, o 24 coli\u0173 ratai - stabilum\u0105 ir saugum\u0105 kelyje.<\/p>\n<p data-start=\"2418\" data-end=\"2874\">Dviratis turi \"Shimano Nexus\" 3 pavar\u0173 transmisij\u0105, tod\u0117l lengvai pritaiko pavaras \u012fvairioms vietov\u0117ms, o aliumininiai V formos stabd\u017eiai ir jaunesn\u0117s stabd\u017ei\u0173 svirtel\u0117s u\u017etikrina patikim\u0105 ir tiksl\u0173 stabdym\u0105. Be to, plastikiniai purvasaugiai ir patogios rankenos u\u017etikrina malon\u0173 va\u017eiavim\u0105 net ir lietingomis ar purvinomis s\u0105lygomis. TABOU QUEEN 24 NEXUS yra idealus jaunimo dviratis, kuriame suderintas saugumas, patogumas ir estetika, kad va\u017eiuoti b\u016bt\u0173 lengva ir malonu.<\/p>","protected":false},"excerpt":{"rendered":"<p>TABOU QUEEN 24 NEXUS ir jaunie\u0161u velosip\u0113ds, kas \u012bpa\u0161i piem\u0113rots b\u0113rniem un pusaud\u017eiem, kuri v\u0113las dro\u0161u, \u0113rtu un viegli vad\u0101mu velosip\u0113du ikdienas braucieniem vai pils\u0113tas izbraucieniem. Alum\u012bnija r\u0101mis ar hidroform\u0113tu konstrukciju nodro\u0161ina iztur\u012bbu un vieglu manevr\u0113jam\u012bbu, bet 24 collu rite\u0146i pied\u0101v\u0101 stabilit\u0101ti un dro\u0161\u012bbu uz ce\u013ca. Apr\u012bkots ar Shimano Nexus 3 \u0101trumu piedzi\u0146u, tas \u013cauj [&hellip;]<\/p>\n","protected":false},"featured_media":35716,"template":"","meta":{"_monsterinsights_skip_tracking":false,"_monsterinsights_sitenote_active":false,"_monsterinsights_sitenote_note":"","_monsterinsights_sitenote_category":0,"_iconic_wsb_product_page_order_bump_ids":[[]],"_sku":[""],"_iconic_wsb_product_page_bump_modal_ids":[[]]},"product_brand":[876],"product_cat":[1043,1127],"product_tag":[219,843,212],"class_list":{"0":"post-9834","1":"product","2":"type-product","3":"status-publish","4":"has-post-thumbnail","6":"product_brand-tabou","7":"product_cat-pusaudzu-velosipedi-24-27-5","8":"product_cat-velosipedi","9":"product_tag-pilsetas-velosipedi","10":"product_tag-pusaudzu-velosipedi","11":"product_tag-velosipedi","12":"product_shipping_class-bernu-velosipedi","13":"pa_height-range-130-150cm","14":"pa_ramja-izmers-uni","15":"ts_product_brand-courier_only","17":"first","18":"instock","19":"sale","20":"taxable","21":"shipping-taxable","22":"purchasable","23":"product-type-simple"},"yoast_head":"<!-- This site is optimized with the Yoast SEO plugin v27.2 - https:\/\/yoast.com\/product\/yoast-seo-wordpress\/ -->\n<title>TABOU QUEEN 24 NEXUS Black \/ Turquoise - Velo Outlets<\/title>\n<meta name=\"robots\" content=\"index, follow, max-snippet:-1, max-image-preview:large, max-video-preview:-1\" \/>\n<link rel=\"canonical\" href=\"https:\/\/velooutlets.com\/lt\/produktas\/tabou-queen-nexus-turquoise\/\" \/>\n<meta property=\"og:locale\" content=\"lt_LT\" \/>\n<meta property=\"og:type\" content=\"article\" \/>\n<meta property=\"og:title\" content=\"TABOU QUEEN 24 NEXUS Black \/ Turquoise - Velo Outlets\" \/>\n<meta property=\"og:description\" content=\"TABOU QUEEN 24 NEXUS ir jaunie\u0161u velosip\u0113ds, kas \u012bpa\u0161i piem\u0113rots b\u0113rniem un pusaud\u017eiem, kuri v\u0113las dro\u0161u, \u0113rtu un viegli vad\u0101mu velosip\u0113du ikdienas braucieniem vai pils\u0113tas izbraucieniem. Alum\u012bnija r\u0101mis ar hidroform\u0113tu konstrukciju nodro\u0161ina iztur\u012bbu un vieglu manevr\u0113jam\u012bbu, bet 24 collu rite\u0146i pied\u0101v\u0101 stabilit\u0101ti un dro\u0161\u012bbu uz ce\u013ca. Apr\u012bkots ar Shimano Nexus 3 \u0101trumu piedzi\u0146u, tas \u013cauj [&hellip;]\" \/>\n<meta property=\"og:url\" content=\"https:\/\/velooutlets.com\/lt\/produktas\/tabou-queen-nexus-turquoise\/\" \/>\n<meta property=\"og:site_name\" content=\"Velo Outlets\" \/>\n<meta property=\"article:modified_time\" content=\"2026-04-17T14:58:49+00:00\" \/>\n<meta property=\"og:image\" content=\"https:\/\/velooutlets.com\/wp-content\/uploads\/2025\/10\/1000191855.jpg\" \/>\n\t<meta property=\"og:image:width\" content=\"2016\" \/>\n\t<meta property=\"og:image:height\" content=\"1512\" \/>\n\t<meta property=\"og:image:type\" content=\"image\/jpeg\" \/>\n<meta name=\"twitter:card\" content=\"summary_large_image\" \/>\n<meta name=\"twitter:label1\" content=\"Est. reading time\" \/>\n\t<meta name=\"twitter:data1\" content=\"1 minut\u0117\" \/>\n<script type=\"application\/ld+json\" class=\"yoast-schema-graph\">{\"@context\":\"https:\/\/schema.org\",\"@graph\":[{\"@type\":\"WebPage\",\"@id\":\"https:\/\/velooutlets.com\/products\/tabou-queen-nexus-turquoise\/\",\"url\":\"https:\/\/velooutlets.com\/products\/tabou-queen-nexus-turquoise\/\",\"name\":\"TABOU QUEEN 24 NEXUS Black \/ Turquoise - Velo Outlets\",\"isPartOf\":{\"@id\":\"https:\/\/velooutlets.com\/en\/#website\"},\"primaryImageOfPage\":{\"@id\":\"https:\/\/velooutlets.com\/products\/tabou-queen-nexus-turquoise\/#primaryimage\"},\"image\":{\"@id\":\"https:\/\/velooutlets.com\/products\/tabou-queen-nexus-turquoise\/#primaryimage\"},\"thumbnailUrl\":\"https:\/\/velooutlets.com\/wp-content\/uploads\/2025\/10\/1000191855.jpg\",\"datePublished\":\"2025-10-03T11:45:03+00:00\",\"dateModified\":\"2026-04-17T14:58:49+00:00\",\"breadcrumb\":{\"@id\":\"https:\/\/velooutlets.com\/products\/tabou-queen-nexus-turquoise\/#breadcrumb\"},\"inLanguage\":\"lt-LT\",\"potentialAction\":[{\"@type\":\"ReadAction\",\"target\":[\"https:\/\/velooutlets.com\/products\/tabou-queen-nexus-turquoise\/\"]}]},{\"@type\":\"ImageObject\",\"inLanguage\":\"lt-LT\",\"@id\":\"https:\/\/velooutlets.com\/products\/tabou-queen-nexus-turquoise\/#primaryimage\",\"url\":\"https:\/\/velooutlets.com\/wp-content\/uploads\/2025\/10\/1000191855.jpg\",\"contentUrl\":\"https:\/\/velooutlets.com\/wp-content\/uploads\/2025\/10\/1000191855.jpg\",\"width\":2016,\"height\":1512},{\"@type\":\"BreadcrumbList\",\"@id\":\"https:\/\/velooutlets.com\/products\/tabou-queen-nexus-turquoise\/#breadcrumb\",\"itemListElement\":[{\"@type\":\"ListItem\",\"position\":1,\"name\":\"Home\",\"item\":\"https:\/\/velooutlets.com\/\"},{\"@type\":\"ListItem\",\"position\":2,\"name\":\"Veikals\",\"item\":\"https:\/\/velooutlets.com\/shop\/\"},{\"@type\":\"ListItem\",\"position\":3,\"name\":\"TABOU QUEEN 24 NEXUS Black \/ Turquoise\"}]},{\"@type\":\"WebSite\",\"@id\":\"https:\/\/velooutlets.com\/en\/#website\",\"url\":\"https:\/\/velooutlets.com\/en\/\",\"name\":\"Velo Outlets\",\"description\":\"Velosip\u0113di visai \u0123imenei\",\"potentialAction\":[{\"@type\":\"SearchAction\",\"target\":{\"@type\":\"EntryPoint\",\"urlTemplate\":\"https:\/\/velooutlets.com\/en\/?s={search_term_string}\"},\"query-input\":{\"@type\":\"PropertyValueSpecification\",\"valueRequired\":true,\"valueName\":\"search_term_string\"}}],\"inLanguage\":\"lt-LT\"}]}<\/script>\n<!-- \/ Yoast SEO plugin. -->","yoast_head_json":{"title":"TABOU QUEEN 24 NEXUS Black \/ Turquoise - Velo Outlets","robots":{"index":"index","follow":"follow","max-snippet":"max-snippet:-1","max-image-preview":"max-image-preview:large","max-video-preview":"max-video-preview:-1"},"canonical":"https:\/\/velooutlets.com\/lt\/produktas\/tabou-queen-nexus-turquoise\/","og_locale":"lt_LT","og_type":"article","og_title":"TABOU QUEEN 24 NEXUS Black \/ Turquoise - Velo Outlets","og_description":"TABOU QUEEN 24 NEXUS ir jaunie\u0161u velosip\u0113ds, kas \u012bpa\u0161i piem\u0113rots b\u0113rniem un pusaud\u017eiem, kuri v\u0113las dro\u0161u, \u0113rtu un viegli vad\u0101mu velosip\u0113du ikdienas braucieniem vai pils\u0113tas izbraucieniem. Alum\u012bnija r\u0101mis ar hidroform\u0113tu konstrukciju nodro\u0161ina iztur\u012bbu un vieglu manevr\u0113jam\u012bbu, bet 24 collu rite\u0146i pied\u0101v\u0101 stabilit\u0101ti un dro\u0161\u012bbu uz ce\u013ca. Apr\u012bkots ar Shimano Nexus 3 \u0101trumu piedzi\u0146u, tas \u013cauj [&hellip;]","og_url":"https:\/\/velooutlets.com\/lt\/produktas\/tabou-queen-nexus-turquoise\/","og_site_name":"Velo Outlets","article_modified_time":"2026-04-17T14:58:49+00:00","og_image":[{"width":2016,"height":1512,"url":"https:\/\/velooutlets.com\/wp-content\/uploads\/2025\/10\/1000191855.jpg","type":"image\/jpeg"}],"twitter_card":"summary_large_image","twitter_misc":{"Est. reading time":"1 minut\u0117"},"schema":{"@context":"https:\/\/schema.org","@graph":[{"@type":"WebPage","@id":"https:\/\/velooutlets.com\/products\/tabou-queen-nexus-turquoise\/","url":"https:\/\/velooutlets.com\/products\/tabou-queen-nexus-turquoise\/","name":"TABOU QUEEN 24 NEXUS Black \/ Turquoise - Velo Outlets","isPartOf":{"@id":"https:\/\/velooutlets.com\/en\/#website"},"primaryImageOfPage":{"@id":"https:\/\/velooutlets.com\/products\/tabou-queen-nexus-turquoise\/#primaryimage"},"image":{"@id":"https:\/\/velooutlets.com\/products\/tabou-queen-nexus-turquoise\/#primaryimage"},"thumbnailUrl":"https:\/\/velooutlets.com\/wp-content\/uploads\/2025\/10\/1000191855.jpg","datePublished":"2025-10-03T11:45:03+00:00","dateModified":"2026-04-17T14:58:49+00:00","breadcrumb":{"@id":"https:\/\/velooutlets.com\/products\/tabou-queen-nexus-turquoise\/#breadcrumb"},"inLanguage":"lt-LT","potentialAction":[{"@type":"ReadAction","target":["https:\/\/velooutlets.com\/products\/tabou-queen-nexus-turquoise\/"]}]},{"@type":"ImageObject","inLanguage":"lt-LT","@id":"https:\/\/velooutlets.com\/products\/tabou-queen-nexus-turquoise\/#primaryimage","url":"https:\/\/velooutlets.com\/wp-content\/uploads\/2025\/10\/1000191855.jpg","contentUrl":"https:\/\/velooutlets.com\/wp-content\/uploads\/2025\/10\/1000191855.jpg","width":2016,"height":1512},{"@type":"BreadcrumbList","@id":"https:\/\/velooutlets.com\/products\/tabou-queen-nexus-turquoise\/#breadcrumb","itemListElement":[{"@type":"ListItem","position":1,"name":"Home","item":"https:\/\/velooutlets.com\/"},{"@type":"ListItem","position":2,"name":"Veikals","item":"https:\/\/velooutlets.com\/shop\/"},{"@type":"ListItem","position":3,"name":"TABOU QUEEN 24 NEXUS Black \/ Turquoise"}]},{"@type":"WebSite","@id":"https:\/\/velooutlets.com\/en\/#website","url":"https:\/\/velooutlets.com\/en\/","name":"\"Velo Outlets","description":"Dvira\u010diai visai \u0161eimai","potentialAction":[{"@type":"SearchAction","target":{"@type":"EntryPoint","urlTemplate":"https:\/\/velooutlets.com\/en\/?s={search_term_string}"},"query-input":{"@type":"PropertyValueSpecification","valueRequired":true,"valueName":"search_term_string"}}],"inLanguage":"lt-LT"}]}},"jetpack_sharing_enabled":true,"_links":{"self":[{"href":"https:\/\/velooutlets.com\/lt\/wp-json\/wp\/v2\/product\/9834","targetHints":{"allow":["GET"]}}],"collection":[{"href":"https:\/\/velooutlets.com\/lt\/wp-json\/wp\/v2\/product"}],"about":[{"href":"https:\/\/velooutlets.com\/lt\/wp-json\/wp\/v2\/types\/product"}],"wp:featuredmedia":[{"embeddable":true,"href":"https:\/\/velooutlets.com\/lt\/wp-json\/wp\/v2\/media\/35716"}],"wp:attachment":[{"href":"https:\/\/velooutlets.com\/lt\/wp-json\/wp\/v2\/media?parent=9834"}],"wp:term":[{"taxonomy":"product_brand","embeddable":true,"href":"https:\/\/velooutlets.com\/lt\/wp-json\/wp\/v2\/product_brand?post=9834"},{"taxonomy":"product_cat","embeddable":true,"href":"https:\/\/velooutlets.com\/lt\/wp-json\/wp\/v2\/product_cat?post=9834"},{"taxonomy":"product_tag","embeddable":true,"href":"https:\/\/velooutlets.com\/lt\/wp-json\/wp\/v2\/product_tag?post=9834"}],"curies":[{"name":"wp","href":"https:\/\/api.w.org\/{rel}","templated":true}]}}